{"id":1082,"date":"2021-10-27T11:46:03","date_gmt":"2021-10-27T04:46:03","guid":{"rendered":"http:\/\/mypham2.themevivu.com\/?post_type=product&#038;p=1082"},"modified":"2021-10-27T11:46:03","modified_gmt":"2021-10-27T04:46:03","slug":"bio-retinol-with-bakuchiol-treatment-0-5","status":"publish","type":"product","link":"https:\/\/khogiaodienmau.net\/mypham16\/san-pham\/bio-retinol-with-bakuchiol-treatment-0-5\/","title":{"rendered":"BIO RETINOL WITH BAKUCHIOL TREATMENT 0.5%"},"content":{"rendered":"","protected":false},"excerpt":{"rendered":"<p style=\"text-align: justify;\">BIO RETINOL WITH BAKUCHIOL TREATMENT 0.5% l\u00e0 s\u1ea3n ph\u1ea9m d\u00e0nh cho ng\u01b0\u1eddi m\u1edbi b\u1eaft \u0111\u1ea7u d\u00f9ng Retinol, c\u00f3 t\u00e1c d\u1ee5ng d\u01b0\u1ee1ng \u1ea9m da, l\u00e0m cho da c\u0103ng b\u00f3ng, m\u1ecbn m\u00e0ng, h\u1ed7 tr\u1ee3 l\u00e0m m\u1edd c\u00e1c n\u1ebfp nh\u0103n, th\u00e2m n\u00e1m, l\u00e0m \u0111\u1ec1u m\u00e0u da&#8230;<\/p>\n","protected":false},"featured_media":1083,"comment_status":"open","ping_status":"closed","template":"","meta":[],"product_cat":[15],"product_tag":[],"yst_prominent_words":[],"class_list":["post-1082","product","type-product","status-publish","has-post-thumbnail","hentry","product_cat-cham-soc-da"],"_links":{"self":[{"href":"https:\/\/khogiaodienmau.net\/mypham16\/wp-json\/wp\/v2\/product\/1082","targetHints":{"allow":["GET"]}}],"collection":[{"href":"https:\/\/khogiaodienmau.net\/mypham16\/wp-json\/wp\/v2\/product"}],"about":[{"href":"https:\/\/khogiaodienmau.net\/mypham16\/wp-json\/wp\/v2\/types\/product"}],"replies":[{"embeddable":true,"href":"https:\/\/khogiaodienmau.net\/mypham16\/wp-json\/wp\/v2\/comments?post=1082"}],"wp:featuredmedia":[{"embeddable":true,"href":"https:\/\/khogiaodienmau.net\/mypham16\/wp-json\/wp\/v2\/media\/1083"}],"wp:attachment":[{"href":"https:\/\/khogiaodienmau.net\/mypham16\/wp-json\/wp\/v2\/media?parent=1082"}],"wp:term":[{"taxonomy":"product_cat","embeddable":true,"href":"https:\/\/khogiaodienmau.net\/mypham16\/wp-json\/wp\/v2\/product_cat?post=1082"},{"taxonomy":"product_tag","embeddable":true,"href":"https:\/\/khogiaodienmau.net\/mypham16\/wp-json\/wp\/v2\/product_tag?post=1082"},{"taxonomy":"yst_prominent_words","embeddable":true,"href":"https:\/\/khogiaodienmau.net\/mypham16\/wp-json\/wp\/v2\/yst_prominent_words?post=1082"}],"curies":[{"name":"wp","href":"https:\/\/api.w.org\/{rel}","templated":true}]}}