{"id":1079,"date":"2021-10-27T11:43:03","date_gmt":"2021-10-27T04:43:03","guid":{"rendered":"http:\/\/mypham2.themevivu.com\/?post_type=product&#038;p=1079"},"modified":"2021-10-27T11:43:03","modified_gmt":"2021-10-27T04:43:03","slug":"aha-bha-2-peeling","status":"publish","type":"product","link":"https:\/\/khogiaodienmau.net\/mypham16\/san-pham\/aha-bha-2-peeling\/","title":{"rendered":"AHA BHA 2% PEELING"},"content":{"rendered":"","protected":false},"excerpt":{"rendered":"<p class=\"page-title\" style=\"text-align: justify;\"><span class=\"base\" data-ui-id=\"page-title-wrapper\">AHA BHA 2% PEELING l\u00e0 gi\u1ea3i ph\u00e1p t\u1ea9y da ch\u1ebft c\u1ef1c k\u1ef3 t\u1ed1t cho l\u00e0n da m\u1ee5n, s\u1eb9o, th\u00e2m n\u00e1m,&#8230; V\u1edbi chi\u1ebft xu\u1ea5t t\u1eeb l\u00f4 h\u1ed9i v\u00e0 c\u00fac la m\u00e3 s\u1ebd l\u00e0m gi\u1ea3m k\u00edch \u1ee9ng cho da, nh\u1edd kh\u1ea3 n\u0103ng kh\u00e1ng khu\u1ea9n l\u00e0 l\u00e0m d\u1ecbu da, gi\u00fap t\u0103ng c\u01b0\u1eddng s\u1ee9c kh\u1ecfe cho l\u00e0n da&#8230;<\/span><\/p>\n","protected":false},"featured_media":1080,"comment_status":"open","ping_status":"closed","template":"","meta":[],"product_cat":[15],"product_tag":[],"yst_prominent_words":[],"class_list":["post-1079","product","type-product","status-publish","has-post-thumbnail","hentry","product_cat-cham-soc-da"],"_links":{"self":[{"href":"https:\/\/khogiaodienmau.net\/mypham16\/wp-json\/wp\/v2\/product\/1079","targetHints":{"allow":["GET"]}}],"collection":[{"href":"https:\/\/khogiaodienmau.net\/mypham16\/wp-json\/wp\/v2\/product"}],"about":[{"href":"https:\/\/khogiaodienmau.net\/mypham16\/wp-json\/wp\/v2\/types\/product"}],"replies":[{"embeddable":true,"href":"https:\/\/khogiaodienmau.net\/mypham16\/wp-json\/wp\/v2\/comments?post=1079"}],"wp:featuredmedia":[{"embeddable":true,"href":"https:\/\/khogiaodienmau.net\/mypham16\/wp-json\/wp\/v2\/media\/1080"}],"wp:attachment":[{"href":"https:\/\/khogiaodienmau.net\/mypham16\/wp-json\/wp\/v2\/media?parent=1079"}],"wp:term":[{"taxonomy":"product_cat","embeddable":true,"href":"https:\/\/khogiaodienmau.net\/mypham16\/wp-json\/wp\/v2\/product_cat?post=1079"},{"taxonomy":"product_tag","embeddable":true,"href":"https:\/\/khogiaodienmau.net\/mypham16\/wp-json\/wp\/v2\/product_tag?post=1079"},{"taxonomy":"yst_prominent_words","embeddable":true,"href":"https:\/\/khogiaodienmau.net\/mypham16\/wp-json\/wp\/v2\/yst_prominent_words?post=1079"}],"curies":[{"name":"wp","href":"https:\/\/api.w.org\/{rel}","templated":true}]}}