{"id":15,"date":"2021-10-18T16:26:38","date_gmt":"2021-10-18T09:26:38","guid":{"rendered":"http:\/\/mypham2.themevivu.com\/?page_id=15"},"modified":"2023-03-30T00:45:01","modified_gmt":"2023-03-29T17:45:01","slug":"lien-he","status":"publish","type":"page","link":"https:\/\/khogiaodienmau.net\/mypham16\/lien-he\/","title":{"rendered":"Li\u00ean h\u1ec7"},"content":{"rendered":"<p><strong>C\u00d4NG TY C\u1ed4 PH\u1ea6N T\u1eacP \u0110O\u00c0N HATHOR (Hahor Group JSC ,.)<\/strong><\/p>\n<p><strong>HATHOR BEAUTY \u2013 Chuy\u00ean gia ch\u0103m s\u00f3c s\u1ee9c kh\u1ecfe l\u00e0n da ngay t\u1ea1i nh\u00e0.<\/strong><\/p>\n<p><strong>Li\u00ean h\u1ec7 th\u00f4ng tin:\u00a0<\/strong><\/p>\n<ul>\n<li><strong>\u0110\u1ecba ch\u1ec9:<\/strong>\u00a0\u00a0T\u1ea7ng 7, s\u1ed1 300 \u0110\u00ea La Th\u00e0nh, ph\u01b0\u1eddng Th\u1ed5 Quan, qu\u1eadn \u0110\u1ed1ng \u0110a, H\u00e0 N\u1ed9i<\/li>\n<li><strong>Li\u00ean h\u1ec7:<\/strong>\u00a0 024.6299.xxxx<\/li>\n<li><strong>Fanpage:\u00a0<\/strong>\u00a0https:\/\/www.facebook.com\/xxxxxxxx<\/li>\n<li><strong>Website:<\/strong> https:\/\/webdemo.vn\/<\/li>\n<li><strong>Founder:<\/strong>\u00a0www.nguyenvanaaa.com<\/li>\n<\/ul>\n","protected":false},"excerpt":{"rendered":"<p>C\u00d4NG TY C\u1ed4 PH\u1ea6N T\u1eacP \u0110O\u00c0N HATHOR (Hahor Group JSC ,.) HATHOR BEAUTY \u2013 Chuy\u00ean gia ch\u0103m s\u00f3c s\u1ee9c kh\u1ecfe l\u00e0n da ngay t\u1ea1i nh\u00e0. Li\u00ean h\u1ec7 th\u00f4ng tin:\u00a0 \u0110\u1ecba ch\u1ec9:\u00a0\u00a0T\u1ea7ng 7, s\u1ed1 300 \u0110\u00ea La Th\u00e0nh, ph\u01b0\u1eddng Th\u1ed5 Quan, qu\u1eadn \u0110\u1ed1ng \u0110a, H\u00e0 N\u1ed9i Li\u00ean h\u1ec7:\u00a0 024.6299.xxxx Fanpage:\u00a0\u00a0https:\/\/www.facebook.com\/xxxxxxxx Website: https:\/\/webdemo.vn\/ Founder:\u00a0www.nguyenvanaaa.com<\/p>\n","protected":false},"author":1,"featured_media":0,"parent":0,"menu_order":0,"comment_status":"closed","ping_status":"closed","template":"page-right-sidebar.php","meta":{"footnotes":""},"yst_prominent_words":[],"class_list":["post-15","page","type-page","status-publish","hentry"],"_links":{"self":[{"href":"https:\/\/khogiaodienmau.net\/mypham16\/wp-json\/wp\/v2\/pages\/15","targetHints":{"allow":["GET"]}}],"collection":[{"href":"https:\/\/khogiaodienmau.net\/mypham16\/wp-json\/wp\/v2\/pages"}],"about":[{"href":"https:\/\/khogiaodienmau.net\/mypham16\/wp-json\/wp\/v2\/types\/page"}],"author":[{"embeddable":true,"href":"https:\/\/khogiaodienmau.net\/mypham16\/wp-json\/wp\/v2\/users\/1"}],"replies":[{"embeddable":true,"href":"https:\/\/khogiaodienmau.net\/mypham16\/wp-json\/wp\/v2\/comments?post=15"}],"version-history":[{"count":1,"href":"https:\/\/khogiaodienmau.net\/mypham16\/wp-json\/wp\/v2\/pages\/15\/revisions"}],"predecessor-version":[{"id":1331,"href":"https:\/\/khogiaodienmau.net\/mypham16\/wp-json\/wp\/v2\/pages\/15\/revisions\/1331"}],"wp:attachment":[{"href":"https:\/\/khogiaodienmau.net\/mypham16\/wp-json\/wp\/v2\/media?parent=15"}],"wp:term":[{"taxonomy":"yst_prominent_words","embeddable":true,"href":"https:\/\/khogiaodienmau.net\/mypham16\/wp-json\/wp\/v2\/yst_prominent_words?post=15"}],"curies":[{"name":"wp","href":"https:\/\/api.w.org\/{rel}","templated":true}]}}