{"id":13,"date":"2021-10-18T16:26:29","date_gmt":"2021-10-18T09:26:29","guid":{"rendered":"http:\/\/mypham2.themevivu.com\/?page_id=13"},"modified":"2021-10-28T09:29:37","modified_gmt":"2021-10-28T02:29:37","slug":"gioi-thieu","status":"publish","type":"page","link":"https:\/\/khogiaodienmau.net\/mypham16\/gioi-thieu\/","title":{"rendered":"Gi\u1edbi thi\u1ec7u"},"content":{"rendered":"<p style=\"text-align: justify;\"><span style=\"font-weight: 400;\"><strong>C\u00f4ng ty C\u1ed5 ph\u1ea7n T\u1eadp \u0111o\u00e0n Hathor (Hathor Group JSC)<\/strong> l\u00e0 m\u1ed9t T\u1eadp \u0111o\u00e0n chuy\u00ean ho\u1ea1t \u0111\u1ed9ng trong l\u0129nh v\u1ef1c l\u00e0m \u0111\u1eb9p v\u00e0 cung c\u1ea5p c\u00e1c s\u1ea3n ph\u1ea9m th\u1ef1c ph\u1ea9m ch\u1ee9c n\u0103ng, b\u1ea3o v\u1ec7 s\u1ee9c kh\u1ecfe c\u1ee7a c\u1ed9ng \u0111\u1ed3ng.\u00a0<\/span><\/p>\n<p style=\"text-align: justify;\"><span style=\"font-weight: 400;\">Ti\u1ec1n th\u00e2n l\u00e0 C\u00f4ng ty TNHH Ch\u0103m s\u00f3c s\u1eafc \u0111\u1eb9p Kim Thi\u00ean Hoa \u0111\u01b0\u1ee3c s\u00e1ng l\u1eadp b\u1edfi CEO\/Founder Nguy\u1ec5n Th\u1ecb \u00c1nh. N\u0103m 2019, CEO Nguy\u1ec5n Th\u1ecb \u00c1nh quy\u1ebft \u0111\u1ecbnh t\u00e1i c\u01a1 c\u1ea5u th\u00e0nh <strong>C\u00f4ng ty C\u1ed5 ph\u1ea7n T\u1eadp \u0111o\u00e0n Hathor (Hathor Group)<\/strong> nh\u1eb1m \u0111\u00e1nh d\u1ea5u c\u1ed9t m\u1ed1c ph\u00e1t tri\u1ec3n th\u1ecb tr\u01b0\u1eddng m\u1ef9 ph\u1ea9m trong n\u01b0\u1edbc v\u00e0 ngo\u00e0i n\u01b0\u1edbc \u2013 \u0111\u01b0a th\u01b0\u01a1ng hi\u1ec7u ph\u1ee7 s\u00f3ng tr\u00ean to\u00e0n c\u1ea7u.\u00a0<\/span><\/p>\n<p><img loading=\"lazy\" decoding=\"async\" class=\"aligncenter wp-image-1312 size-full\" src=\"http:\/\/mypham2.themevivu.com\/wp-content\/uploads\/2021\/10\/gioi-thieu-hathor-group-281021-0.jpg\" alt=\"hathor group\" width=\"800\" height=\"533\" srcset=\"https:\/\/khogiaodienmau.net\/mypham16\/wp-content\/uploads\/2021\/10\/gioi-thieu-hathor-group-281021-0.jpg 800w, https:\/\/khogiaodienmau.net\/mypham16\/wp-content\/uploads\/2021\/10\/gioi-thieu-hathor-group-281021-0-300x200.jpg 300w, https:\/\/khogiaodienmau.net\/mypham16\/wp-content\/uploads\/2021\/10\/gioi-thieu-hathor-group-281021-0-768x512.jpg 768w, https:\/\/khogiaodienmau.net\/mypham16\/wp-content\/uploads\/2021\/10\/gioi-thieu-hathor-group-281021-0-600x400.jpg 600w\" sizes=\"auto, (max-width: 800px) 100vw, 800px\" \/><\/p>\n<p style=\"text-align: justify;\"><span style=\"font-weight: 400;\">Tr\u1ea3i qua h\u00e0nh tr\u00ecnh g\u1ea7n 10 n\u0103m h\u00ecnh th\u00e0nh v\u00e0 ph\u00e1t tri\u1ec3n, <strong>Hathor Group<\/strong> \u0111\u00e3 \u0111\u1ea1t \u0111\u01b0\u1ee3c nh\u1eefng th\u00e0nh qu\u1ea3 \u0111\u00e1ng ghi nh\u1eadn, \u0111\u01b0\u1ee3c kh\u00e1ch h\u00e0ng, \u0111\u1ed1i t\u00e1c v\u00e0 c\u1ed9ng \u0111\u1ed3ng t\u00edn nhi\u1ec7m, \u0111\u01b0\u1ee3c x\u00e3 h\u1ed9i c\u00f4ng nh\u1eadn.\u00a0<\/span><\/p>\n<p style=\"text-align: justify;\"><span style=\"font-weight: 400;\">Trong \u0111\u00f3,<\/span> <span style=\"font-weight: 400;\"><strong>Hathor Beauty<\/strong> l\u00e0 m\u1ed9t C\u00f4ng ty tr\u1ef1c thu\u1ed9c <strong>Hathor Group<\/strong>. \u0110\u01b0\u1ee3c bi\u1ebft \u0111\u1ebfn l\u00e0 th\u01b0\u01a1ng hi\u1ec7u D\u01b0\u1ee3c m\u1ef9 ph\u1ea9m h\u00e0ng \u0111\u1ea7u Vi\u1ec7t Nam, <strong>Hathor Beauty<\/strong> chuy\u00ean ph\u00e2n ph\u1ed1i v\u00e0 b\u00e1n l\u1ebb c\u00e1c s\u1ea3n ph\u1ea9m m\u1ef9 ph\u1ea9m t\u1ed1t nh\u1ea5t hi\u1ec7n nay bao g\u1ed3m: S\u1ea3n ph\u1ea9m ch\u0103m s\u00f3c da t\u1ea1i nh\u00e0, s\u1ea3n ph\u1ea9m h\u1ed7 tr\u1ee3 \u0111i\u1ec1u tr\u1ecb, s\u1ea3n ph\u1ea9m trang \u0111i\u1ec3m,&#8230;\u00a0<\/span><\/p>\n<p style=\"text-align: justify;\"><span style=\"font-weight: 400;\">V\u1edbi nh\u1eefng b\u01b0\u1edbc ph\u00e1t tri\u1ec3n nhanh, m\u1ea1nh v\u00e0 b\u1ec1n v\u1eefng, \u0111\u1ebfn nay <strong>Hathor Beauty<\/strong> \u0111\u00e3 v\u00e0 \u0111ang l\u00e0 \u0111\u1ed1i t\u00e1c ti\u1ec1m n\u0103ng, uy t\u00edn c\u1ee7a nhi\u1ec1u ch\u1ee7 spa tr\u00ean to\u00e0n qu\u1ed1c. Kh\u00f4ng nh\u1eefng v\u1eady c\u00f2n h\u1ee3p t\u00e1c v\u1edbi c\u00e1c \u0111\u1ea1i l\u00fd, nh\u00e0 ph\u00e2n ph\u1ed1i t\u1ea1i nhi\u1ec1u n\u01b0\u1edbc tr\u00ean th\u1ebf gi\u1edbi nh\u01b0 <\/span><span style=\"font-weight: 400;\">\u0110\u00e0i Loan, Nh\u1eadt B\u1ea3n, H\u00e0n Qu\u1ed1c, Singapore, M\u1ef9,&#8230;<\/span><\/p>\n<p><img loading=\"lazy\" decoding=\"async\" class=\"aligncenter wp-image-1313 size-full\" src=\"http:\/\/mypham2.themevivu.com\/wp-content\/uploads\/2021\/10\/gioi-thieu-hathor-group-281021-1.jpg\" alt=\"hathor group 1\" width=\"800\" height=\"533\" srcset=\"https:\/\/khogiaodienmau.net\/mypham16\/wp-content\/uploads\/2021\/10\/gioi-thieu-hathor-group-281021-1.jpg 800w, https:\/\/khogiaodienmau.net\/mypham16\/wp-content\/uploads\/2021\/10\/gioi-thieu-hathor-group-281021-1-300x200.jpg 300w, https:\/\/khogiaodienmau.net\/mypham16\/wp-content\/uploads\/2021\/10\/gioi-thieu-hathor-group-281021-1-768x512.jpg 768w, https:\/\/khogiaodienmau.net\/mypham16\/wp-content\/uploads\/2021\/10\/gioi-thieu-hathor-group-281021-1-600x400.jpg 600w\" sizes=\"auto, (max-width: 800px) 100vw, 800px\" \/><\/p>\n<p style=\"text-align: justify;\"><span style=\"font-weight: 400;\">H\u01b0\u1edbng \u0111\u1ebfn t\u00f4n ch\u1ec9 \u201cN\u01a1i v\u1ebb \u0111\u1eb9p tr\u1edf th\u00e0nh gi\u00e1 tr\u1ecb\u201d, ch\u00fang t\u00f4i kh\u00f4ng ch\u1ec9 mang l\u1ea1i nh\u1eefng s\u1ea3n ph\u1ea9m ch\u1ea5t l\u01b0\u1ee3ng m\u00e0 c\u00f2n \u0111em \u0111\u1ebfn d\u1ecbch v\u1ee5 uy t\u00edn. \u0110\u1ebfn nay, <strong>Hathor Beauty<\/strong> l\u00e0 th\u01b0\u01a1ng hi\u1ec7u D\u01b0\u1ee3c m\u1ef9 ph\u1ea9m d\u1eabn \u0111\u1ea7u v\u1ec1 s\u1ea3n ph\u1ea9m ch\u0103m s\u00f3c s\u1eafc \u0111\u1eb9p \u0111\u01b0\u1ee3c nghi\u00ean c\u1ee9u t\u1eeb c\u00e1c chuy\u00ean gia h\u00e0ng \u0111\u1ea7u n\u01b0\u1edbc ngo\u00e0i, theo chu\u1ea9n y khoa v\u1edbi ngu\u1ed3n nguy\u00ean li\u1ec7u t\u1ef1 nhi\u00ean nh\u01b0: c\u00e2y tr\u00e0 xanh, c\u00e2y m\u00eda, c\u00e2y h\u1ea1nh nh\u00e2n, c\u00e2y ph\u1ec9,\u2026<\/span><\/p>\n<p style=\"text-align: justify;\"><span style=\"font-weight: 400;\">T\u1ea5t c\u1ea3 s\u1ea3n ph\u1ea9m \u0111\u1ec1u xu\u1ea5t ph\u00e1t t\u1eeb <\/span><span style=\"font-weight: 400;\">nguy\u00ean li\u1ec7u t\u1ef1 nhi\u00ean, an to\u00e0n cho s\u1ee9c kh\u1ecfe, s\u1eafc \u0111\u1eb9p. \u0110\u1ed3ng th\u1eddi \u0111\u01b0\u1ee3c <\/span><span style=\"font-weight: 400;\">ki\u1ec3m \u0111\u1ecbnh k\u1ef9 l\u01b0\u1ee1ng b\u1edfi B\u1ed9 Y T\u1ebf tr\u01b0\u1edbc khi \u0111\u1ebfn tay ng\u01b0\u1eddi ti\u00eau d\u00f9ng.\u00a0<\/span><\/p>\n<p><img loading=\"lazy\" decoding=\"async\" class=\"aligncenter wp-image-1314 size-full\" src=\"http:\/\/mypham2.themevivu.com\/wp-content\/uploads\/2021\/10\/gioi-thieu-hathor-group-281021-2.jpg\" alt=\"hathor group 2\" width=\"800\" height=\"533\" srcset=\"https:\/\/khogiaodienmau.net\/mypham16\/wp-content\/uploads\/2021\/10\/gioi-thieu-hathor-group-281021-2.jpg 800w, https:\/\/khogiaodienmau.net\/mypham16\/wp-content\/uploads\/2021\/10\/gioi-thieu-hathor-group-281021-2-300x200.jpg 300w, https:\/\/khogiaodienmau.net\/mypham16\/wp-content\/uploads\/2021\/10\/gioi-thieu-hathor-group-281021-2-768x512.jpg 768w, https:\/\/khogiaodienmau.net\/mypham16\/wp-content\/uploads\/2021\/10\/gioi-thieu-hathor-group-281021-2-600x400.jpg 600w\" sizes=\"auto, (max-width: 800px) 100vw, 800px\" \/><\/p>\n<p style=\"text-align: justify;\"><span style=\"font-weight: 400;\">Ngo\u00e0i c\u00e1c s\u1ea3n ph\u1ea9m ch\u0103m s\u00f3c da, h\u1ed7 tr\u1ee3 tr\u1ecb li\u1ec7u \u0111\u01b0\u1ee3c s\u1eed d\u1ee5ng t\u1ea1i nh\u00e0 hay c\u00e1c s\u1ea3n ph\u1ea9m trang \u0111i\u1ec3m th\u01b0\u1eddng ng\u00e0y, <strong>Hathor Beauty<\/strong> c\u00f2n mang \u0111\u1ebfn c\u00e1c s\u1ea3n ph\u1ea9m cao c\u1ea5p d\u00e0nh cho ch\u1ee7 Spa trong v\u00e0 n\u01b0\u1edbc ngo\u00e0i thi\u00ean v\u1ec1 h\u01b0\u1edbng d\u1eabn, h\u1ed7 tr\u1ee3 tr\u1ecb li\u1ec7u kh\u00f4ng x\u00e2m l\u1ea5n, an to\u00e0n v\u00e0 hi\u1ec7u qu\u1ea3.\u00a0<\/span><\/p>\n<p style=\"text-align: justify;\"><span style=\"font-weight: 400;\">Th\u01b0\u1eddng xuy\u00ean c\u00f3 nh\u1eefng bu\u1ed5i \u0111\u00e0o t\u1ea1o \u0111\u1ecbnh k\u1ef3 v\u1ec1 chuy\u00ean m\u00f4n ng\u00e0nh ngh\u1ec1, chi\u1ebfn l\u01b0\u1ee3c kinh doanh v\u00e0 chuy\u1ec3n giao c\u00f4ng ngh\u1ec7 c\u00f9ng v\u1edbi h\u00e0ng ngh\u00ecn c\u00e1c ch\u1ee7 Spa tr\u00ean to\u00e0n qu\u1ed1c.<\/span><\/p>\n<p style=\"text-align: justify;\"><span style=\"font-weight: 400;\">S\u1ef1 \u0111\u00f3n nh\u1eadn v\u00e0 tin t\u01b0\u1edfng c\u1ee7a kh\u00e1ch h\u00e0ng l\u00e0 ni\u1ec1m vui v\u00e0 \u0111\u1ed9ng l\u1ef1c l\u1edbn lao nh\u1ea5t gi\u00fap ch\u00fang t\u00f4i kh\u00f4ng ng\u1eebng ho\u00e0n thi\u1ec7n m\u00ecnh \u0111\u1ec3 mang l\u1ea1i nh\u1eefng s\u1ea3n ph\u1ea9m, d\u1ecbch v\u1ee5 t\u1ed1t nh\u1ea5t \u0111\u1ebfn tay ng\u01b0\u1eddi ti\u00eau d\u00f9ng.<\/span><\/p>\n","protected":false},"excerpt":{"rendered":"<p>C\u00f4ng ty C\u1ed5 ph\u1ea7n T\u1eadp \u0111o\u00e0n Hathor (Hathor Group JSC) l\u00e0 m\u1ed9t T\u1eadp \u0111o\u00e0n chuy\u00ean ho\u1ea1t \u0111\u1ed9ng trong l\u0129nh v\u1ef1c l\u00e0m \u0111\u1eb9p v\u00e0 cung c\u1ea5p c\u00e1c s\u1ea3n ph\u1ea9m th\u1ef1c ph\u1ea9m ch\u1ee9c n\u0103ng, b\u1ea3o v\u1ec7 s\u1ee9c kh\u1ecfe c\u1ee7a c\u1ed9ng \u0111\u1ed3ng.\u00a0 Ti\u1ec1n th\u00e2n l\u00e0 C\u00f4ng ty TNHH Ch\u0103m s\u00f3c s\u1eafc \u0111\u1eb9p Kim Thi\u00ean Hoa \u0111\u01b0\u1ee3c s\u00e1ng l\u1eadp&#8230;<\/p>\n","protected":false},"author":1,"featured_media":0,"parent":0,"menu_order":0,"comment_status":"closed","ping_status":"closed","template":"page-right-sidebar.php","meta":{"footnotes":""},"yst_prominent_words":[],"class_list":["post-13","page","type-page","status-publish","hentry"],"_links":{"self":[{"href":"https:\/\/khogiaodienmau.net\/mypham16\/wp-json\/wp\/v2\/pages\/13","targetHints":{"allow":["GET"]}}],"collection":[{"href":"https:\/\/khogiaodienmau.net\/mypham16\/wp-json\/wp\/v2\/pages"}],"about":[{"href":"https:\/\/khogiaodienmau.net\/mypham16\/wp-json\/wp\/v2\/types\/page"}],"author":[{"embeddable":true,"href":"https:\/\/khogiaodienmau.net\/mypham16\/wp-json\/wp\/v2\/users\/1"}],"replies":[{"embeddable":true,"href":"https:\/\/khogiaodienmau.net\/mypham16\/wp-json\/wp\/v2\/comments?post=13"}],"version-history":[{"count":5,"href":"https:\/\/khogiaodienmau.net\/mypham16\/wp-json\/wp\/v2\/pages\/13\/revisions"}],"predecessor-version":[{"id":1318,"href":"https:\/\/khogiaodienmau.net\/mypham16\/wp-json\/wp\/v2\/pages\/13\/revisions\/1318"}],"wp:attachment":[{"href":"https:\/\/khogiaodienmau.net\/mypham16\/wp-json\/wp\/v2\/media?parent=13"}],"wp:term":[{"taxonomy":"yst_prominent_words","embeddable":true,"href":"https:\/\/khogiaodienmau.net\/mypham16\/wp-json\/wp\/v2\/yst_prominent_words?post=13"}],"curies":[{"name":"wp","href":"https:\/\/api.w.org\/{rel}","templated":true}]}}