{"id":1310,"date":"2024-03-01T01:57:05","date_gmt":"2024-03-01T01:57:05","guid":{"rendered":"https:\/\/khogiaodienmau.net\/muathemewp\/product\/theme-wordpress-landing-page-bat-dong-san-06\/"},"modified":"2024-03-01T01:57:06","modified_gmt":"2024-03-01T01:57:06","slug":"theme-wordpress-landing-page-bat-dong-san-06","status":"publish","type":"product","link":"https:\/\/khogiaodienmau.net\/muathemewp\/product\/theme-wordpress-landing-page-bat-dong-san-06\/","title":{"rendered":"Theme wordpress landing page b\u1ea5t \u0111\u1ed9ng s\u1ea3n 06"},"content":{"rendered":"<h2>Gi\u1edbi thi\u1ec7u Theme wordpress landing page b\u1ea5t \u0111\u1ed9ng s\u1ea3n 06<\/h2>\n<p>Giao di\u1ec7n t\u01b0\u01a1ng th\u00edch v\u1edbi h\u1ea7u h\u1ebft m\u1ecdi thi\u1ebft b\u1ecb v\u00e0 tr\u00ecnh duy\u1ec7t web nh\u01b0 \u0111i\u1ec7n tho\u1ea1i, m\u00e1y t\u00ednh b\u1ea3ng, Laptop, PC,\u2026<br \/>Giao di\u1ec7n \u0111\u01b0\u1ee3c thi\u1ebft k\u1ebf d\u1ef1a tr\u00ean m\u00e3 ngu\u1ed3n m\u1edf WordPress v\u00e0 theme Flatsome t\u00f9y bi\u1ebfn cao, d\u1ec5 d\u00e0ng s\u1eed d\u1ee5ng v\u00e0 qu\u1ea3n l\u00fd.<br \/>Thi\u1ebft k\u1ebf web chu\u1ea9n SEO, t\u1ed1c \u0111\u1ed9 load nhanh v\u00e0 t\u1ed1i \u01b0u h\u00f3a v\u1edbi c\u00f4ng c\u1ee5 t\u00ecm ki\u1ebfm Google.<br \/>Theme s\u1ea1ch ho\u00e0n to\u00e0n 100% kh\u00f4ng virus, kh\u00f4ng m\u00e3 \u0111\u1ed9c \u0111\u00e3 \u0111\u01b0\u1ee3c ki\u1ec3m tra k\u1ef9 l\u01b0\u1ee1ng.<br \/>S\u1ea3n ph\u1ea9m \u0111\u01b0\u1ee3c b\u1ea3o h\u00e0nh gi\u00fap b\u1ea1n y\u00ean t\u00e2m h\u01a1n trong qu\u00e1 tr\u00ecnh s\u1eed d\u1ee5ng Theme.<\/p>\n<h2><strong>Theme Theme wordpress landing page b\u1ea5t \u0111\u1ed9ng s\u1ea3n 06 d\u1ec5 d\u00e0ng c\u00e0i \u0111\u1eb7t v\u00e0 s\u1eed d\u1ee5ng<\/strong><\/h2>\n<p>Khi mua Theme b\u1ea1n s\u1ebd \u0111\u01b0\u1ee3c b\u00e0n giao m\u00e3 ngu\u1ed3n Full source code bao g\u1ed3m: Code + Database \u0111\u01b0\u1ee3c nh\u00e2n b\u1ea3n b\u1eb1ng plugin duplicator b\u1ea1n ch\u1ec9 vi\u1ec7c \u0111\u0103t c\u00e0i \u0111\u1eb7t l\u00ean Hosting l\u00e0 gi\u1ed1ng demo 100%. Theme \u0111\u01b0\u1ee3c Buid tr\u00ean\u00a0Flatsome\u00a0n\u00ean d\u1ec5 d\u00e0ng s\u1eed d\u1ee5ng v\u1edbi tr\u00ecnh d\u1ef1ng trang k\u00e9o th\u1ea3\u00a0UX builder\u00a0tr\u1ef1c quan theo t\u1eebng Module v\u00e0 d\u1ea1ng l\u01b0\u1edbi c\u1ee7a layout \u0111\u00e3 \u00e1p d\u1ee5ng v\u00e0o b\u1ed1 c\u1ee5c website.<\/p>\n<p><img loading=\"lazy\" decoding=\"async\" class=\"aligncenter\" title=\"Theme WordPress b\u00e1n h\u1ea3i s\u1ea3n 03 2\" src=\"https:\/\/muathemewp.vn\/wp-content\/uploads\/2023\/04\/flatsome-theme-sliders-animation-1.gif\" alt=\"flatsome theme sliders animation 1\" width=\"572\" height=\"303\"><\/p>\n<p>Gi\u00fap b\u1ea1n c\u00f3 th\u1ec3 can thi\u1ec7p v\u00e0o b\u1ea5t c\u1ee9 v\u1ecb tr\u00ed n\u00e0o b\u1ea1n mong mu\u1ed1n ch\u1ec9nh s\u1eeda t\u1eeb b\u1ed1 c\u1ee5c, h\u00ecnh \u1ea3nh, m\u00e0u s\u1eafc,\u2026 m\u1ed9t c\u00e1ch d\u1ec5 d\u00e0ng ph\u00f9 h\u1ee3p v\u1edbi phong c\u00e1ch c\u0169ng nh\u01b0 th\u01b0\u01a1ng hi\u1ec7u c\u1ee7a b\u1ea1n. Theme \u0111\u01b0\u1ee3c code tr\u00ean Child theme n\u00ean update l\u00e2u d\u00e0i c\u00f3 th\u1ec3 s\u1eed d\u1ee5ng \u0111\u01b0\u1ee3c nhi\u1ec1u domain, kh\u00f4ng gi\u1edbi h\u1ea1n s\u1ed1 l\u01b0\u1ee3ng website. Gi\u00fap b\u1ea1n ti\u1ebft ki\u1ec7m chi ph\u00ed v\u00e0 th\u1eddi gian<\/p>\n<h2><strong>Ch\u00ednh s\u00e1ch \u01b0u \u0111\u00e3i khi mua Theme wordpress landing page b\u1ea5t \u0111\u1ed9ng s\u1ea3n 06<\/strong><\/h2>\n<ul>\n<li>Mi\u1ec5n ph\u00ed c\u00e0i \u0111\u1eb7t giao di\u1ec7n Demo l\u00ean Hosting<\/li>\n<li>\u0110\u0103ng k\u00fd t\u00e0i kho\u1ea3n d\u1ec5 d\u00e0ng, qu\u1ea3n l\u00fd Theme \u0111\u00e3 mua b\u1eb1ng t\u00e0i kho\u1ea3n linh ho\u1ea1t<\/li>\n<li>N\u1ec1n t\u1ea3ng s\u1eed d\u1ee5ng c\u00f4ng ngh\u1ec7 m\u1edbi nh\u1ea5t<\/li>\n<li>T\u01b0\u01a1ng th\u00edch v\u1edbi t\u1ea5t c\u1ea3 c\u00e1c thi\u1ebft b\u1ecb<\/li>\n<li>Code t\u1ed1i \u01b0u chu\u1ea9n SEO, b\u1ea3o m\u1eadt t\u1ed1t nh\u1ea5t<\/li>\n<li>H\u1ed7 tr\u1ee3 k\u1ef9 thu\u1eadt ngay khi c\u00f3 s\u1ef1 c\u1ed1<\/li>\n<\/ul>\n<h2>Li\u00ean h\u1ec7 mua Theme wordpress landing page b\u1ea5t \u0111\u1ed9ng s\u1ea3n 06<\/h2>\n<p>B\u1ea1n vui l\u00f2ng li\u00ean h\u1ec7 v\u1edbi ch\u00fang t\u00f4i qua c\u00e1c k\u00eanh h\u1ed7 tr\u1ee3 tr\u00ean website \u1edf \u0111\u1ea7u web v\u00e0 cu\u1ed1i web<\/p>\n","protected":false},"excerpt":{"rendered":"<p>Theme wordpress landing page b\u1ea5t \u0111\u1ed9ng s\u1ea3n 06 \u2013 B\u1ea1n ch\u1ec9 m\u1ea5t v\u00e0i ph\u00fat \u0111\u1ec3 x\u00e2y d\u1ef1ng 1 website tuy\u1ec7t \u0111\u1eb9p v\u00e0 chuy\u00ean nghi\u1ec7p<\/p>\n","protected":false},"featured_media":1312,"comment_status":"closed","ping_status":"closed","template":"","meta":{"_acf_changed":false},"product_cat":[32,26],"product_tag":[56,57,68],"class_list":{"0":"post-1310","1":"product","2":"type-product","3":"status-publish","4":"has-post-thumbnail","6":"product_cat-bat-dong-san","7":"product_cat-landing-page","8":"product_tag-bat-dong-san","9":"product_tag-bds","10":"product_tag-landing-page","12":"first","13":"instock","14":"sale","15":"shipping-taxable","16":"purchasable","17":"product-type-simple"},"acf":[],"_links":{"self":[{"href":"https:\/\/khogiaodienmau.net\/muathemewp\/wp-json\/wp\/v2\/product\/1310","targetHints":{"allow":["GET"]}}],"collection":[{"href":"https:\/\/khogiaodienmau.net\/muathemewp\/wp-json\/wp\/v2\/product"}],"about":[{"href":"https:\/\/khogiaodienmau.net\/muathemewp\/wp-json\/wp\/v2\/types\/product"}],"replies":[{"embeddable":true,"href":"https:\/\/khogiaodienmau.net\/muathemewp\/wp-json\/wp\/v2\/comments?post=1310"}],"wp:featuredmedia":[{"embeddable":true,"href":"https:\/\/khogiaodienmau.net\/muathemewp\/wp-json\/wp\/v2\/media\/1312"}],"wp:attachment":[{"href":"https:\/\/khogiaodienmau.net\/muathemewp\/wp-json\/wp\/v2\/media?parent=1310"}],"wp:term":[{"taxonomy":"product_cat","embeddable":true,"href":"https:\/\/khogiaodienmau.net\/muathemewp\/wp-json\/wp\/v2\/product_cat?post=1310"},{"taxonomy":"product_tag","embeddable":true,"href":"https:\/\/khogiaodienmau.net\/muathemewp\/wp-json\/wp\/v2\/product_tag?post=1310"}],"curies":[{"name":"wp","href":"https:\/\/api.w.org\/{rel}","templated":true}]}}