{"id":1157,"date":"2022-10-31T18:13:17","date_gmt":"2022-10-31T11:13:17","guid":{"rendered":"https:\/\/milk.themevivu.net\/?post_type=product&#038;p=1157"},"modified":"2022-10-31T18:15:19","modified_gmt":"2022-10-31T11:15:19","slug":"soki-tium-baby","status":"publish","type":"product","link":"https:\/\/khogiaodienmau.net\/milk\/product\/soki-tium-baby\/","title":{"rendered":"SOKI-TIUM baby"},"content":{"rendered":"<h3>Th\u00e0nh ph\u1ea7n cho 1 g\u00f3i 3g:<\/h3>\n<p>\u2013 \u0110\u1ea1m s\u1eefa th\u1ee7y ph\u00e2n (Lactium) \u2026\u2026\u2026\u2026\u2026.250 mg<br \/>\n\u2013 GOS (Galacto oligosaccharide)\u2026\u2026\u2026\u2026\u2026. 200 mg<br \/>\n\u2013 S\u1eefa non (Colostrum)\u2026\u2026\u2026\u2026\u2026\u2026\u2026\u2026\u2026\u2026. 50 mg<br \/>\n\u2013 HMO (2\u2019- Fucosyllactose)\u2026\u2026\u2026\u2026\u2026\u2026\u2026.. 30 mg<br \/>\n\u2013 Ph\u1ee5 li\u1ec7u: \u0110\u01b0\u1eddng, s\u1eefa, maltodextrin, magie gluconat, h\u01b0\u01a1ng vani v\u1eeba \u0111\u1ee7 1 g\u00f3i 3g<\/p>\n<p>Th\u1ef1c ph\u1ea9m n\u00e0y kh\u00f4ng ph\u1ea3i l\u00e0 thu\u1ed1c v\u00e0 kh\u00f4ng c\u00f3 t\u00e1c d\u1ee5ng thay th\u1ebf thu\u1ed1c ch\u1eefa b\u1ec7nh.<\/p>\n<h3 class=\"title fz-32 fw-700 m-bottom-25 lh-1 text-uppercase\">&#8220;\u00caM B\u1ee4NG &#8211; NG\u1ee6 NGON&#8221;<\/h3>\n<div class=\"content fz-17\">\n<p>Ngo\u00e0i b\u1ed9 \u0111\u00f4i \u0111\u1ea1m s\u1eefa th\u1ee7y ph\u00e2n Lactium v\u00e0 s\u1eefa non, Soki Tium baby nay \u0111\u01b0\u1ee3c b\u1ed5 sung th\u00eam HMO \u2013 d\u01b0\u1ee1ng ch\u1ea5t v\u00e0ng cho n\u1ec1n t\u1ea3ng b\u00e9 kh\u1ecfe m\u1ea1nh, th\u00fac \u0111\u1ea9y h\u1ec7 mi\u1ec5n d\u1ecbch t\u0103ng \u0111\u1ec1 kh\u00e1ng v\u00e0 GOS \u2013 prebiotic t\u1eeb s\u1eefa gi\u00fap c\u00e2n b\u1eb1ng h\u1ec7 vi sinh \u0111\u01b0\u1eddng ru\u1ed9t, c\u1ea3i thi\u1ec7n nhu \u0111\u1ed9ng ru\u1ed9t, gi\u1ea3m t\u00ecnh tr\u1ea1ng t\u00e1o b\u00f3n.<\/p>\n<p>Th\u00e0nh ph\u1ea7n tinh khi\u1ebft ch\u1ea5t l\u01b0\u1ee3ng cao \u0111\u01b0\u1ee3c nh\u1eadp kh\u1ea9u tr\u1ef1c ti\u1ebfp t\u1eeb c\u00e1c nh\u00e0 cung c\u1ea5p h\u00e0ng \u0111\u1ea7u Th\u1ebf gi\u1edbi.<\/p>\n<p><strong>Soki Tium baby v\u1edbi c\u01a1 ch\u1ebf t\u00e1c \u0111\u1ed9ng k\u00e9p t\u1ea1o ra tr\u1ea1ng th\u00e1i KH\u1eceE M\u1ea0NH &amp; H\u1ea0NH PH\u00daC mang \u0111\u1ebfn gi\u1ea5c ng\u1ee7 t\u1ef1 nhi\u00ean, \u0111\u1ea1t chu\u1ea9n \u0110\u00fang \u2013 \u0110\u1ee7 \u2013 \u0110\u1ec1u:<\/strong><\/span><\/p>\n<p><img loading=\"lazy\" decoding=\"async\" class=\"aligncenter wp-image-1142 size-full\" src=\"https:\/\/milk.themevivu.net\/wp-content\/uploads\/2022\/10\/banner-co-che.png\" alt=\"\" width=\"1165\" height=\"874\" srcset=\"https:\/\/khogiaodienmau.net\/milk\/wp-content\/uploads\/2022\/10\/banner-co-che.png 1165w, https:\/\/khogiaodienmau.net\/milk\/wp-content\/uploads\/2022\/10\/banner-co-che-300x225.png 300w, https:\/\/khogiaodienmau.net\/milk\/wp-content\/uploads\/2022\/10\/banner-co-che-1024x768.png 1024w, https:\/\/khogiaodienmau.net\/milk\/wp-content\/uploads\/2022\/10\/banner-co-che-768x576.png 768w, https:\/\/khogiaodienmau.net\/milk\/wp-content\/uploads\/2022\/10\/banner-co-che-600x450.png 600w\" sizes=\"auto, (max-width: 1165px) 100vw, 1165px\" \/><\/p>\n<\/div>\n","protected":false},"excerpt":{"rendered":"<h3>Xoa d\u1ecbu v\u00e0 nu\u00f4i d\u01b0\u1ee1ng c\u01a1 th\u1ec3, h\u1ed7 tr\u1ee3 ti\u00eau h\u00f3a, gi\u00fap con ng\u1ee7 ngon s\u00e2u gi\u1ea5c<\/h3>\n<p>SOKI TIUM BABY l\u00e0 s\u1ea3n ph\u1ea9m m\u1edbi trong b\u1ed9 s\u1ea3n ph\u1ea9m Soki Tium, \u0111\u00e1p \u1ee9ng th\u00eam nhu c\u1ea7u r\u1ea5t c\u1ee5 th\u1ec3 cho nh\u00f3m \u0111\u1ed1i t\u01b0\u1ee3ng tr\u1ebb s\u01a1 sinh v\u00e0 tr\u1ebb nh\u1ecf \u0111\u1eb7c bi\u1ec7t. SOKI TIUM BABY ngo\u00e0i xoa d\u1ecbu v\u00e0 nu\u00f4i d\u01b0\u1ee1ng c\u01a1 th\u1ec3, c\u00f2n h\u1ed7 tr\u1ee3 ti\u00eau h\u00f3a t\u1ed1t n\u00ean r\u1ea5t ph\u00f9 h\u1ee3p cho tr\u1ebb s\u01a1 sinh, tr\u1ebb sinh non, ho\u1eb7c tr\u1ebb nh\u1ecf g\u1eb7p r\u1ed1i lo\u1ea1n ti\u00eau h\u00f3a: \u0111au b\u1ee5ng, \u0111\u1ea7y b\u1ee5ng, ch\u01b0\u1edbng h\u01a1i, t\u00e1o b\u00f3n, &#8230;.<\/p>\n","protected":false},"featured_media":1158,"comment_status":"open","ping_status":"closed","template":"","meta":[],"product_cat":[15],"product_tag":[],"class_list":["post-1157","product","type-product","status-publish","has-post-thumbnail","hentry","product_cat-uncategorized"],"_links":{"self":[{"href":"https:\/\/khogiaodienmau.net\/milk\/wp-json\/wp\/v2\/product\/1157","targetHints":{"allow":["GET"]}}],"collection":[{"href":"https:\/\/khogiaodienmau.net\/milk\/wp-json\/wp\/v2\/product"}],"about":[{"href":"https:\/\/khogiaodienmau.net\/milk\/wp-json\/wp\/v2\/types\/product"}],"replies":[{"embeddable":true,"href":"https:\/\/khogiaodienmau.net\/milk\/wp-json\/wp\/v2\/comments?post=1157"}],"wp:featuredmedia":[{"embeddable":true,"href":"https:\/\/khogiaodienmau.net\/milk\/wp-json\/wp\/v2\/media\/1158"}],"wp:attachment":[{"href":"https:\/\/khogiaodienmau.net\/milk\/wp-json\/wp\/v2\/media?parent=1157"}],"wp:term":[{"taxonomy":"product_cat","embeddable":true,"href":"https:\/\/khogiaodienmau.net\/milk\/wp-json\/wp\/v2\/product_cat?post=1157"},{"taxonomy":"product_tag","embeddable":true,"href":"https:\/\/khogiaodienmau.net\/milk\/wp-json\/wp\/v2\/product_tag?post=1157"}],"curies":[{"name":"wp","href":"https:\/\/api.w.org\/{rel}","templated":true}]}}