{"id":18,"date":"2022-10-29T12:04:23","date_gmt":"2022-10-29T05:04:23","guid":{"rendered":"https:\/\/milk.themevivu.net\/?page_id=18"},"modified":"2022-10-31T22:22:49","modified_gmt":"2022-10-31T15:22:49","slug":"mua-hang","status":"publish","type":"page","link":"https:\/\/khogiaodienmau.net\/milk\/mua-hang\/","title":{"rendered":"Mua h\u00e0ng"},"content":{"rendered":"\t<section class=\"section section1 mua-hang-1 dark\" id=\"section_989915884\">\n\t\t<div class=\"bg section-bg fill bg-fill  bg-loaded\" >\n\n\t\t\t\n\t\t\t\n\t\t\t\n\n\t\t<\/div>\n\n\t\t\n\n\t\t<div class=\"section-content relative\">\n\t\t\t\n<div class=\"row row1\" style=\"max-width:1200px\" id=\"row-2053953691\">\n\n\t<div id=\"col-279475022\" class=\"col small-12 large-12\"  >\n\t\t\t\t<div class=\"col-inner\"  >\n\t\t\t\n\t\t\t\n<div class=\"slider-wrapper relative\" id=\"slider-2048037453\" >\n    <div class=\"slider slider-nav-simple slider-nav-large slider-nav-dark slider-nav-outside slider-style-normal\"\n        data-flickity-options='{\n            \"cellAlign\": \"center\",\n            \"imagesLoaded\": true,\n            \"lazyLoad\": 1,\n            \"freeScroll\": false,\n            \"wrapAround\": true,\n            \"autoPlay\": 6000,\n            \"pauseAutoPlayOnHover\" : true,\n            \"prevNextButtons\": true,\n            \"contain\" : true,\n            \"adaptiveHeight\" : true,\n            \"dragThreshold\" : 10,\n            \"percentPosition\": true,\n            \"pageDots\": true,\n            \"rightToLeft\": false,\n            \"draggable\": true,\n            \"selectedAttraction\": 0.1,\n            \"parallax\" : 0,\n            \"friction\": 0.6        }'\n        >\n        \n\t<div class=\"img has-hover x md-x lg-x y md-y lg-y\" id=\"image_1945141601\">\n\t\t\t\t\t\t\t\t<div class=\"img-inner image-cover dark\" style=\"padding-top:40%;\">\n\t\t\t<img loading=\"lazy\" decoding=\"async\" width=\"1200\" height=\"513\" src=\"https:\/\/khogiaodienmau.net\/milk\/wp-content\/uploads\/2022\/10\/img02.jpg\" class=\"attachment-original size-original\" alt=\"\" srcset=\"https:\/\/khogiaodienmau.net\/milk\/wp-content\/uploads\/2022\/10\/img02.jpg 1200w, https:\/\/khogiaodienmau.net\/milk\/wp-content\/uploads\/2022\/10\/img02-300x128.jpg 300w, https:\/\/khogiaodienmau.net\/milk\/wp-content\/uploads\/2022\/10\/img02-1024x438.jpg 1024w, https:\/\/khogiaodienmau.net\/milk\/wp-content\/uploads\/2022\/10\/img02-768x328.jpg 768w, https:\/\/khogiaodienmau.net\/milk\/wp-content\/uploads\/2022\/10\/img02-600x257.jpg 600w\" sizes=\"auto, (max-width: 1200px) 100vw, 1200px\" \/>\t\t\t\t\t\t\n\t\t\t\t\t<\/div>\n\t\t\t\t\t\t\t\t\n<style>\n#image_1945141601 {\n  width: 100%;\n}\n<\/style>\n\t<\/div>\n\t\n\t<div class=\"img has-hover x md-x lg-x y md-y lg-y\" id=\"image_1987142955\">\n\t\t\t\t\t\t\t\t<div class=\"img-inner image-cover dark\" style=\"padding-top:40%;\">\n\t\t\t<img loading=\"lazy\" decoding=\"async\" width=\"1200\" height=\"465\" src=\"https:\/\/khogiaodienmau.net\/milk\/wp-content\/uploads\/2022\/10\/img1-1.jpg\" class=\"attachment-original size-original\" alt=\"\" srcset=\"https:\/\/khogiaodienmau.net\/milk\/wp-content\/uploads\/2022\/10\/img1-1.jpg 1200w, https:\/\/khogiaodienmau.net\/milk\/wp-content\/uploads\/2022\/10\/img1-1-300x116.jpg 300w, https:\/\/khogiaodienmau.net\/milk\/wp-content\/uploads\/2022\/10\/img1-1-1024x397.jpg 1024w, https:\/\/khogiaodienmau.net\/milk\/wp-content\/uploads\/2022\/10\/img1-1-768x298.jpg 768w, https:\/\/khogiaodienmau.net\/milk\/wp-content\/uploads\/2022\/10\/img1-1-600x233.jpg 600w\" sizes=\"auto, (max-width: 1200px) 100vw, 1200px\" \/>\t\t\t\t\t\t\n\t\t\t\t\t<\/div>\n\t\t\t\t\t\t\t\t\n<style>\n#image_1987142955 {\n  width: 100%;\n}\n<\/style>\n\t<\/div>\n\t\n     <\/div>\n\n     <div class=\"loading-spin dark large centered\"><\/div>\n\n     \t<\/div>\n\n\n\t\t<\/div>\n\t\t\t\t\t<\/div>\n\n\t\n<\/div>\n\t\t<\/div>\n\n\t\t\n<style>\n#section_989915884 {\n  padding-top: 300px;\n  padding-bottom: 300px;\n  background-color: rgb(38, 204, 254);\n}\n#section_989915884 .ux-shape-divider--top svg {\n  height: 150px;\n  --divider-top-width: 100%;\n}\n#section_989915884 .ux-shape-divider--bottom svg {\n  height: 150px;\n  --divider-width: 100%;\n}\n<\/style>\n\t<\/section>\n\t\n\t<section class=\"section mua-hang-2\" id=\"section_159518442\">\n\t\t<div class=\"bg section-bg fill bg-fill  bg-loaded\" >\n\n\t\t\t\n\t\t\t\n\t\t\t\n\n\t\t<\/div>\n\n\t\t\n\n\t\t<div class=\"section-content relative\">\n\t\t\t\n<div class=\"row\"  id=\"row-1782291218\">\n\n\t<div id=\"col-459336249\" class=\"col small-12 large-12\"  >\n\t\t\t\t<div class=\"col-inner\"  >\n\t\t\t\n\t\t\t\n<h2 style=\"text-align: center;\"><span style=\"color: #800080; font-size: 150%;\"><span style=\"color: #000080;\">C\u00c1CH TH\u1ee8C<\/span><span style=\"color: #00aae7;\"> MUA H\u00c0NG<\/span><\/span><\/h2>\n\t<div id=\"gap-656322505\" class=\"gap-element clearfix hide-for-small\" style=\"display:block; height:auto;\">\n\t\t\n<style>\n#gap-656322505 {\n  padding-top: 30px;\n}\n<\/style>\n\t<\/div>\n\t\n\n\t\t<div class=\"tabbed-content\">\n\t\t\t\n\t\t\t<ul class=\"nav nav-outline nav-uppercase nav-size-normal nav-center\" role=\"tablist\"><li id=\"tab-\u0110\u1eb7t-h\u00e0ng-online\" class=\"tab active has-icon\" role=\"presentation\"><a href=\"#tab_\u0110\u1eb7t-h\u00e0ng-online\" role=\"tab\" aria-selected=\"true\" aria-controls=\"tab_\u0110\u1eb7t-h\u00e0ng-online\"><span>\u0110\u1eb7t h\u00e0ng Online<\/span><\/a><\/li>\n<li id=\"tab-\u0110\u1eb7t-h\u00e0ng-qua-s\u00e0n-tm\u0110t\" class=\"tab has-icon\" role=\"presentation\"><a href=\"#tab_\u0110\u1eb7t-h\u00e0ng-qua-s\u00e0n-tm\u0110t\" tabindex=\"-1\" role=\"tab\" aria-selected=\"false\" aria-controls=\"tab_\u0110\u1eb7t-h\u00e0ng-qua-s\u00e0n-tm\u0110t\"><span>\u0110\u1eb7t h\u00e0ng qua s\u00e0n TM\u0110T<\/span><\/a><\/li>\n<li id=\"tab-h\u1ec7-th\u1ed1ng-nh\u00e0-thu\u1ed1c-v\u00e0-c\u1eeda-h\u00e0ng-m\u1eb9-&-b\u00e9\" class=\"tab has-icon\" role=\"presentation\"><a href=\"#tab_h\u1ec7-th\u1ed1ng-nh\u00e0-thu\u1ed1c-v\u00e0-c\u1eeda-h\u00e0ng-m\u1eb9-&-b\u00e9\" tabindex=\"-1\" role=\"tab\" aria-selected=\"false\" aria-controls=\"tab_h\u1ec7-th\u1ed1ng-nh\u00e0-thu\u1ed1c-v\u00e0-c\u1eeda-h\u00e0ng-m\u1eb9-&-b\u00e9\"><span>H\u1ec7 th\u1ed1ng nh\u00e0 thu\u1ed1c v\u00e0 c\u1eeda h\u00e0ng M\u1eb9 & B\u00e9<\/span><\/a><\/li><\/ul><div class=\"tab-panels\"><div id=\"tab_\u0110\u1eb7t-h\u00e0ng-online\" class=\"panel active entry-content\" role=\"tabpanel\" aria-labelledby=\"tab-\u0110\u1eb7t-h\u00e0ng-online\">\n<div class=\"row row-large\"  id=\"row-1344091715\">\n\n\t<div id=\"col-739225118\" class=\"col small-12 large-12\"  >\n\t\t\t\t<div class=\"col-inner\"  >\n\t\t\t\n\t\t\t\n<h3><span style=\"color: #00aae7;\">B\u1ed8 S\u1ea2N PH\u1ea8M SOKI TION<\/span><\/h3>\n\t\t<\/div>\n\t\t\t\t\t<\/div>\n\n\t\n\n\t<div id=\"col-1717876982\" class=\"col medium-6 small-12 large-6\"  >\n\t\t\t\t<div class=\"col-inner\"  >\n\t\t\t\n\t\t\t\n\t<div class=\"box has-hover   has-hover box-vertical box-text-middle\" >\n\n\t\t<div class=\"box-image\" style=\"width:32%;\">\n\t\t\t\t\t\t<div class=\"\" >\n\t\t\t\t<img loading=\"lazy\" decoding=\"async\" width=\"190\" height=\"304\" src=\"https:\/\/khogiaodienmau.net\/milk\/wp-content\/uploads\/2022\/10\/img1-9.png\" class=\"attachment-original size-original\" alt=\"\" srcset=\"https:\/\/khogiaodienmau.net\/milk\/wp-content\/uploads\/2022\/10\/img1-9.png 190w, https:\/\/khogiaodienmau.net\/milk\/wp-content\/uploads\/2022\/10\/img1-9-188x300.png 188w\" sizes=\"auto, (max-width: 190px) 100vw, 190px\" \/>\t\t\t\t\t\t\t\t\t\t\t<\/div>\n\t\t\t\t\t<\/div>\n\n\t\t<div class=\"box-text text-left\" >\n\t\t\t<div class=\"box-text-inner\">\n\t\t\t\t\n<h3>Soki-Tium<\/h3>\n<p><span style=\"font-size: 120%;\">Soki Tium h\u1ed7 tr\u1ee3 ng\u1ee7 ngon, n\u00e2ng cao s\u1ee9c \u0111\u1ec1 kh\u00e1ng. D\u1ea1ng g\u00f3i 3g<\/span><\/p>\n<a href=\"\/product\/soki-tium\/\" target=\"_self\" class=\"button primary\"  style=\"border-radius:99px;\">\n    <span>Xem chi ti\u1ebft<\/span>\n  <\/a>\n\n\t\t\t<\/div>\n\t\t<\/div>\n\t<\/div>\n\t\n\t\t<\/div>\n\t\t\t\t\t<\/div>\n\n\t\n\n\t<div id=\"col-1557039450\" class=\"col medium-6 small-12 large-6\"  >\n\t\t\t\t<div class=\"col-inner\"  >\n\t\t\t\n\t\t\t\n\t<div class=\"box has-hover   has-hover box-vertical box-text-middle\" >\n\n\t\t<div class=\"box-image\" style=\"width:32%;\">\n\t\t\t\t\t\t<div class=\"\" >\n\t\t\t\t<img loading=\"lazy\" decoding=\"async\" width=\"189\" height=\"303\" src=\"https:\/\/khogiaodienmau.net\/milk\/wp-content\/uploads\/2022\/10\/img2-6.png\" class=\"attachment-original size-original\" alt=\"\" srcset=\"https:\/\/khogiaodienmau.net\/milk\/wp-content\/uploads\/2022\/10\/img2-6.png 189w, https:\/\/khogiaodienmau.net\/milk\/wp-content\/uploads\/2022\/10\/img2-6-187x300.png 187w\" sizes=\"auto, (max-width: 189px) 100vw, 189px\" \/>\t\t\t\t\t\t\t\t\t\t\t<\/div>\n\t\t\t\t\t<\/div>\n\n\t\t<div class=\"box-text text-left\" >\n\t\t\t<div class=\"box-text-inner\">\n\t\t\t\t\n<h3>Soki-Tium Baby<\/h3>\n<p><span style=\"font-size: 120%;\">Soki Tium baby b\u1ed5 sung th\u00eam HMO v\u00e0 GOS h\u1ed7 tr\u1ee3 tr\u1ebb ng\u1ee7 ngon \u0111\u1ed3ng th\u1eddi GI\u00daP tr\u1ebb ti\u00eau h\u00f3a t\u1ed1t h\u01a1n, kh\u00f4ng c\u00f2n b\u1ecb \u0111\u1ea7y h\u01a1i, tr\u01b0\u1edbng b\u1ee5ng. D\u1ea1ng g\u00f3i 3g<\/span><\/p>\n<a href=\"\/product\/soki-tium-baby\/\" target=\"_self\" class=\"button primary\"  style=\"border-radius:99px;\">\n    <span>Xem chi ti\u1ebft<\/span>\n  <\/a>\n\n\t\t\t<\/div>\n\t\t<\/div>\n\t<\/div>\n\t\n\t\t<\/div>\n\t\t\t\t\t<\/div>\n\n\t\n<\/div>\n<\/div>\n<div id=\"tab_\u0110\u1eb7t-h\u00e0ng-qua-s\u00e0n-tm\u0110t\" class=\"panel entry-content\" role=\"tabpanel\" aria-labelledby=\"tab-\u0110\u1eb7t-h\u00e0ng-qua-s\u00e0n-tm\u0110t\">\n<div class=\"row row2\"  id=\"row-333350040\">\n\n\t<div id=\"col-827183870\" class=\"col medium-4 small-12 large-4\"  >\n\t\t\t\t<div class=\"col-inner\"  >\n\t\t\t\n\t\t\t\n\t<div class=\"img has-hover x md-x lg-x y md-y lg-y\" id=\"image_221436817\">\n\t\t<a class=\"\" href=\"#\" target=\"_blank\" rel=\"noopener noreferrer\" >\t\t\t\t\t\t<div class=\"img-inner dark\" >\n\t\t\t<img loading=\"lazy\" decoding=\"async\" width=\"278\" height=\"87\" src=\"https:\/\/khogiaodienmau.net\/milk\/wp-content\/uploads\/2022\/10\/lzd.png\" class=\"attachment-original size-original\" alt=\"\" \/>\t\t\t\t\t\t\n\t\t\t\t\t<\/div>\n\t\t\t\t\t\t<\/a>\t\t\n<style>\n#image_221436817 {\n  width: 100%;\n}\n<\/style>\n\t<\/div>\n\t\n\t\t<\/div>\n\t\t\t\t\t<\/div>\n\n\t\n\n\t<div id=\"col-522909664\" class=\"col medium-4 small-12 large-4\"  >\n\t\t\t\t<div class=\"col-inner\"  >\n\t\t\t\n\t\t\t\n\t<div class=\"img has-hover x md-x lg-x y md-y lg-y\" id=\"image_729779770\">\n\t\t<a class=\"\" href=\"#\" target=\"_blank\" rel=\"noopener noreferrer\" >\t\t\t\t\t\t<div class=\"img-inner dark\" >\n\t\t\t<img loading=\"lazy\" decoding=\"async\" width=\"279\" height=\"86\" src=\"https:\/\/khogiaodienmau.net\/milk\/wp-content\/uploads\/2022\/10\/sp.png\" class=\"attachment-original size-original\" alt=\"\" \/>\t\t\t\t\t\t\n\t\t\t\t\t<\/div>\n\t\t\t\t\t\t<\/a>\t\t\n<style>\n#image_729779770 {\n  width: 100%;\n}\n<\/style>\n\t<\/div>\n\t\n\t\t<\/div>\n\t\t\t\t\t<\/div>\n\n\t\n\n\t<div id=\"col-313841874\" class=\"col medium-4 small-12 large-4\"  >\n\t\t\t\t<div class=\"col-inner\"  >\n\t\t\t\n\t\t\t\n\t<div class=\"img has-hover x md-x lg-x y md-y lg-y\" id=\"image_1886745102\">\n\t\t<a class=\"\" href=\"#\" target=\"_blank\" rel=\"noopener noreferrer\" >\t\t\t\t\t\t<div class=\"img-inner dark\" >\n\t\t\t<img loading=\"lazy\" decoding=\"async\" width=\"278\" height=\"86\" src=\"https:\/\/khogiaodienmau.net\/milk\/wp-content\/uploads\/2022\/10\/tk.png\" class=\"attachment-original size-original\" alt=\"\" \/>\t\t\t\t\t\t\n\t\t\t\t\t<\/div>\n\t\t\t\t\t\t<\/a>\t\t\n<style>\n#image_1886745102 {\n  width: 100%;\n}\n<\/style>\n\t<\/div>\n\t\n\t\t<\/div>\n\t\t\t\t\t<\/div>\n\n\t\n<\/div>\n<\/div>\n<div id=\"tab_h\u1ec7-th\u1ed1ng-nh\u00e0-thu\u1ed1c-v\u00e0-c\u1eeda-h\u00e0ng-m\u1eb9-&-b\u00e9\" class=\"panel entry-content\" role=\"tabpanel\" aria-labelledby=\"tab-h\u1ec7-th\u1ed1ng-nh\u00e0-thu\u1ed1c-v\u00e0-c\u1eeda-h\u00e0ng-m\u1eb9-&-b\u00e9\">\n<div class=\"row row-small\"  id=\"row-1418867061\">\n\n\t<div id=\"col-1574548277\" class=\"col medium-4 small-12 large-4\"  >\n\t\t\t\t<div class=\"col-inner\"  >\n\t\t\t\n\t\t\t\n\n\t\t<div class=\"icon-box featured-box icon-box-top text-left\"  >\n\t\t\t\t\t<div class=\"icon-box-img\" style=\"width: 116px\">\n\t\t\t\t<div class=\"icon\">\n\t\t\t\t\t<div class=\"icon-inner\" >\n\t\t\t\t\t\t<img loading=\"lazy\" decoding=\"async\" width=\"300\" height=\"282\" src=\"https:\/\/khogiaodienmau.net\/milk\/wp-content\/uploads\/2022\/10\/me-Nga-Hai-Phong-300x282.png\" class=\"attachment-medium size-medium\" alt=\"\" srcset=\"https:\/\/khogiaodienmau.net\/milk\/wp-content\/uploads\/2022\/10\/me-Nga-Hai-Phong-300x282.png 300w, https:\/\/khogiaodienmau.net\/milk\/wp-content\/uploads\/2022\/10\/me-Nga-Hai-Phong-600x563.png 600w, https:\/\/khogiaodienmau.net\/milk\/wp-content\/uploads\/2022\/10\/me-Nga-Hai-Phong.png 667w\" sizes=\"auto, (max-width: 300px) 100vw, 300px\" \/>\t\t\t\t\t<\/div>\n\t\t\t\t<\/div>\n\t\t\t<\/div>\n\t\t\t\t<div class=\"icon-box-text last-reset\">\n\t\t\t\t\t\t\t\t\t\n<h3>Nh\u00e0 thu\u1ed1c Trung S\u01a1n 5<\/h3>\n<p>122 TR\u1ea6N V\u0102N KH\u00c9O, P.AN H\u1ed8I, QU\u1eacN NINH KI\u1ec0U, C\u1ea6N TH\u01a0<\/p>\n\t\t<\/div>\n\t<\/div>\n\t\n\t\n\t\t<\/div>\n\t\t\t\t\t<\/div>\n\n\t\n\n\t<div id=\"col-68373112\" class=\"col medium-4 small-12 large-4\"  >\n\t\t\t\t<div class=\"col-inner\"  >\n\t\t\t\n\t\t\t\n\n\t\t<div class=\"icon-box featured-box icon-box-top text-left\"  >\n\t\t\t\t\t<div class=\"icon-box-img\" style=\"width: 116px\">\n\t\t\t\t<div class=\"icon\">\n\t\t\t\t\t<div class=\"icon-inner\" >\n\t\t\t\t\t\t<img loading=\"lazy\" decoding=\"async\" width=\"300\" height=\"282\" src=\"https:\/\/khogiaodienmau.net\/milk\/wp-content\/uploads\/2022\/10\/me-Nga-Hai-Phong-300x282.png\" class=\"attachment-medium size-medium\" alt=\"\" srcset=\"https:\/\/khogiaodienmau.net\/milk\/wp-content\/uploads\/2022\/10\/me-Nga-Hai-Phong-300x282.png 300w, https:\/\/khogiaodienmau.net\/milk\/wp-content\/uploads\/2022\/10\/me-Nga-Hai-Phong-600x563.png 600w, https:\/\/khogiaodienmau.net\/milk\/wp-content\/uploads\/2022\/10\/me-Nga-Hai-Phong.png 667w\" sizes=\"auto, (max-width: 300px) 100vw, 300px\" \/>\t\t\t\t\t<\/div>\n\t\t\t\t<\/div>\n\t\t\t<\/div>\n\t\t\t\t<div class=\"icon-box-text last-reset\">\n\t\t\t\t\t\t\t\t\t\n<h3>Nh\u00e0 thu\u1ed1c Trung S\u01a1n 5<\/h3>\n<p>122 TR\u1ea6N V\u0102N KH\u00c9O, P.AN H\u1ed8I, QU\u1eacN NINH KI\u1ec0U, C\u1ea6N TH\u01a0<\/p>\n\t\t<\/div>\n\t<\/div>\n\t\n\t\n\t\t<\/div>\n\t\t\t\t\t<\/div>\n\n\t\n\n\t<div id=\"col-1714915056\" class=\"col medium-4 small-12 large-4\"  >\n\t\t\t\t<div class=\"col-inner\"  >\n\t\t\t\n\t\t\t\n\n\t\t<div class=\"icon-box featured-box icon-box-top text-left\"  >\n\t\t\t\t\t<div class=\"icon-box-img\" style=\"width: 116px\">\n\t\t\t\t<div class=\"icon\">\n\t\t\t\t\t<div class=\"icon-inner\" >\n\t\t\t\t\t\t<img loading=\"lazy\" decoding=\"async\" width=\"300\" height=\"282\" src=\"https:\/\/khogiaodienmau.net\/milk\/wp-content\/uploads\/2022\/10\/me-Nga-Hai-Phong-300x282.png\" class=\"attachment-medium size-medium\" alt=\"\" srcset=\"https:\/\/khogiaodienmau.net\/milk\/wp-content\/uploads\/2022\/10\/me-Nga-Hai-Phong-300x282.png 300w, https:\/\/khogiaodienmau.net\/milk\/wp-content\/uploads\/2022\/10\/me-Nga-Hai-Phong-600x563.png 600w, https:\/\/khogiaodienmau.net\/milk\/wp-content\/uploads\/2022\/10\/me-Nga-Hai-Phong.png 667w\" sizes=\"auto, (max-width: 300px) 100vw, 300px\" \/>\t\t\t\t\t<\/div>\n\t\t\t\t<\/div>\n\t\t\t<\/div>\n\t\t\t\t<div class=\"icon-box-text last-reset\">\n\t\t\t\t\t\t\t\t\t\n<h3>Nh\u00e0 thu\u1ed1c Trung S\u01a1n 5<\/h3>\n<p>122 TR\u1ea6N V\u0102N KH\u00c9O, P.AN H\u1ed8I, QU\u1eacN NINH KI\u1ec0U, C\u1ea6N TH\u01a0<\/p>\n\t\t<\/div>\n\t<\/div>\n\t\n\t\n\t\t<\/div>\n\t\t\t\t\t<\/div>\n\n\t\n<\/div>\n<div class=\"row row-small\"  id=\"row-2053104196\">\n\n\t<div id=\"col-226673342\" class=\"col medium-4 small-12 large-4\"  >\n\t\t\t\t<div class=\"col-inner\"  >\n\t\t\t\n\t\t\t\n\n\t\t<div class=\"icon-box featured-box icon-box-top text-left\"  >\n\t\t\t\t\t<div class=\"icon-box-img\" style=\"width: 116px\">\n\t\t\t\t<div class=\"icon\">\n\t\t\t\t\t<div class=\"icon-inner\" >\n\t\t\t\t\t\t<img loading=\"lazy\" decoding=\"async\" width=\"300\" height=\"282\" src=\"https:\/\/khogiaodienmau.net\/milk\/wp-content\/uploads\/2022\/10\/me-Nga-Hai-Phong-300x282.png\" class=\"attachment-medium size-medium\" alt=\"\" srcset=\"https:\/\/khogiaodienmau.net\/milk\/wp-content\/uploads\/2022\/10\/me-Nga-Hai-Phong-300x282.png 300w, https:\/\/khogiaodienmau.net\/milk\/wp-content\/uploads\/2022\/10\/me-Nga-Hai-Phong-600x563.png 600w, https:\/\/khogiaodienmau.net\/milk\/wp-content\/uploads\/2022\/10\/me-Nga-Hai-Phong.png 667w\" sizes=\"auto, (max-width: 300px) 100vw, 300px\" \/>\t\t\t\t\t<\/div>\n\t\t\t\t<\/div>\n\t\t\t<\/div>\n\t\t\t\t<div class=\"icon-box-text last-reset\">\n\t\t\t\t\t\t\t\t\t\n<h3>Nh\u00e0 thu\u1ed1c Trung S\u01a1n 5<\/h3>\n<p>122 TR\u1ea6N V\u0102N KH\u00c9O, P.AN H\u1ed8I, QU\u1eacN NINH KI\u1ec0U, C\u1ea6N TH\u01a0<\/p>\n\t\t<\/div>\n\t<\/div>\n\t\n\t\n\t\t<\/div>\n\t\t\t\t\t<\/div>\n\n\t\n\n\t<div id=\"col-948299021\" class=\"col medium-4 small-12 large-4\"  >\n\t\t\t\t<div class=\"col-inner\"  >\n\t\t\t\n\t\t\t\n\n\t\t<div class=\"icon-box featured-box icon-box-top text-left\"  >\n\t\t\t\t\t<div class=\"icon-box-img\" style=\"width: 116px\">\n\t\t\t\t<div class=\"icon\">\n\t\t\t\t\t<div class=\"icon-inner\" >\n\t\t\t\t\t\t<img loading=\"lazy\" decoding=\"async\" width=\"300\" height=\"282\" src=\"https:\/\/khogiaodienmau.net\/milk\/wp-content\/uploads\/2022\/10\/me-Nga-Hai-Phong-300x282.png\" class=\"attachment-medium size-medium\" alt=\"\" srcset=\"https:\/\/khogiaodienmau.net\/milk\/wp-content\/uploads\/2022\/10\/me-Nga-Hai-Phong-300x282.png 300w, https:\/\/khogiaodienmau.net\/milk\/wp-content\/uploads\/2022\/10\/me-Nga-Hai-Phong-600x563.png 600w, https:\/\/khogiaodienmau.net\/milk\/wp-content\/uploads\/2022\/10\/me-Nga-Hai-Phong.png 667w\" sizes=\"auto, (max-width: 300px) 100vw, 300px\" \/>\t\t\t\t\t<\/div>\n\t\t\t\t<\/div>\n\t\t\t<\/div>\n\t\t\t\t<div class=\"icon-box-text last-reset\">\n\t\t\t\t\t\t\t\t\t\n<h3>Nh\u00e0 thu\u1ed1c Trung S\u01a1n 5<\/h3>\n<p>122 TR\u1ea6N V\u0102N KH\u00c9O, P.AN H\u1ed8I, QU\u1eacN NINH KI\u1ec0U, C\u1ea6N TH\u01a0<\/p>\n\t\t<\/div>\n\t<\/div>\n\t\n\t\n\t\t<\/div>\n\t\t\t\t\t<\/div>\n\n\t\n\n\t<div id=\"col-1262175235\" class=\"col medium-4 small-12 large-4\"  >\n\t\t\t\t<div class=\"col-inner\"  >\n\t\t\t\n\t\t\t\n\n\t\t<div class=\"icon-box featured-box icon-box-top text-left\"  >\n\t\t\t\t\t<div class=\"icon-box-img\" style=\"width: 116px\">\n\t\t\t\t<div class=\"icon\">\n\t\t\t\t\t<div class=\"icon-inner\" >\n\t\t\t\t\t\t<img loading=\"lazy\" decoding=\"async\" width=\"300\" height=\"282\" src=\"https:\/\/khogiaodienmau.net\/milk\/wp-content\/uploads\/2022\/10\/me-Nga-Hai-Phong-300x282.png\" class=\"attachment-medium size-medium\" alt=\"\" srcset=\"https:\/\/khogiaodienmau.net\/milk\/wp-content\/uploads\/2022\/10\/me-Nga-Hai-Phong-300x282.png 300w, https:\/\/khogiaodienmau.net\/milk\/wp-content\/uploads\/2022\/10\/me-Nga-Hai-Phong-600x563.png 600w, https:\/\/khogiaodienmau.net\/milk\/wp-content\/uploads\/2022\/10\/me-Nga-Hai-Phong.png 667w\" sizes=\"auto, (max-width: 300px) 100vw, 300px\" \/>\t\t\t\t\t<\/div>\n\t\t\t\t<\/div>\n\t\t\t<\/div>\n\t\t\t\t<div class=\"icon-box-text last-reset\">\n\t\t\t\t\t\t\t\t\t\n<h3>Nh\u00e0 thu\u1ed1c Trung S\u01a1n 5<\/h3>\n<p>122 TR\u1ea6N V\u0102N KH\u00c9O, P.AN H\u1ed8I, QU\u1eacN NINH KI\u1ec0U, C\u1ea6N TH\u01a0<\/p>\n\t\t<\/div>\n\t<\/div>\n\t\n\t\n\t\t<\/div>\n\t\t\t\t\t<\/div>\n\n\t\n<\/div>\n<\/div><\/div><\/div>\n\t\t<\/div>\n\t\t\t\t\t<\/div>\n\n\t\n<\/div>\n\t\t<\/div>\n\n\t\t\n<style>\n#section_159518442 {\n  padding-top: 70px;\n  padding-bottom: 70px;\n}\n#section_159518442 .ux-shape-divider--top svg {\n  height: 150px;\n  --divider-top-width: 100%;\n}\n#section_159518442 .ux-shape-divider--bottom svg {\n  height: 150px;\n  --divider-width: 100%;\n}\n<\/style>\n\t<\/section>\n\t\n","protected":false},"excerpt":{"rendered":"","protected":false},"author":1,"featured_media":0,"parent":0,"menu_order":0,"comment_status":"closed","ping_status":"closed","template":"page-transparent-header-light.php","meta":{"footnotes":""},"class_list":["post-18","page","type-page","status-publish","hentry"],"_links":{"self":[{"href":"https:\/\/khogiaodienmau.net\/milk\/wp-json\/wp\/v2\/pages\/18","targetHints":{"allow":["GET"]}}],"collection":[{"href":"https:\/\/khogiaodienmau.net\/milk\/wp-json\/wp\/v2\/pages"}],"about":[{"href":"https:\/\/khogiaodienmau.net\/milk\/wp-json\/wp\/v2\/types\/page"}],"author":[{"embeddable":true,"href":"https:\/\/khogiaodienmau.net\/milk\/wp-json\/wp\/v2\/users\/1"}],"replies":[{"embeddable":true,"href":"https:\/\/khogiaodienmau.net\/milk\/wp-json\/wp\/v2\/comments?post=18"}],"version-history":[{"count":40,"href":"https:\/\/khogiaodienmau.net\/milk\/wp-json\/wp\/v2\/pages\/18\/revisions"}],"predecessor-version":[{"id":1324,"href":"https:\/\/khogiaodienmau.net\/milk\/wp-json\/wp\/v2\/pages\/18\/revisions\/1324"}],"wp:attachment":[{"href":"https:\/\/khogiaodienmau.net\/milk\/wp-json\/wp\/v2\/media?parent=18"}],"curies":[{"name":"wp","href":"https:\/\/api.w.org\/{rel}","templated":true}]}}