{"id":229,"date":"2021-07-31T08:52:48","date_gmt":"2021-07-31T01:52:48","guid":{"rendered":"http:\/\/thuysinh.toptheme.info\/?post_type=product&#038;p=229"},"modified":"2023-12-19T14:50:47","modified_gmt":"2023-12-19T07:50:47","slug":"phu-du-thai-thuc-an-san-ho-dang-long","status":"publish","type":"product","link":"https:\/\/khogiaodienmau.net\/hoca\/phu-du-thai-thuc-an-san-ho-dang-long\/","title":{"rendered":"Ph\u00f9 Du Th\u00e1i &#8211; Th\u1ee9c \u0102n San H\u00f4 D\u1ea1ng L\u1ecfng"},"content":{"rendered":"<p>N\u1ed9i dung s\u1ea3n ph\u1ea9m \u0111ang \u0111\u01b0\u1ee3c c\u1eadp nh\u1eadt <\/p>\n","protected":false},"excerpt":{"rendered":"<p>N\u1ed9i dung s\u1ea3n ph\u1ea9m \u0111ang \u0111\u01b0\u1ee3c c\u1eadp nh\u1eadt &#8230;<\/p>\n","protected":false},"featured_media":230,"comment_status":"open","ping_status":"closed","template":"","meta":[],"product_cat":[32,33],"product_tag":[],"class_list":{"0":"post-229","1":"product","2":"type-product","3":"status-publish","4":"has-post-thumbnail","6":"product_cat-thuc-an","7":"product_cat-thuc-an-cho-ca","8":"pa_nha-cung-cap-atman","10":"first","11":"instock","12":"shipping-taxable","13":"purchasable","14":"product-type-simple"},"yoast_head":"<!-- This site is optimized with the Yoast SEO plugin v22.6 - https:\/\/yoast.com\/wordpress\/plugins\/seo\/ -->\n<title>Ph\u00f9 Du Th\u00e1i - Th\u1ee9c \u0102n San H\u00f4 D\u1ea1ng L\u1ecfng - M\u1eabu web b\u00e1n h\u00e0ng c\u00e1 c\u1ea3nh th\u1ee7y sinh<\/title>\n<meta name=\"robots\" content=\"index, follow, max-snippet:-1, max-image-preview:large, max-video-preview:-1\" \/>\n<link rel=\"canonical\" href=\"https:\/\/khogiaodienmau.net\/hoca\/phu-du-thai-thuc-an-san-ho-dang-long\/\" \/>\n<meta property=\"og:locale\" content=\"vi_VN\" \/>\n<meta property=\"og:type\" content=\"article\" \/>\n<meta property=\"og:title\" content=\"Ph\u00f9 Du Th\u00e1i - Th\u1ee9c \u0102n San H\u00f4 D\u1ea1ng L\u1ecfng - M\u1eabu web b\u00e1n h\u00e0ng c\u00e1 c\u1ea3nh th\u1ee7y sinh\" \/>\n<meta property=\"og:description\" content=\"N\u1ed9i dung s\u1ea3n ph\u1ea9m \u0111ang \u0111\u01b0\u1ee3c c\u1eadp nh\u1eadt ...\" \/>\n<meta property=\"og:url\" content=\"https:\/\/khogiaodienmau.net\/hoca\/phu-du-thai-thuc-an-san-ho-dang-long\/\" \/>\n<meta property=\"og:site_name\" content=\"M\u1eabu web b\u00e1n h\u00e0ng c\u00e1 c\u1ea3nh th\u1ee7y sinh\" \/>\n<meta property=\"article:modified_time\" content=\"2023-12-19T07:50:47+00:00\" \/>\n<meta property=\"og:image\" content=\"https:\/\/khogiaodienmau.net\/hoca\/wp-content\/uploads\/2021\/07\/sp7.jpg\" \/>\n\t<meta property=\"og:image:width\" content=\"500\" \/>\n\t<meta property=\"og:image:height\" content=\"500\" \/>\n\t<meta property=\"og:image:type\" content=\"image\/jpeg\" \/>\n<meta name=\"twitter:card\" content=\"summary_large_image\" \/>\n<meta name=\"twitter:label1\" content=\"Gi\u00e1\" \/>\n\t<meta name=\"twitter:data1\" content=\"260.000&#8363;\" \/>\n\t<meta name=\"twitter:label2\" content=\"Kh\u1ea3 d\u1ee5ng\" \/>\n\t<meta name=\"twitter:data2\" content=\"Trong kho\" \/>\n<script type=\"application\/ld+json\" class=\"yoast-schema-graph\">{\"@context\":\"https:\/\/schema.org\",\"@graph\":[{\"@type\":\"WebPage\",\"@id\":\"https:\/\/khogiaodienmau.net\/hoca\/phu-du-thai-thuc-an-san-ho-dang-long\/\",\"url\":\"https:\/\/khogiaodienmau.net\/hoca\/phu-du-thai-thuc-an-san-ho-dang-long\/\",\"name\":\"Ph\u00f9 Du Th\u00e1i - Th\u1ee9c \u0102n San H\u00f4 D\u1ea1ng L\u1ecfng - M\u1eabu web b\u00e1n h\u00e0ng c\u00e1 c\u1ea3nh th\u1ee7y sinh\",\"isPartOf\":{\"@id\":\"https:\/\/khogiaodienmau.net\/hoca\/#website\"},\"primaryImageOfPage\":{\"@id\":\"https:\/\/khogiaodienmau.net\/hoca\/phu-du-thai-thuc-an-san-ho-dang-long\/#primaryimage\"},\"image\":{\"@id\":\"https:\/\/khogiaodienmau.net\/hoca\/phu-du-thai-thuc-an-san-ho-dang-long\/#primaryimage\"},\"thumbnailUrl\":\"https:\/\/khogiaodienmau.net\/hoca\/wp-content\/uploads\/2021\/07\/sp7.jpg\",\"datePublished\":\"2021-07-31T01:52:48+00:00\",\"dateModified\":\"2023-12-19T07:50:47+00:00\",\"breadcrumb\":{\"@id\":\"https:\/\/khogiaodienmau.net\/hoca\/phu-du-thai-thuc-an-san-ho-dang-long\/#breadcrumb\"},\"inLanguage\":\"vi\",\"potentialAction\":[{\"@type\":\"ReadAction\",\"target\":[\"https:\/\/khogiaodienmau.net\/hoca\/phu-du-thai-thuc-an-san-ho-dang-long\/\"]}]},{\"@type\":\"ImageObject\",\"inLanguage\":\"vi\",\"@id\":\"https:\/\/khogiaodienmau.net\/hoca\/phu-du-thai-thuc-an-san-ho-dang-long\/#primaryimage\",\"url\":\"https:\/\/khogiaodienmau.net\/hoca\/wp-content\/uploads\/2021\/07\/sp7.jpg\",\"contentUrl\":\"https:\/\/khogiaodienmau.net\/hoca\/wp-content\/uploads\/2021\/07\/sp7.jpg\",\"width\":500,\"height\":500},{\"@type\":\"BreadcrumbList\",\"@id\":\"https:\/\/khogiaodienmau.net\/hoca\/phu-du-thai-thuc-an-san-ho-dang-long\/#breadcrumb\",\"itemListElement\":[{\"@type\":\"ListItem\",\"position\":1,\"name\":\"Trang ch\u1ee7\",\"item\":\"https:\/\/khogiaodienmau.net\/hoca\/\"},{\"@type\":\"ListItem\",\"position\":2,\"name\":\"C\u1eeda h\u00e0ng\",\"item\":\"https:\/\/khogiaodienmau.net\/hoca\/cua-hang\/\"},{\"@type\":\"ListItem\",\"position\":3,\"name\":\"Th\u1ee9c \u0103n\",\"item\":\"https:\/\/khogiaodienmau.net\/hoca\/danh-muc\/thuc-an\/\"},{\"@type\":\"ListItem\",\"position\":4,\"name\":\"Th\u1ee9c \u0103n cho c\u00e1\",\"item\":\"https:\/\/khogiaodienmau.net\/hoca\/danh-muc\/thuc-an\/thuc-an-cho-ca\/\"},{\"@type\":\"ListItem\",\"position\":5,\"name\":\"Ph\u00f9 Du Th\u00e1i &#8211; Th\u1ee9c \u0102n San H\u00f4 D\u1ea1ng L\u1ecfng\"}]},{\"@type\":\"WebSite\",\"@id\":\"https:\/\/khogiaodienmau.net\/hoca\/#website\",\"url\":\"https:\/\/khogiaodienmau.net\/hoca\/\",\"name\":\"M\u1eabu web b\u00e1n h\u00e0ng c\u00e1 c\u1ea3nh th\u1ee7y sinh\",\"description\":\"Theme web, theme wordpress, theme web b\u00e1n h\u00e0ng, theme web t\u1ed5ng h\u1ee3p, m\u1eabu web b\u00e1n h\u00e0ng, m\u1eabu web \u0111\u1eb9p. Ch\u1ec9 c\u1ea7n 5 ph\u00fat c\u00e0i \u0111\u1eb7t l\u00e0 c\u00f3 ngay website ho\u00e0n ch\u1ec9nh, d\u1ec5 d\u00e0ng t\u00f9y bi\u1ebfn v\u00e0 thay \u0111\u1ed5i th\u00f4ng tin tr\u00ean web\",\"potentialAction\":[{\"@type\":\"SearchAction\",\"target\":{\"@type\":\"EntryPoint\",\"urlTemplate\":\"https:\/\/khogiaodienmau.net\/hoca\/?s={search_term_string}\"},\"query-input\":\"required name=search_term_string\"}],\"inLanguage\":\"vi\"}]}<\/script>\n<meta property=\"product:price:amount\" content=\"260000\" \/>\n<meta property=\"product:price:currency\" content=\"VND\" \/>\n<meta property=\"og:availability\" content=\"instock\" \/>\n<meta property=\"product:availability\" content=\"instock\" \/>\n<meta property=\"product:condition\" content=\"new\" \/>\n<!-- \/ Yoast SEO plugin. -->","yoast_head_json":{"title":"Ph\u00f9 Du Th\u00e1i - Th\u1ee9c \u0102n San H\u00f4 D\u1ea1ng L\u1ecfng - M\u1eabu web b\u00e1n h\u00e0ng c\u00e1 c\u1ea3nh th\u1ee7y sinh","robots":{"index":"index","follow":"follow","max-snippet":"max-snippet:-1","max-image-preview":"max-image-preview:large","max-video-preview":"max-video-preview:-1"},"canonical":"https:\/\/khogiaodienmau.net\/hoca\/phu-du-thai-thuc-an-san-ho-dang-long\/","og_locale":"vi_VN","og_type":"article","og_title":"Ph\u00f9 Du Th\u00e1i - Th\u1ee9c \u0102n San H\u00f4 D\u1ea1ng L\u1ecfng - M\u1eabu web b\u00e1n h\u00e0ng c\u00e1 c\u1ea3nh th\u1ee7y sinh","og_description":"N\u1ed9i dung s\u1ea3n ph\u1ea9m \u0111ang \u0111\u01b0\u1ee3c c\u1eadp nh\u1eadt ...","og_url":"https:\/\/khogiaodienmau.net\/hoca\/phu-du-thai-thuc-an-san-ho-dang-long\/","og_site_name":"M\u1eabu web b\u00e1n h\u00e0ng c\u00e1 c\u1ea3nh th\u1ee7y sinh","article_modified_time":"2023-12-19T07:50:47+00:00","og_image":[{"width":500,"height":500,"url":"https:\/\/khogiaodienmau.net\/hoca\/wp-content\/uploads\/2021\/07\/sp7.jpg","type":"image\/jpeg"}],"twitter_card":"summary_large_image","twitter_misc":{"Gi\u00e1":"260.000&#8363;","Kh\u1ea3 d\u1ee5ng":"Trong kho"},"schema":{"@context":"https:\/\/schema.org","@graph":[{"@type":"WebPage","@id":"https:\/\/khogiaodienmau.net\/hoca\/phu-du-thai-thuc-an-san-ho-dang-long\/","url":"https:\/\/khogiaodienmau.net\/hoca\/phu-du-thai-thuc-an-san-ho-dang-long\/","name":"Ph\u00f9 Du Th\u00e1i - Th\u1ee9c \u0102n San H\u00f4 D\u1ea1ng L\u1ecfng - M\u1eabu web b\u00e1n h\u00e0ng c\u00e1 c\u1ea3nh th\u1ee7y sinh","isPartOf":{"@id":"https:\/\/khogiaodienmau.net\/hoca\/#website"},"primaryImageOfPage":{"@id":"https:\/\/khogiaodienmau.net\/hoca\/phu-du-thai-thuc-an-san-ho-dang-long\/#primaryimage"},"image":{"@id":"https:\/\/khogiaodienmau.net\/hoca\/phu-du-thai-thuc-an-san-ho-dang-long\/#primaryimage"},"thumbnailUrl":"https:\/\/khogiaodienmau.net\/hoca\/wp-content\/uploads\/2021\/07\/sp7.jpg","datePublished":"2021-07-31T01:52:48+00:00","dateModified":"2023-12-19T07:50:47+00:00","breadcrumb":{"@id":"https:\/\/khogiaodienmau.net\/hoca\/phu-du-thai-thuc-an-san-ho-dang-long\/#breadcrumb"},"inLanguage":"vi","potentialAction":[{"@type":"ReadAction","target":["https:\/\/khogiaodienmau.net\/hoca\/phu-du-thai-thuc-an-san-ho-dang-long\/"]}]},{"@type":"ImageObject","inLanguage":"vi","@id":"https:\/\/khogiaodienmau.net\/hoca\/phu-du-thai-thuc-an-san-ho-dang-long\/#primaryimage","url":"https:\/\/khogiaodienmau.net\/hoca\/wp-content\/uploads\/2021\/07\/sp7.jpg","contentUrl":"https:\/\/khogiaodienmau.net\/hoca\/wp-content\/uploads\/2021\/07\/sp7.jpg","width":500,"height":500},{"@type":"BreadcrumbList","@id":"https:\/\/khogiaodienmau.net\/hoca\/phu-du-thai-thuc-an-san-ho-dang-long\/#breadcrumb","itemListElement":[{"@type":"ListItem","position":1,"name":"Trang ch\u1ee7","item":"https:\/\/khogiaodienmau.net\/hoca\/"},{"@type":"ListItem","position":2,"name":"C\u1eeda h\u00e0ng","item":"https:\/\/khogiaodienmau.net\/hoca\/cua-hang\/"},{"@type":"ListItem","position":3,"name":"Th\u1ee9c \u0103n","item":"https:\/\/khogiaodienmau.net\/hoca\/danh-muc\/thuc-an\/"},{"@type":"ListItem","position":4,"name":"Th\u1ee9c \u0103n cho c\u00e1","item":"https:\/\/khogiaodienmau.net\/hoca\/danh-muc\/thuc-an\/thuc-an-cho-ca\/"},{"@type":"ListItem","position":5,"name":"Ph\u00f9 Du Th\u00e1i &#8211; Th\u1ee9c \u0102n San H\u00f4 D\u1ea1ng L\u1ecfng"}]},{"@type":"WebSite","@id":"https:\/\/khogiaodienmau.net\/hoca\/#website","url":"https:\/\/khogiaodienmau.net\/hoca\/","name":"M\u1eabu web b\u00e1n h\u00e0ng c\u00e1 c\u1ea3nh th\u1ee7y sinh","description":"Theme web, theme wordpress, theme web b\u00e1n h\u00e0ng, theme web t\u1ed5ng h\u1ee3p, m\u1eabu web b\u00e1n h\u00e0ng, m\u1eabu web \u0111\u1eb9p. Ch\u1ec9 c\u1ea7n 5 ph\u00fat c\u00e0i \u0111\u1eb7t l\u00e0 c\u00f3 ngay website ho\u00e0n ch\u1ec9nh, d\u1ec5 d\u00e0ng t\u00f9y bi\u1ebfn v\u00e0 thay \u0111\u1ed5i th\u00f4ng tin tr\u00ean web","potentialAction":[{"@type":"SearchAction","target":{"@type":"EntryPoint","urlTemplate":"https:\/\/khogiaodienmau.net\/hoca\/?s={search_term_string}"},"query-input":"required name=search_term_string"}],"inLanguage":"vi"}]},"product_price_amount":"260000","product_price_currency":"VND","og_availability":"instock","product_availability":"instock","product_condition":"new"},"_links":{"self":[{"href":"https:\/\/khogiaodienmau.net\/hoca\/wp-json\/wp\/v2\/product\/229","targetHints":{"allow":["GET"]}}],"collection":[{"href":"https:\/\/khogiaodienmau.net\/hoca\/wp-json\/wp\/v2\/product"}],"about":[{"href":"https:\/\/khogiaodienmau.net\/hoca\/wp-json\/wp\/v2\/types\/product"}],"replies":[{"embeddable":true,"href":"https:\/\/khogiaodienmau.net\/hoca\/wp-json\/wp\/v2\/comments?post=229"}],"wp:featuredmedia":[{"embeddable":true,"href":"https:\/\/khogiaodienmau.net\/hoca\/wp-json\/wp\/v2\/media\/230"}],"wp:attachment":[{"href":"https:\/\/khogiaodienmau.net\/hoca\/wp-json\/wp\/v2\/media?parent=229"}],"wp:term":[{"taxonomy":"product_cat","embeddable":true,"href":"https:\/\/khogiaodienmau.net\/hoca\/wp-json\/wp\/v2\/product_cat?post=229"},{"taxonomy":"product_tag","embeddable":true,"href":"https:\/\/khogiaodienmau.net\/hoca\/wp-json\/wp\/v2\/product_tag?post=229"}],"curies":[{"name":"wp","href":"https:\/\/api.w.org\/{rel}","templated":true}]}}