{"id":227,"date":"2021-07-31T08:51:44","date_gmt":"2021-07-31T01:51:44","guid":{"rendered":"http:\/\/thuysinh.toptheme.info\/?post_type=product&#038;p=227"},"modified":"2023-12-19T14:50:47","modified_gmt":"2023-12-19T07:50:47","slug":"saddle-valentini-puffer-ca-noc-chuot","status":"publish","type":"product","link":"https:\/\/khogiaodienmau.net\/hoca\/saddle-valentini-puffer-ca-noc-chuot\/","title":{"rendered":"Saddle Valentini Puffer &#8211; C\u00e1 N\u00f3c Chu\u1ed9t"},"content":{"rendered":"<p dir=\"ltr\" data-placeholder=\"B\u1ea3n d\u1ecbch\">C\u00e1 n\u00f3c Saddle Valentini, c\u00f2n \u0111\u01b0\u1ee3c g\u1ecdi l\u00e0 C\u00e1 n\u00f3c y\u00ean \u0111en, Toby \u0111en nh\u00e1m, Valentini Toby, ho\u1eb7c Saddled Toby. C\u00e1c th\u00e0nh vi\u00ean c\u1ee7a chi Canthigaster \u0111\u01b0\u1ee3c g\u1ecdi l\u00e0 C\u00e1 n\u00f3c m\u0169i nh\u1ecdn ho\u1eb7c C\u00e1 b\u1edbp. Saddle Valentini Puffer l\u00e0 m\u1ed9t lo\u00e0i c\u00e1 t\u01b0\u01a1i s\u00e1ng v\u00e0 \u0111\u1ea7y m\u00e0u s\u1eafc v\u1edbi c\u00e1c d\u1ea3i m\u00e0u n\u00e2u s\u1eabm tr\u00ean ph\u1ea7n gi\u1eefa, \u0111\u1ed1m n\u00e2u cam \u1edf n\u1eeda d\u01b0\u1edbi, v\u00e2y m\u00e0u v\u00e0ng v\u00e0 s\u1ecdc xanh lam ch\u1ea1y d\u1ecdc l\u01b0ng. N\u00f3 kh\u00f4ng c\u00f3 v\u00e2y b\u1ee5ng, nh\u01b0ng \u0111\u00e3 h\u1ecdc c\u00e1ch s\u1eed d\u1ee5ng v\u00e2y ng\u1ef1c \u0111\u1ec3 di chuy\u1ec3n trong b\u1ec3 c\u00e1.<\/p>\n<p dir=\"ltr\" data-placeholder=\"B\u1ea3n d\u1ecbch\">B\u1ec3 c\u00e1 ch\u1ec9 d\u00e0nh cho c\u00e1 c\u00f3 dung t\u00edch 114 L\u00edt\u00a0ho\u1eb7c l\u1edbn h\u01a1n l\u00e0 ph\u00f9 h\u1ee3p. N\u00f3 c\u00f3 th\u1ec3 \u0103n \u0111\u1ed9ng v\u1eadt kh\u00f4ng x\u01b0\u01a1ng s\u1ed1ng \u0111\u01b0\u1ee3c t\u00ecm th\u1ea5y trong b\u1ec3 san h\u00f4. R\u0103ng c\u1ee7a n\u00f3 th\u1ef1c s\u1ef1 l\u00e0 m\u1ed9t c\u1ea5u tr\u00fac gi\u1ed1ng nh\u01b0 m\u1ecf h\u1ee3p nh\u1ea5t.<\/p>\n<p dir=\"ltr\" data-placeholder=\"B\u1ea3n d\u1ecbch\">C\u00e1c ph\u1ea7n th\u1ecbt c\u1ee7a n\u00f3 c\u00f3 \u0111\u1ed9c. Khi b\u1ecb \u0111e d\u1ecda ho\u1eb7c b\u00e1o \u0111\u1ed9ng, n\u00f3 c\u00f3 kh\u1ea3 n\u0103ng t\u1ef1 th\u1ed5i ph\u1ed3ng c\u01a1 th\u1ec3 l\u00ean g\u1ea7n g\u1ea5p \u0111\u00f4i k\u00edch th\u01b0\u1edbc b\u00ecnh th\u01b0\u1eddng. Do \u0111\u00f3, n\u00f3 s\u1ebd b\u1ecb b\u00e1o \u0111\u1ed9ng khi m\u1eafc l\u01b0\u1edbi, do \u0111\u00f3, h\u00e3y s\u1eed d\u1ee5ng m\u1ed9t th\u00f9ng ch\u1ee9a \u0111\u1ec3 chuy\u1ec3n n\u00f3.<\/p>\n<p dir=\"ltr\" data-placeholder=\"B\u1ea3n d\u1ecbch\">Saddle Valentini Puffer c\u1ea7n m\u1ed9t ch\u1ebf \u0111\u1ed9 \u0103n u\u1ed1ng \u0111a d\u1ea1ng c\u00e1c lo\u1ea1i th\u1ef1c ph\u1ea9m nhi\u1ec1u th\u1ecbt bao g\u1ed3m; m\u1ef1c, nhuy\u1ec5n th\u1ec3, trai v\u00e0 t\u00f4m c\u00f3 v\u1ecf c\u1ee9ng \u0111\u1ec3 gi\u00fap m\u00e0i m\u00f2n nh\u1eefng chi\u1ebfc r\u0103ng \u0111ang m\u1ecdc c\u1ee7a ch\u00fang.<\/p>\n<p dir=\"ltr\" data-placeholder=\"B\u1ea3n d\u1ecbch\">Saddle Valentini Puffer s\u1ebd\u00a0\u0103n m\u1ed9t s\u1ed1 san h\u00f4 nh\u1ea5t\u00a0\u0111\u1ecbnh .<\/p>\n<p><strong>K\u00cdCH C\u1ee0 TH\u00d4NG TH\u01af\u1edcNG:<\/strong><\/p>\n<p>Nh\u1ecf :\u00a02.54 &#8211; 5.08 cm<\/p>\n<p>Trung b\u00ecnh :\u00a05.08 &#8211; 7.62 cm<\/p>\n<p>L\u1edbn; 7.62 &#8211; 10.16 cm<\/p>\n","protected":false},"excerpt":{"rendered":"<p>C\u00e1c ph\u1ea7n th\u1ecbt c\u1ee7a n\u00f3 c\u00f3 \u0111\u1ed9c. Khi b\u1ecb \u0111e d\u1ecda ho\u1eb7c b\u00e1o \u0111\u1ed9ng, n\u00f3 c\u00f3 kh\u1ea3 n\u0103ng t\u1ef1 th\u1ed5i ph\u1ed3ng c\u01a1 th\u1ec3 l\u00ean g\u1ea7n g\u1ea5p \u0111\u00f4i k\u00edch th\u01b0\u1edbc b\u00ecnh th\u01b0\u1eddng. Do \u0111\u00f3, n\u00f3 s\u1ebd b\u1ecb b\u00e1o \u0111\u1ed9ng khi m\u1eafc l\u01b0\u1edbi, do \u0111\u00f3, h\u00e3y s\u1eed d\u1ee5ng m\u1ed9t th\u00f9ng ch\u1ee9a \u0111\u1ec3 chuy\u1ec3n n\u00f3.<\/p>\n","protected":false},"featured_media":228,"comment_status":"open","ping_status":"closed","template":"","meta":[],"product_cat":[44,43],"product_tag":[],"class_list":{"0":"post-227","1":"product","2":"type-product","3":"status-publish","4":"has-post-thumbnail","6":"product_cat-ca","7":"product_cat-sinh-vat-thuy-sinh","8":"pa_bao-hanh-24-thang","9":"pa_loai-combo","10":"pa_nha-cung-cap-atman","12":"first","13":"instock","14":"shipping-taxable","15":"purchasable","16":"product-type-simple"},"yoast_head":"<!-- This site is optimized with the Yoast SEO plugin v22.6 - https:\/\/yoast.com\/wordpress\/plugins\/seo\/ -->\n<title>Saddle Valentini Puffer - C\u00e1 N\u00f3c Chu\u1ed9t - M\u1eabu web b\u00e1n h\u00e0ng c\u00e1 c\u1ea3nh th\u1ee7y sinh<\/title>\n<meta name=\"robots\" content=\"index, follow, max-snippet:-1, max-image-preview:large, max-video-preview:-1\" \/>\n<link rel=\"canonical\" href=\"https:\/\/khogiaodienmau.net\/hoca\/saddle-valentini-puffer-ca-noc-chuot\/\" \/>\n<meta property=\"og:locale\" content=\"vi_VN\" \/>\n<meta property=\"og:type\" content=\"article\" \/>\n<meta property=\"og:title\" content=\"Saddle Valentini Puffer - C\u00e1 N\u00f3c Chu\u1ed9t - M\u1eabu web b\u00e1n h\u00e0ng c\u00e1 c\u1ea3nh th\u1ee7y sinh\" \/>\n<meta property=\"og:description\" content=\"C\u00e1c ph\u1ea7n th\u1ecbt c\u1ee7a n\u00f3 c\u00f3 \u0111\u1ed9c. Khi b\u1ecb \u0111e d\u1ecda ho\u1eb7c b\u00e1o \u0111\u1ed9ng, n\u00f3 c\u00f3 kh\u1ea3 n\u0103ng t\u1ef1 th\u1ed5i ph\u1ed3ng c\u01a1 th\u1ec3 l\u00ean g\u1ea7n g\u1ea5p \u0111\u00f4i k\u00edch th\u01b0\u1edbc b\u00ecnh th\u01b0\u1eddng. Do \u0111\u00f3, n\u00f3 s\u1ebd b\u1ecb b\u00e1o \u0111\u1ed9ng khi m\u1eafc l\u01b0\u1edbi, do \u0111\u00f3, h\u00e3y s\u1eed d\u1ee5ng m\u1ed9t th\u00f9ng ch\u1ee9a \u0111\u1ec3 chuy\u1ec3n n\u00f3.\" \/>\n<meta property=\"og:url\" content=\"https:\/\/khogiaodienmau.net\/hoca\/saddle-valentini-puffer-ca-noc-chuot\/\" \/>\n<meta property=\"og:site_name\" content=\"M\u1eabu web b\u00e1n h\u00e0ng c\u00e1 c\u1ea3nh th\u1ee7y sinh\" \/>\n<meta property=\"article:modified_time\" content=\"2023-12-19T07:50:47+00:00\" \/>\n<meta property=\"og:image\" content=\"https:\/\/khogiaodienmau.net\/hoca\/wp-content\/uploads\/2021\/07\/lg73538saddlevalentinipuffer.jpg\" \/>\n\t<meta property=\"og:image:width\" content=\"576\" \/>\n\t<meta property=\"og:image:height\" content=\"576\" \/>\n\t<meta property=\"og:image:type\" content=\"image\/jpeg\" \/>\n<meta name=\"twitter:card\" content=\"summary_large_image\" \/>\n<meta name=\"twitter:label1\" content=\"Gi\u00e1\" \/>\n\t<meta name=\"twitter:data1\" content=\"560.000&#8363;\" \/>\n\t<meta name=\"twitter:label2\" content=\"Kh\u1ea3 d\u1ee5ng\" \/>\n\t<meta name=\"twitter:data2\" content=\"Trong kho\" \/>\n<script type=\"application\/ld+json\" class=\"yoast-schema-graph\">{\"@context\":\"https:\/\/schema.org\",\"@graph\":[{\"@type\":\"WebPage\",\"@id\":\"https:\/\/khogiaodienmau.net\/hoca\/saddle-valentini-puffer-ca-noc-chuot\/\",\"url\":\"https:\/\/khogiaodienmau.net\/hoca\/saddle-valentini-puffer-ca-noc-chuot\/\",\"name\":\"Saddle Valentini Puffer - C\u00e1 N\u00f3c Chu\u1ed9t - M\u1eabu web b\u00e1n h\u00e0ng c\u00e1 c\u1ea3nh th\u1ee7y sinh\",\"isPartOf\":{\"@id\":\"https:\/\/khogiaodienmau.net\/hoca\/#website\"},\"primaryImageOfPage\":{\"@id\":\"https:\/\/khogiaodienmau.net\/hoca\/saddle-valentini-puffer-ca-noc-chuot\/#primaryimage\"},\"image\":{\"@id\":\"https:\/\/khogiaodienmau.net\/hoca\/saddle-valentini-puffer-ca-noc-chuot\/#primaryimage\"},\"thumbnailUrl\":\"https:\/\/khogiaodienmau.net\/hoca\/wp-content\/uploads\/2021\/07\/lg73538saddlevalentinipuffer.jpg\",\"datePublished\":\"2021-07-31T01:51:44+00:00\",\"dateModified\":\"2023-12-19T07:50:47+00:00\",\"breadcrumb\":{\"@id\":\"https:\/\/khogiaodienmau.net\/hoca\/saddle-valentini-puffer-ca-noc-chuot\/#breadcrumb\"},\"inLanguage\":\"vi\",\"potentialAction\":[{\"@type\":\"ReadAction\",\"target\":[\"https:\/\/khogiaodienmau.net\/hoca\/saddle-valentini-puffer-ca-noc-chuot\/\"]}]},{\"@type\":\"ImageObject\",\"inLanguage\":\"vi\",\"@id\":\"https:\/\/khogiaodienmau.net\/hoca\/saddle-valentini-puffer-ca-noc-chuot\/#primaryimage\",\"url\":\"https:\/\/khogiaodienmau.net\/hoca\/wp-content\/uploads\/2021\/07\/lg73538saddlevalentinipuffer.jpg\",\"contentUrl\":\"https:\/\/khogiaodienmau.net\/hoca\/wp-content\/uploads\/2021\/07\/lg73538saddlevalentinipuffer.jpg\",\"width\":576,\"height\":576},{\"@type\":\"BreadcrumbList\",\"@id\":\"https:\/\/khogiaodienmau.net\/hoca\/saddle-valentini-puffer-ca-noc-chuot\/#breadcrumb\",\"itemListElement\":[{\"@type\":\"ListItem\",\"position\":1,\"name\":\"Trang ch\u1ee7\",\"item\":\"https:\/\/khogiaodienmau.net\/hoca\/\"},{\"@type\":\"ListItem\",\"position\":2,\"name\":\"C\u1eeda h\u00e0ng\",\"item\":\"https:\/\/khogiaodienmau.net\/hoca\/cua-hang\/\"},{\"@type\":\"ListItem\",\"position\":3,\"name\":\"Sinh v\u1eadt th\u1ee7y sinh\",\"item\":\"https:\/\/khogiaodienmau.net\/hoca\/danh-muc\/sinh-vat-thuy-sinh\/\"},{\"@type\":\"ListItem\",\"position\":4,\"name\":\"C\u00e1\",\"item\":\"https:\/\/khogiaodienmau.net\/hoca\/danh-muc\/sinh-vat-thuy-sinh\/ca\/\"},{\"@type\":\"ListItem\",\"position\":5,\"name\":\"Saddle Valentini Puffer &#8211; C\u00e1 N\u00f3c Chu\u1ed9t\"}]},{\"@type\":\"WebSite\",\"@id\":\"https:\/\/khogiaodienmau.net\/hoca\/#website\",\"url\":\"https:\/\/khogiaodienmau.net\/hoca\/\",\"name\":\"M\u1eabu web b\u00e1n h\u00e0ng c\u00e1 c\u1ea3nh th\u1ee7y sinh\",\"description\":\"Theme web, theme wordpress, theme web b\u00e1n h\u00e0ng, theme web t\u1ed5ng h\u1ee3p, m\u1eabu web b\u00e1n h\u00e0ng, m\u1eabu web \u0111\u1eb9p. Ch\u1ec9 c\u1ea7n 5 ph\u00fat c\u00e0i \u0111\u1eb7t l\u00e0 c\u00f3 ngay website ho\u00e0n ch\u1ec9nh, d\u1ec5 d\u00e0ng t\u00f9y bi\u1ebfn v\u00e0 thay \u0111\u1ed5i th\u00f4ng tin tr\u00ean web\",\"potentialAction\":[{\"@type\":\"SearchAction\",\"target\":{\"@type\":\"EntryPoint\",\"urlTemplate\":\"https:\/\/khogiaodienmau.net\/hoca\/?s={search_term_string}\"},\"query-input\":\"required name=search_term_string\"}],\"inLanguage\":\"vi\"}]}<\/script>\n<meta property=\"product:price:amount\" content=\"560000\" \/>\n<meta property=\"product:price:currency\" content=\"VND\" \/>\n<meta property=\"og:availability\" content=\"instock\" \/>\n<meta property=\"product:availability\" content=\"instock\" \/>\n<meta property=\"product:condition\" content=\"new\" \/>\n<!-- \/ Yoast SEO plugin. -->","yoast_head_json":{"title":"Saddle Valentini Puffer - C\u00e1 N\u00f3c Chu\u1ed9t - M\u1eabu web b\u00e1n h\u00e0ng c\u00e1 c\u1ea3nh th\u1ee7y sinh","robots":{"index":"index","follow":"follow","max-snippet":"max-snippet:-1","max-image-preview":"max-image-preview:large","max-video-preview":"max-video-preview:-1"},"canonical":"https:\/\/khogiaodienmau.net\/hoca\/saddle-valentini-puffer-ca-noc-chuot\/","og_locale":"vi_VN","og_type":"article","og_title":"Saddle Valentini Puffer - C\u00e1 N\u00f3c Chu\u1ed9t - M\u1eabu web b\u00e1n h\u00e0ng c\u00e1 c\u1ea3nh th\u1ee7y sinh","og_description":"C\u00e1c ph\u1ea7n th\u1ecbt c\u1ee7a n\u00f3 c\u00f3 \u0111\u1ed9c. Khi b\u1ecb \u0111e d\u1ecda ho\u1eb7c b\u00e1o \u0111\u1ed9ng, n\u00f3 c\u00f3 kh\u1ea3 n\u0103ng t\u1ef1 th\u1ed5i ph\u1ed3ng c\u01a1 th\u1ec3 l\u00ean g\u1ea7n g\u1ea5p \u0111\u00f4i k\u00edch th\u01b0\u1edbc b\u00ecnh th\u01b0\u1eddng. Do \u0111\u00f3, n\u00f3 s\u1ebd b\u1ecb b\u00e1o \u0111\u1ed9ng khi m\u1eafc l\u01b0\u1edbi, do \u0111\u00f3, h\u00e3y s\u1eed d\u1ee5ng m\u1ed9t th\u00f9ng ch\u1ee9a \u0111\u1ec3 chuy\u1ec3n n\u00f3.","og_url":"https:\/\/khogiaodienmau.net\/hoca\/saddle-valentini-puffer-ca-noc-chuot\/","og_site_name":"M\u1eabu web b\u00e1n h\u00e0ng c\u00e1 c\u1ea3nh th\u1ee7y sinh","article_modified_time":"2023-12-19T07:50:47+00:00","og_image":[{"width":576,"height":576,"url":"https:\/\/khogiaodienmau.net\/hoca\/wp-content\/uploads\/2021\/07\/lg73538saddlevalentinipuffer.jpg","type":"image\/jpeg"}],"twitter_card":"summary_large_image","twitter_misc":{"Gi\u00e1":"560.000&#8363;","Kh\u1ea3 d\u1ee5ng":"Trong kho"},"schema":{"@context":"https:\/\/schema.org","@graph":[{"@type":"WebPage","@id":"https:\/\/khogiaodienmau.net\/hoca\/saddle-valentini-puffer-ca-noc-chuot\/","url":"https:\/\/khogiaodienmau.net\/hoca\/saddle-valentini-puffer-ca-noc-chuot\/","name":"Saddle Valentini Puffer - C\u00e1 N\u00f3c Chu\u1ed9t - M\u1eabu web b\u00e1n h\u00e0ng c\u00e1 c\u1ea3nh th\u1ee7y sinh","isPartOf":{"@id":"https:\/\/khogiaodienmau.net\/hoca\/#website"},"primaryImageOfPage":{"@id":"https:\/\/khogiaodienmau.net\/hoca\/saddle-valentini-puffer-ca-noc-chuot\/#primaryimage"},"image":{"@id":"https:\/\/khogiaodienmau.net\/hoca\/saddle-valentini-puffer-ca-noc-chuot\/#primaryimage"},"thumbnailUrl":"https:\/\/khogiaodienmau.net\/hoca\/wp-content\/uploads\/2021\/07\/lg73538saddlevalentinipuffer.jpg","datePublished":"2021-07-31T01:51:44+00:00","dateModified":"2023-12-19T07:50:47+00:00","breadcrumb":{"@id":"https:\/\/khogiaodienmau.net\/hoca\/saddle-valentini-puffer-ca-noc-chuot\/#breadcrumb"},"inLanguage":"vi","potentialAction":[{"@type":"ReadAction","target":["https:\/\/khogiaodienmau.net\/hoca\/saddle-valentini-puffer-ca-noc-chuot\/"]}]},{"@type":"ImageObject","inLanguage":"vi","@id":"https:\/\/khogiaodienmau.net\/hoca\/saddle-valentini-puffer-ca-noc-chuot\/#primaryimage","url":"https:\/\/khogiaodienmau.net\/hoca\/wp-content\/uploads\/2021\/07\/lg73538saddlevalentinipuffer.jpg","contentUrl":"https:\/\/khogiaodienmau.net\/hoca\/wp-content\/uploads\/2021\/07\/lg73538saddlevalentinipuffer.jpg","width":576,"height":576},{"@type":"BreadcrumbList","@id":"https:\/\/khogiaodienmau.net\/hoca\/saddle-valentini-puffer-ca-noc-chuot\/#breadcrumb","itemListElement":[{"@type":"ListItem","position":1,"name":"Trang ch\u1ee7","item":"https:\/\/khogiaodienmau.net\/hoca\/"},{"@type":"ListItem","position":2,"name":"C\u1eeda h\u00e0ng","item":"https:\/\/khogiaodienmau.net\/hoca\/cua-hang\/"},{"@type":"ListItem","position":3,"name":"Sinh v\u1eadt th\u1ee7y sinh","item":"https:\/\/khogiaodienmau.net\/hoca\/danh-muc\/sinh-vat-thuy-sinh\/"},{"@type":"ListItem","position":4,"name":"C\u00e1","item":"https:\/\/khogiaodienmau.net\/hoca\/danh-muc\/sinh-vat-thuy-sinh\/ca\/"},{"@type":"ListItem","position":5,"name":"Saddle Valentini Puffer &#8211; C\u00e1 N\u00f3c Chu\u1ed9t"}]},{"@type":"WebSite","@id":"https:\/\/khogiaodienmau.net\/hoca\/#website","url":"https:\/\/khogiaodienmau.net\/hoca\/","name":"M\u1eabu web b\u00e1n h\u00e0ng c\u00e1 c\u1ea3nh th\u1ee7y sinh","description":"Theme web, theme wordpress, theme web b\u00e1n h\u00e0ng, theme web t\u1ed5ng h\u1ee3p, m\u1eabu web b\u00e1n h\u00e0ng, m\u1eabu web \u0111\u1eb9p. Ch\u1ec9 c\u1ea7n 5 ph\u00fat c\u00e0i \u0111\u1eb7t l\u00e0 c\u00f3 ngay website ho\u00e0n ch\u1ec9nh, d\u1ec5 d\u00e0ng t\u00f9y bi\u1ebfn v\u00e0 thay \u0111\u1ed5i th\u00f4ng tin tr\u00ean web","potentialAction":[{"@type":"SearchAction","target":{"@type":"EntryPoint","urlTemplate":"https:\/\/khogiaodienmau.net\/hoca\/?s={search_term_string}"},"query-input":"required name=search_term_string"}],"inLanguage":"vi"}]},"product_price_amount":"560000","product_price_currency":"VND","og_availability":"instock","product_availability":"instock","product_condition":"new"},"_links":{"self":[{"href":"https:\/\/khogiaodienmau.net\/hoca\/wp-json\/wp\/v2\/product\/227","targetHints":{"allow":["GET"]}}],"collection":[{"href":"https:\/\/khogiaodienmau.net\/hoca\/wp-json\/wp\/v2\/product"}],"about":[{"href":"https:\/\/khogiaodienmau.net\/hoca\/wp-json\/wp\/v2\/types\/product"}],"replies":[{"embeddable":true,"href":"https:\/\/khogiaodienmau.net\/hoca\/wp-json\/wp\/v2\/comments?post=227"}],"wp:featuredmedia":[{"embeddable":true,"href":"https:\/\/khogiaodienmau.net\/hoca\/wp-json\/wp\/v2\/media\/228"}],"wp:attachment":[{"href":"https:\/\/khogiaodienmau.net\/hoca\/wp-json\/wp\/v2\/media?parent=227"}],"wp:term":[{"taxonomy":"product_cat","embeddable":true,"href":"https:\/\/khogiaodienmau.net\/hoca\/wp-json\/wp\/v2\/product_cat?post=227"},{"taxonomy":"product_tag","embeddable":true,"href":"https:\/\/khogiaodienmau.net\/hoca\/wp-json\/wp\/v2\/product_tag?post=227"}],"curies":[{"name":"wp","href":"https:\/\/api.w.org\/{rel}","templated":true}]}}