{"id":225,"date":"2021-07-31T08:50:44","date_gmt":"2021-07-31T01:50:44","guid":{"rendered":"http:\/\/thuysinh.toptheme.info\/?post_type=product&#038;p=225"},"modified":"2023-12-19T14:50:47","modified_gmt":"2023-12-19T07:50:47","slug":"porcelain-anemone-crab-cua-hai-quy","status":"publish","type":"product","link":"https:\/\/khogiaodienmau.net\/hoca\/porcelain-anemone-crab-cua-hai-quy\/","title":{"rendered":"Porcelain Anemone Crab &#8211; Cua H\u1ea3i Qu\u1ef3"},"content":{"rendered":"<p>Porcelain Anemone Crab &#8211; Cua H\u1ea3i Qu\u1ef3<\/p>\n<p>Cua H\u1ea3i Qu\u1ef3 th\u01b0\u1eddng c\u00f3 s\u1ee9 tr\u1eafng v\u00e0 c\u00f3 nh\u1eefng \u0111\u1ed1m \u0111\u1ecf ho\u1eb7c ho\u1eb7c n\u00e2u. Ch\u00fang c\u00f3 nh\u1eefng m\u00f3ng vu\u1ed1t ph\u00eda tr\u01b0\u1edbc r\u1ea5t l\u1edbn d\u00f9ng \u0111\u1ec3 ch\u1ed1ng l\u1ea1i nh\u1eefng k\u1ebb s\u0103n m\u1ed3i ti\u1ec1m n\u0103ng. Ch\u00fang r\u1ea5t y\u00ean b\u00ecnh v\u00e0 l\u00e0 s\u1ef1 b\u1ed5 sung tuy\u1ec7t v\u1eddi cho b\u1ea5t k\u1ef3 b\u1ec3 c\u00e1 \u0111\u00e1 ng\u1ea7m ho\u1eb7c \u0111\u1ed9ng v\u1eadt kh\u00f4ng x\u01b0\u01a1ng s\u1ed1ng n\u00e0o.<\/p>\n<p>H\u1ea3i qu\u1ef3 s\u1ee9 s\u1ed1ng th\u00e0nh t\u1eebng c\u1eb7p d\u01b0\u1edbi s\u1ef1 b\u1ea3o v\u1ec7 c\u1ee7a h\u1ea3i qu\u1ef3. N\u00f3 c\u00f3 th\u1ec3 c\u1ed1 g\u1eafng b\u1ea3o v\u1ec7 l\u00e3nh th\u1ed5 c\u1ee7a m\u00ecnh kh\u1ecfi nh\u1eefng con c\u00e1 h\u1ec1 c\u1ed1 g\u1eafng t\u1ea1o d\u1ef1ng m\u00ecnh gi\u1eefa h\u1ea3i qu\u1ef3, m\u1eb7c d\u00f9 c\u00e1 h\u1ec1 th\u01b0\u1eddng chi\u1ebfm \u01b0u th\u1ebf. N\u00f3 hung d\u1eef \u0111\u1ed1i v\u1edbi c\u00e1c lo\u00e0i c\u1ee5 th\u1ec3, v\u00e0 kh\u00f4ng n\u00ean nu\u00f4i chung v\u1edbi nh\u1eefng con cua l\u1edbn h\u01a1n, hung d\u1eef c\u00f3 th\u1ec3 t\u1ea5n c\u00f4ng n\u00f3.<\/p>\n<p>N\u00f3 \u0103n th\u1ee9c \u0103n ph\u00f9 du v\u00e0 ch\u1ea5t nh\u1ea7y t\u1eeb h\u1ea3i qu\u1ef3. N\u00f3 c\u00f3 th\u1ec3 \u0111\u01b0\u1ee3c b\u1ed5 sung b\u1eb1ng th\u1ee9c \u0103n d\u1ea1ng vi\u00ean \u0111\u1eb7t c\u1ea1nh h\u1ea3i qu\u1ef3.<\/p>\n","protected":false},"excerpt":{"rendered":"<p>Cua H\u1ea3i Qu\u1ef3 th\u01b0\u1eddng c\u00f3 s\u1ee9 tr\u1eafng v\u00e0 c\u00f3 nh\u1eefng \u0111\u1ed1m \u0111\u1ecf ho\u1eb7c ho\u1eb7c n\u00e2u. Ch\u00fang c\u00f3 nh\u1eefng m\u00f3ng vu\u1ed1t ph\u00eda tr\u01b0\u1edbc r\u1ea5t l\u1edbn d\u00f9ng \u0111\u1ec3 ch\u1ed1ng l\u1ea1i nh\u1eefng k\u1ebb s\u0103n m\u1ed3i ti\u1ec1m n\u0103ng. Ch\u00fang r\u1ea5t y\u00ean b\u00ecnh v\u00e0 l\u00e0 s\u1ef1 b\u1ed5 sung tuy\u1ec7t v\u1eddi cho b\u1ea5t k\u1ef3 b\u1ec3 c\u00e1 \u0111\u00e1 ng\u1ea7m ho\u1eb7c \u0111\u1ed9ng v\u1eadt kh\u00f4ng x\u01b0\u01a1ng s\u1ed1ng n\u00e0o.<\/p>\n","protected":false},"featured_media":226,"comment_status":"open","ping_status":"closed","template":"","meta":[],"product_cat":[45,43],"product_tag":[],"class_list":{"0":"post-225","1":"product","2":"type-product","3":"status-publish","4":"has-post-thumbnail","6":"product_cat-cua","7":"product_cat-sinh-vat-thuy-sinh","8":"pa_bao-hanh-12-thang","9":"pa_loai-combo","10":"pa_nha-cung-cap-nhap-khau","12":"first","13":"instock","14":"sale","15":"shipping-taxable","16":"purchasable","17":"product-type-simple"},"yoast_head":"<!-- This site is optimized with the Yoast SEO plugin v22.6 - https:\/\/yoast.com\/wordpress\/plugins\/seo\/ -->\n<title>Porcelain Anemone Crab - Cua H\u1ea3i Qu\u1ef3 - M\u1eabu web b\u00e1n h\u00e0ng c\u00e1 c\u1ea3nh th\u1ee7y sinh<\/title>\n<meta name=\"robots\" content=\"index, follow, max-snippet:-1, max-image-preview:large, max-video-preview:-1\" \/>\n<link rel=\"canonical\" href=\"https:\/\/khogiaodienmau.net\/hoca\/porcelain-anemone-crab-cua-hai-quy\/\" \/>\n<meta property=\"og:locale\" content=\"vi_VN\" \/>\n<meta property=\"og:type\" content=\"article\" \/>\n<meta property=\"og:title\" content=\"Porcelain Anemone Crab - Cua H\u1ea3i Qu\u1ef3 - M\u1eabu web b\u00e1n h\u00e0ng c\u00e1 c\u1ea3nh th\u1ee7y sinh\" \/>\n<meta property=\"og:description\" content=\"Cua H\u1ea3i Qu\u1ef3 th\u01b0\u1eddng c\u00f3 s\u1ee9 tr\u1eafng v\u00e0 c\u00f3 nh\u1eefng \u0111\u1ed1m \u0111\u1ecf ho\u1eb7c ho\u1eb7c n\u00e2u. Ch\u00fang c\u00f3 nh\u1eefng m\u00f3ng vu\u1ed1t ph\u00eda tr\u01b0\u1edbc r\u1ea5t l\u1edbn d\u00f9ng \u0111\u1ec3 ch\u1ed1ng l\u1ea1i nh\u1eefng k\u1ebb s\u0103n m\u1ed3i ti\u1ec1m n\u0103ng. Ch\u00fang r\u1ea5t y\u00ean b\u00ecnh v\u00e0 l\u00e0 s\u1ef1 b\u1ed5 sung tuy\u1ec7t v\u1eddi cho b\u1ea5t k\u1ef3 b\u1ec3 c\u00e1 \u0111\u00e1 ng\u1ea7m ho\u1eb7c \u0111\u1ed9ng v\u1eadt kh\u00f4ng x\u01b0\u01a1ng s\u1ed1ng n\u00e0o.\" \/>\n<meta property=\"og:url\" content=\"https:\/\/khogiaodienmau.net\/hoca\/porcelain-anemone-crab-cua-hai-quy\/\" \/>\n<meta property=\"og:site_name\" content=\"M\u1eabu web b\u00e1n h\u00e0ng c\u00e1 c\u1ea3nh th\u1ee7y sinh\" \/>\n<meta property=\"article:modified_time\" content=\"2023-12-19T07:50:47+00:00\" \/>\n<meta property=\"og:image\" content=\"https:\/\/khogiaodienmau.net\/hoca\/wp-content\/uploads\/2021\/07\/cua-hai-quy.jpg\" \/>\n\t<meta property=\"og:image:width\" content=\"480\" \/>\n\t<meta property=\"og:image:height\" content=\"480\" \/>\n\t<meta property=\"og:image:type\" content=\"image\/jpeg\" \/>\n<meta name=\"twitter:card\" content=\"summary_large_image\" \/>\n<meta name=\"twitter:label1\" content=\"Gi\u00e1\" \/>\n\t<meta name=\"twitter:data1\" content=\"83.000&#8363;\" \/>\n\t<meta name=\"twitter:label2\" content=\"Kh\u1ea3 d\u1ee5ng\" \/>\n\t<meta name=\"twitter:data2\" content=\"Trong kho\" \/>\n<script type=\"application\/ld+json\" class=\"yoast-schema-graph\">{\"@context\":\"https:\/\/schema.org\",\"@graph\":[{\"@type\":\"WebPage\",\"@id\":\"https:\/\/khogiaodienmau.net\/hoca\/porcelain-anemone-crab-cua-hai-quy\/\",\"url\":\"https:\/\/khogiaodienmau.net\/hoca\/porcelain-anemone-crab-cua-hai-quy\/\",\"name\":\"Porcelain Anemone Crab - Cua H\u1ea3i Qu\u1ef3 - M\u1eabu web b\u00e1n h\u00e0ng c\u00e1 c\u1ea3nh th\u1ee7y sinh\",\"isPartOf\":{\"@id\":\"https:\/\/khogiaodienmau.net\/hoca\/#website\"},\"primaryImageOfPage\":{\"@id\":\"https:\/\/khogiaodienmau.net\/hoca\/porcelain-anemone-crab-cua-hai-quy\/#primaryimage\"},\"image\":{\"@id\":\"https:\/\/khogiaodienmau.net\/hoca\/porcelain-anemone-crab-cua-hai-quy\/#primaryimage\"},\"thumbnailUrl\":\"https:\/\/khogiaodienmau.net\/hoca\/wp-content\/uploads\/2021\/07\/cua-hai-quy.jpg\",\"datePublished\":\"2021-07-31T01:50:44+00:00\",\"dateModified\":\"2023-12-19T07:50:47+00:00\",\"breadcrumb\":{\"@id\":\"https:\/\/khogiaodienmau.net\/hoca\/porcelain-anemone-crab-cua-hai-quy\/#breadcrumb\"},\"inLanguage\":\"vi\",\"potentialAction\":[{\"@type\":\"ReadAction\",\"target\":[\"https:\/\/khogiaodienmau.net\/hoca\/porcelain-anemone-crab-cua-hai-quy\/\"]}]},{\"@type\":\"ImageObject\",\"inLanguage\":\"vi\",\"@id\":\"https:\/\/khogiaodienmau.net\/hoca\/porcelain-anemone-crab-cua-hai-quy\/#primaryimage\",\"url\":\"https:\/\/khogiaodienmau.net\/hoca\/wp-content\/uploads\/2021\/07\/cua-hai-quy.jpg\",\"contentUrl\":\"https:\/\/khogiaodienmau.net\/hoca\/wp-content\/uploads\/2021\/07\/cua-hai-quy.jpg\",\"width\":480,\"height\":480},{\"@type\":\"BreadcrumbList\",\"@id\":\"https:\/\/khogiaodienmau.net\/hoca\/porcelain-anemone-crab-cua-hai-quy\/#breadcrumb\",\"itemListElement\":[{\"@type\":\"ListItem\",\"position\":1,\"name\":\"Trang ch\u1ee7\",\"item\":\"https:\/\/khogiaodienmau.net\/hoca\/\"},{\"@type\":\"ListItem\",\"position\":2,\"name\":\"C\u1eeda h\u00e0ng\",\"item\":\"https:\/\/khogiaodienmau.net\/hoca\/cua-hang\/\"},{\"@type\":\"ListItem\",\"position\":3,\"name\":\"Sinh v\u1eadt th\u1ee7y sinh\",\"item\":\"https:\/\/khogiaodienmau.net\/hoca\/danh-muc\/sinh-vat-thuy-sinh\/\"},{\"@type\":\"ListItem\",\"position\":4,\"name\":\"Cua\",\"item\":\"https:\/\/khogiaodienmau.net\/hoca\/danh-muc\/sinh-vat-thuy-sinh\/cua\/\"},{\"@type\":\"ListItem\",\"position\":5,\"name\":\"Porcelain Anemone Crab &#8211; Cua H\u1ea3i Qu\u1ef3\"}]},{\"@type\":\"WebSite\",\"@id\":\"https:\/\/khogiaodienmau.net\/hoca\/#website\",\"url\":\"https:\/\/khogiaodienmau.net\/hoca\/\",\"name\":\"M\u1eabu web b\u00e1n h\u00e0ng c\u00e1 c\u1ea3nh th\u1ee7y sinh\",\"description\":\"Theme web, theme wordpress, theme web b\u00e1n h\u00e0ng, theme web t\u1ed5ng h\u1ee3p, m\u1eabu web b\u00e1n h\u00e0ng, m\u1eabu web \u0111\u1eb9p. Ch\u1ec9 c\u1ea7n 5 ph\u00fat c\u00e0i \u0111\u1eb7t l\u00e0 c\u00f3 ngay website ho\u00e0n ch\u1ec9nh, d\u1ec5 d\u00e0ng t\u00f9y bi\u1ebfn v\u00e0 thay \u0111\u1ed5i th\u00f4ng tin tr\u00ean web\",\"potentialAction\":[{\"@type\":\"SearchAction\",\"target\":{\"@type\":\"EntryPoint\",\"urlTemplate\":\"https:\/\/khogiaodienmau.net\/hoca\/?s={search_term_string}\"},\"query-input\":\"required name=search_term_string\"}],\"inLanguage\":\"vi\"}]}<\/script>\n<meta property=\"product:price:amount\" content=\"83000\" \/>\n<meta property=\"product:price:currency\" content=\"VND\" \/>\n<meta property=\"og:availability\" content=\"instock\" \/>\n<meta property=\"product:availability\" content=\"instock\" \/>\n<meta property=\"product:condition\" content=\"new\" \/>\n<!-- \/ Yoast SEO plugin. -->","yoast_head_json":{"title":"Porcelain Anemone Crab - Cua H\u1ea3i Qu\u1ef3 - M\u1eabu web b\u00e1n h\u00e0ng c\u00e1 c\u1ea3nh th\u1ee7y sinh","robots":{"index":"index","follow":"follow","max-snippet":"max-snippet:-1","max-image-preview":"max-image-preview:large","max-video-preview":"max-video-preview:-1"},"canonical":"https:\/\/khogiaodienmau.net\/hoca\/porcelain-anemone-crab-cua-hai-quy\/","og_locale":"vi_VN","og_type":"article","og_title":"Porcelain Anemone Crab - Cua H\u1ea3i Qu\u1ef3 - M\u1eabu web b\u00e1n h\u00e0ng c\u00e1 c\u1ea3nh th\u1ee7y sinh","og_description":"Cua H\u1ea3i Qu\u1ef3 th\u01b0\u1eddng c\u00f3 s\u1ee9 tr\u1eafng v\u00e0 c\u00f3 nh\u1eefng \u0111\u1ed1m \u0111\u1ecf ho\u1eb7c ho\u1eb7c n\u00e2u. Ch\u00fang c\u00f3 nh\u1eefng m\u00f3ng vu\u1ed1t ph\u00eda tr\u01b0\u1edbc r\u1ea5t l\u1edbn d\u00f9ng \u0111\u1ec3 ch\u1ed1ng l\u1ea1i nh\u1eefng k\u1ebb s\u0103n m\u1ed3i ti\u1ec1m n\u0103ng. Ch\u00fang r\u1ea5t y\u00ean b\u00ecnh v\u00e0 l\u00e0 s\u1ef1 b\u1ed5 sung tuy\u1ec7t v\u1eddi cho b\u1ea5t k\u1ef3 b\u1ec3 c\u00e1 \u0111\u00e1 ng\u1ea7m ho\u1eb7c \u0111\u1ed9ng v\u1eadt kh\u00f4ng x\u01b0\u01a1ng s\u1ed1ng n\u00e0o.","og_url":"https:\/\/khogiaodienmau.net\/hoca\/porcelain-anemone-crab-cua-hai-quy\/","og_site_name":"M\u1eabu web b\u00e1n h\u00e0ng c\u00e1 c\u1ea3nh th\u1ee7y sinh","article_modified_time":"2023-12-19T07:50:47+00:00","og_image":[{"width":480,"height":480,"url":"https:\/\/khogiaodienmau.net\/hoca\/wp-content\/uploads\/2021\/07\/cua-hai-quy.jpg","type":"image\/jpeg"}],"twitter_card":"summary_large_image","twitter_misc":{"Gi\u00e1":"83.000&#8363;","Kh\u1ea3 d\u1ee5ng":"Trong kho"},"schema":{"@context":"https:\/\/schema.org","@graph":[{"@type":"WebPage","@id":"https:\/\/khogiaodienmau.net\/hoca\/porcelain-anemone-crab-cua-hai-quy\/","url":"https:\/\/khogiaodienmau.net\/hoca\/porcelain-anemone-crab-cua-hai-quy\/","name":"Porcelain Anemone Crab - Cua H\u1ea3i Qu\u1ef3 - M\u1eabu web b\u00e1n h\u00e0ng c\u00e1 c\u1ea3nh th\u1ee7y sinh","isPartOf":{"@id":"https:\/\/khogiaodienmau.net\/hoca\/#website"},"primaryImageOfPage":{"@id":"https:\/\/khogiaodienmau.net\/hoca\/porcelain-anemone-crab-cua-hai-quy\/#primaryimage"},"image":{"@id":"https:\/\/khogiaodienmau.net\/hoca\/porcelain-anemone-crab-cua-hai-quy\/#primaryimage"},"thumbnailUrl":"https:\/\/khogiaodienmau.net\/hoca\/wp-content\/uploads\/2021\/07\/cua-hai-quy.jpg","datePublished":"2021-07-31T01:50:44+00:00","dateModified":"2023-12-19T07:50:47+00:00","breadcrumb":{"@id":"https:\/\/khogiaodienmau.net\/hoca\/porcelain-anemone-crab-cua-hai-quy\/#breadcrumb"},"inLanguage":"vi","potentialAction":[{"@type":"ReadAction","target":["https:\/\/khogiaodienmau.net\/hoca\/porcelain-anemone-crab-cua-hai-quy\/"]}]},{"@type":"ImageObject","inLanguage":"vi","@id":"https:\/\/khogiaodienmau.net\/hoca\/porcelain-anemone-crab-cua-hai-quy\/#primaryimage","url":"https:\/\/khogiaodienmau.net\/hoca\/wp-content\/uploads\/2021\/07\/cua-hai-quy.jpg","contentUrl":"https:\/\/khogiaodienmau.net\/hoca\/wp-content\/uploads\/2021\/07\/cua-hai-quy.jpg","width":480,"height":480},{"@type":"BreadcrumbList","@id":"https:\/\/khogiaodienmau.net\/hoca\/porcelain-anemone-crab-cua-hai-quy\/#breadcrumb","itemListElement":[{"@type":"ListItem","position":1,"name":"Trang ch\u1ee7","item":"https:\/\/khogiaodienmau.net\/hoca\/"},{"@type":"ListItem","position":2,"name":"C\u1eeda h\u00e0ng","item":"https:\/\/khogiaodienmau.net\/hoca\/cua-hang\/"},{"@type":"ListItem","position":3,"name":"Sinh v\u1eadt th\u1ee7y sinh","item":"https:\/\/khogiaodienmau.net\/hoca\/danh-muc\/sinh-vat-thuy-sinh\/"},{"@type":"ListItem","position":4,"name":"Cua","item":"https:\/\/khogiaodienmau.net\/hoca\/danh-muc\/sinh-vat-thuy-sinh\/cua\/"},{"@type":"ListItem","position":5,"name":"Porcelain Anemone Crab &#8211; Cua H\u1ea3i Qu\u1ef3"}]},{"@type":"WebSite","@id":"https:\/\/khogiaodienmau.net\/hoca\/#website","url":"https:\/\/khogiaodienmau.net\/hoca\/","name":"M\u1eabu web b\u00e1n h\u00e0ng c\u00e1 c\u1ea3nh th\u1ee7y sinh","description":"Theme web, theme wordpress, theme web b\u00e1n h\u00e0ng, theme web t\u1ed5ng h\u1ee3p, m\u1eabu web b\u00e1n h\u00e0ng, m\u1eabu web \u0111\u1eb9p. Ch\u1ec9 c\u1ea7n 5 ph\u00fat c\u00e0i \u0111\u1eb7t l\u00e0 c\u00f3 ngay website ho\u00e0n ch\u1ec9nh, d\u1ec5 d\u00e0ng t\u00f9y bi\u1ebfn v\u00e0 thay \u0111\u1ed5i th\u00f4ng tin tr\u00ean web","potentialAction":[{"@type":"SearchAction","target":{"@type":"EntryPoint","urlTemplate":"https:\/\/khogiaodienmau.net\/hoca\/?s={search_term_string}"},"query-input":"required name=search_term_string"}],"inLanguage":"vi"}]},"product_price_amount":"83000","product_price_currency":"VND","og_availability":"instock","product_availability":"instock","product_condition":"new"},"_links":{"self":[{"href":"https:\/\/khogiaodienmau.net\/hoca\/wp-json\/wp\/v2\/product\/225","targetHints":{"allow":["GET"]}}],"collection":[{"href":"https:\/\/khogiaodienmau.net\/hoca\/wp-json\/wp\/v2\/product"}],"about":[{"href":"https:\/\/khogiaodienmau.net\/hoca\/wp-json\/wp\/v2\/types\/product"}],"replies":[{"embeddable":true,"href":"https:\/\/khogiaodienmau.net\/hoca\/wp-json\/wp\/v2\/comments?post=225"}],"wp:featuredmedia":[{"embeddable":true,"href":"https:\/\/khogiaodienmau.net\/hoca\/wp-json\/wp\/v2\/media\/226"}],"wp:attachment":[{"href":"https:\/\/khogiaodienmau.net\/hoca\/wp-json\/wp\/v2\/media?parent=225"}],"wp:term":[{"taxonomy":"product_cat","embeddable":true,"href":"https:\/\/khogiaodienmau.net\/hoca\/wp-json\/wp\/v2\/product_cat?post=225"},{"taxonomy":"product_tag","embeddable":true,"href":"https:\/\/khogiaodienmau.net\/hoca\/wp-json\/wp\/v2\/product_tag?post=225"}],"curies":[{"name":"wp","href":"https:\/\/api.w.org\/{rel}","templated":true}]}}