{"id":223,"date":"2021-07-31T08:49:33","date_gmt":"2021-07-31T01:49:33","guid":{"rendered":"http:\/\/thuysinh.toptheme.info\/?post_type=product&#038;p=223"},"modified":"2023-12-19T14:50:47","modified_gmt":"2023-12-19T07:50:47","slug":"ca-hoang-yen-flagfin-angelfish","status":"publish","type":"product","link":"https:\/\/khogiaodienmau.net\/hoca\/ca-hoang-yen-flagfin-angelfish\/","title":{"rendered":"C\u00e1 Ho\u00e0ng Y\u1ebfn &#8211; Flagfin Angelfish"},"content":{"rendered":"<p>C\u00e1 Ho\u00e0ng Y\u1ebfn,\u00a0 c\u00f3 m\u00e0u v\u00e0ng r\u1ef1c r\u1ee1 v\u1edbi \u0111\u00f4i m\u00f4i m\u00e0u xanh lam, \u0111i\u1ec3m \u1edf l\u01b0ng m\u00e0u xanh \u0111en \u0111\u1eadm n\u01a1i \u0111\u1ea7u n\u1ed1i v\u1edbi c\u01a1 th\u1ec3 v\u00e0 m\u1ed9t \u0111i\u1ec3m r\u00e1m n\u1eafng nh\u1eb9 ph\u00eda sau m\u1eaft. B\u1ea1n c\u1ea7n 1 b\u1ec3 v\u1edbi b\u1ed9 \u0111\u00e1 layout nhi\u1ec1u khu v\u1ef1c hang h\u00f3c v\u00e0 ch\u1ed7 \u1ea9n n\u00fap \u0111\u1ec3 c\u00e1 c\u00f3 th\u1ec3 tr\u00fa \u1ea9n trong 1 b\u1ebf c\u00f3 th\u1ec3 t\u00edch 475l n\u01b0\u1ee3c (125 gallon) tr\u1edf l\u00ean v\u00ec c\u00e1 Ho\u00e0ng Y\u1ebfn kh\u00e1 nh\u00fat nh\u00e1t khi m\u1edbi v\u1ec1, c\u1ea7n c\u1ea9n tr\u1ecdng khi gh\u00e9p v\u1edbi c\u00e1c d\u00f2ng c\u00e1 thi\u00ean th\u1ea7n kh\u00e1c v\u00e0o chung b\u1ec3.\u00a0\u0110\u00e2y kh\u00f4ng ph\u1ea3i l\u00e0 m\u1ed9t sinh v\u1eadt s\u1ed1ng t\u1ed1t \u1edf r\u1ea1n san h\u00f4, C\u00e1 Ho\u00e0ng Y\u1ebfn\u00a0c\u00f3 xu h\u01b0\u1edbng g\u1eb7m nh\u1ea5m c\u00e1c d\u00f2ng san h\u00f4,\u00a0san h\u00f4 m\u1ec1m\u00a0v\u00e0 l\u1edbp ph\u1ee7 c\u1ee7a ngao.<\/p>\n<p>\u0110\u00e2y l\u00e0 m\u1ed9t lo\u00e0i c\u00e1 th\u1ea7n ti\u00ean kh\u00f3 nu\u00f4i do vi\u1ec7c chuy\u1ec3n \u0111\u1ed5i t\u1eeb m\u00f4i tr\u01b0\u1eddng t\u1ef1 nhi\u00ean v\u1ec1 m\u00f4i tr\u01b0\u1eddng b\u1ec3 c\u00f3 r\u1ea5t nhi\u1ec1u v\u1ea5n \u0111\u1ec1 c\u00f3 th\u1ec3 g\u00e2y stress cho c\u00e1, t\u1eeb c\u00e1c b\u1ec3 kh\u00f4ng \u0111\u1ee7 di\u1ec7n t\u00edch, kh\u00f4ng \u0111\u1ee7 n\u01a1i cho c\u00e1 tr\u00fa \u1ea9n v\u00e0 ch\u1ebf \u0111\u1ed9 \u0103n u\u1ed1ng c\u1ee7a c\u00e1 trong m\u00f4i tr\u01b0\u1eddng nu\u00f4i nh\u1ed1t th\u01b0\u1eddng kh\u00f4ng \u0111a d\u1ea1ng nh\u01b0 ngo\u00e0i t\u1ef1 nhi\u00ean. \u0110\u1ec3 thu\u1ea7n \u0111\u01b0\u1ee3c d\u00f2ng c\u00e1 n\u00e0y c\u00e1c b\u1ea1n n\u00ean chu\u1ea9n b\u1ecb 1 b\u1ec3 v\u1edbi th\u1ec3 t\u00edch n\u01b0\u1edbc \u0111\u1ee7 so v\u1edbi y\u00eau c\u1ea7u v\u00e0 ch\u1ebf \u0111\u1ed9 \u0103n u\u1ed1ng c\u1ea7n \u0111\u01b0\u1ee3c ch\u00fa \u00fd nhi\u1ec1u, n\u00ean \u0111a d\u1ea1ng kh\u1ea9u ph\u1ea7n \u0103n v\u00e0 c\u00e1c lo\u1ea1i th\u1ee9c \u0103n \u0111\u1ec3 b\u1ed5 sung \u0111\u1ea7y \u0111\u1ee7 dinh d\u01b0\u1ee1ng cho c\u00e1 Ho\u00e0ng y\u1ebfn, ngo\u00e0i ra c\u00e1 Ho\u00e0ng Y\u1ebfn r\u1ea5t th\u00edch \u0103n b\u1ecdt bi\u1ec3n. Nh\u1eefng ng\u01b0\u1eddi nu\u00f4i c\u00e1 chuy\u00ean nghi\u1ec7p c\u00f3 th\u1ec3 th\u00e0nh c\u00f4ng b\u1eb1ng c\u00e1ch cung c\u1ea5p m\u1ed9t kh\u1ea9u ph\u1ea7n h\u1ed7n h\u1ee3p g\u1ed3m c\u00e1 \u0111\u00f4ng l\u1ea1nh c\u00f3 ch\u1ee9a b\u1ecdt bi\u1ec3n, t\u00f4m ng\u00e2m n\u01b0\u1edbc mu\u1ed1i gi\u00e0u vitamin, t\u00f4m mysis, r\u1ea5t nhi\u1ec1u nguy\u00ean li\u1ec7u th\u1ef1c v\u1eadt v\u00e0 \u0111\u00e1 s\u1ed1ng \u0111\u1ec3 c\u00e1 th\u00f5a m\u00e1i b\u01a1i\u00a0v\u00e0 \u1ea9n n\u00e1u.<\/p>\n<p>K\u00edch th\u01b0\u1edbc:<br \/>\nNh\u1ecf: 5cm-7cm<br \/>\nTrung b\u00ecnh: 7cm-10cm<br \/>\nL\u1edbn: 13cm-20cm<\/p>\n","protected":false},"excerpt":{"rendered":"<p>C\u00e1 Ho\u00e0ng Y\u1ebfn,\u00a0 c\u00f3 m\u00e0u v\u00e0ng r\u1ef1c r\u1ee1 v\u1edbi \u0111\u00f4i m\u00f4i m\u00e0u xanh lam, \u0111i\u1ec3m \u1edf l\u01b0ng m\u00e0u xanh \u0111en \u0111\u1eadm n\u01a1i \u0111\u1ea7u n\u1ed1i v\u1edbi c\u01a1 th\u1ec3 v\u00e0 m\u1ed9t \u0111i\u1ec3m r\u00e1m n\u1eafng nh\u1eb9 ph\u00eda sau m\u1eaft.<\/p>\n","protected":false},"featured_media":224,"comment_status":"open","ping_status":"closed","template":"","meta":[],"product_cat":[44,43],"product_tag":[],"class_list":{"0":"post-223","1":"product","2":"type-product","3":"status-publish","4":"has-post-thumbnail","6":"product_cat-ca","7":"product_cat-sinh-vat-thuy-sinh","8":"pa_nha-cung-cap-nhap-khau","10":"first","11":"instock","12":"shipping-taxable","13":"purchasable","14":"product-type-simple"},"yoast_head":"<!-- This site is optimized with the Yoast SEO plugin v22.6 - https:\/\/yoast.com\/wordpress\/plugins\/seo\/ -->\n<title>C\u00e1 Ho\u00e0ng Y\u1ebfn - Flagfin Angelfish - M\u1eabu web b\u00e1n h\u00e0ng c\u00e1 c\u1ea3nh th\u1ee7y sinh<\/title>\n<meta name=\"robots\" content=\"index, follow, max-snippet:-1, max-image-preview:large, max-video-preview:-1\" \/>\n<link rel=\"canonical\" href=\"https:\/\/khogiaodienmau.net\/hoca\/ca-hoang-yen-flagfin-angelfish\/\" \/>\n<meta property=\"og:locale\" content=\"vi_VN\" \/>\n<meta property=\"og:type\" content=\"article\" \/>\n<meta property=\"og:title\" content=\"C\u00e1 Ho\u00e0ng Y\u1ebfn - Flagfin Angelfish - M\u1eabu web b\u00e1n h\u00e0ng c\u00e1 c\u1ea3nh th\u1ee7y sinh\" \/>\n<meta property=\"og:description\" content=\"C\u00e1 Ho\u00e0ng Y\u1ebfn,\u00a0 c\u00f3 m\u00e0u v\u00e0ng r\u1ef1c r\u1ee1 v\u1edbi \u0111\u00f4i m\u00f4i m\u00e0u xanh lam, \u0111i\u1ec3m \u1edf l\u01b0ng m\u00e0u xanh \u0111en \u0111\u1eadm n\u01a1i \u0111\u1ea7u n\u1ed1i v\u1edbi c\u01a1 th\u1ec3 v\u00e0 m\u1ed9t \u0111i\u1ec3m r\u00e1m n\u1eafng nh\u1eb9 ph\u00eda sau m\u1eaft.\" \/>\n<meta property=\"og:url\" content=\"https:\/\/khogiaodienmau.net\/hoca\/ca-hoang-yen-flagfin-angelfish\/\" \/>\n<meta property=\"og:site_name\" content=\"M\u1eabu web b\u00e1n h\u00e0ng c\u00e1 c\u1ea3nh th\u1ee7y sinh\" \/>\n<meta property=\"article:modified_time\" content=\"2023-12-19T07:50:47+00:00\" \/>\n<meta property=\"og:image\" content=\"https:\/\/khogiaodienmau.net\/hoca\/wp-content\/uploads\/2021\/07\/sp6.jpg\" \/>\n\t<meta property=\"og:image:width\" content=\"500\" \/>\n\t<meta property=\"og:image:height\" content=\"500\" \/>\n\t<meta property=\"og:image:type\" content=\"image\/jpeg\" \/>\n<meta name=\"twitter:card\" content=\"summary_large_image\" \/>\n<meta name=\"twitter:label1\" content=\"Gi\u00e1\" \/>\n\t<meta name=\"twitter:data1\" content=\"150.000&#8363;\" \/>\n\t<meta name=\"twitter:label2\" content=\"Kh\u1ea3 d\u1ee5ng\" \/>\n\t<meta name=\"twitter:data2\" content=\"Trong kho\" \/>\n<script type=\"application\/ld+json\" class=\"yoast-schema-graph\">{\"@context\":\"https:\/\/schema.org\",\"@graph\":[{\"@type\":\"WebPage\",\"@id\":\"https:\/\/khogiaodienmau.net\/hoca\/ca-hoang-yen-flagfin-angelfish\/\",\"url\":\"https:\/\/khogiaodienmau.net\/hoca\/ca-hoang-yen-flagfin-angelfish\/\",\"name\":\"C\u00e1 Ho\u00e0ng Y\u1ebfn - Flagfin Angelfish - M\u1eabu web b\u00e1n h\u00e0ng c\u00e1 c\u1ea3nh th\u1ee7y sinh\",\"isPartOf\":{\"@id\":\"https:\/\/khogiaodienmau.net\/hoca\/#website\"},\"primaryImageOfPage\":{\"@id\":\"https:\/\/khogiaodienmau.net\/hoca\/ca-hoang-yen-flagfin-angelfish\/#primaryimage\"},\"image\":{\"@id\":\"https:\/\/khogiaodienmau.net\/hoca\/ca-hoang-yen-flagfin-angelfish\/#primaryimage\"},\"thumbnailUrl\":\"https:\/\/khogiaodienmau.net\/hoca\/wp-content\/uploads\/2021\/07\/sp6.jpg\",\"datePublished\":\"2021-07-31T01:49:33+00:00\",\"dateModified\":\"2023-12-19T07:50:47+00:00\",\"breadcrumb\":{\"@id\":\"https:\/\/khogiaodienmau.net\/hoca\/ca-hoang-yen-flagfin-angelfish\/#breadcrumb\"},\"inLanguage\":\"vi\",\"potentialAction\":[{\"@type\":\"ReadAction\",\"target\":[\"https:\/\/khogiaodienmau.net\/hoca\/ca-hoang-yen-flagfin-angelfish\/\"]}]},{\"@type\":\"ImageObject\",\"inLanguage\":\"vi\",\"@id\":\"https:\/\/khogiaodienmau.net\/hoca\/ca-hoang-yen-flagfin-angelfish\/#primaryimage\",\"url\":\"https:\/\/khogiaodienmau.net\/hoca\/wp-content\/uploads\/2021\/07\/sp6.jpg\",\"contentUrl\":\"https:\/\/khogiaodienmau.net\/hoca\/wp-content\/uploads\/2021\/07\/sp6.jpg\",\"width\":500,\"height\":500},{\"@type\":\"BreadcrumbList\",\"@id\":\"https:\/\/khogiaodienmau.net\/hoca\/ca-hoang-yen-flagfin-angelfish\/#breadcrumb\",\"itemListElement\":[{\"@type\":\"ListItem\",\"position\":1,\"name\":\"Trang ch\u1ee7\",\"item\":\"https:\/\/khogiaodienmau.net\/hoca\/\"},{\"@type\":\"ListItem\",\"position\":2,\"name\":\"C\u1eeda h\u00e0ng\",\"item\":\"https:\/\/khogiaodienmau.net\/hoca\/cua-hang\/\"},{\"@type\":\"ListItem\",\"position\":3,\"name\":\"Sinh v\u1eadt th\u1ee7y sinh\",\"item\":\"https:\/\/khogiaodienmau.net\/hoca\/danh-muc\/sinh-vat-thuy-sinh\/\"},{\"@type\":\"ListItem\",\"position\":4,\"name\":\"C\u00e1\",\"item\":\"https:\/\/khogiaodienmau.net\/hoca\/danh-muc\/sinh-vat-thuy-sinh\/ca\/\"},{\"@type\":\"ListItem\",\"position\":5,\"name\":\"C\u00e1 Ho\u00e0ng Y\u1ebfn &#8211; Flagfin Angelfish\"}]},{\"@type\":\"WebSite\",\"@id\":\"https:\/\/khogiaodienmau.net\/hoca\/#website\",\"url\":\"https:\/\/khogiaodienmau.net\/hoca\/\",\"name\":\"M\u1eabu web b\u00e1n h\u00e0ng c\u00e1 c\u1ea3nh th\u1ee7y sinh\",\"description\":\"Theme web, theme wordpress, theme web b\u00e1n h\u00e0ng, theme web t\u1ed5ng h\u1ee3p, m\u1eabu web b\u00e1n h\u00e0ng, m\u1eabu web \u0111\u1eb9p. Ch\u1ec9 c\u1ea7n 5 ph\u00fat c\u00e0i \u0111\u1eb7t l\u00e0 c\u00f3 ngay website ho\u00e0n ch\u1ec9nh, d\u1ec5 d\u00e0ng t\u00f9y bi\u1ebfn v\u00e0 thay \u0111\u1ed5i th\u00f4ng tin tr\u00ean web\",\"potentialAction\":[{\"@type\":\"SearchAction\",\"target\":{\"@type\":\"EntryPoint\",\"urlTemplate\":\"https:\/\/khogiaodienmau.net\/hoca\/?s={search_term_string}\"},\"query-input\":\"required name=search_term_string\"}],\"inLanguage\":\"vi\"}]}<\/script>\n<meta property=\"product:price:amount\" content=\"150000\" \/>\n<meta property=\"product:price:currency\" content=\"VND\" \/>\n<meta property=\"og:availability\" content=\"instock\" \/>\n<meta property=\"product:availability\" content=\"instock\" \/>\n<meta property=\"product:condition\" content=\"new\" \/>\n<!-- \/ Yoast SEO plugin. -->","yoast_head_json":{"title":"C\u00e1 Ho\u00e0ng Y\u1ebfn - Flagfin Angelfish - M\u1eabu web b\u00e1n h\u00e0ng c\u00e1 c\u1ea3nh th\u1ee7y sinh","robots":{"index":"index","follow":"follow","max-snippet":"max-snippet:-1","max-image-preview":"max-image-preview:large","max-video-preview":"max-video-preview:-1"},"canonical":"https:\/\/khogiaodienmau.net\/hoca\/ca-hoang-yen-flagfin-angelfish\/","og_locale":"vi_VN","og_type":"article","og_title":"C\u00e1 Ho\u00e0ng Y\u1ebfn - Flagfin Angelfish - M\u1eabu web b\u00e1n h\u00e0ng c\u00e1 c\u1ea3nh th\u1ee7y sinh","og_description":"C\u00e1 Ho\u00e0ng Y\u1ebfn,\u00a0 c\u00f3 m\u00e0u v\u00e0ng r\u1ef1c r\u1ee1 v\u1edbi \u0111\u00f4i m\u00f4i m\u00e0u xanh lam, \u0111i\u1ec3m \u1edf l\u01b0ng m\u00e0u xanh \u0111en \u0111\u1eadm n\u01a1i \u0111\u1ea7u n\u1ed1i v\u1edbi c\u01a1 th\u1ec3 v\u00e0 m\u1ed9t \u0111i\u1ec3m r\u00e1m n\u1eafng nh\u1eb9 ph\u00eda sau m\u1eaft.","og_url":"https:\/\/khogiaodienmau.net\/hoca\/ca-hoang-yen-flagfin-angelfish\/","og_site_name":"M\u1eabu web b\u00e1n h\u00e0ng c\u00e1 c\u1ea3nh th\u1ee7y sinh","article_modified_time":"2023-12-19T07:50:47+00:00","og_image":[{"width":500,"height":500,"url":"https:\/\/khogiaodienmau.net\/hoca\/wp-content\/uploads\/2021\/07\/sp6.jpg","type":"image\/jpeg"}],"twitter_card":"summary_large_image","twitter_misc":{"Gi\u00e1":"150.000&#8363;","Kh\u1ea3 d\u1ee5ng":"Trong kho"},"schema":{"@context":"https:\/\/schema.org","@graph":[{"@type":"WebPage","@id":"https:\/\/khogiaodienmau.net\/hoca\/ca-hoang-yen-flagfin-angelfish\/","url":"https:\/\/khogiaodienmau.net\/hoca\/ca-hoang-yen-flagfin-angelfish\/","name":"C\u00e1 Ho\u00e0ng Y\u1ebfn - Flagfin Angelfish - M\u1eabu web b\u00e1n h\u00e0ng c\u00e1 c\u1ea3nh th\u1ee7y sinh","isPartOf":{"@id":"https:\/\/khogiaodienmau.net\/hoca\/#website"},"primaryImageOfPage":{"@id":"https:\/\/khogiaodienmau.net\/hoca\/ca-hoang-yen-flagfin-angelfish\/#primaryimage"},"image":{"@id":"https:\/\/khogiaodienmau.net\/hoca\/ca-hoang-yen-flagfin-angelfish\/#primaryimage"},"thumbnailUrl":"https:\/\/khogiaodienmau.net\/hoca\/wp-content\/uploads\/2021\/07\/sp6.jpg","datePublished":"2021-07-31T01:49:33+00:00","dateModified":"2023-12-19T07:50:47+00:00","breadcrumb":{"@id":"https:\/\/khogiaodienmau.net\/hoca\/ca-hoang-yen-flagfin-angelfish\/#breadcrumb"},"inLanguage":"vi","potentialAction":[{"@type":"ReadAction","target":["https:\/\/khogiaodienmau.net\/hoca\/ca-hoang-yen-flagfin-angelfish\/"]}]},{"@type":"ImageObject","inLanguage":"vi","@id":"https:\/\/khogiaodienmau.net\/hoca\/ca-hoang-yen-flagfin-angelfish\/#primaryimage","url":"https:\/\/khogiaodienmau.net\/hoca\/wp-content\/uploads\/2021\/07\/sp6.jpg","contentUrl":"https:\/\/khogiaodienmau.net\/hoca\/wp-content\/uploads\/2021\/07\/sp6.jpg","width":500,"height":500},{"@type":"BreadcrumbList","@id":"https:\/\/khogiaodienmau.net\/hoca\/ca-hoang-yen-flagfin-angelfish\/#breadcrumb","itemListElement":[{"@type":"ListItem","position":1,"name":"Trang ch\u1ee7","item":"https:\/\/khogiaodienmau.net\/hoca\/"},{"@type":"ListItem","position":2,"name":"C\u1eeda h\u00e0ng","item":"https:\/\/khogiaodienmau.net\/hoca\/cua-hang\/"},{"@type":"ListItem","position":3,"name":"Sinh v\u1eadt th\u1ee7y sinh","item":"https:\/\/khogiaodienmau.net\/hoca\/danh-muc\/sinh-vat-thuy-sinh\/"},{"@type":"ListItem","position":4,"name":"C\u00e1","item":"https:\/\/khogiaodienmau.net\/hoca\/danh-muc\/sinh-vat-thuy-sinh\/ca\/"},{"@type":"ListItem","position":5,"name":"C\u00e1 Ho\u00e0ng Y\u1ebfn &#8211; Flagfin Angelfish"}]},{"@type":"WebSite","@id":"https:\/\/khogiaodienmau.net\/hoca\/#website","url":"https:\/\/khogiaodienmau.net\/hoca\/","name":"M\u1eabu web b\u00e1n h\u00e0ng c\u00e1 c\u1ea3nh th\u1ee7y sinh","description":"Theme web, theme wordpress, theme web b\u00e1n h\u00e0ng, theme web t\u1ed5ng h\u1ee3p, m\u1eabu web b\u00e1n h\u00e0ng, m\u1eabu web \u0111\u1eb9p. Ch\u1ec9 c\u1ea7n 5 ph\u00fat c\u00e0i \u0111\u1eb7t l\u00e0 c\u00f3 ngay website ho\u00e0n ch\u1ec9nh, d\u1ec5 d\u00e0ng t\u00f9y bi\u1ebfn v\u00e0 thay \u0111\u1ed5i th\u00f4ng tin tr\u00ean web","potentialAction":[{"@type":"SearchAction","target":{"@type":"EntryPoint","urlTemplate":"https:\/\/khogiaodienmau.net\/hoca\/?s={search_term_string}"},"query-input":"required name=search_term_string"}],"inLanguage":"vi"}]},"product_price_amount":"150000","product_price_currency":"VND","og_availability":"instock","product_availability":"instock","product_condition":"new"},"_links":{"self":[{"href":"https:\/\/khogiaodienmau.net\/hoca\/wp-json\/wp\/v2\/product\/223","targetHints":{"allow":["GET"]}}],"collection":[{"href":"https:\/\/khogiaodienmau.net\/hoca\/wp-json\/wp\/v2\/product"}],"about":[{"href":"https:\/\/khogiaodienmau.net\/hoca\/wp-json\/wp\/v2\/types\/product"}],"replies":[{"embeddable":true,"href":"https:\/\/khogiaodienmau.net\/hoca\/wp-json\/wp\/v2\/comments?post=223"}],"wp:featuredmedia":[{"embeddable":true,"href":"https:\/\/khogiaodienmau.net\/hoca\/wp-json\/wp\/v2\/media\/224"}],"wp:attachment":[{"href":"https:\/\/khogiaodienmau.net\/hoca\/wp-json\/wp\/v2\/media?parent=223"}],"wp:term":[{"taxonomy":"product_cat","embeddable":true,"href":"https:\/\/khogiaodienmau.net\/hoca\/wp-json\/wp\/v2\/product_cat?post=223"},{"taxonomy":"product_tag","embeddable":true,"href":"https:\/\/khogiaodienmau.net\/hoca\/wp-json\/wp\/v2\/product_tag?post=223"}],"curies":[{"name":"wp","href":"https:\/\/api.w.org\/{rel}","templated":true}]}}