{"id":219,"date":"2021-07-31T08:46:35","date_gmt":"2021-07-31T01:46:35","guid":{"rendered":"http:\/\/thuysinh.toptheme.info\/?post_type=product&#038;p=219"},"modified":"2023-12-19T14:50:47","modified_gmt":"2023-12-19T07:50:47","slug":"balling-carbonate-mix-chiet-0-5-kg-bot-pha-bo-sung-kh","status":"publish","type":"product","link":"https:\/\/khogiaodienmau.net\/hoca\/balling-carbonate-mix-chiet-0-5-kg-bot-pha-bo-sung-kh\/","title":{"rendered":"Balling Carbonate Mix Chi\u1ebft 0.5 KG &#8211; B\u1ed9t Pha B\u1ed5 Sung KH"},"content":{"rendered":"<p>Balling Carbonate Mix\u00a0l\u00e0 h\u1ed7n h\u1ee3p mu\u1ed1i Sodium Bicarbonate\u00a0tinh khi\u1ebft b\u1ed5 sung \u00e1p d\u1ee5ng cho ph\u01b0\u01a1ng ph\u00e1p b\u01a1m h\u00f3a ch\u1ea5t s\u1eed d\u1ee5ng b\u01a1m vi l\u01b0\u1ee3ng (Balling Light). S\u1ea3n ph\u1ea9m ch\u1ea5t l\u01b0\u1ee3ng cao v\u00e0 ti\u1ebft ki\u1ec7m.<\/p>\n<p>Gi\u00e1 tr\u1ecb KH l\u00fd t\u01b0\u1edfng l\u00e0\u00a08-12\u00a0dKH<\/p>\n<p><strong>C\u00e1ch Pha :\u00a0<\/strong><\/p>\n<p>&#8211; 500g pha v\u1edbi 3L n\u01b0\u1edbc , sau \u0111\u00f3 khu\u1ea5y \u0111\u1ec1u cho b\u1ed9t tan h\u1ebft , ti\u1ebfp t\u1ee5c cho th\u00eam n\u01b0\u1edbc \u0111\u1ec3 \u0111\u1ea1t th\u00e0nh ph\u1ea9m l\u00e0 5L dung d\u1ecbch\u00a0<strong>Balling Carbonate .<\/strong><\/p>\n<p><strong>Li\u1ec1u d\u00f9ng :<\/strong><\/p>\n<p>&#8211; S\u1eed d\u1ee5ng 2 ml cho 100L n\u01b0\u1edbc s\u1ebd t\u0103ng KH trong h\u1ed3 l\u00ean 0.1dKH<\/p>\n<p>&#8211;\u00a0Li\u1ec1u l\u01b0\u1ee3ng s\u1eed d\u1ee5ng trung b\u00ecnh h\u00e0ng ng\u00e0y \/100l n\u01b0\u1edbc ( tham kh\u1ea3o ):<\/p>\n<p>* B\u1ec3 San h\u00f4 h\u1ed7n h\u1ee3p\u00a0: 18 ml<\/p>\n<p>* B\u1ec3 SPS Frag : 36 ml<\/p>\n<p>* B\u1ec3 SPS Dominant :\u00a024 ml<\/p>\n<p>* B\u1ec3 Dinh d\u01b0\u1ee1ng \u1edf m\u1ee9c r\u1ea5t th\u1ea5p : 12 ml<\/p>\n<p><strong>L\u01b0u \u00fd :<\/strong><\/p>\n<p>&#8211; B\u1eaft \u0111\u1ea7u b\u1eb1ng c\u00e1ch ch\u00e2m magi\u00ea, sau \u0111\u00f3 l\u00e0 canxi v\u00e0 cacbonat.<\/p>\n<p>&#8211; N\u00ean\u00a0c\u00e1ch nhau kho\u1ea3ng 10 ph\u00fat\u00a0gi\u1eefa c\u00e1c l\u1ea7n ch\u00e2m h\u00f3a ch\u1ea5t kh\u00e1c nhau.<\/p>\n<p><strong>&#8211;\u00a0<\/strong>L\u1eafc \u0111\u1ec1u tr\u01b0\u1edbc khi s\u1eed d\u1ee5ng .<\/p>\n<p>&nbsp;<\/p>\n<p>\u0110\u1ec3 t\u0103ng c\u01b0\u1eddng \u0111\u00e1ng k\u1ec3 m\u00e0u s\u1eafc v\u00e0 k\u00edch th\u00edch t\u0103ng tr\u01b0\u1edfng c\u1ee7a san h\u00f4, s\u1eed d\u1ee5ng k\u1ebft h\u1ee3p v\u1edbi\u00a0Balling Trace 1,2,3<\/p>\n<p>Vi\u1ec7c b\u1ed5 sung di\u1ec5n ra c\u00e0ng th\u01b0\u1eddng xuy\u00ean \u2013 th\u00ec b\u1ec3 san h\u00f4 c\u1ee7a b\u1ea1n c\u00e0ng \u1ed5n \u0111\u1ecbnh. Do \u0111\u00f3, ch\u00fang t\u00f4i khuy\u00ean d\u00f9ng nh\u1eefng m\u00e1y b\u01a1m vi l\u01b0\u1ee3ng c\u00f3 ch\u1ea5t l\u01b0\u1ee3ng v\u00e0 \u0111\u1ed9 ch\u00ednh x\u00e1c cao nh\u01b0 Kamoer ho\u1eb7c GHL<\/p>\n<p><strong>Balling Carbonate<\/strong>\u00a0tu\u00e2n th\u1ee7 m\u1ee9c \u0111\u1ed9 tinh khi\u1ebft v\u1edbi c\u00e1c nguy\u00ean li\u1ec7u \u0111\u01b0\u1ee3c s\u1eed d\u1ee5ng \u0111\u1ec3 l\u00e0m d\u01b0\u1ee3c ph\u1ea9m v\u00e0 \u0111\u01b0\u1ee3c \u0111\u00f3ng g\u00f3i \u0111\u1ea1t ti\u00eau chu\u1ea9n \u0110\u1ee9c.<\/p>\n","protected":false},"excerpt":{"rendered":"<p>Balling Carbonate Mix\u00a0l\u00e0 h\u1ed7n h\u1ee3p mu\u1ed1i Sodium Bicarbonate\u00a0tinh khi\u1ebft b\u1ed5 sung \u00e1p d\u1ee5ng cho ph\u01b0\u01a1ng ph\u00e1p b\u01a1m h\u00f3a ch\u1ea5t s\u1eed d\u1ee5ng b\u01a1m vi l\u01b0\u1ee3ng (Balling Light). S\u1ea3n ph\u1ea9m ch\u1ea5t l\u01b0\u1ee3ng cao v\u00e0 ti\u1ebft ki\u1ec7m.<\/p>\n","protected":false},"featured_media":220,"comment_status":"open","ping_status":"closed","template":"","meta":[],"product_cat":[36,38],"product_tag":[],"class_list":{"0":"post-219","1":"product","2":"type-product","3":"status-publish","4":"has-post-thumbnail","6":"product_cat-hoa-chat","7":"product_cat-khu-no3po3","8":"pa_nha-cung-cap-nhap-khau","10":"first","11":"instock","12":"shipping-taxable","13":"purchasable","14":"product-type-simple"},"yoast_head":"<!-- This site is optimized with the Yoast SEO plugin v22.6 - https:\/\/yoast.com\/wordpress\/plugins\/seo\/ -->\n<title>Balling Carbonate Mix Chi\u1ebft 0.5 KG - B\u1ed9t Pha B\u1ed5 Sung KH - M\u1eabu web b\u00e1n h\u00e0ng c\u00e1 c\u1ea3nh th\u1ee7y sinh<\/title>\n<meta name=\"robots\" content=\"index, follow, max-snippet:-1, max-image-preview:large, max-video-preview:-1\" \/>\n<link rel=\"canonical\" href=\"https:\/\/khogiaodienmau.net\/hoca\/balling-carbonate-mix-chiet-0-5-kg-bot-pha-bo-sung-kh\/\" \/>\n<meta property=\"og:locale\" content=\"vi_VN\" \/>\n<meta property=\"og:type\" content=\"article\" \/>\n<meta property=\"og:title\" content=\"Balling Carbonate Mix Chi\u1ebft 0.5 KG - B\u1ed9t Pha B\u1ed5 Sung KH - M\u1eabu web b\u00e1n h\u00e0ng c\u00e1 c\u1ea3nh th\u1ee7y sinh\" \/>\n<meta property=\"og:description\" content=\"Balling Carbonate Mix\u00a0l\u00e0 h\u1ed7n h\u1ee3p mu\u1ed1i Sodium Bicarbonate\u00a0tinh khi\u1ebft b\u1ed5 sung \u00e1p d\u1ee5ng cho ph\u01b0\u01a1ng ph\u00e1p b\u01a1m h\u00f3a ch\u1ea5t s\u1eed d\u1ee5ng b\u01a1m vi l\u01b0\u1ee3ng (Balling Light). S\u1ea3n ph\u1ea9m ch\u1ea5t l\u01b0\u1ee3ng cao v\u00e0 ti\u1ebft ki\u1ec7m.\" \/>\n<meta property=\"og:url\" content=\"https:\/\/khogiaodienmau.net\/hoca\/balling-carbonate-mix-chiet-0-5-kg-bot-pha-bo-sung-kh\/\" \/>\n<meta property=\"og:site_name\" content=\"M\u1eabu web b\u00e1n h\u00e0ng c\u00e1 c\u1ea3nh th\u1ee7y sinh\" \/>\n<meta property=\"article:modified_time\" content=\"2023-12-19T07:50:47+00:00\" \/>\n<meta property=\"og:image\" content=\"https:\/\/khogiaodienmau.net\/hoca\/wp-content\/uploads\/2021\/07\/sp5.jpg\" \/>\n\t<meta property=\"og:image:width\" content=\"500\" \/>\n\t<meta property=\"og:image:height\" content=\"500\" \/>\n\t<meta property=\"og:image:type\" content=\"image\/jpeg\" \/>\n<meta name=\"twitter:card\" content=\"summary_large_image\" \/>\n<meta name=\"twitter:label1\" content=\"Gi\u00e1\" \/>\n\t<meta name=\"twitter:data1\" content=\"560.000&#8363;\" \/>\n\t<meta name=\"twitter:label2\" content=\"Kh\u1ea3 d\u1ee5ng\" \/>\n\t<meta name=\"twitter:data2\" content=\"Trong kho\" \/>\n<script type=\"application\/ld+json\" class=\"yoast-schema-graph\">{\"@context\":\"https:\/\/schema.org\",\"@graph\":[{\"@type\":\"WebPage\",\"@id\":\"https:\/\/khogiaodienmau.net\/hoca\/balling-carbonate-mix-chiet-0-5-kg-bot-pha-bo-sung-kh\/\",\"url\":\"https:\/\/khogiaodienmau.net\/hoca\/balling-carbonate-mix-chiet-0-5-kg-bot-pha-bo-sung-kh\/\",\"name\":\"Balling Carbonate Mix Chi\u1ebft 0.5 KG - B\u1ed9t Pha B\u1ed5 Sung KH - M\u1eabu web b\u00e1n h\u00e0ng c\u00e1 c\u1ea3nh th\u1ee7y sinh\",\"isPartOf\":{\"@id\":\"https:\/\/khogiaodienmau.net\/hoca\/#website\"},\"primaryImageOfPage\":{\"@id\":\"https:\/\/khogiaodienmau.net\/hoca\/balling-carbonate-mix-chiet-0-5-kg-bot-pha-bo-sung-kh\/#primaryimage\"},\"image\":{\"@id\":\"https:\/\/khogiaodienmau.net\/hoca\/balling-carbonate-mix-chiet-0-5-kg-bot-pha-bo-sung-kh\/#primaryimage\"},\"thumbnailUrl\":\"https:\/\/khogiaodienmau.net\/hoca\/wp-content\/uploads\/2021\/07\/sp5.jpg\",\"datePublished\":\"2021-07-31T01:46:35+00:00\",\"dateModified\":\"2023-12-19T07:50:47+00:00\",\"breadcrumb\":{\"@id\":\"https:\/\/khogiaodienmau.net\/hoca\/balling-carbonate-mix-chiet-0-5-kg-bot-pha-bo-sung-kh\/#breadcrumb\"},\"inLanguage\":\"vi\",\"potentialAction\":[{\"@type\":\"ReadAction\",\"target\":[\"https:\/\/khogiaodienmau.net\/hoca\/balling-carbonate-mix-chiet-0-5-kg-bot-pha-bo-sung-kh\/\"]}]},{\"@type\":\"ImageObject\",\"inLanguage\":\"vi\",\"@id\":\"https:\/\/khogiaodienmau.net\/hoca\/balling-carbonate-mix-chiet-0-5-kg-bot-pha-bo-sung-kh\/#primaryimage\",\"url\":\"https:\/\/khogiaodienmau.net\/hoca\/wp-content\/uploads\/2021\/07\/sp5.jpg\",\"contentUrl\":\"https:\/\/khogiaodienmau.net\/hoca\/wp-content\/uploads\/2021\/07\/sp5.jpg\",\"width\":500,\"height\":500},{\"@type\":\"BreadcrumbList\",\"@id\":\"https:\/\/khogiaodienmau.net\/hoca\/balling-carbonate-mix-chiet-0-5-kg-bot-pha-bo-sung-kh\/#breadcrumb\",\"itemListElement\":[{\"@type\":\"ListItem\",\"position\":1,\"name\":\"Trang ch\u1ee7\",\"item\":\"https:\/\/khogiaodienmau.net\/hoca\/\"},{\"@type\":\"ListItem\",\"position\":2,\"name\":\"C\u1eeda h\u00e0ng\",\"item\":\"https:\/\/khogiaodienmau.net\/hoca\/cua-hang\/\"},{\"@type\":\"ListItem\",\"position\":3,\"name\":\"H\u00f3a ch\u1ea5t\",\"item\":\"https:\/\/khogiaodienmau.net\/hoca\/danh-muc\/hoa-chat\/\"},{\"@type\":\"ListItem\",\"position\":4,\"name\":\"Kh\u1eed No3Po3\",\"item\":\"https:\/\/khogiaodienmau.net\/hoca\/danh-muc\/hoa-chat\/khu-no3po3\/\"},{\"@type\":\"ListItem\",\"position\":5,\"name\":\"Balling Carbonate Mix Chi\u1ebft 0.5 KG &#8211; B\u1ed9t Pha B\u1ed5 Sung KH\"}]},{\"@type\":\"WebSite\",\"@id\":\"https:\/\/khogiaodienmau.net\/hoca\/#website\",\"url\":\"https:\/\/khogiaodienmau.net\/hoca\/\",\"name\":\"M\u1eabu web b\u00e1n h\u00e0ng c\u00e1 c\u1ea3nh th\u1ee7y sinh\",\"description\":\"Theme web, theme wordpress, theme web b\u00e1n h\u00e0ng, theme web t\u1ed5ng h\u1ee3p, m\u1eabu web b\u00e1n h\u00e0ng, m\u1eabu web \u0111\u1eb9p. Ch\u1ec9 c\u1ea7n 5 ph\u00fat c\u00e0i \u0111\u1eb7t l\u00e0 c\u00f3 ngay website ho\u00e0n ch\u1ec9nh, d\u1ec5 d\u00e0ng t\u00f9y bi\u1ebfn v\u00e0 thay \u0111\u1ed5i th\u00f4ng tin tr\u00ean web\",\"potentialAction\":[{\"@type\":\"SearchAction\",\"target\":{\"@type\":\"EntryPoint\",\"urlTemplate\":\"https:\/\/khogiaodienmau.net\/hoca\/?s={search_term_string}\"},\"query-input\":\"required name=search_term_string\"}],\"inLanguage\":\"vi\"}]}<\/script>\n<meta property=\"product:price:amount\" content=\"560000\" \/>\n<meta property=\"product:price:currency\" content=\"VND\" \/>\n<meta property=\"og:availability\" content=\"instock\" \/>\n<meta property=\"product:availability\" content=\"instock\" \/>\n<meta property=\"product:condition\" content=\"new\" \/>\n<!-- \/ Yoast SEO plugin. -->","yoast_head_json":{"title":"Balling Carbonate Mix Chi\u1ebft 0.5 KG - B\u1ed9t Pha B\u1ed5 Sung KH - M\u1eabu web b\u00e1n h\u00e0ng c\u00e1 c\u1ea3nh th\u1ee7y sinh","robots":{"index":"index","follow":"follow","max-snippet":"max-snippet:-1","max-image-preview":"max-image-preview:large","max-video-preview":"max-video-preview:-1"},"canonical":"https:\/\/khogiaodienmau.net\/hoca\/balling-carbonate-mix-chiet-0-5-kg-bot-pha-bo-sung-kh\/","og_locale":"vi_VN","og_type":"article","og_title":"Balling Carbonate Mix Chi\u1ebft 0.5 KG - B\u1ed9t Pha B\u1ed5 Sung KH - M\u1eabu web b\u00e1n h\u00e0ng c\u00e1 c\u1ea3nh th\u1ee7y sinh","og_description":"Balling Carbonate Mix\u00a0l\u00e0 h\u1ed7n h\u1ee3p mu\u1ed1i Sodium Bicarbonate\u00a0tinh khi\u1ebft b\u1ed5 sung \u00e1p d\u1ee5ng cho ph\u01b0\u01a1ng ph\u00e1p b\u01a1m h\u00f3a ch\u1ea5t s\u1eed d\u1ee5ng b\u01a1m vi l\u01b0\u1ee3ng (Balling Light). S\u1ea3n ph\u1ea9m ch\u1ea5t l\u01b0\u1ee3ng cao v\u00e0 ti\u1ebft ki\u1ec7m.","og_url":"https:\/\/khogiaodienmau.net\/hoca\/balling-carbonate-mix-chiet-0-5-kg-bot-pha-bo-sung-kh\/","og_site_name":"M\u1eabu web b\u00e1n h\u00e0ng c\u00e1 c\u1ea3nh th\u1ee7y sinh","article_modified_time":"2023-12-19T07:50:47+00:00","og_image":[{"width":500,"height":500,"url":"https:\/\/khogiaodienmau.net\/hoca\/wp-content\/uploads\/2021\/07\/sp5.jpg","type":"image\/jpeg"}],"twitter_card":"summary_large_image","twitter_misc":{"Gi\u00e1":"560.000&#8363;","Kh\u1ea3 d\u1ee5ng":"Trong kho"},"schema":{"@context":"https:\/\/schema.org","@graph":[{"@type":"WebPage","@id":"https:\/\/khogiaodienmau.net\/hoca\/balling-carbonate-mix-chiet-0-5-kg-bot-pha-bo-sung-kh\/","url":"https:\/\/khogiaodienmau.net\/hoca\/balling-carbonate-mix-chiet-0-5-kg-bot-pha-bo-sung-kh\/","name":"Balling Carbonate Mix Chi\u1ebft 0.5 KG - B\u1ed9t Pha B\u1ed5 Sung KH - M\u1eabu web b\u00e1n h\u00e0ng c\u00e1 c\u1ea3nh th\u1ee7y sinh","isPartOf":{"@id":"https:\/\/khogiaodienmau.net\/hoca\/#website"},"primaryImageOfPage":{"@id":"https:\/\/khogiaodienmau.net\/hoca\/balling-carbonate-mix-chiet-0-5-kg-bot-pha-bo-sung-kh\/#primaryimage"},"image":{"@id":"https:\/\/khogiaodienmau.net\/hoca\/balling-carbonate-mix-chiet-0-5-kg-bot-pha-bo-sung-kh\/#primaryimage"},"thumbnailUrl":"https:\/\/khogiaodienmau.net\/hoca\/wp-content\/uploads\/2021\/07\/sp5.jpg","datePublished":"2021-07-31T01:46:35+00:00","dateModified":"2023-12-19T07:50:47+00:00","breadcrumb":{"@id":"https:\/\/khogiaodienmau.net\/hoca\/balling-carbonate-mix-chiet-0-5-kg-bot-pha-bo-sung-kh\/#breadcrumb"},"inLanguage":"vi","potentialAction":[{"@type":"ReadAction","target":["https:\/\/khogiaodienmau.net\/hoca\/balling-carbonate-mix-chiet-0-5-kg-bot-pha-bo-sung-kh\/"]}]},{"@type":"ImageObject","inLanguage":"vi","@id":"https:\/\/khogiaodienmau.net\/hoca\/balling-carbonate-mix-chiet-0-5-kg-bot-pha-bo-sung-kh\/#primaryimage","url":"https:\/\/khogiaodienmau.net\/hoca\/wp-content\/uploads\/2021\/07\/sp5.jpg","contentUrl":"https:\/\/khogiaodienmau.net\/hoca\/wp-content\/uploads\/2021\/07\/sp5.jpg","width":500,"height":500},{"@type":"BreadcrumbList","@id":"https:\/\/khogiaodienmau.net\/hoca\/balling-carbonate-mix-chiet-0-5-kg-bot-pha-bo-sung-kh\/#breadcrumb","itemListElement":[{"@type":"ListItem","position":1,"name":"Trang ch\u1ee7","item":"https:\/\/khogiaodienmau.net\/hoca\/"},{"@type":"ListItem","position":2,"name":"C\u1eeda h\u00e0ng","item":"https:\/\/khogiaodienmau.net\/hoca\/cua-hang\/"},{"@type":"ListItem","position":3,"name":"H\u00f3a ch\u1ea5t","item":"https:\/\/khogiaodienmau.net\/hoca\/danh-muc\/hoa-chat\/"},{"@type":"ListItem","position":4,"name":"Kh\u1eed No3Po3","item":"https:\/\/khogiaodienmau.net\/hoca\/danh-muc\/hoa-chat\/khu-no3po3\/"},{"@type":"ListItem","position":5,"name":"Balling Carbonate Mix Chi\u1ebft 0.5 KG &#8211; B\u1ed9t Pha B\u1ed5 Sung KH"}]},{"@type":"WebSite","@id":"https:\/\/khogiaodienmau.net\/hoca\/#website","url":"https:\/\/khogiaodienmau.net\/hoca\/","name":"M\u1eabu web b\u00e1n h\u00e0ng c\u00e1 c\u1ea3nh th\u1ee7y sinh","description":"Theme web, theme wordpress, theme web b\u00e1n h\u00e0ng, theme web t\u1ed5ng h\u1ee3p, m\u1eabu web b\u00e1n h\u00e0ng, m\u1eabu web \u0111\u1eb9p. Ch\u1ec9 c\u1ea7n 5 ph\u00fat c\u00e0i \u0111\u1eb7t l\u00e0 c\u00f3 ngay website ho\u00e0n ch\u1ec9nh, d\u1ec5 d\u00e0ng t\u00f9y bi\u1ebfn v\u00e0 thay \u0111\u1ed5i th\u00f4ng tin tr\u00ean web","potentialAction":[{"@type":"SearchAction","target":{"@type":"EntryPoint","urlTemplate":"https:\/\/khogiaodienmau.net\/hoca\/?s={search_term_string}"},"query-input":"required name=search_term_string"}],"inLanguage":"vi"}]},"product_price_amount":"560000","product_price_currency":"VND","og_availability":"instock","product_availability":"instock","product_condition":"new"},"_links":{"self":[{"href":"https:\/\/khogiaodienmau.net\/hoca\/wp-json\/wp\/v2\/product\/219","targetHints":{"allow":["GET"]}}],"collection":[{"href":"https:\/\/khogiaodienmau.net\/hoca\/wp-json\/wp\/v2\/product"}],"about":[{"href":"https:\/\/khogiaodienmau.net\/hoca\/wp-json\/wp\/v2\/types\/product"}],"replies":[{"embeddable":true,"href":"https:\/\/khogiaodienmau.net\/hoca\/wp-json\/wp\/v2\/comments?post=219"}],"wp:featuredmedia":[{"embeddable":true,"href":"https:\/\/khogiaodienmau.net\/hoca\/wp-json\/wp\/v2\/media\/220"}],"wp:attachment":[{"href":"https:\/\/khogiaodienmau.net\/hoca\/wp-json\/wp\/v2\/media?parent=219"}],"wp:term":[{"taxonomy":"product_cat","embeddable":true,"href":"https:\/\/khogiaodienmau.net\/hoca\/wp-json\/wp\/v2\/product_cat?post=219"},{"taxonomy":"product_tag","embeddable":true,"href":"https:\/\/khogiaodienmau.net\/hoca\/wp-json\/wp\/v2\/product_tag?post=219"}],"curies":[{"name":"wp","href":"https:\/\/api.w.org\/{rel}","templated":true}]}}