{"id":217,"date":"2021-07-31T08:44:58","date_gmt":"2021-07-31T01:44:58","guid":{"rendered":"http:\/\/thuysinh.toptheme.info\/?post_type=product&#038;p=217"},"modified":"2023-12-19T14:50:47","modified_gmt":"2023-12-19T07:50:47","slug":"den-ho-ca-bien-cao-cap-illumagic-x-series-x-mini","status":"publish","type":"product","link":"https:\/\/khogiaodienmau.net\/hoca\/den-ho-ca-bien-cao-cap-illumagic-x-series-x-mini\/","title":{"rendered":"\u0110\u00e8n h\u1ed3 c\u00e1 bi\u1ec3n cao c\u1ea5p Illumagic X Series \u2013 X mini"},"content":{"rendered":"<p><strong>Illumagic Opto<\/strong>\u00a0l\u00e0 th\u01b0\u01a1ng hi\u1ec7u \u0111\u00e8n LED r\u1ea5t n\u1ed5i ti\u1ebfng \u0111\u1ebfn t\u1eeb \u0110\u00e0i Loan \u2013 c\u00e1i n\u00f4i c\u1ee7a b\u00f3ng \u0111\u00e8n LED \u0111ang \u0111\u01b0\u1ee3c s\u1eed d\u1ee5ng r\u1ed9ng r\u00e3i tr\u00ean th\u1ebf gi\u1edbi hi\u1ec7n nay. C\u00f3 th\u1ec3 b\u1ea1n ch\u01b0a bi\u1ebft, \u0110\u00e0i Loan l\u00e0 n\u01b0\u1edbc s\u1ea3n xu\u1ea5t b\u00f3ng \u0111\u00e8n LED ch\u1ee7 y\u1ebfu cho to\u00e0n th\u1ebf gi\u1edbi. \u0110\u00e8n Illumagic r\u1ea5t \u0111\u01b0\u1ee3c \u01b0a th\u00edch t\u1ea1i c\u00e1c th\u1ecb tr\u01b0\u1eddng l\u1edbn nh\u01b0 Ch\u00e2u \u00c2u, \u00dac v\u00e0 Nh\u1eadt B\u1ea3n nh\u1edd gi\u00e1 th\u00e0nh h\u1ee3p l\u00fd, ch\u1ea5t l\u01b0\u1ee3ng v\u00e0 \u0111\u1ed9 tinh x\u1ea3o cao, th\u00e2n \u0111\u00e8n b\u1eb1ng nh\u00f4m nguy\u00ean kh\u1ed1i, s\u1ed1 l\u01b0\u1ee3ng b\u00f3ng LED nhi\u1ec1u, v\u1eadn h\u00e0nh \u0111\u01a1n gi\u1ea3n v\u00e0 quan tr\u1ecdng h\u01a1n c\u1ea3 l\u00e0 lens t\u1ea3n s\u00e1ng r\u1ea5t \u0111\u1eb7c bi\u1ec7t \u0111\u01b0\u1ee3c l\u00e0m t\u1eeb silicone. Lens silicon c\u00f3 \u01b0u \u0111i\u1ec3m l\u00e0 kh\u00f4ng b\u1ecb \u1ed1 m\u00e0u theo th\u1eddi gian, \u0111\u1ed9 xuy\u00ean s\u00e1ng cao, kh\u1ea3 n\u0103ng ch\u1ecbu nhi\u1ec7t n\u00f3ng ch\u1ea3y cao, tu\u1ed5i th\u1ecd g\u1ea7n nh\u01b0 l\u00e0 v\u0129nh vi\u1ec5n. Th\u00eam v\u00e0o \u0111\u00f3, h\u00ecnh d\u1ea1ng lens \u0111\u01b0\u1ee3c thi\u1ebft k\u1ebf \u0111\u1ed9c \u0111\u00e1o cho ph\u00e9p \u0111\u1ed9 ph\u1ee7 quang ph\u1ed5 ho\u00e0n h\u1ea3o.<\/p>\n<p>M\u1eddi c\u00e1c b\u1ea1n c\u00f9ng chi\u00eam ng\u01b0\u1ee1ng h\u00ecnh \u1ea3nh c\u1ee7a m\u1ed9t s\u1ed1 lo\u1ea1i san h\u00f4 \u0111\u01b0\u1ee3c nu\u00f4i d\u01b0\u1ee1ng b\u1edfi \u0111\u00e8n\u00a0<strong>LED Illumagic<\/strong><\/p>\n<p>Ngo\u00e0i ra, \u0111\u1ec3 t\u0103ng \u0111\u1ed9 ph\u1ee7 cho \u00e1nh s\u00e1ng v\u00e0 h\u1ea1n ch\u1ebf v\u1ea5n \u0111\u1ec1 shadowing c\u1ee7a ngu\u1ed3n s\u00e1ng chi\u1ebfu th\u1eb3ng nh\u01b0 LED, b\u1ea1n c\u00f3 th\u1ec3 k\u1ebft h\u1ee3p v\u1edbi Vitamini Series, hay c\u00f2n \u0111\u01b0\u1ee3c g\u1ecdi l\u00e0 Combo X + V<\/p>\n<p><strong>T\u00ednh n\u0103ng ph\u1ea7n m\u1ec1m<\/strong><\/p>\n<ul>\n<li>Chu k\u1ef3\u00a0\u00e1nh s\u00e1ng d\u1ec5 d\u00e0ng \u0111\u01b0\u1ee3c\u00a0l\u1eadp tr\u00ecnh<\/li>\n<li>Chu k\u1ef3 xuy\u00ean su\u1ed1t t\u1eeb\u00a0B\u00ecnh minh v\u00e0 Ho\u00e0ng h\u00f4n<\/li>\n<li>T\u01b0\u01a1ng th\u00edch v\u1edbi c\u00e1c \u1ee9ng d\u1ee5ng di \u0111\u1ed9ng iOS v\u00e0\u00a0android<\/li>\n<\/ul>\n<p><strong>T\u00ednh n\u0103ng Series X\u00a0<\/strong><\/p>\n<ul>\n<li>M\u00e0u s\u1eafc v\u00e0 C\u01b0\u1eddng \u0111\u1ed9 \u00e1nh s\u00e1ng \u0111\u01b0\u1ee3c tho\u1ea3i m\u00e1i t\u00f9y ch\u1ec9nh.<\/li>\n<li>\u0110\u1ed9 quang ph\u1ed5 v\u00f4 c\u00f9ng r\u1ed9ng\u00a0t\u1eeb 390 \u0111\u1ebfn 700nm<\/li>\n<li>C\u1ee5m \u0111\u00e8n LED m\u00f4-\u0111un, c\u1ee5m \u1ed1ng k\u00ednh v\u00e0 tr\u00ecnh \u0111i\u1ec1u khi\u1ec3n<\/li>\n<li>\u0110\u1ed3ng h\u1ed3 ph\u1ea3n \u00e1nh chu\u1ea9n x\u00e1c\u00a0v\u1edbi\u00a0th\u1eddi gian th\u1ef1c<\/li>\n<\/ul>\n<p><strong>C\u1ee5m \u0111\u00e8n LED cao c\u1ea5p\u00a0<\/strong><\/p>\n<ul>\n<li>H\u1ec7 s\u1ed1 v\u00e0 n\u0103ng su\u1ea5t truy\u1ec1n quang h\u1ecdc ch\u1ea5t l\u01b0\u1ee3ng cao v\u1edbi v\u1eadt li\u1ec7u\u00a0Silicone cao c\u1ea5p<\/li>\n<li>V\u1eadt li\u1ec7u cao c\u1ea5p, kh\u00f4ng h\u01b0 h\u1ea1i, kh\u00f4ng xu\u1ed1ng c\u1ea5p qua th\u1eddi gian<\/li>\n<li>M\u1eabu m\u00f4 h\u00ecnh hoa v\u0103n \u0111\u1eb7c bi\u1ec7t cho vi\u1ec7c pha tr\u1ed9n m\u00e0u s\u1eafc \u00e1nh s\u00e1ng<\/li>\n<\/ul>\n<p><strong>L\u01b0u \u00fd : s\u1ea3n ph\u1ea9m ch\u01b0a bao g\u1ed3m gi\u00e1 treo \u0111\u00e8n\u00a0<\/strong><\/p>\n","protected":false},"excerpt":{"rendered":"<p>Ngo\u00e0i ra, \u0111\u1ec3 t\u0103ng \u0111\u1ed9 ph\u1ee7 cho \u00e1nh s\u00e1ng v\u00e0 h\u1ea1n ch\u1ebf v\u1ea5n \u0111\u1ec1 shadowing c\u1ee7a ngu\u1ed3n s\u00e1ng chi\u1ebfu th\u1eb3ng nh\u01b0 LED, b\u1ea1n c\u00f3 th\u1ec3 k\u1ebft h\u1ee3p v\u1edbi Vitamini Series, hay c\u00f2n \u0111\u01b0\u1ee3c g\u1ecdi l\u00e0 Combo X + V<\/p>\n","protected":false},"featured_media":218,"comment_status":"open","ping_status":"closed","template":"","meta":[],"product_cat":[24,23],"product_tag":[],"class_list":{"0":"post-217","1":"product","2":"type-product","3":"status-publish","4":"has-post-thumbnail","6":"product_cat-den-chuyen-dung","7":"product_cat-thiet-bi","8":"pa_nha-cung-cap-atman","10":"first","11":"instock","12":"shipping-taxable","13":"purchasable","14":"product-type-simple"},"yoast_head":"<!-- This site is optimized with the Yoast SEO plugin v22.6 - https:\/\/yoast.com\/wordpress\/plugins\/seo\/ -->\n<title>\u0110\u00e8n h\u1ed3 c\u00e1 bi\u1ec3n cao c\u1ea5p Illumagic X Series \u2013 X mini - M\u1eabu web b\u00e1n h\u00e0ng c\u00e1 c\u1ea3nh th\u1ee7y sinh<\/title>\n<meta name=\"robots\" content=\"index, follow, max-snippet:-1, max-image-preview:large, max-video-preview:-1\" \/>\n<link rel=\"canonical\" href=\"https:\/\/khogiaodienmau.net\/hoca\/den-ho-ca-bien-cao-cap-illumagic-x-series-x-mini\/\" \/>\n<meta property=\"og:locale\" content=\"vi_VN\" \/>\n<meta property=\"og:type\" content=\"article\" \/>\n<meta property=\"og:title\" content=\"\u0110\u00e8n h\u1ed3 c\u00e1 bi\u1ec3n cao c\u1ea5p Illumagic X Series \u2013 X mini - M\u1eabu web b\u00e1n h\u00e0ng c\u00e1 c\u1ea3nh th\u1ee7y sinh\" \/>\n<meta property=\"og:description\" content=\"Ngo\u00e0i ra, \u0111\u1ec3 t\u0103ng \u0111\u1ed9 ph\u1ee7 cho \u00e1nh s\u00e1ng v\u00e0 h\u1ea1n ch\u1ebf v\u1ea5n \u0111\u1ec1 shadowing c\u1ee7a ngu\u1ed3n s\u00e1ng chi\u1ebfu th\u1eb3ng nh\u01b0 LED, b\u1ea1n c\u00f3 th\u1ec3 k\u1ebft h\u1ee3p v\u1edbi Vitamini Series, hay c\u00f2n \u0111\u01b0\u1ee3c g\u1ecdi l\u00e0 Combo X + V\" \/>\n<meta property=\"og:url\" content=\"https:\/\/khogiaodienmau.net\/hoca\/den-ho-ca-bien-cao-cap-illumagic-x-series-x-mini\/\" \/>\n<meta property=\"og:site_name\" content=\"M\u1eabu web b\u00e1n h\u00e0ng c\u00e1 c\u1ea3nh th\u1ee7y sinh\" \/>\n<meta property=\"article:modified_time\" content=\"2023-12-19T07:50:47+00:00\" \/>\n<meta property=\"og:image\" content=\"https:\/\/khogiaodienmau.net\/hoca\/wp-content\/uploads\/2021\/07\/xmini-5.png\" \/>\n\t<meta property=\"og:image:width\" content=\"500\" \/>\n\t<meta property=\"og:image:height\" content=\"500\" \/>\n\t<meta property=\"og:image:type\" content=\"image\/png\" \/>\n<meta name=\"twitter:card\" content=\"summary_large_image\" \/>\n<meta name=\"twitter:label1\" content=\"Gi\u00e1\" \/>\n\t<meta name=\"twitter:data1\" content=\"260.000&#8363;\" \/>\n\t<meta name=\"twitter:label2\" content=\"Kh\u1ea3 d\u1ee5ng\" \/>\n\t<meta name=\"twitter:data2\" content=\"Trong kho\" \/>\n<script type=\"application\/ld+json\" class=\"yoast-schema-graph\">{\"@context\":\"https:\/\/schema.org\",\"@graph\":[{\"@type\":\"WebPage\",\"@id\":\"https:\/\/khogiaodienmau.net\/hoca\/den-ho-ca-bien-cao-cap-illumagic-x-series-x-mini\/\",\"url\":\"https:\/\/khogiaodienmau.net\/hoca\/den-ho-ca-bien-cao-cap-illumagic-x-series-x-mini\/\",\"name\":\"\u0110\u00e8n h\u1ed3 c\u00e1 bi\u1ec3n cao c\u1ea5p Illumagic X Series \u2013 X mini - M\u1eabu web b\u00e1n h\u00e0ng c\u00e1 c\u1ea3nh th\u1ee7y sinh\",\"isPartOf\":{\"@id\":\"https:\/\/khogiaodienmau.net\/hoca\/#website\"},\"primaryImageOfPage\":{\"@id\":\"https:\/\/khogiaodienmau.net\/hoca\/den-ho-ca-bien-cao-cap-illumagic-x-series-x-mini\/#primaryimage\"},\"image\":{\"@id\":\"https:\/\/khogiaodienmau.net\/hoca\/den-ho-ca-bien-cao-cap-illumagic-x-series-x-mini\/#primaryimage\"},\"thumbnailUrl\":\"https:\/\/khogiaodienmau.net\/hoca\/wp-content\/uploads\/2021\/07\/xmini-5.png\",\"datePublished\":\"2021-07-31T01:44:58+00:00\",\"dateModified\":\"2023-12-19T07:50:47+00:00\",\"breadcrumb\":{\"@id\":\"https:\/\/khogiaodienmau.net\/hoca\/den-ho-ca-bien-cao-cap-illumagic-x-series-x-mini\/#breadcrumb\"},\"inLanguage\":\"vi\",\"potentialAction\":[{\"@type\":\"ReadAction\",\"target\":[\"https:\/\/khogiaodienmau.net\/hoca\/den-ho-ca-bien-cao-cap-illumagic-x-series-x-mini\/\"]}]},{\"@type\":\"ImageObject\",\"inLanguage\":\"vi\",\"@id\":\"https:\/\/khogiaodienmau.net\/hoca\/den-ho-ca-bien-cao-cap-illumagic-x-series-x-mini\/#primaryimage\",\"url\":\"https:\/\/khogiaodienmau.net\/hoca\/wp-content\/uploads\/2021\/07\/xmini-5.png\",\"contentUrl\":\"https:\/\/khogiaodienmau.net\/hoca\/wp-content\/uploads\/2021\/07\/xmini-5.png\",\"width\":500,\"height\":500},{\"@type\":\"BreadcrumbList\",\"@id\":\"https:\/\/khogiaodienmau.net\/hoca\/den-ho-ca-bien-cao-cap-illumagic-x-series-x-mini\/#breadcrumb\",\"itemListElement\":[{\"@type\":\"ListItem\",\"position\":1,\"name\":\"Trang ch\u1ee7\",\"item\":\"https:\/\/khogiaodienmau.net\/hoca\/\"},{\"@type\":\"ListItem\",\"position\":2,\"name\":\"C\u1eeda h\u00e0ng\",\"item\":\"https:\/\/khogiaodienmau.net\/hoca\/cua-hang\/\"},{\"@type\":\"ListItem\",\"position\":3,\"name\":\"Thi\u1ebft b\u1ecb\",\"item\":\"https:\/\/khogiaodienmau.net\/hoca\/danh-muc\/thiet-bi\/\"},{\"@type\":\"ListItem\",\"position\":4,\"name\":\"\u0110\u00e8n chuy\u00ean d\u1ee5ng\",\"item\":\"https:\/\/khogiaodienmau.net\/hoca\/danh-muc\/thiet-bi\/den-chuyen-dung\/\"},{\"@type\":\"ListItem\",\"position\":5,\"name\":\"\u0110\u00e8n h\u1ed3 c\u00e1 bi\u1ec3n cao c\u1ea5p Illumagic X Series \u2013 X mini\"}]},{\"@type\":\"WebSite\",\"@id\":\"https:\/\/khogiaodienmau.net\/hoca\/#website\",\"url\":\"https:\/\/khogiaodienmau.net\/hoca\/\",\"name\":\"M\u1eabu web b\u00e1n h\u00e0ng c\u00e1 c\u1ea3nh th\u1ee7y sinh\",\"description\":\"Theme web, theme wordpress, theme web b\u00e1n h\u00e0ng, theme web t\u1ed5ng h\u1ee3p, m\u1eabu web b\u00e1n h\u00e0ng, m\u1eabu web \u0111\u1eb9p. Ch\u1ec9 c\u1ea7n 5 ph\u00fat c\u00e0i \u0111\u1eb7t l\u00e0 c\u00f3 ngay website ho\u00e0n ch\u1ec9nh, d\u1ec5 d\u00e0ng t\u00f9y bi\u1ebfn v\u00e0 thay \u0111\u1ed5i th\u00f4ng tin tr\u00ean web\",\"potentialAction\":[{\"@type\":\"SearchAction\",\"target\":{\"@type\":\"EntryPoint\",\"urlTemplate\":\"https:\/\/khogiaodienmau.net\/hoca\/?s={search_term_string}\"},\"query-input\":\"required name=search_term_string\"}],\"inLanguage\":\"vi\"}]}<\/script>\n<meta property=\"product:price:amount\" content=\"260000\" \/>\n<meta property=\"product:price:currency\" content=\"VND\" \/>\n<meta property=\"og:availability\" content=\"instock\" \/>\n<meta property=\"product:availability\" content=\"instock\" \/>\n<meta property=\"product:condition\" content=\"new\" \/>\n<!-- \/ Yoast SEO plugin. -->","yoast_head_json":{"title":"\u0110\u00e8n h\u1ed3 c\u00e1 bi\u1ec3n cao c\u1ea5p Illumagic X Series \u2013 X mini - M\u1eabu web b\u00e1n h\u00e0ng c\u00e1 c\u1ea3nh th\u1ee7y sinh","robots":{"index":"index","follow":"follow","max-snippet":"max-snippet:-1","max-image-preview":"max-image-preview:large","max-video-preview":"max-video-preview:-1"},"canonical":"https:\/\/khogiaodienmau.net\/hoca\/den-ho-ca-bien-cao-cap-illumagic-x-series-x-mini\/","og_locale":"vi_VN","og_type":"article","og_title":"\u0110\u00e8n h\u1ed3 c\u00e1 bi\u1ec3n cao c\u1ea5p Illumagic X Series \u2013 X mini - M\u1eabu web b\u00e1n h\u00e0ng c\u00e1 c\u1ea3nh th\u1ee7y sinh","og_description":"Ngo\u00e0i ra, \u0111\u1ec3 t\u0103ng \u0111\u1ed9 ph\u1ee7 cho \u00e1nh s\u00e1ng v\u00e0 h\u1ea1n ch\u1ebf v\u1ea5n \u0111\u1ec1 shadowing c\u1ee7a ngu\u1ed3n s\u00e1ng chi\u1ebfu th\u1eb3ng nh\u01b0 LED, b\u1ea1n c\u00f3 th\u1ec3 k\u1ebft h\u1ee3p v\u1edbi Vitamini Series, hay c\u00f2n \u0111\u01b0\u1ee3c g\u1ecdi l\u00e0 Combo X + V","og_url":"https:\/\/khogiaodienmau.net\/hoca\/den-ho-ca-bien-cao-cap-illumagic-x-series-x-mini\/","og_site_name":"M\u1eabu web b\u00e1n h\u00e0ng c\u00e1 c\u1ea3nh th\u1ee7y sinh","article_modified_time":"2023-12-19T07:50:47+00:00","og_image":[{"width":500,"height":500,"url":"https:\/\/khogiaodienmau.net\/hoca\/wp-content\/uploads\/2021\/07\/xmini-5.png","type":"image\/png"}],"twitter_card":"summary_large_image","twitter_misc":{"Gi\u00e1":"260.000&#8363;","Kh\u1ea3 d\u1ee5ng":"Trong kho"},"schema":{"@context":"https:\/\/schema.org","@graph":[{"@type":"WebPage","@id":"https:\/\/khogiaodienmau.net\/hoca\/den-ho-ca-bien-cao-cap-illumagic-x-series-x-mini\/","url":"https:\/\/khogiaodienmau.net\/hoca\/den-ho-ca-bien-cao-cap-illumagic-x-series-x-mini\/","name":"\u0110\u00e8n h\u1ed3 c\u00e1 bi\u1ec3n cao c\u1ea5p Illumagic X Series \u2013 X mini - M\u1eabu web b\u00e1n h\u00e0ng c\u00e1 c\u1ea3nh th\u1ee7y sinh","isPartOf":{"@id":"https:\/\/khogiaodienmau.net\/hoca\/#website"},"primaryImageOfPage":{"@id":"https:\/\/khogiaodienmau.net\/hoca\/den-ho-ca-bien-cao-cap-illumagic-x-series-x-mini\/#primaryimage"},"image":{"@id":"https:\/\/khogiaodienmau.net\/hoca\/den-ho-ca-bien-cao-cap-illumagic-x-series-x-mini\/#primaryimage"},"thumbnailUrl":"https:\/\/khogiaodienmau.net\/hoca\/wp-content\/uploads\/2021\/07\/xmini-5.png","datePublished":"2021-07-31T01:44:58+00:00","dateModified":"2023-12-19T07:50:47+00:00","breadcrumb":{"@id":"https:\/\/khogiaodienmau.net\/hoca\/den-ho-ca-bien-cao-cap-illumagic-x-series-x-mini\/#breadcrumb"},"inLanguage":"vi","potentialAction":[{"@type":"ReadAction","target":["https:\/\/khogiaodienmau.net\/hoca\/den-ho-ca-bien-cao-cap-illumagic-x-series-x-mini\/"]}]},{"@type":"ImageObject","inLanguage":"vi","@id":"https:\/\/khogiaodienmau.net\/hoca\/den-ho-ca-bien-cao-cap-illumagic-x-series-x-mini\/#primaryimage","url":"https:\/\/khogiaodienmau.net\/hoca\/wp-content\/uploads\/2021\/07\/xmini-5.png","contentUrl":"https:\/\/khogiaodienmau.net\/hoca\/wp-content\/uploads\/2021\/07\/xmini-5.png","width":500,"height":500},{"@type":"BreadcrumbList","@id":"https:\/\/khogiaodienmau.net\/hoca\/den-ho-ca-bien-cao-cap-illumagic-x-series-x-mini\/#breadcrumb","itemListElement":[{"@type":"ListItem","position":1,"name":"Trang ch\u1ee7","item":"https:\/\/khogiaodienmau.net\/hoca\/"},{"@type":"ListItem","position":2,"name":"C\u1eeda h\u00e0ng","item":"https:\/\/khogiaodienmau.net\/hoca\/cua-hang\/"},{"@type":"ListItem","position":3,"name":"Thi\u1ebft b\u1ecb","item":"https:\/\/khogiaodienmau.net\/hoca\/danh-muc\/thiet-bi\/"},{"@type":"ListItem","position":4,"name":"\u0110\u00e8n chuy\u00ean d\u1ee5ng","item":"https:\/\/khogiaodienmau.net\/hoca\/danh-muc\/thiet-bi\/den-chuyen-dung\/"},{"@type":"ListItem","position":5,"name":"\u0110\u00e8n h\u1ed3 c\u00e1 bi\u1ec3n cao c\u1ea5p Illumagic X Series \u2013 X mini"}]},{"@type":"WebSite","@id":"https:\/\/khogiaodienmau.net\/hoca\/#website","url":"https:\/\/khogiaodienmau.net\/hoca\/","name":"M\u1eabu web b\u00e1n h\u00e0ng c\u00e1 c\u1ea3nh th\u1ee7y sinh","description":"Theme web, theme wordpress, theme web b\u00e1n h\u00e0ng, theme web t\u1ed5ng h\u1ee3p, m\u1eabu web b\u00e1n h\u00e0ng, m\u1eabu web \u0111\u1eb9p. Ch\u1ec9 c\u1ea7n 5 ph\u00fat c\u00e0i \u0111\u1eb7t l\u00e0 c\u00f3 ngay website ho\u00e0n ch\u1ec9nh, d\u1ec5 d\u00e0ng t\u00f9y bi\u1ebfn v\u00e0 thay \u0111\u1ed5i th\u00f4ng tin tr\u00ean web","potentialAction":[{"@type":"SearchAction","target":{"@type":"EntryPoint","urlTemplate":"https:\/\/khogiaodienmau.net\/hoca\/?s={search_term_string}"},"query-input":"required name=search_term_string"}],"inLanguage":"vi"}]},"product_price_amount":"260000","product_price_currency":"VND","og_availability":"instock","product_availability":"instock","product_condition":"new"},"_links":{"self":[{"href":"https:\/\/khogiaodienmau.net\/hoca\/wp-json\/wp\/v2\/product\/217","targetHints":{"allow":["GET"]}}],"collection":[{"href":"https:\/\/khogiaodienmau.net\/hoca\/wp-json\/wp\/v2\/product"}],"about":[{"href":"https:\/\/khogiaodienmau.net\/hoca\/wp-json\/wp\/v2\/types\/product"}],"replies":[{"embeddable":true,"href":"https:\/\/khogiaodienmau.net\/hoca\/wp-json\/wp\/v2\/comments?post=217"}],"wp:featuredmedia":[{"embeddable":true,"href":"https:\/\/khogiaodienmau.net\/hoca\/wp-json\/wp\/v2\/media\/218"}],"wp:attachment":[{"href":"https:\/\/khogiaodienmau.net\/hoca\/wp-json\/wp\/v2\/media?parent=217"}],"wp:term":[{"taxonomy":"product_cat","embeddable":true,"href":"https:\/\/khogiaodienmau.net\/hoca\/wp-json\/wp\/v2\/product_cat?post=217"},{"taxonomy":"product_tag","embeddable":true,"href":"https:\/\/khogiaodienmau.net\/hoca\/wp-json\/wp\/v2\/product_tag?post=217"}],"curies":[{"name":"wp","href":"https:\/\/api.w.org\/{rel}","templated":true}]}}