{"id":215,"date":"2021-07-31T08:40:19","date_gmt":"2021-07-31T01:40:19","guid":{"rendered":"http:\/\/thuysinh.toptheme.info\/?post_type=product&#038;p=215"},"modified":"2023-12-19T14:50:47","modified_gmt":"2023-12-19T07:50:47","slug":"su-loc-mantis-bio-filter-block","status":"publish","type":"product","link":"https:\/\/khogiaodienmau.net\/hoca\/su-loc-mantis-bio-filter-block\/","title":{"rendered":"S\u1ee9 l\u1ecdc Mantis Bio-filter block"},"content":{"rendered":"<p>V\u1eadt li\u1ec7u s\u1ee9 l\u1ecdc tr\u01a1\u00a0v\u1edbi c\u1ea5u tr\u00fac r\u1ed7ng gi\u00fap cho\u00a0d\u00f2ng n\u01b0\u1edbc\u00a0ch\u1ea3y qua d\u1ec5 d\u00e0ng\u00a0v\u00e0 di\u1ec7n t\u00edch b\u1ec1 m\u1eb7t s\u1eed d\u1ee5ng cao nh\u1ea5t.<\/p>\n<p>Hi\u1ec7u qu\u1ea3 cao h\u01a1n so v\u1edbi c\u00e1c lo\u1ea1i v\u1eadt li\u1ec7u l\u1ecdc th\u00f4ng th\u01b0\u1eddng trong vi\u1ec7c x\u1eed l\u00fd NH3 v\u00e0 NO3.<\/p>\n<p>C\u00f4ng ngh\u1ec7 l\u1ecdc sinh h\u1ecdc ti\u00ean ti\u1ebfn nh\u1ea5t.<\/p>\n<p>S\u1ee9 l\u1ecdc\u00a0v\u1edbi c\u00e1c l\u1ed7 x\u1ed1p\u00a0r\u1ed7ng v\u00e0 t\u1ed5ng\u00a0di\u1ec7n t\u00edch b\u1ec1 m\u1eb7t l\u1edbn, th\u00edch h\u1ee3p cho s\u1ef1 ph\u00e1t tri\u1ec3n c\u1ee7a nhi\u1ec1u lo\u1ea1i\u00a0vi sinh c\u00f3 l\u1ee3i.<\/p>\n<p>C\u00f3 th\u1ec3 s\u1eed d\u1ee5ng trong h\u1ed3 l\u1ecdc, b\u1ed9 l\u1ecdc nh\u1ecf gi\u1ecdt, b\u1ed9 l\u1ecdc kh\u00f4\/\u01b0\u1edbt hay b\u1ed9 l\u1ecdc treo v\u00e1ch sau h\u1ed3 c\u00e1.<\/p>\n<p>S\u1ea3n ph\u1ea9m ph\u00f9 h\u1ee3p\u00a0v\u1edbi c\u1ea3\u00a0h\u1ed3 n\u01b0\u1edbc m\u1eb7n v\u00e0 n\u01b0\u1edbc ng\u1ecdt.<\/p>\n<p>Bao g\u1ed3m 2 kh\u1ed1i v\u1edbi di\u1ec7n t\u00edch 1080m<sup>2<\/sup>\u00a0di\u1ec7n t\u00edch b\u1ec1 m\u1eb7t m\u1ed7i kh\u1ed1i.<br \/>\nK\u00edch th\u01b0\u1edbc: 10 x 10 x 2.5cm<\/p>\n<p>M\u1ed7i Kh\u1ed1i\u00a0<strong>S\u1ee8 L\u1eccC MANTIS BIO-FILTER BLOCK s\u1eed d\u1ee5ng cho h\u1ed3 200L n\u01b0\u1edbc .<\/strong><\/p>\n<p><strong>H\u01b0\u1edbng d\u1eabn s\u1eed d\u1ee5ng:<\/strong><\/p>\n<p>R\u1eeda s\u1ea1ch s\u1ee9 l\u1ecdc b\u1eb1ng n\u01b0\u1edbc \u0111\u1ec3 lo\u1ea1i b\u1ecf c\u00e1c h\u1ea1t t\u1ea1p ch\u1ea5t d\u00ednh tr\u00ean b\u1ec1 m\u1eb7t s\u1ee9 l\u1ecdc.<\/p>\n<p>N\u1ebfu l\u1ea7n \u0111\u1ea7u r\u1eeda s\u1ee9 l\u1ecdc b\u1eb1ng n\u01b0\u1edbc m\u00e1y th\u00ec r\u1eeda l\u1ea1i b\u1eb1ng n\u01b0\u1edbc trong b\u1ec3 \u0111\u1ec3 kh\u1eed s\u1ea1ch Clo.<\/p>\n<p>Sau khi r\u1eeda s\u1ea1ch s\u1ee9 l\u1ecdc, x\u00e1c \u0111\u1ecbnh v\u1ecb tr\u00ed \u0111\u1eb7t v\u00e0o b\u1ec3 (trong b\u1ec3 l\u1ecdc, x\u1ebfp \u0111\u00e1, l\u00e0m n\u1ec1n ho\u1eb7c \u0111\u1eb7t tr\u1ef1c ti\u1ebfp trong d\u00f2ng n\u01b0\u1edbc).<\/p>\n","protected":false},"excerpt":{"rendered":"<div class=\"product-summary product_description margin-bottom-15\">\n<div class=\"rte description text5line\">V\u1eadt li\u1ec7u s\u1ee9 l\u1ecdc tr\u01a1 v\u1edbi c\u1ea5u tr\u00fac r\u1ed7ng gi\u00fap cho d\u00f2ng n\u01b0\u1edbc ch\u1ea3y qua d\u1ec5 d\u00e0ng v\u00e0 di\u1ec7n t\u00edch b\u1ec1 m\u1eb7t s\u1eed d\u1ee5ng cao nh\u1ea5t. Hi\u1ec7u qu\u1ea3 cao h\u01a1n so v\u1edbi c\u00e1c lo\u1ea1i v\u1eadt li\u1ec7u l\u1ecdc th\u00f4ng th\u01b0\u1eddng trong vi\u1ec7c x\u1eed l\u00fd NH3 v\u00e0 NO3. C\u00f4ng ngh\u1ec7 l\u1ecdc sinh h\u1ecdc ti\u00ean ti\u1ebfn nh\u1ea5t. S\u1ee9 l\u1ecdc v\u1edbi c\u00e1c l\u1ed7 x\u1ed1p r\u1ed7ng v\u00e0 t\u1ed5ng di\u1ec7n t\u00edch b\u1ec1 m\u1eb7t l\u1edbn, th\u00edch h\u1ee3p cho s\u1ef1 ph\u00e1t tri\u1ec3n c\u1ee7a nhi\u1ec1u lo\u1ea1i vi sinh c\u00f3 l\u1ee3i.<\/div>\n<\/div>\n<div class=\"form-product\">\n<form id=\"add-to-cart-form\" class=\"form-inline\" action=\"https:\/\/rinaquarium.com\/cart\/add\" enctype=\"multipart\/form-data\" method=\"post\">\n<div class=\"box-variant clearfix\"><\/div>\n<div class=\"form-group product_quantity\"><\/div>\n<\/form>\n<\/div>\n","protected":false},"featured_media":216,"comment_status":"open","ping_status":"closed","template":"","meta":[],"product_cat":[48,50],"product_tag":[],"class_list":{"0":"post-215","1":"product","2":"type-product","3":"status-publish","4":"has-post-thumbnail","6":"product_cat-san-pham-khac","7":"product_cat-vat-lieu-loc","8":"pa_nha-cung-cap-aquario","10":"first","11":"instock","12":"shipping-taxable","13":"purchasable","14":"product-type-simple"},"yoast_head":"<!-- This site is optimized with the Yoast SEO plugin v22.6 - https:\/\/yoast.com\/wordpress\/plugins\/seo\/ -->\n<title>S\u1ee9 l\u1ecdc Mantis Bio-filter block - M\u1eabu web b\u00e1n h\u00e0ng c\u00e1 c\u1ea3nh th\u1ee7y sinh<\/title>\n<meta name=\"robots\" content=\"index, follow, max-snippet:-1, max-image-preview:large, max-video-preview:-1\" \/>\n<link rel=\"canonical\" href=\"https:\/\/khogiaodienmau.net\/hoca\/su-loc-mantis-bio-filter-block\/\" \/>\n<meta property=\"og:locale\" content=\"vi_VN\" \/>\n<meta property=\"og:type\" content=\"article\" \/>\n<meta property=\"og:title\" content=\"S\u1ee9 l\u1ecdc Mantis Bio-filter block - M\u1eabu web b\u00e1n h\u00e0ng c\u00e1 c\u1ea3nh th\u1ee7y sinh\" \/>\n<meta property=\"og:description\" content=\"V\u1eadt li\u1ec7u s\u1ee9 l\u1ecdc tr\u01a1 v\u1edbi c\u1ea5u tr\u00fac r\u1ed7ng gi\u00fap cho d\u00f2ng n\u01b0\u1edbc ch\u1ea3y qua d\u1ec5 d\u00e0ng v\u00e0 di\u1ec7n t\u00edch b\u1ec1 m\u1eb7t s\u1eed d\u1ee5ng cao nh\u1ea5t. Hi\u1ec7u qu\u1ea3 cao h\u01a1n so v\u1edbi c\u00e1c lo\u1ea1i v\u1eadt li\u1ec7u l\u1ecdc th\u00f4ng th\u01b0\u1eddng trong vi\u1ec7c x\u1eed l\u00fd NH3 v\u00e0 NO3. C\u00f4ng ngh\u1ec7 l\u1ecdc sinh h\u1ecdc ti\u00ean ti\u1ebfn nh\u1ea5t. S\u1ee9 l\u1ecdc v\u1edbi c\u00e1c l\u1ed7 x\u1ed1p r\u1ed7ng v\u00e0 t\u1ed5ng di\u1ec7n t\u00edch b\u1ec1 m\u1eb7t l\u1edbn, th\u00edch h\u1ee3p cho s\u1ef1 ph\u00e1t tri\u1ec3n c\u1ee7a nhi\u1ec1u lo\u1ea1i vi sinh c\u00f3 l\u1ee3i.\" \/>\n<meta property=\"og:url\" content=\"https:\/\/khogiaodienmau.net\/hoca\/su-loc-mantis-bio-filter-block\/\" \/>\n<meta property=\"og:site_name\" content=\"M\u1eabu web b\u00e1n h\u00e0ng c\u00e1 c\u1ea3nh th\u1ee7y sinh\" \/>\n<meta property=\"article:modified_time\" content=\"2023-12-19T07:50:47+00:00\" \/>\n<meta property=\"og:image\" content=\"https:\/\/khogiaodienmau.net\/hoca\/wp-content\/uploads\/2021\/07\/23312020113108-xvuhbkmn5mc-1024x1024-2x-500x500-1.jpg\" \/>\n\t<meta property=\"og:image:width\" content=\"500\" \/>\n\t<meta property=\"og:image:height\" content=\"500\" \/>\n\t<meta property=\"og:image:type\" content=\"image\/jpeg\" \/>\n<meta name=\"twitter:card\" content=\"summary_large_image\" \/>\n<meta name=\"twitter:label1\" content=\"Gi\u00e1\" \/>\n\t<meta name=\"twitter:data1\" content=\"1.320.000&#8363;\" \/>\n\t<meta name=\"twitter:label2\" content=\"Kh\u1ea3 d\u1ee5ng\" \/>\n\t<meta name=\"twitter:data2\" content=\"Trong kho\" \/>\n<script type=\"application\/ld+json\" class=\"yoast-schema-graph\">{\"@context\":\"https:\/\/schema.org\",\"@graph\":[{\"@type\":\"WebPage\",\"@id\":\"https:\/\/khogiaodienmau.net\/hoca\/su-loc-mantis-bio-filter-block\/\",\"url\":\"https:\/\/khogiaodienmau.net\/hoca\/su-loc-mantis-bio-filter-block\/\",\"name\":\"S\u1ee9 l\u1ecdc Mantis Bio-filter block - M\u1eabu web b\u00e1n h\u00e0ng c\u00e1 c\u1ea3nh th\u1ee7y sinh\",\"isPartOf\":{\"@id\":\"https:\/\/khogiaodienmau.net\/hoca\/#website\"},\"primaryImageOfPage\":{\"@id\":\"https:\/\/khogiaodienmau.net\/hoca\/su-loc-mantis-bio-filter-block\/#primaryimage\"},\"image\":{\"@id\":\"https:\/\/khogiaodienmau.net\/hoca\/su-loc-mantis-bio-filter-block\/#primaryimage\"},\"thumbnailUrl\":\"https:\/\/khogiaodienmau.net\/hoca\/wp-content\/uploads\/2021\/07\/23312020113108-xvuhbkmn5mc-1024x1024-2x-500x500-1.jpg\",\"datePublished\":\"2021-07-31T01:40:19+00:00\",\"dateModified\":\"2023-12-19T07:50:47+00:00\",\"breadcrumb\":{\"@id\":\"https:\/\/khogiaodienmau.net\/hoca\/su-loc-mantis-bio-filter-block\/#breadcrumb\"},\"inLanguage\":\"vi\",\"potentialAction\":[{\"@type\":\"ReadAction\",\"target\":[\"https:\/\/khogiaodienmau.net\/hoca\/su-loc-mantis-bio-filter-block\/\"]}]},{\"@type\":\"ImageObject\",\"inLanguage\":\"vi\",\"@id\":\"https:\/\/khogiaodienmau.net\/hoca\/su-loc-mantis-bio-filter-block\/#primaryimage\",\"url\":\"https:\/\/khogiaodienmau.net\/hoca\/wp-content\/uploads\/2021\/07\/23312020113108-xvuhbkmn5mc-1024x1024-2x-500x500-1.jpg\",\"contentUrl\":\"https:\/\/khogiaodienmau.net\/hoca\/wp-content\/uploads\/2021\/07\/23312020113108-xvuhbkmn5mc-1024x1024-2x-500x500-1.jpg\",\"width\":500,\"height\":500},{\"@type\":\"BreadcrumbList\",\"@id\":\"https:\/\/khogiaodienmau.net\/hoca\/su-loc-mantis-bio-filter-block\/#breadcrumb\",\"itemListElement\":[{\"@type\":\"ListItem\",\"position\":1,\"name\":\"Trang ch\u1ee7\",\"item\":\"https:\/\/khogiaodienmau.net\/hoca\/\"},{\"@type\":\"ListItem\",\"position\":2,\"name\":\"C\u1eeda h\u00e0ng\",\"item\":\"https:\/\/khogiaodienmau.net\/hoca\/cua-hang\/\"},{\"@type\":\"ListItem\",\"position\":3,\"name\":\"S\u1ea3n ph\u1ea9m kh\u00e1c\",\"item\":\"https:\/\/khogiaodienmau.net\/hoca\/danh-muc\/san-pham-khac\/\"},{\"@type\":\"ListItem\",\"position\":4,\"name\":\"V\u1eadt li\u1ec7u l\u1ecdc\",\"item\":\"https:\/\/khogiaodienmau.net\/hoca\/danh-muc\/san-pham-khac\/vat-lieu-loc\/\"},{\"@type\":\"ListItem\",\"position\":5,\"name\":\"S\u1ee9 l\u1ecdc Mantis Bio-filter block\"}]},{\"@type\":\"WebSite\",\"@id\":\"https:\/\/khogiaodienmau.net\/hoca\/#website\",\"url\":\"https:\/\/khogiaodienmau.net\/hoca\/\",\"name\":\"M\u1eabu web b\u00e1n h\u00e0ng c\u00e1 c\u1ea3nh th\u1ee7y sinh\",\"description\":\"Theme web, theme wordpress, theme web b\u00e1n h\u00e0ng, theme web t\u1ed5ng h\u1ee3p, m\u1eabu web b\u00e1n h\u00e0ng, m\u1eabu web \u0111\u1eb9p. Ch\u1ec9 c\u1ea7n 5 ph\u00fat c\u00e0i \u0111\u1eb7t l\u00e0 c\u00f3 ngay website ho\u00e0n ch\u1ec9nh, d\u1ec5 d\u00e0ng t\u00f9y bi\u1ebfn v\u00e0 thay \u0111\u1ed5i th\u00f4ng tin tr\u00ean web\",\"potentialAction\":[{\"@type\":\"SearchAction\",\"target\":{\"@type\":\"EntryPoint\",\"urlTemplate\":\"https:\/\/khogiaodienmau.net\/hoca\/?s={search_term_string}\"},\"query-input\":\"required name=search_term_string\"}],\"inLanguage\":\"vi\"}]}<\/script>\n<meta property=\"product:price:amount\" content=\"1320000\" \/>\n<meta property=\"product:price:currency\" content=\"VND\" \/>\n<meta property=\"og:availability\" content=\"instock\" \/>\n<meta property=\"product:availability\" content=\"instock\" \/>\n<meta property=\"product:retailer_item_id\" content=\"HG893\" \/>\n<meta property=\"product:condition\" content=\"new\" \/>\n<!-- \/ Yoast SEO plugin. -->","yoast_head_json":{"title":"S\u1ee9 l\u1ecdc Mantis Bio-filter block - M\u1eabu web b\u00e1n h\u00e0ng c\u00e1 c\u1ea3nh th\u1ee7y sinh","robots":{"index":"index","follow":"follow","max-snippet":"max-snippet:-1","max-image-preview":"max-image-preview:large","max-video-preview":"max-video-preview:-1"},"canonical":"https:\/\/khogiaodienmau.net\/hoca\/su-loc-mantis-bio-filter-block\/","og_locale":"vi_VN","og_type":"article","og_title":"S\u1ee9 l\u1ecdc Mantis Bio-filter block - M\u1eabu web b\u00e1n h\u00e0ng c\u00e1 c\u1ea3nh th\u1ee7y sinh","og_description":"V\u1eadt li\u1ec7u s\u1ee9 l\u1ecdc tr\u01a1 v\u1edbi c\u1ea5u tr\u00fac r\u1ed7ng gi\u00fap cho d\u00f2ng n\u01b0\u1edbc ch\u1ea3y qua d\u1ec5 d\u00e0ng v\u00e0 di\u1ec7n t\u00edch b\u1ec1 m\u1eb7t s\u1eed d\u1ee5ng cao nh\u1ea5t. Hi\u1ec7u qu\u1ea3 cao h\u01a1n so v\u1edbi c\u00e1c lo\u1ea1i v\u1eadt li\u1ec7u l\u1ecdc th\u00f4ng th\u01b0\u1eddng trong vi\u1ec7c x\u1eed l\u00fd NH3 v\u00e0 NO3. C\u00f4ng ngh\u1ec7 l\u1ecdc sinh h\u1ecdc ti\u00ean ti\u1ebfn nh\u1ea5t. S\u1ee9 l\u1ecdc v\u1edbi c\u00e1c l\u1ed7 x\u1ed1p r\u1ed7ng v\u00e0 t\u1ed5ng di\u1ec7n t\u00edch b\u1ec1 m\u1eb7t l\u1edbn, th\u00edch h\u1ee3p cho s\u1ef1 ph\u00e1t tri\u1ec3n c\u1ee7a nhi\u1ec1u lo\u1ea1i vi sinh c\u00f3 l\u1ee3i.","og_url":"https:\/\/khogiaodienmau.net\/hoca\/su-loc-mantis-bio-filter-block\/","og_site_name":"M\u1eabu web b\u00e1n h\u00e0ng c\u00e1 c\u1ea3nh th\u1ee7y sinh","article_modified_time":"2023-12-19T07:50:47+00:00","og_image":[{"width":500,"height":500,"url":"https:\/\/khogiaodienmau.net\/hoca\/wp-content\/uploads\/2021\/07\/23312020113108-xvuhbkmn5mc-1024x1024-2x-500x500-1.jpg","type":"image\/jpeg"}],"twitter_card":"summary_large_image","twitter_misc":{"Gi\u00e1":"1.320.000&#8363;","Kh\u1ea3 d\u1ee5ng":"Trong kho"},"schema":{"@context":"https:\/\/schema.org","@graph":[{"@type":"WebPage","@id":"https:\/\/khogiaodienmau.net\/hoca\/su-loc-mantis-bio-filter-block\/","url":"https:\/\/khogiaodienmau.net\/hoca\/su-loc-mantis-bio-filter-block\/","name":"S\u1ee9 l\u1ecdc Mantis Bio-filter block - M\u1eabu web b\u00e1n h\u00e0ng c\u00e1 c\u1ea3nh th\u1ee7y sinh","isPartOf":{"@id":"https:\/\/khogiaodienmau.net\/hoca\/#website"},"primaryImageOfPage":{"@id":"https:\/\/khogiaodienmau.net\/hoca\/su-loc-mantis-bio-filter-block\/#primaryimage"},"image":{"@id":"https:\/\/khogiaodienmau.net\/hoca\/su-loc-mantis-bio-filter-block\/#primaryimage"},"thumbnailUrl":"https:\/\/khogiaodienmau.net\/hoca\/wp-content\/uploads\/2021\/07\/23312020113108-xvuhbkmn5mc-1024x1024-2x-500x500-1.jpg","datePublished":"2021-07-31T01:40:19+00:00","dateModified":"2023-12-19T07:50:47+00:00","breadcrumb":{"@id":"https:\/\/khogiaodienmau.net\/hoca\/su-loc-mantis-bio-filter-block\/#breadcrumb"},"inLanguage":"vi","potentialAction":[{"@type":"ReadAction","target":["https:\/\/khogiaodienmau.net\/hoca\/su-loc-mantis-bio-filter-block\/"]}]},{"@type":"ImageObject","inLanguage":"vi","@id":"https:\/\/khogiaodienmau.net\/hoca\/su-loc-mantis-bio-filter-block\/#primaryimage","url":"https:\/\/khogiaodienmau.net\/hoca\/wp-content\/uploads\/2021\/07\/23312020113108-xvuhbkmn5mc-1024x1024-2x-500x500-1.jpg","contentUrl":"https:\/\/khogiaodienmau.net\/hoca\/wp-content\/uploads\/2021\/07\/23312020113108-xvuhbkmn5mc-1024x1024-2x-500x500-1.jpg","width":500,"height":500},{"@type":"BreadcrumbList","@id":"https:\/\/khogiaodienmau.net\/hoca\/su-loc-mantis-bio-filter-block\/#breadcrumb","itemListElement":[{"@type":"ListItem","position":1,"name":"Trang ch\u1ee7","item":"https:\/\/khogiaodienmau.net\/hoca\/"},{"@type":"ListItem","position":2,"name":"C\u1eeda h\u00e0ng","item":"https:\/\/khogiaodienmau.net\/hoca\/cua-hang\/"},{"@type":"ListItem","position":3,"name":"S\u1ea3n ph\u1ea9m kh\u00e1c","item":"https:\/\/khogiaodienmau.net\/hoca\/danh-muc\/san-pham-khac\/"},{"@type":"ListItem","position":4,"name":"V\u1eadt li\u1ec7u l\u1ecdc","item":"https:\/\/khogiaodienmau.net\/hoca\/danh-muc\/san-pham-khac\/vat-lieu-loc\/"},{"@type":"ListItem","position":5,"name":"S\u1ee9 l\u1ecdc Mantis Bio-filter block"}]},{"@type":"WebSite","@id":"https:\/\/khogiaodienmau.net\/hoca\/#website","url":"https:\/\/khogiaodienmau.net\/hoca\/","name":"M\u1eabu web b\u00e1n h\u00e0ng c\u00e1 c\u1ea3nh th\u1ee7y sinh","description":"Theme web, theme wordpress, theme web b\u00e1n h\u00e0ng, theme web t\u1ed5ng h\u1ee3p, m\u1eabu web b\u00e1n h\u00e0ng, m\u1eabu web \u0111\u1eb9p. Ch\u1ec9 c\u1ea7n 5 ph\u00fat c\u00e0i \u0111\u1eb7t l\u00e0 c\u00f3 ngay website ho\u00e0n ch\u1ec9nh, d\u1ec5 d\u00e0ng t\u00f9y bi\u1ebfn v\u00e0 thay \u0111\u1ed5i th\u00f4ng tin tr\u00ean web","potentialAction":[{"@type":"SearchAction","target":{"@type":"EntryPoint","urlTemplate":"https:\/\/khogiaodienmau.net\/hoca\/?s={search_term_string}"},"query-input":"required name=search_term_string"}],"inLanguage":"vi"}]},"product_price_amount":"1320000","product_price_currency":"VND","og_availability":"instock","product_availability":"instock","product_retailer_item_id":"HG893","product_condition":"new"},"_links":{"self":[{"href":"https:\/\/khogiaodienmau.net\/hoca\/wp-json\/wp\/v2\/product\/215","targetHints":{"allow":["GET"]}}],"collection":[{"href":"https:\/\/khogiaodienmau.net\/hoca\/wp-json\/wp\/v2\/product"}],"about":[{"href":"https:\/\/khogiaodienmau.net\/hoca\/wp-json\/wp\/v2\/types\/product"}],"replies":[{"embeddable":true,"href":"https:\/\/khogiaodienmau.net\/hoca\/wp-json\/wp\/v2\/comments?post=215"}],"wp:featuredmedia":[{"embeddable":true,"href":"https:\/\/khogiaodienmau.net\/hoca\/wp-json\/wp\/v2\/media\/216"}],"wp:attachment":[{"href":"https:\/\/khogiaodienmau.net\/hoca\/wp-json\/wp\/v2\/media?parent=215"}],"wp:term":[{"taxonomy":"product_cat","embeddable":true,"href":"https:\/\/khogiaodienmau.net\/hoca\/wp-json\/wp\/v2\/product_cat?post=215"},{"taxonomy":"product_tag","embeddable":true,"href":"https:\/\/khogiaodienmau.net\/hoca\/wp-json\/wp\/v2\/product_tag?post=215"}],"curies":[{"name":"wp","href":"https:\/\/api.w.org\/{rel}","templated":true}]}}