{"id":213,"date":"2021-07-31T08:38:57","date_gmt":"2021-07-31T01:38:57","guid":{"rendered":"http:\/\/thuysinh.toptheme.info\/?post_type=product&#038;p=213"},"modified":"2023-12-19T14:50:47","modified_gmt":"2023-12-19T07:50:47","slug":"bio-pellet-continuum-chiet-20ml","status":"publish","type":"product","link":"https:\/\/khogiaodienmau.net\/hoca\/bio-pellet-continuum-chiet-20ml\/","title":{"rendered":"Bio-pellet Continuum Chi\u1ebft 20ml"},"content":{"rendered":"<h3>V\u1eadt li\u1ec7u kh\u1eed nitrat (NO3) Bio-pellet Continuum 20ml<\/h3>\n<ul>\n<li>V\u1eadt li\u1ec7u kh\u1eed nitrat (NO3) Bio-pellet Continuum 20ml<\/li>\n<li>V\u1eadt li\u1ec7u kh\u1eed NO3 Bio-pellet l\u00e0 v\u1eadt li\u1ec7u l\u1ecdc n\u01b0\u1edbc b\u1ec3 c\u00e1 d\u1ea1ng h\u1ea1t \u0111\u01b0\u1ee3c l\u00e0m t\u1eeb Polyme t\u1ef1 nhi\u00ean; gi\u00fap kh\u1eed nitrat (NO3) v\u00e0 photphat (PO4) \u0111\u1ed9c h\u1ea1i t\u1eeb qu\u00e1 tr\u00ecnh ph\u00e2n h\u1ee7y th\u1ee9c \u0103n th\u1eeba v\u00e0 ch\u1ea5t th\u1ea3i trong b\u1ec3 c\u00e1 c\u1ea3nh.<\/li>\n<li>Quy c\u00e1ch s\u1ea3n ph\u1ea9m: Biopellet l\u00e0 c\u00e1c h\u1ea1t Polyme d\u1ea1ng vi\u00ean m\u00e0u v\u00e0ng, \u0111\u01b0\u1ee3c \u0111\u00f3ng g\u00f3i trong c\u00e1c t\u00fai k\u00e9o kh\u00f3a, c\u00f3 lo\u1ea1i t\u00fai 200ml, 400ml v\u00e0 t\u00fai 1000ml.<\/li>\n<li>V\u1eadt li\u1ec7u kh\u1eed nitrat Biopellet cung c\u1ea5p m\u1ed9t m\u00f4i tr\u01b0\u1eddng l\u00fd t\u01b0\u1edfng cho vi sinh c\u00f3 l\u1ee3i ph\u00e1t tri\u1ec3n; gi\u00fap ki\u1ec3m so\u00e1t qu\u00e1 tr\u00ecnh nitrat trong b\u1ec3. B\u1eb1ng c\u00e1ch b\u01a1m n\u01b0\u1edbc t\u1eeb h\u1ec7 th\u1ed1ng v\u00e0o m\u1ed9t l\u00f2 ph\u1ea3n \u1ee9ng ch\u1ee9a Biopellet; ch\u00fang ta \u0111ang t\u1ea1o ra m\u1ed9t \u201cng\u00f4i nh\u00e0 l\u00fd t\u01b0\u1edfng\u201d cho vi sinh tr\u00fa ng\u1ee5 v\u00e0 sinh s\u1ea3n.<\/li>\n<\/ul>\n<h3>C\u00f3 n\u00ean s\u1eed d\u1ee5ng Biopellet hay kh\u00f4ng?<\/h3>\n<p>Th\u1ef1c t\u1ebf c\u00f3 r\u1ea5t nhi\u1ec1u l\u1ef1a ch\u1ecdn \u0111\u1ec3 thay th\u1ebf nh\u01b0ng Biopellet l\u1ea1i ch\u1ee9ng minh \u0111\u01b0\u1ee3c hi\u1ec7u qu\u1ea3 l\u00e0m gi\u1ea3m nitrat r\u1ea5t cao; (khi s\u1eed d\u1ee5ng c\u00f9ng v\u1edbi m\u1ed9t Protein Skimmer c\u00f4ng su\u1ea5t l\u1edbn). Kh\u00f4ng gi\u1ed1ng nh\u01b0 c\u00e1c oxit s\u1eaft, Biopellet ch\u1ec9 c\u1ea7n \u0111\u01b0\u1ee3c cho v\u00e0o m\u1ecdi vi\u1ec7c \u0111\u1ec3 cho vi sinh \u201clo\u201d ho\u1ea1t \u0111\u1ed9ng. \u0110i\u1ec1u n\u00e0y cho ph\u00e9p ng\u01b0\u1eddi ch\u01a1i ti\u1ebft ki\u1ec7m th\u1eddi gian v\u00e0 c\u00f4ng s\u1ee9c h\u01a1n; trong qu\u00e1 tr\u00ecnh t\u1ea1o ra nh\u1eefng b\u1ec3 san h\u00f4 c\u00e1 bi\u1ec3n \u0111\u1eb9p tuy\u1ec7t. M\u1ed9t l\u00f2 ph\u1ea3n \u1ee9ng Biopellet c\u0169ng ch\u1ee9a m\u1ed9t l\u01b0\u1ee3ng l\u1edbn vi sinh trong m\u1ed9t kh\u00f4ng gian nh\u1ea5t \u0111\u1ecbnh, cho ph\u00e9p ki\u1ec3m so\u00e1t \u0111\u01b0\u1ee3c t\u00e1c \u0111\u1ed9ng c\u1ee7a vi sinh l\u00ean h\u1ec7 th\u1ed1ng.<\/p>\n<h3>M\u1ed9t s\u1ed1 v\u1ea5n \u0111\u1ec1 c\u1ea7n tr\u00e1nh khi s\u1eed d\u1ee5ng Biopellet.<\/h3>\n<p>Nhi\u1ec1u ng\u01b0\u1eddi cho r\u1eb1ng s\u1eed d\u1ee5ng Biopellet k\u00e9m hi\u1ec7u qu\u1ea3 so v\u1edbi nh\u1eefng lo\u1ea1i kh\u00e1c; h\u00e3y x\u00e9t l\u1ea1i c\u00e1ch b\u1ea1n \u0111\u00e3 s\u1eed d\u1ee5ng n\u00f3 nh\u01b0 th\u1ebf n\u00e0o. B\u1ea1n c\u00f3 \u0111ang s\u1eed d\u1ee5ng to\u00e0n b\u1ed9 Biopellet trong c\u00f9ng m\u1ed9t l\u00fac, \u0111i\u1ec1u n\u00e0y s\u1ebd g\u00e2y s\u1ee5t gi\u1ea3m \u0111\u1ed9t ng\u1ed9t d\u1eabn \u0111\u1ebfn s\u00f4c h\u1ec7 th\u1ed1ng. B\u1ea1n kh\u00f4ng c\u00f3 m\u1ed9t Protein Skimmer hi\u1ec7u qu\u1ea3 \u0111\u1ec3 lo\u1ea1i b\u1ecf ch\u1ea5t th\u1ea3i d\u01b0 th\u1eeba.<\/p>\n<h3>Qu\u00e1 tr\u00ecnh s\u1eed d\u1ee5ng Biopellet:<\/h3>\n<p>M\u1ee5c \u0111\u00edch c\u1ee7a ch\u00fang ta h\u01b0\u1edbng \u0111\u1ebfn l\u00e0 gi\u1ea3m d\u1ea7n l\u01b0\u1ee3ng nitrat trong b\u1ec3. \u0110\u1ec3 l\u00e0m \u0111\u01b0\u1ee3c \u0111i\u1ec1u n\u00e0y, n\u00ean b\u1eaft \u0111\u1ea7u v\u1edbi \u00bc ho\u1eb7c \u00bd t\u1ed5ng l\u01b0\u1ee3ng Biopellet c\u1ea7n thi\u1ebft. S\u1eed d\u1ee5ng m\u1ed9t m\u00e1y b\u01a1m \u0111\u1ec3 \u0111\u1ea3o nh\u1eb9 c\u00e1c h\u1ea1t polyme v\u00e0 c\u1ea7n m\u1ed9t v\u00e0i tu\u1ea7n \u0111\u1ec3 vi khu\u1ea9n sinh s\u00f4i t\u1ea1i c\u00e1c h\u1ea1t Bio; h\u00e3y s\u1eed d\u1ee5ng b\u1ed9 d\u1ee5ng c\u1ee5 \u0111\u1ec3 ki\u1ec3m tra ch\u00ednh x\u00e1c m\u1ed7i ng\u00e0y. Kinh nghi\u1ec7m t\u1eeb nh\u1eefng ng\u01b0\u1eddi ch\u01a1i th\u00e0nh c\u00f4ng kh\u00e1c cho r\u1eb1ng l\u00fd t\u01b0\u1edfng nh\u1ea5t; l\u00e0 khi n\u1ed3ng \u0111\u1ed9 Nitrat \u0111\u1ea1t 0,5 v\u00e0 Photphat \u0111\u1ea1t m\u1ee9c t\u1eeb 0,03 \u2013 0,05. Khi \u0111\u00e3 \u0111\u1ea1t \u0111\u01b0\u1ee3c m\u1ee9c l\u00fd t\u01b0\u1edfng th\u00ec t\u1eaft l\u00f2 ph\u1ea3n \u1ee9ng; v\u00e0 \u0111\u00e1nh d\u1ea5u \u0111\u1ecbnh m\u1ee9c chu\u1ea9n \u0111\u1ec3 bi\u1ebft khi n\u00e0o c\u1ea7n th\u00eam v\u00e0o. Khi vi sinh \u0111\u00e3 b\u1eaft \u0111\u1ea7u \u0111\u1ecbnh c\u01b0 s\u1ebd g\u00e2y b\u00f9ng ph\u00e1t vi khu\u1ea9n lam, v\u00ec v\u1eady c\u1ea7n ph\u1ea3i h\u1edbt b\u1ecf ch\u1ea5t th\u1ea3i t\u1eeb l\u00f2 kh\u1eed Nitrat.<\/p>\n","protected":false},"excerpt":{"rendered":"<p>V\u1eadt li\u1ec7u kh\u1eed nitrat (NO3) Bio-pellet Continuum 20ml V\u1eadt li\u1ec7u kh\u1eed nitrat (NO3) Bio-pellet Continuum 20ml V\u1eadt li\u1ec7u kh\u1eed NO3 Bio-pellet l\u00e0 v\u1eadt li\u1ec7u l\u1ecdc n\u01b0\u1edbc b\u1ec3 c\u00e1 d\u1ea1ng h\u1ea1t \u0111\u01b0\u1ee3c l\u00e0m t\u1eeb Polyme t\u1ef1 nhi\u00ean; gi\u00fap kh\u1eed nitrat (NO3) v\u00e0 photphat (PO4) \u0111\u1ed9c h\u1ea1i t\u1eeb qu\u00e1 tr\u00ecnh ph\u00e2n h\u1ee7y th\u1ee9c \u0103n th\u1eeba v\u00e0 ch\u1ea5t&#8230;<\/p>\n","protected":false},"featured_media":214,"comment_status":"open","ping_status":"closed","template":"","meta":[],"product_cat":[48,49],"product_tag":[],"class_list":{"0":"post-213","1":"product","2":"type-product","3":"status-publish","4":"has-post-thumbnail","6":"product_cat-san-pham-khac","7":"product_cat-vat-lieu-khu","8":"pa_nha-cung-cap-atman","10":"first","11":"instock","12":"shipping-taxable","13":"purchasable","14":"product-type-simple"},"yoast_head":"<!-- This site is optimized with the Yoast SEO plugin v22.6 - https:\/\/yoast.com\/wordpress\/plugins\/seo\/ -->\n<title>Bio-pellet Continuum Chi\u1ebft 20ml - M\u1eabu web b\u00e1n h\u00e0ng c\u00e1 c\u1ea3nh th\u1ee7y sinh<\/title>\n<meta name=\"robots\" content=\"index, follow, max-snippet:-1, max-image-preview:large, max-video-preview:-1\" \/>\n<link rel=\"canonical\" href=\"https:\/\/khogiaodienmau.net\/hoca\/bio-pellet-continuum-chiet-20ml\/\" \/>\n<meta property=\"og:locale\" content=\"vi_VN\" \/>\n<meta property=\"og:type\" content=\"article\" \/>\n<meta property=\"og:title\" content=\"Bio-pellet Continuum Chi\u1ebft 20ml - M\u1eabu web b\u00e1n h\u00e0ng c\u00e1 c\u1ea3nh th\u1ee7y sinh\" \/>\n<meta property=\"og:description\" content=\"V\u1eadt li\u1ec7u kh\u1eed nitrat (NO3) Bio-pellet Continuum 20ml V\u1eadt li\u1ec7u kh\u1eed nitrat (NO3) Bio-pellet Continuum 20ml V\u1eadt li\u1ec7u kh\u1eed NO3 Bio-pellet l\u00e0 v\u1eadt li\u1ec7u l\u1ecdc n\u01b0\u1edbc b\u1ec3 c\u00e1 d\u1ea1ng h\u1ea1t \u0111\u01b0\u1ee3c l\u00e0m t\u1eeb Polyme t\u1ef1 nhi\u00ean; gi\u00fap kh\u1eed nitrat (NO3) v\u00e0 photphat (PO4) \u0111\u1ed9c h\u1ea1i t\u1eeb qu\u00e1 tr\u00ecnh ph\u00e2n h\u1ee7y th\u1ee9c \u0103n th\u1eeba v\u00e0 ch\u1ea5t...\" \/>\n<meta property=\"og:url\" content=\"https:\/\/khogiaodienmau.net\/hoca\/bio-pellet-continuum-chiet-20ml\/\" \/>\n<meta property=\"og:site_name\" content=\"M\u1eabu web b\u00e1n h\u00e0ng c\u00e1 c\u1ea3nh th\u1ee7y sinh\" \/>\n<meta property=\"article:modified_time\" content=\"2023-12-19T07:50:47+00:00\" \/>\n<meta property=\"og:image\" content=\"https:\/\/khogiaodienmau.net\/hoca\/wp-content\/uploads\/2021\/07\/sp4.jpg\" \/>\n\t<meta property=\"og:image:width\" content=\"500\" \/>\n\t<meta property=\"og:image:height\" content=\"500\" \/>\n\t<meta property=\"og:image:type\" content=\"image\/jpeg\" \/>\n<meta name=\"twitter:card\" content=\"summary_large_image\" \/>\n<meta name=\"twitter:label1\" content=\"Gi\u00e1\" \/>\n\t<meta name=\"twitter:data1\" content=\"1.200.000&#8363;\" \/>\n\t<meta name=\"twitter:label2\" content=\"Kh\u1ea3 d\u1ee5ng\" \/>\n\t<meta name=\"twitter:data2\" content=\"Trong kho\" \/>\n<script type=\"application\/ld+json\" class=\"yoast-schema-graph\">{\"@context\":\"https:\/\/schema.org\",\"@graph\":[{\"@type\":\"WebPage\",\"@id\":\"https:\/\/khogiaodienmau.net\/hoca\/bio-pellet-continuum-chiet-20ml\/\",\"url\":\"https:\/\/khogiaodienmau.net\/hoca\/bio-pellet-continuum-chiet-20ml\/\",\"name\":\"Bio-pellet Continuum Chi\u1ebft 20ml - M\u1eabu web b\u00e1n h\u00e0ng c\u00e1 c\u1ea3nh th\u1ee7y sinh\",\"isPartOf\":{\"@id\":\"https:\/\/khogiaodienmau.net\/hoca\/#website\"},\"primaryImageOfPage\":{\"@id\":\"https:\/\/khogiaodienmau.net\/hoca\/bio-pellet-continuum-chiet-20ml\/#primaryimage\"},\"image\":{\"@id\":\"https:\/\/khogiaodienmau.net\/hoca\/bio-pellet-continuum-chiet-20ml\/#primaryimage\"},\"thumbnailUrl\":\"https:\/\/khogiaodienmau.net\/hoca\/wp-content\/uploads\/2021\/07\/sp4.jpg\",\"datePublished\":\"2021-07-31T01:38:57+00:00\",\"dateModified\":\"2023-12-19T07:50:47+00:00\",\"breadcrumb\":{\"@id\":\"https:\/\/khogiaodienmau.net\/hoca\/bio-pellet-continuum-chiet-20ml\/#breadcrumb\"},\"inLanguage\":\"vi\",\"potentialAction\":[{\"@type\":\"ReadAction\",\"target\":[\"https:\/\/khogiaodienmau.net\/hoca\/bio-pellet-continuum-chiet-20ml\/\"]}]},{\"@type\":\"ImageObject\",\"inLanguage\":\"vi\",\"@id\":\"https:\/\/khogiaodienmau.net\/hoca\/bio-pellet-continuum-chiet-20ml\/#primaryimage\",\"url\":\"https:\/\/khogiaodienmau.net\/hoca\/wp-content\/uploads\/2021\/07\/sp4.jpg\",\"contentUrl\":\"https:\/\/khogiaodienmau.net\/hoca\/wp-content\/uploads\/2021\/07\/sp4.jpg\",\"width\":500,\"height\":500},{\"@type\":\"BreadcrumbList\",\"@id\":\"https:\/\/khogiaodienmau.net\/hoca\/bio-pellet-continuum-chiet-20ml\/#breadcrumb\",\"itemListElement\":[{\"@type\":\"ListItem\",\"position\":1,\"name\":\"Trang ch\u1ee7\",\"item\":\"https:\/\/khogiaodienmau.net\/hoca\/\"},{\"@type\":\"ListItem\",\"position\":2,\"name\":\"C\u1eeda h\u00e0ng\",\"item\":\"https:\/\/khogiaodienmau.net\/hoca\/cua-hang\/\"},{\"@type\":\"ListItem\",\"position\":3,\"name\":\"S\u1ea3n ph\u1ea9m kh\u00e1c\",\"item\":\"https:\/\/khogiaodienmau.net\/hoca\/danh-muc\/san-pham-khac\/\"},{\"@type\":\"ListItem\",\"position\":4,\"name\":\"V\u1eadt li\u1ec7u kh\u1eed\",\"item\":\"https:\/\/khogiaodienmau.net\/hoca\/danh-muc\/san-pham-khac\/vat-lieu-khu\/\"},{\"@type\":\"ListItem\",\"position\":5,\"name\":\"Bio-pellet Continuum Chi\u1ebft 20ml\"}]},{\"@type\":\"WebSite\",\"@id\":\"https:\/\/khogiaodienmau.net\/hoca\/#website\",\"url\":\"https:\/\/khogiaodienmau.net\/hoca\/\",\"name\":\"M\u1eabu web b\u00e1n h\u00e0ng c\u00e1 c\u1ea3nh th\u1ee7y sinh\",\"description\":\"Theme web, theme wordpress, theme web b\u00e1n h\u00e0ng, theme web t\u1ed5ng h\u1ee3p, m\u1eabu web b\u00e1n h\u00e0ng, m\u1eabu web \u0111\u1eb9p. Ch\u1ec9 c\u1ea7n 5 ph\u00fat c\u00e0i \u0111\u1eb7t l\u00e0 c\u00f3 ngay website ho\u00e0n ch\u1ec9nh, d\u1ec5 d\u00e0ng t\u00f9y bi\u1ebfn v\u00e0 thay \u0111\u1ed5i th\u00f4ng tin tr\u00ean web\",\"potentialAction\":[{\"@type\":\"SearchAction\",\"target\":{\"@type\":\"EntryPoint\",\"urlTemplate\":\"https:\/\/khogiaodienmau.net\/hoca\/?s={search_term_string}\"},\"query-input\":\"required name=search_term_string\"}],\"inLanguage\":\"vi\"}]}<\/script>\n<meta property=\"product:price:amount\" content=\"1200000\" \/>\n<meta property=\"product:price:currency\" content=\"VND\" \/>\n<meta property=\"og:availability\" content=\"instock\" \/>\n<meta property=\"product:availability\" content=\"instock\" \/>\n<meta property=\"product:condition\" content=\"new\" \/>\n<!-- \/ Yoast SEO plugin. -->","yoast_head_json":{"title":"Bio-pellet Continuum Chi\u1ebft 20ml - M\u1eabu web b\u00e1n h\u00e0ng c\u00e1 c\u1ea3nh th\u1ee7y sinh","robots":{"index":"index","follow":"follow","max-snippet":"max-snippet:-1","max-image-preview":"max-image-preview:large","max-video-preview":"max-video-preview:-1"},"canonical":"https:\/\/khogiaodienmau.net\/hoca\/bio-pellet-continuum-chiet-20ml\/","og_locale":"vi_VN","og_type":"article","og_title":"Bio-pellet Continuum Chi\u1ebft 20ml - M\u1eabu web b\u00e1n h\u00e0ng c\u00e1 c\u1ea3nh th\u1ee7y sinh","og_description":"V\u1eadt li\u1ec7u kh\u1eed nitrat (NO3) Bio-pellet Continuum 20ml V\u1eadt li\u1ec7u kh\u1eed nitrat (NO3) Bio-pellet Continuum 20ml V\u1eadt li\u1ec7u kh\u1eed NO3 Bio-pellet l\u00e0 v\u1eadt li\u1ec7u l\u1ecdc n\u01b0\u1edbc b\u1ec3 c\u00e1 d\u1ea1ng h\u1ea1t \u0111\u01b0\u1ee3c l\u00e0m t\u1eeb Polyme t\u1ef1 nhi\u00ean; gi\u00fap kh\u1eed nitrat (NO3) v\u00e0 photphat (PO4) \u0111\u1ed9c h\u1ea1i t\u1eeb qu\u00e1 tr\u00ecnh ph\u00e2n h\u1ee7y th\u1ee9c \u0103n th\u1eeba v\u00e0 ch\u1ea5t...","og_url":"https:\/\/khogiaodienmau.net\/hoca\/bio-pellet-continuum-chiet-20ml\/","og_site_name":"M\u1eabu web b\u00e1n h\u00e0ng c\u00e1 c\u1ea3nh th\u1ee7y sinh","article_modified_time":"2023-12-19T07:50:47+00:00","og_image":[{"width":500,"height":500,"url":"https:\/\/khogiaodienmau.net\/hoca\/wp-content\/uploads\/2021\/07\/sp4.jpg","type":"image\/jpeg"}],"twitter_card":"summary_large_image","twitter_misc":{"Gi\u00e1":"1.200.000&#8363;","Kh\u1ea3 d\u1ee5ng":"Trong kho"},"schema":{"@context":"https:\/\/schema.org","@graph":[{"@type":"WebPage","@id":"https:\/\/khogiaodienmau.net\/hoca\/bio-pellet-continuum-chiet-20ml\/","url":"https:\/\/khogiaodienmau.net\/hoca\/bio-pellet-continuum-chiet-20ml\/","name":"Bio-pellet Continuum Chi\u1ebft 20ml - M\u1eabu web b\u00e1n h\u00e0ng c\u00e1 c\u1ea3nh th\u1ee7y sinh","isPartOf":{"@id":"https:\/\/khogiaodienmau.net\/hoca\/#website"},"primaryImageOfPage":{"@id":"https:\/\/khogiaodienmau.net\/hoca\/bio-pellet-continuum-chiet-20ml\/#primaryimage"},"image":{"@id":"https:\/\/khogiaodienmau.net\/hoca\/bio-pellet-continuum-chiet-20ml\/#primaryimage"},"thumbnailUrl":"https:\/\/khogiaodienmau.net\/hoca\/wp-content\/uploads\/2021\/07\/sp4.jpg","datePublished":"2021-07-31T01:38:57+00:00","dateModified":"2023-12-19T07:50:47+00:00","breadcrumb":{"@id":"https:\/\/khogiaodienmau.net\/hoca\/bio-pellet-continuum-chiet-20ml\/#breadcrumb"},"inLanguage":"vi","potentialAction":[{"@type":"ReadAction","target":["https:\/\/khogiaodienmau.net\/hoca\/bio-pellet-continuum-chiet-20ml\/"]}]},{"@type":"ImageObject","inLanguage":"vi","@id":"https:\/\/khogiaodienmau.net\/hoca\/bio-pellet-continuum-chiet-20ml\/#primaryimage","url":"https:\/\/khogiaodienmau.net\/hoca\/wp-content\/uploads\/2021\/07\/sp4.jpg","contentUrl":"https:\/\/khogiaodienmau.net\/hoca\/wp-content\/uploads\/2021\/07\/sp4.jpg","width":500,"height":500},{"@type":"BreadcrumbList","@id":"https:\/\/khogiaodienmau.net\/hoca\/bio-pellet-continuum-chiet-20ml\/#breadcrumb","itemListElement":[{"@type":"ListItem","position":1,"name":"Trang ch\u1ee7","item":"https:\/\/khogiaodienmau.net\/hoca\/"},{"@type":"ListItem","position":2,"name":"C\u1eeda h\u00e0ng","item":"https:\/\/khogiaodienmau.net\/hoca\/cua-hang\/"},{"@type":"ListItem","position":3,"name":"S\u1ea3n ph\u1ea9m kh\u00e1c","item":"https:\/\/khogiaodienmau.net\/hoca\/danh-muc\/san-pham-khac\/"},{"@type":"ListItem","position":4,"name":"V\u1eadt li\u1ec7u kh\u1eed","item":"https:\/\/khogiaodienmau.net\/hoca\/danh-muc\/san-pham-khac\/vat-lieu-khu\/"},{"@type":"ListItem","position":5,"name":"Bio-pellet Continuum Chi\u1ebft 20ml"}]},{"@type":"WebSite","@id":"https:\/\/khogiaodienmau.net\/hoca\/#website","url":"https:\/\/khogiaodienmau.net\/hoca\/","name":"M\u1eabu web b\u00e1n h\u00e0ng c\u00e1 c\u1ea3nh th\u1ee7y sinh","description":"Theme web, theme wordpress, theme web b\u00e1n h\u00e0ng, theme web t\u1ed5ng h\u1ee3p, m\u1eabu web b\u00e1n h\u00e0ng, m\u1eabu web \u0111\u1eb9p. Ch\u1ec9 c\u1ea7n 5 ph\u00fat c\u00e0i \u0111\u1eb7t l\u00e0 c\u00f3 ngay website ho\u00e0n ch\u1ec9nh, d\u1ec5 d\u00e0ng t\u00f9y bi\u1ebfn v\u00e0 thay \u0111\u1ed5i th\u00f4ng tin tr\u00ean web","potentialAction":[{"@type":"SearchAction","target":{"@type":"EntryPoint","urlTemplate":"https:\/\/khogiaodienmau.net\/hoca\/?s={search_term_string}"},"query-input":"required name=search_term_string"}],"inLanguage":"vi"}]},"product_price_amount":"1200000","product_price_currency":"VND","og_availability":"instock","product_availability":"instock","product_condition":"new"},"_links":{"self":[{"href":"https:\/\/khogiaodienmau.net\/hoca\/wp-json\/wp\/v2\/product\/213","targetHints":{"allow":["GET"]}}],"collection":[{"href":"https:\/\/khogiaodienmau.net\/hoca\/wp-json\/wp\/v2\/product"}],"about":[{"href":"https:\/\/khogiaodienmau.net\/hoca\/wp-json\/wp\/v2\/types\/product"}],"replies":[{"embeddable":true,"href":"https:\/\/khogiaodienmau.net\/hoca\/wp-json\/wp\/v2\/comments?post=213"}],"wp:featuredmedia":[{"embeddable":true,"href":"https:\/\/khogiaodienmau.net\/hoca\/wp-json\/wp\/v2\/media\/214"}],"wp:attachment":[{"href":"https:\/\/khogiaodienmau.net\/hoca\/wp-json\/wp\/v2\/media?parent=213"}],"wp:term":[{"taxonomy":"product_cat","embeddable":true,"href":"https:\/\/khogiaodienmau.net\/hoca\/wp-json\/wp\/v2\/product_cat?post=213"},{"taxonomy":"product_tag","embeddable":true,"href":"https:\/\/khogiaodienmau.net\/hoca\/wp-json\/wp\/v2\/product_tag?post=213"}],"curies":[{"name":"wp","href":"https:\/\/api.w.org\/{rel}","templated":true}]}}