{"id":211,"date":"2021-07-31T08:37:53","date_gmt":"2021-07-31T01:37:53","guid":{"rendered":"http:\/\/thuysinh.toptheme.info\/?post_type=product&#038;p=211"},"modified":"2023-12-19T14:50:47","modified_gmt":"2023-12-19T07:50:47","slug":"vat-lieu-loc-po4-ultra-phos","status":"publish","type":"product","link":"https:\/\/khogiaodienmau.net\/hoca\/vat-lieu-loc-po4-ultra-phos\/","title":{"rendered":"V\u1eadt li\u1ec7u l\u1ecdc PO4 &#8211; Ultra Phos"},"content":{"rendered":"<p>Ultra Phos\u00a0l\u00e0 v\u1eadt li\u1ec7u c\u00f3 g\u1ed1c nh\u00f4m \u0111\u01b0\u1ee3c s\u1eed d\u1ee5ng \u0111\u1ec3 kh\u1eed Po4 v\u00e0 m\u1ed9t s\u1ed1 ch\u1ea5t c\u00f3 h\u1ea1i kh\u00e1c nh\u01b0 barium, arsenic, fluoride. C\u00e1c g\u1ed1c t\u1ef1 do n\u00e0y sau khi \u0111i qua l\u00f2 kh\u1eed s\u1ebd li\u00ean k\u1ebft v\u1edbi b\u1ec1 m\u1eb7t c\u1ee7a Ultra Phos v\u00e0 s\u1ebd kh\u00f4ng quay tr\u1edf l\u1ea1i b\u1ec3 c\u00e1. Ultra Phos c\u00f3 th\u1ec3 duy tr\u00ec n\u1ed3ng \u0111\u1ed9 dinh d\u01b0\u1ee1ng d\u01b0 th\u1eeba r\u1ea5t th\u1ea5p trong b\u1ec3 c\u1ee7a b\u1ea1n, ng\u0103n ch\u1eb7n s\u1ef1 ph\u00e1t tri\u1ec3n kh\u00f4ng mong mu\u1ed1n c\u1ee7a t\u1ea3o c\u00f3 h\u1ea1i v\u00e0 gi\u00fap san h\u00f4 c\u00f3 \u0111\u01b0\u1ee3c m\u00e0u s\u1eafc t\u1ef1 nhi\u00ean.<\/p>\n<p><strong>Li\u1ec1u d\u00f9ng:<\/strong><\/p>\n<p>Th\u1ef1c hi\u1ec7n c\u00e1c thay \u0111\u1ed5i trong b\u1ec3 m\u1ed9t c\u00e1ch c\u1ea9n th\u1eadn v\u00e0 ch\u1eadm r\u00e3i.\u00a0 B\u1eaft \u0111\u1ea7u b\u1eb1ng 50gr\/200L n\u01b0\u1edbc. Sau 14 ng\u00e0y, t\u0103ng li\u1ec1u l\u01b0\u1ee3ng l\u00ean 100gr\/ 200L n\u01b0\u1edbc. Kh\u00f4ng s\u1eed d\u1ee5ng qu\u00e1 li\u1ec1u.<\/p>\n<p>\u0110o n\u1ed3ng \u0111\u1ed9 Po4 trong b\u1ec3 \u0111\u1ec3 ki\u1ec3m tra k\u1ebft qu\u1ea3.<\/p>\n<p>Khi n\u1ed3ng \u0111\u1ed9 Po4 t\u0103ng tr\u1edf l\u1ea1i, thay m\u1edbi v\u1eadt li\u1ec7u Ultra Phos.\u00a0Kh\u00f4ng \u0111\u01b0\u1ee3c s\u1eed d\u1ee5ng qu\u00e1 100gr\/200L n\u01b0\u1edbc b\u1ec3. Ultra Phos ph\u00e1t huy c\u00f4ng d\u1ee5ng t\u1ed1i \u0111a t\u1ea1i khu v\u1ef1c c\u00f3 d\u00f2ng ch\u1ea3y l\u1edbn v\u00e0 \u1edf c\u00e1c h\u1ed3 c\u00f3 n\u1ed3ng \u0111\u1ed9 dinh d\u01b0\u1ee1ng cao. Kh\u00f4ng s\u1eed d\u1ee5ng Ultra Phos \u0111\u1ed1i v\u1edbi nh\u1eefng b\u1ec3 c\u00f3 n\u1ed3ng \u0111\u1ed9 Po4 \u1edf d\u01b0\u1edbi m\u1ee9c 0.03mg\/L.\u00a0T\u00e1c d\u1ee5ng c\u1ee7a Ultra Phos c\u00f3 th\u1ec3 nh\u00ecn th\u1ea5y \u0111\u01b0\u1ee3c th\u00f4ng qua vi\u1ec7c n\u01b0\u1edbc c\u1ee7a b\u1ec3 tr\u1edf n\u00ean trong h\u01a1n. V\u1eadt li\u1ec7u l\u1ecdc Ultra Phos s\u1ebd c\u00f3 m\u00e0u v\u00e0ng sau khi h\u1ea5p th\u1ee5 c\u00e1c ch\u1ea5t c\u00f3 h\u1ea1i trong b\u1ec3.<\/p>\n<p><strong>Khuy\u1ebfn c\u00e1o:<\/strong><\/p>\n<p>Kh\u00f4ng s\u1eed d\u1ee5ng Ultra Phos \u0111\u1ed1i v\u1edbi b\u1ec3 c\u00f3 n\u1ed3ng \u0111\u1ed9 dinh d\u01b0\u1ee1ng th\u1ea5p, do t\u00e1c d\u1ee5ng c\u1ee7a Ultra Phos qu\u00e1 m\u1ea1nh.<\/p>\n<p><em>S\u1ea3n ph\u1ea9m \u0111\u01b0\u1ee3c s\u1ea3n xu\u1ea5t v\u00e0 \u0111\u00f3ng g\u00f3i t\u1ea1i CHLB \u0110\u1ee9c.<\/em><\/p>\n","protected":false},"excerpt":{"rendered":"<div class=\"product-summary product_description margin-bottom-15\">\n<div class=\"rte description text5line\">Ultra Phos l\u00e0 v\u1eadt li\u1ec7u c\u00f3 g\u1ed1c nh\u00f4m \u0111\u01b0\u1ee3c s\u1eed d\u1ee5ng \u0111\u1ec3 kh\u1eed Po4 v\u00e0 m\u1ed9t s\u1ed1 ch\u1ea5t c\u00f3 h\u1ea1i kh\u00e1c nh\u01b0 barium, ar Ultra Phos c\u00f3 th\u1ec3 duy tr\u00ec n\u1ed3ng \u0111\u1ed9 dinh d\u01b0\u1ee1ng d\u01b0 th\u1eeba r\u1ea5t th\u1ea5p trong b\u1ec3 c\u1ee7a b\u1ea1n C\u00e1c g\u1ed1c t\u1ef1 do n\u00e0y sau khi \u0111i qua l\u00f2 kh\u1eed s\u1ebd li\u00ean k\u1ebft v\u1edbi b\u1ec1 m\u1eb7t c\u1ee7a Ultra Phos v\u00e0 b\u1ecb l\u1ecdc ng\u0103n ch\u1eb7n s\u1ef1 ph\u00e1t tri\u1ec3n kh\u00f4ng mong mu\u1ed1n c\u1ee7a t\u1ea3o c\u00f3 h\u1ea1i Gi\u00fap san h\u00f4 c\u00f3 \u0111\u01b0\u1ee3c m\u00e0u s\u1eafc t\u1ef1 nhi\u00ean<\/div>\n<\/div>\n<div class=\"form-product\">\n<form id=\"add-to-cart-form\" class=\"form-inline\" action=\"https:\/\/rinaquarium.com\/cart\/add\" enctype=\"multipart\/form-data\" method=\"post\">\n<div class=\"box-variant clearfix\"><\/div>\n<div class=\"form-group product_quantity\"><\/div>\n<\/form>\n<\/div>\n","protected":false},"featured_media":212,"comment_status":"open","ping_status":"closed","template":"","meta":[],"product_cat":[48,50],"product_tag":[],"class_list":{"0":"post-211","1":"product","2":"type-product","3":"status-publish","4":"has-post-thumbnail","6":"product_cat-san-pham-khac","7":"product_cat-vat-lieu-loc","8":"pa_nha-cung-cap-hang-gia-cong","10":"first","11":"instock","12":"sale","13":"shipping-taxable","14":"purchasable","15":"product-type-simple"},"yoast_head":"<!-- This site is optimized with the Yoast SEO plugin v22.6 - https:\/\/yoast.com\/wordpress\/plugins\/seo\/ -->\n<title>V\u1eadt li\u1ec7u l\u1ecdc PO4 - Ultra Phos - M\u1eabu web b\u00e1n h\u00e0ng c\u00e1 c\u1ea3nh th\u1ee7y sinh<\/title>\n<meta name=\"robots\" content=\"index, follow, max-snippet:-1, max-image-preview:large, max-video-preview:-1\" \/>\n<link rel=\"canonical\" href=\"https:\/\/khogiaodienmau.net\/hoca\/vat-lieu-loc-po4-ultra-phos\/\" \/>\n<meta property=\"og:locale\" content=\"vi_VN\" \/>\n<meta property=\"og:type\" content=\"article\" \/>\n<meta property=\"og:title\" content=\"V\u1eadt li\u1ec7u l\u1ecdc PO4 - Ultra Phos - M\u1eabu web b\u00e1n h\u00e0ng c\u00e1 c\u1ea3nh th\u1ee7y sinh\" \/>\n<meta property=\"og:description\" content=\"Ultra Phos l\u00e0 v\u1eadt li\u1ec7u c\u00f3 g\u1ed1c nh\u00f4m \u0111\u01b0\u1ee3c s\u1eed d\u1ee5ng \u0111\u1ec3 kh\u1eed Po4 v\u00e0 m\u1ed9t s\u1ed1 ch\u1ea5t c\u00f3 h\u1ea1i kh\u00e1c nh\u01b0 barium, ar Ultra Phos c\u00f3 th\u1ec3 duy tr\u00ec n\u1ed3ng \u0111\u1ed9 dinh d\u01b0\u1ee1ng d\u01b0 th\u1eeba r\u1ea5t th\u1ea5p trong b\u1ec3 c\u1ee7a b\u1ea1n C\u00e1c g\u1ed1c t\u1ef1 do n\u00e0y sau khi \u0111i qua l\u00f2 kh\u1eed s\u1ebd li\u00ean k\u1ebft v\u1edbi b\u1ec1 m\u1eb7t c\u1ee7a Ultra Phos v\u00e0 b\u1ecb l\u1ecdc ng\u0103n ch\u1eb7n s\u1ef1 ph\u00e1t tri\u1ec3n kh\u00f4ng mong mu\u1ed1n c\u1ee7a t\u1ea3o c\u00f3 h\u1ea1i Gi\u00fap san h\u00f4 c\u00f3 \u0111\u01b0\u1ee3c m\u00e0u s\u1eafc t\u1ef1 nhi\u00ean\" \/>\n<meta property=\"og:url\" content=\"https:\/\/khogiaodienmau.net\/hoca\/vat-lieu-loc-po4-ultra-phos\/\" \/>\n<meta property=\"og:site_name\" content=\"M\u1eabu web b\u00e1n h\u00e0ng c\u00e1 c\u1ea3nh th\u1ee7y sinh\" \/>\n<meta property=\"article:modified_time\" content=\"2023-12-19T07:50:47+00:00\" \/>\n<meta property=\"og:image\" content=\"https:\/\/khogiaodienmau.net\/hoca\/wp-content\/uploads\/2021\/07\/ultraphos-gruppe-haufen-rgb-frei-624x709-bcd5a7a9-00f6-421a-8566-1eb4e0e31c52.jpg\" \/>\n\t<meta property=\"og:image:width\" content=\"624\" \/>\n\t<meta property=\"og:image:height\" content=\"709\" \/>\n\t<meta property=\"og:image:type\" content=\"image\/jpeg\" \/>\n<meta name=\"twitter:card\" content=\"summary_large_image\" \/>\n<meta name=\"twitter:label1\" content=\"Gi\u00e1\" \/>\n\t<meta name=\"twitter:data1\" content=\"2.100.000&#8363;\" \/>\n\t<meta name=\"twitter:label2\" content=\"Kh\u1ea3 d\u1ee5ng\" \/>\n\t<meta name=\"twitter:data2\" content=\"Trong kho\" \/>\n<script type=\"application\/ld+json\" class=\"yoast-schema-graph\">{\"@context\":\"https:\/\/schema.org\",\"@graph\":[{\"@type\":\"WebPage\",\"@id\":\"https:\/\/khogiaodienmau.net\/hoca\/vat-lieu-loc-po4-ultra-phos\/\",\"url\":\"https:\/\/khogiaodienmau.net\/hoca\/vat-lieu-loc-po4-ultra-phos\/\",\"name\":\"V\u1eadt li\u1ec7u l\u1ecdc PO4 - Ultra Phos - M\u1eabu web b\u00e1n h\u00e0ng c\u00e1 c\u1ea3nh th\u1ee7y sinh\",\"isPartOf\":{\"@id\":\"https:\/\/khogiaodienmau.net\/hoca\/#website\"},\"primaryImageOfPage\":{\"@id\":\"https:\/\/khogiaodienmau.net\/hoca\/vat-lieu-loc-po4-ultra-phos\/#primaryimage\"},\"image\":{\"@id\":\"https:\/\/khogiaodienmau.net\/hoca\/vat-lieu-loc-po4-ultra-phos\/#primaryimage\"},\"thumbnailUrl\":\"https:\/\/khogiaodienmau.net\/hoca\/wp-content\/uploads\/2021\/07\/ultraphos-gruppe-haufen-rgb-frei-624x709-bcd5a7a9-00f6-421a-8566-1eb4e0e31c52.jpg\",\"datePublished\":\"2021-07-31T01:37:53+00:00\",\"dateModified\":\"2023-12-19T07:50:47+00:00\",\"breadcrumb\":{\"@id\":\"https:\/\/khogiaodienmau.net\/hoca\/vat-lieu-loc-po4-ultra-phos\/#breadcrumb\"},\"inLanguage\":\"vi\",\"potentialAction\":[{\"@type\":\"ReadAction\",\"target\":[\"https:\/\/khogiaodienmau.net\/hoca\/vat-lieu-loc-po4-ultra-phos\/\"]}]},{\"@type\":\"ImageObject\",\"inLanguage\":\"vi\",\"@id\":\"https:\/\/khogiaodienmau.net\/hoca\/vat-lieu-loc-po4-ultra-phos\/#primaryimage\",\"url\":\"https:\/\/khogiaodienmau.net\/hoca\/wp-content\/uploads\/2021\/07\/ultraphos-gruppe-haufen-rgb-frei-624x709-bcd5a7a9-00f6-421a-8566-1eb4e0e31c52.jpg\",\"contentUrl\":\"https:\/\/khogiaodienmau.net\/hoca\/wp-content\/uploads\/2021\/07\/ultraphos-gruppe-haufen-rgb-frei-624x709-bcd5a7a9-00f6-421a-8566-1eb4e0e31c52.jpg\",\"width\":624,\"height\":709},{\"@type\":\"BreadcrumbList\",\"@id\":\"https:\/\/khogiaodienmau.net\/hoca\/vat-lieu-loc-po4-ultra-phos\/#breadcrumb\",\"itemListElement\":[{\"@type\":\"ListItem\",\"position\":1,\"name\":\"Trang ch\u1ee7\",\"item\":\"https:\/\/khogiaodienmau.net\/hoca\/\"},{\"@type\":\"ListItem\",\"position\":2,\"name\":\"C\u1eeda h\u00e0ng\",\"item\":\"https:\/\/khogiaodienmau.net\/hoca\/cua-hang\/\"},{\"@type\":\"ListItem\",\"position\":3,\"name\":\"S\u1ea3n ph\u1ea9m kh\u00e1c\",\"item\":\"https:\/\/khogiaodienmau.net\/hoca\/danh-muc\/san-pham-khac\/\"},{\"@type\":\"ListItem\",\"position\":4,\"name\":\"V\u1eadt li\u1ec7u l\u1ecdc\",\"item\":\"https:\/\/khogiaodienmau.net\/hoca\/danh-muc\/san-pham-khac\/vat-lieu-loc\/\"},{\"@type\":\"ListItem\",\"position\":5,\"name\":\"V\u1eadt li\u1ec7u l\u1ecdc PO4 &#8211; Ultra Phos\"}]},{\"@type\":\"WebSite\",\"@id\":\"https:\/\/khogiaodienmau.net\/hoca\/#website\",\"url\":\"https:\/\/khogiaodienmau.net\/hoca\/\",\"name\":\"M\u1eabu web b\u00e1n h\u00e0ng c\u00e1 c\u1ea3nh th\u1ee7y sinh\",\"description\":\"Theme web, theme wordpress, theme web b\u00e1n h\u00e0ng, theme web t\u1ed5ng h\u1ee3p, m\u1eabu web b\u00e1n h\u00e0ng, m\u1eabu web \u0111\u1eb9p. Ch\u1ec9 c\u1ea7n 5 ph\u00fat c\u00e0i \u0111\u1eb7t l\u00e0 c\u00f3 ngay website ho\u00e0n ch\u1ec9nh, d\u1ec5 d\u00e0ng t\u00f9y bi\u1ebfn v\u00e0 thay \u0111\u1ed5i th\u00f4ng tin tr\u00ean web\",\"potentialAction\":[{\"@type\":\"SearchAction\",\"target\":{\"@type\":\"EntryPoint\",\"urlTemplate\":\"https:\/\/khogiaodienmau.net\/hoca\/?s={search_term_string}\"},\"query-input\":\"required name=search_term_string\"}],\"inLanguage\":\"vi\"}]}<\/script>\n<meta property=\"product:price:amount\" content=\"2100000\" \/>\n<meta property=\"product:price:currency\" content=\"VND\" \/>\n<meta property=\"og:availability\" content=\"instock\" \/>\n<meta property=\"product:availability\" content=\"instock\" \/>\n<meta property=\"product:condition\" content=\"new\" \/>\n<!-- \/ Yoast SEO plugin. -->","yoast_head_json":{"title":"V\u1eadt li\u1ec7u l\u1ecdc PO4 - Ultra Phos - M\u1eabu web b\u00e1n h\u00e0ng c\u00e1 c\u1ea3nh th\u1ee7y sinh","robots":{"index":"index","follow":"follow","max-snippet":"max-snippet:-1","max-image-preview":"max-image-preview:large","max-video-preview":"max-video-preview:-1"},"canonical":"https:\/\/khogiaodienmau.net\/hoca\/vat-lieu-loc-po4-ultra-phos\/","og_locale":"vi_VN","og_type":"article","og_title":"V\u1eadt li\u1ec7u l\u1ecdc PO4 - Ultra Phos - M\u1eabu web b\u00e1n h\u00e0ng c\u00e1 c\u1ea3nh th\u1ee7y sinh","og_description":"Ultra Phos l\u00e0 v\u1eadt li\u1ec7u c\u00f3 g\u1ed1c nh\u00f4m \u0111\u01b0\u1ee3c s\u1eed d\u1ee5ng \u0111\u1ec3 kh\u1eed Po4 v\u00e0 m\u1ed9t s\u1ed1 ch\u1ea5t c\u00f3 h\u1ea1i kh\u00e1c nh\u01b0 barium, ar Ultra Phos c\u00f3 th\u1ec3 duy tr\u00ec n\u1ed3ng \u0111\u1ed9 dinh d\u01b0\u1ee1ng d\u01b0 th\u1eeba r\u1ea5t th\u1ea5p trong b\u1ec3 c\u1ee7a b\u1ea1n C\u00e1c g\u1ed1c t\u1ef1 do n\u00e0y sau khi \u0111i qua l\u00f2 kh\u1eed s\u1ebd li\u00ean k\u1ebft v\u1edbi b\u1ec1 m\u1eb7t c\u1ee7a Ultra Phos v\u00e0 b\u1ecb l\u1ecdc ng\u0103n ch\u1eb7n s\u1ef1 ph\u00e1t tri\u1ec3n kh\u00f4ng mong mu\u1ed1n c\u1ee7a t\u1ea3o c\u00f3 h\u1ea1i Gi\u00fap san h\u00f4 c\u00f3 \u0111\u01b0\u1ee3c m\u00e0u s\u1eafc t\u1ef1 nhi\u00ean","og_url":"https:\/\/khogiaodienmau.net\/hoca\/vat-lieu-loc-po4-ultra-phos\/","og_site_name":"M\u1eabu web b\u00e1n h\u00e0ng c\u00e1 c\u1ea3nh th\u1ee7y sinh","article_modified_time":"2023-12-19T07:50:47+00:00","og_image":[{"width":624,"height":709,"url":"https:\/\/khogiaodienmau.net\/hoca\/wp-content\/uploads\/2021\/07\/ultraphos-gruppe-haufen-rgb-frei-624x709-bcd5a7a9-00f6-421a-8566-1eb4e0e31c52.jpg","type":"image\/jpeg"}],"twitter_card":"summary_large_image","twitter_misc":{"Gi\u00e1":"2.100.000&#8363;","Kh\u1ea3 d\u1ee5ng":"Trong kho"},"schema":{"@context":"https:\/\/schema.org","@graph":[{"@type":"WebPage","@id":"https:\/\/khogiaodienmau.net\/hoca\/vat-lieu-loc-po4-ultra-phos\/","url":"https:\/\/khogiaodienmau.net\/hoca\/vat-lieu-loc-po4-ultra-phos\/","name":"V\u1eadt li\u1ec7u l\u1ecdc PO4 - Ultra Phos - M\u1eabu web b\u00e1n h\u00e0ng c\u00e1 c\u1ea3nh th\u1ee7y sinh","isPartOf":{"@id":"https:\/\/khogiaodienmau.net\/hoca\/#website"},"primaryImageOfPage":{"@id":"https:\/\/khogiaodienmau.net\/hoca\/vat-lieu-loc-po4-ultra-phos\/#primaryimage"},"image":{"@id":"https:\/\/khogiaodienmau.net\/hoca\/vat-lieu-loc-po4-ultra-phos\/#primaryimage"},"thumbnailUrl":"https:\/\/khogiaodienmau.net\/hoca\/wp-content\/uploads\/2021\/07\/ultraphos-gruppe-haufen-rgb-frei-624x709-bcd5a7a9-00f6-421a-8566-1eb4e0e31c52.jpg","datePublished":"2021-07-31T01:37:53+00:00","dateModified":"2023-12-19T07:50:47+00:00","breadcrumb":{"@id":"https:\/\/khogiaodienmau.net\/hoca\/vat-lieu-loc-po4-ultra-phos\/#breadcrumb"},"inLanguage":"vi","potentialAction":[{"@type":"ReadAction","target":["https:\/\/khogiaodienmau.net\/hoca\/vat-lieu-loc-po4-ultra-phos\/"]}]},{"@type":"ImageObject","inLanguage":"vi","@id":"https:\/\/khogiaodienmau.net\/hoca\/vat-lieu-loc-po4-ultra-phos\/#primaryimage","url":"https:\/\/khogiaodienmau.net\/hoca\/wp-content\/uploads\/2021\/07\/ultraphos-gruppe-haufen-rgb-frei-624x709-bcd5a7a9-00f6-421a-8566-1eb4e0e31c52.jpg","contentUrl":"https:\/\/khogiaodienmau.net\/hoca\/wp-content\/uploads\/2021\/07\/ultraphos-gruppe-haufen-rgb-frei-624x709-bcd5a7a9-00f6-421a-8566-1eb4e0e31c52.jpg","width":624,"height":709},{"@type":"BreadcrumbList","@id":"https:\/\/khogiaodienmau.net\/hoca\/vat-lieu-loc-po4-ultra-phos\/#breadcrumb","itemListElement":[{"@type":"ListItem","position":1,"name":"Trang ch\u1ee7","item":"https:\/\/khogiaodienmau.net\/hoca\/"},{"@type":"ListItem","position":2,"name":"C\u1eeda h\u00e0ng","item":"https:\/\/khogiaodienmau.net\/hoca\/cua-hang\/"},{"@type":"ListItem","position":3,"name":"S\u1ea3n ph\u1ea9m kh\u00e1c","item":"https:\/\/khogiaodienmau.net\/hoca\/danh-muc\/san-pham-khac\/"},{"@type":"ListItem","position":4,"name":"V\u1eadt li\u1ec7u l\u1ecdc","item":"https:\/\/khogiaodienmau.net\/hoca\/danh-muc\/san-pham-khac\/vat-lieu-loc\/"},{"@type":"ListItem","position":5,"name":"V\u1eadt li\u1ec7u l\u1ecdc PO4 &#8211; Ultra Phos"}]},{"@type":"WebSite","@id":"https:\/\/khogiaodienmau.net\/hoca\/#website","url":"https:\/\/khogiaodienmau.net\/hoca\/","name":"M\u1eabu web b\u00e1n h\u00e0ng c\u00e1 c\u1ea3nh th\u1ee7y sinh","description":"Theme web, theme wordpress, theme web b\u00e1n h\u00e0ng, theme web t\u1ed5ng h\u1ee3p, m\u1eabu web b\u00e1n h\u00e0ng, m\u1eabu web \u0111\u1eb9p. Ch\u1ec9 c\u1ea7n 5 ph\u00fat c\u00e0i \u0111\u1eb7t l\u00e0 c\u00f3 ngay website ho\u00e0n ch\u1ec9nh, d\u1ec5 d\u00e0ng t\u00f9y bi\u1ebfn v\u00e0 thay \u0111\u1ed5i th\u00f4ng tin tr\u00ean web","potentialAction":[{"@type":"SearchAction","target":{"@type":"EntryPoint","urlTemplate":"https:\/\/khogiaodienmau.net\/hoca\/?s={search_term_string}"},"query-input":"required name=search_term_string"}],"inLanguage":"vi"}]},"product_price_amount":"2100000","product_price_currency":"VND","og_availability":"instock","product_availability":"instock","product_condition":"new"},"_links":{"self":[{"href":"https:\/\/khogiaodienmau.net\/hoca\/wp-json\/wp\/v2\/product\/211","targetHints":{"allow":["GET"]}}],"collection":[{"href":"https:\/\/khogiaodienmau.net\/hoca\/wp-json\/wp\/v2\/product"}],"about":[{"href":"https:\/\/khogiaodienmau.net\/hoca\/wp-json\/wp\/v2\/types\/product"}],"replies":[{"embeddable":true,"href":"https:\/\/khogiaodienmau.net\/hoca\/wp-json\/wp\/v2\/comments?post=211"}],"wp:featuredmedia":[{"embeddable":true,"href":"https:\/\/khogiaodienmau.net\/hoca\/wp-json\/wp\/v2\/media\/212"}],"wp:attachment":[{"href":"https:\/\/khogiaodienmau.net\/hoca\/wp-json\/wp\/v2\/media?parent=211"}],"wp:term":[{"taxonomy":"product_cat","embeddable":true,"href":"https:\/\/khogiaodienmau.net\/hoca\/wp-json\/wp\/v2\/product_cat?post=211"},{"taxonomy":"product_tag","embeddable":true,"href":"https:\/\/khogiaodienmau.net\/hoca\/wp-json\/wp\/v2\/product_tag?post=211"}],"curies":[{"name":"wp","href":"https:\/\/api.w.org\/{rel}","templated":true}]}}