{"id":207,"date":"2021-07-31T08:35:16","date_gmt":"2021-07-31T01:35:16","guid":{"rendered":"http:\/\/thuysinh.toptheme.info\/?post_type=product&#038;p=207"},"modified":"2021-07-31T08:43:15","modified_gmt":"2021-07-31T01:43:15","slug":"su-loc-cao-cap-thick-brick-dau-hu","status":"publish","type":"product","link":"https:\/\/khogiaodienmau.net\/hoca\/su-loc-cao-cap-thick-brick-dau-hu\/","title":{"rendered":"S\u1ee9 L\u1ecdc Cao C\u1ea5p Thick Brick ( \u0110\u1eadu H\u1ee7 )"},"content":{"rendered":"<p>V\u1eadt li\u1ec7u l\u1ecdc c\u1ef1c k\u1ef3 x\u1ed1p \u0111\u01b0\u1ee3c thi\u1ebft k\u1ebf \u0111\u1ec3 s\u1eed d\u1ee5ng trong t\u1ea5t c\u1ea3 c\u00e1c b\u1ec3 c\u00e1 v\u00e0 h\u1ec7 th\u1ed1ng th\u1ee7y sinh, v\u00e0 n\u01b0\u1edbc m\u1eb7n \u0111\u1ec3 l\u1ecdc sinh h\u1ecdc. C\u00f3 di\u1ec7n t\u00edch b\u1ec1 m\u1eb7t l\u1edbn l\u00ean \u0111\u1ebfn 2150 m\u00e9t vu\u00f4ng, nh\u01b0ng n\u00f3 cung c\u1ea5p c\u00e1c \u0111\u1eb7c t\u00ednh d\u00f2ng ch\u1ea3y tuy\u1ec7t ho\u1ea1t \u0111\u1ed9ng c\u1ef1c k\u1ef3 hi\u1ec7u qu\u1ea3 trong b\u1ec3 c\u00e1 nano, c\u0169ng nh\u01b0 c\u00e1c h\u1ec7 th\u1ed1ng \u1edf m\u1ecdi k\u00edch c\u1ee1.<\/p>\n<p>Ph\u00f9 h\u1ee3p v\u1edbi c\u00e1c h\u1ec7 th\u1ed1ng r\u1ea1n san h\u00f4 v\u00e0 s\u1ebd kh\u00f4ng g\u00e2y ra c\u00e1c v\u1ea5n \u0111\u1ec1 m\u00e0 thi\u1ebft b\u1ecb kh\u1eed c\u1ed3n c\u00f3 th\u1ec3 g\u00e2y ra.<\/p>\n<p><em>K\u00edch th\u01b0\u1edbc: 20*20*10cm t\u01b0\u01a1ng \u1ee9ng v\u1edbi 4L\u00edt<\/em><\/p>\n<p><strong>H\u01b0\u1edbng d\u1eabn s\u1eed d\u1ee5ng<\/strong><\/p>\n<p>R\u1eeda nh\u1eb9 trong n\u01b0\u1edbc m\u00e1y tinh khi\u1ebft ho\u1eb7c n\u01b0\u1edbc h\u1ed3 c\u00e1. \u0110\u1eb7t s\u1ea3n ph\u1ea9m v\u00e0o h\u1ed9p nh\u1ef1a, ng\u1eadp trong n\u01b0\u1edbc h\u1ed3 c\u00e1 v\u00e0 th\u00eam li\u1ec1u l\u01b0\u1ee3ng khuy\u1ebfn ngh\u1ecb cho k\u00edch th\u01b0\u1edbc h\u1ed3 c\u00e1 c\u1ee7a b\u1ea1n ( 1 kh\u1ed1i s\u1eed d\u1ee5ng cho b\u1ec3 400 l\u00edt)<\/p>\n","protected":false},"excerpt":{"rendered":"<p>R\u1eeda nh\u1eb9 trong n\u01b0\u1edbc m\u00e1y tinh khi\u1ebft ho\u1eb7c n\u01b0\u1edbc h\u1ed3 c\u00e1. \u0110\u1eb7t s\u1ea3n ph\u1ea9m v\u00e0o h\u1ed9p nh\u1ef1a, ng\u1eadp trong n\u01b0\u1edbc h\u1ed3 c\u00e1 v\u00e0 th\u00eam li\u1ec1u l\u01b0\u1ee3ng khuy\u1ebfn ngh\u1ecb cho k\u00edch th\u01b0\u1edbc h\u1ed3 c\u00e1 c\u1ee7a b\u1ea1n ( 1 kh\u1ed1i s\u1eed d\u1ee5ng cho b\u1ec3 400 l\u00edt)<\/p>\n","protected":false},"featured_media":208,"comment_status":"open","ping_status":"closed","template":"","meta":[],"product_cat":[16,17,21],"product_tag":[],"class_list":{"0":"post-207","1":"product","2":"type-product","3":"status-publish","4":"has-post-thumbnail","6":"product_cat-be-ca","7":"product_cat-combo-loc-vach","8":"product_cat-sump","9":"pa_nha-cung-cap-rs","11":"first","12":"instock","13":"shipping-taxable","14":"purchasable","15":"product-type-simple"},"yoast_head":"<!-- This site is optimized with the Yoast SEO plugin v22.6 - https:\/\/yoast.com\/wordpress\/plugins\/seo\/ -->\n<title>S\u1ee9 L\u1ecdc Cao C\u1ea5p Thick Brick ( \u0110\u1eadu H\u1ee7 ) - M\u1eabu web b\u00e1n h\u00e0ng c\u00e1 c\u1ea3nh th\u1ee7y sinh<\/title>\n<meta name=\"robots\" content=\"index, follow, max-snippet:-1, max-image-preview:large, max-video-preview:-1\" \/>\n<link rel=\"canonical\" href=\"https:\/\/khogiaodienmau.net\/hoca\/su-loc-cao-cap-thick-brick-dau-hu\/\" \/>\n<meta property=\"og:locale\" content=\"vi_VN\" \/>\n<meta property=\"og:type\" content=\"article\" \/>\n<meta property=\"og:title\" content=\"S\u1ee9 L\u1ecdc Cao C\u1ea5p Thick Brick ( \u0110\u1eadu H\u1ee7 ) - M\u1eabu web b\u00e1n h\u00e0ng c\u00e1 c\u1ea3nh th\u1ee7y sinh\" \/>\n<meta property=\"og:description\" content=\"R\u1eeda nh\u1eb9 trong n\u01b0\u1edbc m\u00e1y tinh khi\u1ebft ho\u1eb7c n\u01b0\u1edbc h\u1ed3 c\u00e1. \u0110\u1eb7t s\u1ea3n ph\u1ea9m v\u00e0o h\u1ed9p nh\u1ef1a, ng\u1eadp trong n\u01b0\u1edbc h\u1ed3 c\u00e1 v\u00e0 th\u00eam li\u1ec1u l\u01b0\u1ee3ng khuy\u1ebfn ngh\u1ecb cho k\u00edch th\u01b0\u1edbc h\u1ed3 c\u00e1 c\u1ee7a b\u1ea1n ( 1 kh\u1ed1i s\u1eed d\u1ee5ng cho b\u1ec3 400 l\u00edt)\" \/>\n<meta property=\"og:url\" content=\"https:\/\/khogiaodienmau.net\/hoca\/su-loc-cao-cap-thick-brick-dau-hu\/\" \/>\n<meta property=\"og:site_name\" content=\"M\u1eabu web b\u00e1n h\u00e0ng c\u00e1 c\u1ea3nh th\u1ee7y sinh\" \/>\n<meta property=\"article:modified_time\" content=\"2021-07-31T01:43:15+00:00\" \/>\n<meta property=\"og:image\" content=\"https:\/\/khogiaodienmau.net\/hoca\/wp-content\/uploads\/2021\/07\/sp2.jpg\" \/>\n\t<meta property=\"og:image:width\" content=\"500\" \/>\n\t<meta property=\"og:image:height\" content=\"500\" \/>\n\t<meta property=\"og:image:type\" content=\"image\/jpeg\" \/>\n<meta name=\"twitter:card\" content=\"summary_large_image\" \/>\n<meta name=\"twitter:label1\" content=\"Gi\u00e1\" \/>\n\t<meta name=\"twitter:data1\" content=\"450.000&#8363;\" \/>\n\t<meta name=\"twitter:label2\" content=\"Kh\u1ea3 d\u1ee5ng\" \/>\n\t<meta name=\"twitter:data2\" content=\"Trong kho\" \/>\n<script type=\"application\/ld+json\" class=\"yoast-schema-graph\">{\"@context\":\"https:\/\/schema.org\",\"@graph\":[{\"@type\":\"WebPage\",\"@id\":\"https:\/\/khogiaodienmau.net\/hoca\/su-loc-cao-cap-thick-brick-dau-hu\/\",\"url\":\"https:\/\/khogiaodienmau.net\/hoca\/su-loc-cao-cap-thick-brick-dau-hu\/\",\"name\":\"S\u1ee9 L\u1ecdc Cao C\u1ea5p Thick Brick ( \u0110\u1eadu H\u1ee7 ) - M\u1eabu web b\u00e1n h\u00e0ng c\u00e1 c\u1ea3nh th\u1ee7y sinh\",\"isPartOf\":{\"@id\":\"https:\/\/khogiaodienmau.net\/hoca\/#website\"},\"primaryImageOfPage\":{\"@id\":\"https:\/\/khogiaodienmau.net\/hoca\/su-loc-cao-cap-thick-brick-dau-hu\/#primaryimage\"},\"image\":{\"@id\":\"https:\/\/khogiaodienmau.net\/hoca\/su-loc-cao-cap-thick-brick-dau-hu\/#primaryimage\"},\"thumbnailUrl\":\"https:\/\/khogiaodienmau.net\/hoca\/wp-content\/uploads\/2021\/07\/sp2.jpg\",\"datePublished\":\"2021-07-31T01:35:16+00:00\",\"dateModified\":\"2021-07-31T01:43:15+00:00\",\"breadcrumb\":{\"@id\":\"https:\/\/khogiaodienmau.net\/hoca\/su-loc-cao-cap-thick-brick-dau-hu\/#breadcrumb\"},\"inLanguage\":\"vi\",\"potentialAction\":[{\"@type\":\"ReadAction\",\"target\":[\"https:\/\/khogiaodienmau.net\/hoca\/su-loc-cao-cap-thick-brick-dau-hu\/\"]}]},{\"@type\":\"ImageObject\",\"inLanguage\":\"vi\",\"@id\":\"https:\/\/khogiaodienmau.net\/hoca\/su-loc-cao-cap-thick-brick-dau-hu\/#primaryimage\",\"url\":\"https:\/\/khogiaodienmau.net\/hoca\/wp-content\/uploads\/2021\/07\/sp2.jpg\",\"contentUrl\":\"https:\/\/khogiaodienmau.net\/hoca\/wp-content\/uploads\/2021\/07\/sp2.jpg\",\"width\":500,\"height\":500},{\"@type\":\"BreadcrumbList\",\"@id\":\"https:\/\/khogiaodienmau.net\/hoca\/su-loc-cao-cap-thick-brick-dau-hu\/#breadcrumb\",\"itemListElement\":[{\"@type\":\"ListItem\",\"position\":1,\"name\":\"Trang ch\u1ee7\",\"item\":\"https:\/\/khogiaodienmau.net\/hoca\/\"},{\"@type\":\"ListItem\",\"position\":2,\"name\":\"C\u1eeda h\u00e0ng\",\"item\":\"https:\/\/khogiaodienmau.net\/hoca\/cua-hang\/\"},{\"@type\":\"ListItem\",\"position\":3,\"name\":\"B\u1ec3 c\u00e1\",\"item\":\"https:\/\/khogiaodienmau.net\/hoca\/danh-muc\/be-ca\/\"},{\"@type\":\"ListItem\",\"position\":4,\"name\":\"Combo l\u1ecdc v\u00e1ch\",\"item\":\"https:\/\/khogiaodienmau.net\/hoca\/danh-muc\/be-ca\/combo-loc-vach\/\"},{\"@type\":\"ListItem\",\"position\":5,\"name\":\"S\u1ee9 L\u1ecdc Cao C\u1ea5p Thick Brick ( \u0110\u1eadu H\u1ee7 )\"}]},{\"@type\":\"WebSite\",\"@id\":\"https:\/\/khogiaodienmau.net\/hoca\/#website\",\"url\":\"https:\/\/khogiaodienmau.net\/hoca\/\",\"name\":\"M\u1eabu web b\u00e1n h\u00e0ng c\u00e1 c\u1ea3nh th\u1ee7y sinh\",\"description\":\"Theme web, theme wordpress, theme web b\u00e1n h\u00e0ng, theme web t\u1ed5ng h\u1ee3p, m\u1eabu web b\u00e1n h\u00e0ng, m\u1eabu web \u0111\u1eb9p. Ch\u1ec9 c\u1ea7n 5 ph\u00fat c\u00e0i \u0111\u1eb7t l\u00e0 c\u00f3 ngay website ho\u00e0n ch\u1ec9nh, d\u1ec5 d\u00e0ng t\u00f9y bi\u1ebfn v\u00e0 thay \u0111\u1ed5i th\u00f4ng tin tr\u00ean web\",\"potentialAction\":[{\"@type\":\"SearchAction\",\"target\":{\"@type\":\"EntryPoint\",\"urlTemplate\":\"https:\/\/khogiaodienmau.net\/hoca\/?s={search_term_string}\"},\"query-input\":\"required name=search_term_string\"}],\"inLanguage\":\"vi\"}]}<\/script>\n<meta property=\"product:price:amount\" content=\"450000\" \/>\n<meta property=\"product:price:currency\" content=\"VND\" \/>\n<meta property=\"og:availability\" content=\"instock\" \/>\n<meta property=\"product:availability\" content=\"instock\" \/>\n<meta property=\"product:condition\" content=\"new\" \/>\n<!-- \/ Yoast SEO plugin. -->","yoast_head_json":{"title":"S\u1ee9 L\u1ecdc Cao C\u1ea5p Thick Brick ( \u0110\u1eadu H\u1ee7 ) - M\u1eabu web b\u00e1n h\u00e0ng c\u00e1 c\u1ea3nh th\u1ee7y sinh","robots":{"index":"index","follow":"follow","max-snippet":"max-snippet:-1","max-image-preview":"max-image-preview:large","max-video-preview":"max-video-preview:-1"},"canonical":"https:\/\/khogiaodienmau.net\/hoca\/su-loc-cao-cap-thick-brick-dau-hu\/","og_locale":"vi_VN","og_type":"article","og_title":"S\u1ee9 L\u1ecdc Cao C\u1ea5p Thick Brick ( \u0110\u1eadu H\u1ee7 ) - M\u1eabu web b\u00e1n h\u00e0ng c\u00e1 c\u1ea3nh th\u1ee7y sinh","og_description":"R\u1eeda nh\u1eb9 trong n\u01b0\u1edbc m\u00e1y tinh khi\u1ebft ho\u1eb7c n\u01b0\u1edbc h\u1ed3 c\u00e1. \u0110\u1eb7t s\u1ea3n ph\u1ea9m v\u00e0o h\u1ed9p nh\u1ef1a, ng\u1eadp trong n\u01b0\u1edbc h\u1ed3 c\u00e1 v\u00e0 th\u00eam li\u1ec1u l\u01b0\u1ee3ng khuy\u1ebfn ngh\u1ecb cho k\u00edch th\u01b0\u1edbc h\u1ed3 c\u00e1 c\u1ee7a b\u1ea1n ( 1 kh\u1ed1i s\u1eed d\u1ee5ng cho b\u1ec3 400 l\u00edt)","og_url":"https:\/\/khogiaodienmau.net\/hoca\/su-loc-cao-cap-thick-brick-dau-hu\/","og_site_name":"M\u1eabu web b\u00e1n h\u00e0ng c\u00e1 c\u1ea3nh th\u1ee7y sinh","article_modified_time":"2021-07-31T01:43:15+00:00","og_image":[{"width":500,"height":500,"url":"https:\/\/khogiaodienmau.net\/hoca\/wp-content\/uploads\/2021\/07\/sp2.jpg","type":"image\/jpeg"}],"twitter_card":"summary_large_image","twitter_misc":{"Gi\u00e1":"450.000&#8363;","Kh\u1ea3 d\u1ee5ng":"Trong kho"},"schema":{"@context":"https:\/\/schema.org","@graph":[{"@type":"WebPage","@id":"https:\/\/khogiaodienmau.net\/hoca\/su-loc-cao-cap-thick-brick-dau-hu\/","url":"https:\/\/khogiaodienmau.net\/hoca\/su-loc-cao-cap-thick-brick-dau-hu\/","name":"S\u1ee9 L\u1ecdc Cao C\u1ea5p Thick Brick ( \u0110\u1eadu H\u1ee7 ) - M\u1eabu web b\u00e1n h\u00e0ng c\u00e1 c\u1ea3nh th\u1ee7y sinh","isPartOf":{"@id":"https:\/\/khogiaodienmau.net\/hoca\/#website"},"primaryImageOfPage":{"@id":"https:\/\/khogiaodienmau.net\/hoca\/su-loc-cao-cap-thick-brick-dau-hu\/#primaryimage"},"image":{"@id":"https:\/\/khogiaodienmau.net\/hoca\/su-loc-cao-cap-thick-brick-dau-hu\/#primaryimage"},"thumbnailUrl":"https:\/\/khogiaodienmau.net\/hoca\/wp-content\/uploads\/2021\/07\/sp2.jpg","datePublished":"2021-07-31T01:35:16+00:00","dateModified":"2021-07-31T01:43:15+00:00","breadcrumb":{"@id":"https:\/\/khogiaodienmau.net\/hoca\/su-loc-cao-cap-thick-brick-dau-hu\/#breadcrumb"},"inLanguage":"vi","potentialAction":[{"@type":"ReadAction","target":["https:\/\/khogiaodienmau.net\/hoca\/su-loc-cao-cap-thick-brick-dau-hu\/"]}]},{"@type":"ImageObject","inLanguage":"vi","@id":"https:\/\/khogiaodienmau.net\/hoca\/su-loc-cao-cap-thick-brick-dau-hu\/#primaryimage","url":"https:\/\/khogiaodienmau.net\/hoca\/wp-content\/uploads\/2021\/07\/sp2.jpg","contentUrl":"https:\/\/khogiaodienmau.net\/hoca\/wp-content\/uploads\/2021\/07\/sp2.jpg","width":500,"height":500},{"@type":"BreadcrumbList","@id":"https:\/\/khogiaodienmau.net\/hoca\/su-loc-cao-cap-thick-brick-dau-hu\/#breadcrumb","itemListElement":[{"@type":"ListItem","position":1,"name":"Trang ch\u1ee7","item":"https:\/\/khogiaodienmau.net\/hoca\/"},{"@type":"ListItem","position":2,"name":"C\u1eeda h\u00e0ng","item":"https:\/\/khogiaodienmau.net\/hoca\/cua-hang\/"},{"@type":"ListItem","position":3,"name":"B\u1ec3 c\u00e1","item":"https:\/\/khogiaodienmau.net\/hoca\/danh-muc\/be-ca\/"},{"@type":"ListItem","position":4,"name":"Combo l\u1ecdc v\u00e1ch","item":"https:\/\/khogiaodienmau.net\/hoca\/danh-muc\/be-ca\/combo-loc-vach\/"},{"@type":"ListItem","position":5,"name":"S\u1ee9 L\u1ecdc Cao C\u1ea5p Thick Brick ( \u0110\u1eadu H\u1ee7 )"}]},{"@type":"WebSite","@id":"https:\/\/khogiaodienmau.net\/hoca\/#website","url":"https:\/\/khogiaodienmau.net\/hoca\/","name":"M\u1eabu web b\u00e1n h\u00e0ng c\u00e1 c\u1ea3nh th\u1ee7y sinh","description":"Theme web, theme wordpress, theme web b\u00e1n h\u00e0ng, theme web t\u1ed5ng h\u1ee3p, m\u1eabu web b\u00e1n h\u00e0ng, m\u1eabu web \u0111\u1eb9p. Ch\u1ec9 c\u1ea7n 5 ph\u00fat c\u00e0i \u0111\u1eb7t l\u00e0 c\u00f3 ngay website ho\u00e0n ch\u1ec9nh, d\u1ec5 d\u00e0ng t\u00f9y bi\u1ebfn v\u00e0 thay \u0111\u1ed5i th\u00f4ng tin tr\u00ean web","potentialAction":[{"@type":"SearchAction","target":{"@type":"EntryPoint","urlTemplate":"https:\/\/khogiaodienmau.net\/hoca\/?s={search_term_string}"},"query-input":"required name=search_term_string"}],"inLanguage":"vi"}]},"product_price_amount":"450000","product_price_currency":"VND","og_availability":"instock","product_availability":"instock","product_condition":"new"},"_links":{"self":[{"href":"https:\/\/khogiaodienmau.net\/hoca\/wp-json\/wp\/v2\/product\/207","targetHints":{"allow":["GET"]}}],"collection":[{"href":"https:\/\/khogiaodienmau.net\/hoca\/wp-json\/wp\/v2\/product"}],"about":[{"href":"https:\/\/khogiaodienmau.net\/hoca\/wp-json\/wp\/v2\/types\/product"}],"replies":[{"embeddable":true,"href":"https:\/\/khogiaodienmau.net\/hoca\/wp-json\/wp\/v2\/comments?post=207"}],"wp:featuredmedia":[{"embeddable":true,"href":"https:\/\/khogiaodienmau.net\/hoca\/wp-json\/wp\/v2\/media\/208"}],"wp:attachment":[{"href":"https:\/\/khogiaodienmau.net\/hoca\/wp-json\/wp\/v2\/media?parent=207"}],"wp:term":[{"taxonomy":"product_cat","embeddable":true,"href":"https:\/\/khogiaodienmau.net\/hoca\/wp-json\/wp\/v2\/product_cat?post=207"},{"taxonomy":"product_tag","embeddable":true,"href":"https:\/\/khogiaodienmau.net\/hoca\/wp-json\/wp\/v2\/product_tag?post=207"}],"curies":[{"name":"wp","href":"https:\/\/api.w.org\/{rel}","templated":true}]}}