{"id":163,"date":"2021-07-30T18:10:30","date_gmt":"2021-07-30T11:10:30","guid":{"rendered":"http:\/\/thuysinh.toptheme.info\/?page_id=163"},"modified":"2023-12-19T18:33:33","modified_gmt":"2023-12-19T11:33:33","slug":"gioi-thieu","status":"publish","type":"page","link":"https:\/\/khogiaodienmau.net\/hoca\/gioi-thieu\/","title":{"rendered":"Gi\u1edbi thi\u1ec7u"},"content":{"rendered":"<h3><strong>XIN CH\u00c0O QU\u00dd KH\u00c1CH H\u00c0NG<\/strong><\/h3>\n<p>L\u1eddi \u0111\u1ea7u ti\u00ean, cho ph\u00e9p <a href=\"https:\/\/themeweb.vn\/\">Theme web<\/a> \u0111\u01b0\u1ee3c g\u1eedi t\u1edbi qu\u00fd kh\u00e1ch, qu\u00fd th\u00e2n nh\u00e2n v\u00e0 b\u1ea1n b\u00e8 l\u1eddi ch\u00fac s\u1ee9c kh\u1ecfe, th\u00e0nh \u0111\u1ea1t v\u00e0 h\u1ea1nh ph\u00fac.<\/p>\n<p>V\u1edbi h\u01a1n 14 n\u0103m kinh nghi\u1ec7m t\u1ea1i Freelancer, ch\u00fang t\u00f4i \u0111\u00e3 ph\u1ee5c v\u1ee5 nhi\u1ec1u kh\u00e1ch h\u00e0ng t\u1eeb US, EU v\u00e0 c\u1ed9ng \u0111\u1ed3ng Freecode Vi\u1ec7t Nam t\u1eeb n\u0103m 2009. Themeweb b\u1eaft \u0111\u1ea7u \u0111\u1ebfn v\u1edbi l\u0129nh v\u1ef1c CNTT t\u1eeb r\u1ea5t s\u1edbm v\u00e0 \u0111\u00e3 tr\u1ea3i qua nhi\u1ec1u giai \u0111o\u1ea1n ph\u00e1t tri\u1ec3n t\u1ea1i CNTT Vi\u1ec7t Nam.<\/p>\n<p>Ch\u00fang t\u00f4i t\u00edch lu\u1ef9 \u0111\u01b0\u1ee3c r\u1ea5t nhi\u1ec1u kinh nghi\u1ec7m v\u1ec1 l\u1eadp tr\u00ecnh website, b\u1ea3o m\u1eadt website v\u00e0 b\u1ea3o m\u1eadt h\u1ec7 th\u1ed1ng m\u00e1y ch\u1ee7\u2026 Th\u1ea5u hi\u1ec3u \u0111\u01b0\u1ee3c nhu c\u1ea7u c\u1ee7a r\u1ea5t nhi\u1ec1u qu\u00fd kh\u00e1ch h\u00e0ng. Ch\u00fang t\u00f4i ph\u00e1t tri\u1ec3n nhi\u1ec1u n\u1ec1n t\u1ea3ng c\u00f4ng ngh\u1ec7 ti\u00ean ti\u1ebfn, gi\u1ea3i ph\u00e1p ti\u1ebft ki\u1ec7m hi\u1ec7u qu\u1ea3, \u0111\u1ed9i ng\u0169 nh\u00e2n s\u1ef1 ch\u1ea5t l\u01b0\u1ee3ng cao, h\u1ee3p t\u00e1c to\u00e0n c\u1ea7u \u0111\u00f3 ch\u00ednh l\u00e0 gi\u00e1 tr\u1ecb c\u1ed1t l\u00f5i c\u1ee7a Themeweb.<\/p>\n<h3>L\u0128NH V\u1ef0C HO\u1ea0T \u0110\u1ed8NG ONLINE 4.0<\/h3>\n<ul>\n<li>Thi\u1ebft k\u1ebf v\u00e0 x\u00e2y d\u1ef1ng\u00a0 website tr\u1ecdn g\u00f3i.<\/li>\n<li>T\u1ed1i \u01b0u website \u2013 vi\u1ebft b\u00e0i SEO \u2013 ch\u0103m s\u00f3c trang website<\/li>\n<li>Cung c\u1ea5p d\u1ecbch v\u1ee5 l\u01b0u tr\u1eef web (Web Hosting) bao g\u1ed3m: <a href=\"https:\/\/themeweb.vn\/dich-vu-web-hosting\">Web Hosting<\/a>, Email Hosting,VPS, Server<\/li>\n<li>Ki\u1ec3m tra \u0111\u00e1nh gi\u00e1 an to\u00e0n &amp; <a href=\"https:\/\/themeweb.vn\/dich-vu-bao-mat-website\">b\u1ea3o m\u1eadt website<\/a>. \u0110\u1ec1 su\u1ea5t c\u1ea3i ti\u1ebfn n\u00e2ng cao hi\u1ec7u su\u1ea5t h\u1ec7 th\u1ed1ng ph\u1ea7n c\u1ee9ng<\/li>\n<li>X\u00e2y d\u1ef1ng, gia c\u00f4ng ph\u1ea7n m\u1ec1m theo y\u00eau c\u1ea7u c\u1ee7a Kh\u00e1ch h\u00e0ng: C\u00e1c ph\u1ea7n m\u1ec1m qu\u1ea3n l\u00fd nh\u00e2n s\u1ef1, qu\u1ea3n l\u00fd kho, ph\u1ea7n m\u1ec1m b\u00e1n h\u00e0ng, qu\u1ea3n l\u00fd thu chi\u2026<\/li>\n<\/ul>\n<h3>S\u1ea2N PH\u1ea8M V\u00c0 D\u1ecaCH V\u1ee4<\/h3>\n<p>Themeweb l\u00e0 \u0111\u01a1n v\u1ecb <a href=\"https:\/\/themeweb.vn\/dich-vu-thiet-ke-website\">thi\u1ebft k\u1ebf website gi\u00e1 r\u1ebb<\/a> tr\u1ecdn g\u00f3i, chu\u1ea9n SEO gi\u00fap kh\u00e1ch h\u00e0ng b\u00e1n h\u00e0ng Online \u0111\u01b0\u1ee3c hi\u1ec7u qu\u1ea3. Ch\u00fang t\u00f4i mang \u0111\u1ebfn gi\u1ea3i ph\u00e1p thi\u1ebft k\u1ebf website, cung c\u1ea5p t\u00ean mi\u1ec1n v\u00e0 hosting cho t\u1ea5t c\u1ea3 c\u00e1c l\u0129nh v\u1ef1c ng\u00e0nh ngh\u1ec1 kinh doanh c\u1ee7a qu\u00fd kh\u00e1ch\u2026<\/p>\n<p><a href=\"https:\/\/themeweb.vn\/theme-wordpress\">Kho giao di\u1ec7n c\u1ee7a Theme web<\/a> \u0111\u01b0\u1ee3c \u0111\u1ea7u t\u01b0 thi\u1ebft k\u1ebf t\u1ec9 m\u1ec9 v\u00e0 \u0111a d\u1ea1ng. V\u1edbi h\u1eb1ng tr\u0103m giao di\u1ec7n s\u1eb5n s\u00e0ng \u0111\u00e1p \u1ee9ng nhu c\u1ea7u c\u1ee7a h\u01a1n 30 ng\u00e0nh ngh\u1ec1 kh\u00e1c nhau. C\u00e1c m\u1eabu website \u0111\u01b0\u1ee3c d\u1ef1ng b\u1edfi Themeweb lu\u00f4n \u0111\u01b0\u1ee3c c\u1eadp nh\u1eadt h\u1eb1ng ng\u00e0y. N\u1ebfu b\u1ea1n th\u00edch n\u1ed9i dung n\u00e0y, xin \u1ee7ng h\u1ed9 d\u1ecbch v\u1ee5 c\u1ee7a ch\u00fang t\u00f4i. Xin c\u00e1m \u01a1n, ch\u00fac Qu\u00fd Kh\u00e1ch v\u00e0 gia \u0111\u00ecnh nhi\u1ec1u s\u1ee9c kh\u1ecfe nhi\u1ec1u th\u00e0nh c\u00f4ng<\/p>\n<p>Xin c\u00e1m \u01a1n s\u1ef1 tin t\u01b0\u1edfng v\u00e0 \u1ee7ng h\u1ed9 c\u1ee7a qu\u00fd kh\u00e1ch trong th\u1eddi gian qua.<\/p>\n<p>Tr\u00e2n tr\u1ecdng.\/.<\/p>\n<p>L\u00ea C\u00f4ng Thi\u1ec7n<\/p>\n","protected":false},"excerpt":{"rendered":"<p>XIN CH\u00c0O QU\u00dd KH\u00c1CH H\u00c0NG L\u1eddi \u0111\u1ea7u ti\u00ean, cho ph\u00e9p Theme web \u0111\u01b0\u1ee3c g\u1eedi t\u1edbi qu\u00fd kh\u00e1ch, qu\u00fd th\u00e2n nh\u00e2n v\u00e0 b\u1ea1n b\u00e8 l\u1eddi ch\u00fac s\u1ee9c kh\u1ecfe, th\u00e0nh \u0111\u1ea1t v\u00e0 h\u1ea1nh ph\u00fac. V\u1edbi h\u01a1n 14 n\u0103m kinh nghi\u1ec7m t\u1ea1i Freelancer, ch\u00fang t\u00f4i \u0111\u00e3 ph\u1ee5c v\u1ee5 nhi\u1ec1u kh\u00e1ch h\u00e0ng t\u1eeb US, EU v\u00e0 c\u1ed9ng \u0111\u1ed3ng Freecode&#8230;<\/p>\n","protected":false},"author":1,"featured_media":0,"parent":0,"menu_order":0,"comment_status":"closed","ping_status":"closed","template":"page-right-sidebar.php","meta":{"footnotes":""},"class_list":["post-163","page","type-page","status-publish","hentry"],"yoast_head":"<!-- This site is optimized with the Yoast SEO plugin v22.6 - https:\/\/yoast.com\/wordpress\/plugins\/seo\/ -->\n<title>Gi\u1edbi thi\u1ec7u - M\u1eabu web b\u00e1n h\u00e0ng c\u00e1 c\u1ea3nh th\u1ee7y sinh<\/title>\n<meta name=\"robots\" content=\"index, follow, max-snippet:-1, max-image-preview:large, max-video-preview:-1\" \/>\n<link rel=\"canonical\" href=\"https:\/\/khogiaodienmau.net\/hoca\/gioi-thieu\/\" \/>\n<meta property=\"og:locale\" content=\"vi_VN\" \/>\n<meta property=\"og:type\" content=\"article\" \/>\n<meta property=\"og:title\" content=\"Gi\u1edbi thi\u1ec7u - M\u1eabu web b\u00e1n h\u00e0ng c\u00e1 c\u1ea3nh th\u1ee7y sinh\" \/>\n<meta property=\"og:description\" content=\"XIN CH\u00c0O QU\u00dd KH\u00c1CH H\u00c0NG L\u1eddi \u0111\u1ea7u ti\u00ean, cho ph\u00e9p Theme web \u0111\u01b0\u1ee3c g\u1eedi t\u1edbi qu\u00fd kh\u00e1ch, qu\u00fd th\u00e2n nh\u00e2n v\u00e0 b\u1ea1n b\u00e8 l\u1eddi ch\u00fac s\u1ee9c kh\u1ecfe, th\u00e0nh \u0111\u1ea1t v\u00e0 h\u1ea1nh ph\u00fac. V\u1edbi h\u01a1n 14 n\u0103m kinh nghi\u1ec7m t\u1ea1i Freelancer, ch\u00fang t\u00f4i \u0111\u00e3 ph\u1ee5c v\u1ee5 nhi\u1ec1u kh\u00e1ch h\u00e0ng t\u1eeb US, EU v\u00e0 c\u1ed9ng \u0111\u1ed3ng Freecode...\" \/>\n<meta property=\"og:url\" content=\"https:\/\/khogiaodienmau.net\/hoca\/gioi-thieu\/\" \/>\n<meta property=\"og:site_name\" content=\"M\u1eabu web b\u00e1n h\u00e0ng c\u00e1 c\u1ea3nh th\u1ee7y sinh\" \/>\n<meta property=\"article:modified_time\" content=\"2023-12-19T11:33:33+00:00\" \/>\n<meta name=\"twitter:card\" content=\"summary_large_image\" \/>\n<meta name=\"twitter:label1\" content=\"\u01af\u1edbc t\u00ednh th\u1eddi gian \u0111\u1ecdc\" \/>\n\t<meta name=\"twitter:data1\" content=\"2 ph\u00fat\" \/>\n<script type=\"application\/ld+json\" class=\"yoast-schema-graph\">{\"@context\":\"https:\/\/schema.org\",\"@graph\":[{\"@type\":\"WebPage\",\"@id\":\"https:\/\/khogiaodienmau.net\/hoca\/gioi-thieu\/\",\"url\":\"https:\/\/khogiaodienmau.net\/hoca\/gioi-thieu\/\",\"name\":\"Gi\u1edbi thi\u1ec7u - M\u1eabu web b\u00e1n h\u00e0ng c\u00e1 c\u1ea3nh th\u1ee7y sinh\",\"isPartOf\":{\"@id\":\"https:\/\/khogiaodienmau.net\/hoca\/#website\"},\"datePublished\":\"2021-07-30T11:10:30+00:00\",\"dateModified\":\"2023-12-19T11:33:33+00:00\",\"breadcrumb\":{\"@id\":\"https:\/\/khogiaodienmau.net\/hoca\/gioi-thieu\/#breadcrumb\"},\"inLanguage\":\"vi\",\"potentialAction\":[{\"@type\":\"ReadAction\",\"target\":[\"https:\/\/khogiaodienmau.net\/hoca\/gioi-thieu\/\"]}]},{\"@type\":\"BreadcrumbList\",\"@id\":\"https:\/\/khogiaodienmau.net\/hoca\/gioi-thieu\/#breadcrumb\",\"itemListElement\":[{\"@type\":\"ListItem\",\"position\":1,\"name\":\"Trang ch\u1ee7\",\"item\":\"https:\/\/khogiaodienmau.net\/hoca\/\"},{\"@type\":\"ListItem\",\"position\":2,\"name\":\"Gi\u1edbi thi\u1ec7u\"}]},{\"@type\":\"WebSite\",\"@id\":\"https:\/\/khogiaodienmau.net\/hoca\/#website\",\"url\":\"https:\/\/khogiaodienmau.net\/hoca\/\",\"name\":\"M\u1eabu web b\u00e1n h\u00e0ng c\u00e1 c\u1ea3nh th\u1ee7y sinh\",\"description\":\"Theme web, theme wordpress, theme web b\u00e1n h\u00e0ng, theme web t\u1ed5ng h\u1ee3p, m\u1eabu web b\u00e1n h\u00e0ng, m\u1eabu web \u0111\u1eb9p. Ch\u1ec9 c\u1ea7n 5 ph\u00fat c\u00e0i \u0111\u1eb7t l\u00e0 c\u00f3 ngay website ho\u00e0n ch\u1ec9nh, d\u1ec5 d\u00e0ng t\u00f9y bi\u1ebfn v\u00e0 thay \u0111\u1ed5i th\u00f4ng tin tr\u00ean web\",\"potentialAction\":[{\"@type\":\"SearchAction\",\"target\":{\"@type\":\"EntryPoint\",\"urlTemplate\":\"https:\/\/khogiaodienmau.net\/hoca\/?s={search_term_string}\"},\"query-input\":\"required name=search_term_string\"}],\"inLanguage\":\"vi\"}]}<\/script>\n<!-- \/ Yoast SEO plugin. -->","yoast_head_json":{"title":"Gi\u1edbi thi\u1ec7u - M\u1eabu web b\u00e1n h\u00e0ng c\u00e1 c\u1ea3nh th\u1ee7y sinh","robots":{"index":"index","follow":"follow","max-snippet":"max-snippet:-1","max-image-preview":"max-image-preview:large","max-video-preview":"max-video-preview:-1"},"canonical":"https:\/\/khogiaodienmau.net\/hoca\/gioi-thieu\/","og_locale":"vi_VN","og_type":"article","og_title":"Gi\u1edbi thi\u1ec7u - M\u1eabu web b\u00e1n h\u00e0ng c\u00e1 c\u1ea3nh th\u1ee7y sinh","og_description":"XIN CH\u00c0O QU\u00dd KH\u00c1CH H\u00c0NG L\u1eddi \u0111\u1ea7u ti\u00ean, cho ph\u00e9p Theme web \u0111\u01b0\u1ee3c g\u1eedi t\u1edbi qu\u00fd kh\u00e1ch, qu\u00fd th\u00e2n nh\u00e2n v\u00e0 b\u1ea1n b\u00e8 l\u1eddi ch\u00fac s\u1ee9c kh\u1ecfe, th\u00e0nh \u0111\u1ea1t v\u00e0 h\u1ea1nh ph\u00fac. V\u1edbi h\u01a1n 14 n\u0103m kinh nghi\u1ec7m t\u1ea1i Freelancer, ch\u00fang t\u00f4i \u0111\u00e3 ph\u1ee5c v\u1ee5 nhi\u1ec1u kh\u00e1ch h\u00e0ng t\u1eeb US, EU v\u00e0 c\u1ed9ng \u0111\u1ed3ng Freecode...","og_url":"https:\/\/khogiaodienmau.net\/hoca\/gioi-thieu\/","og_site_name":"M\u1eabu web b\u00e1n h\u00e0ng c\u00e1 c\u1ea3nh th\u1ee7y sinh","article_modified_time":"2023-12-19T11:33:33+00:00","twitter_card":"summary_large_image","twitter_misc":{"\u01af\u1edbc t\u00ednh th\u1eddi gian \u0111\u1ecdc":"2 ph\u00fat"},"schema":{"@context":"https:\/\/schema.org","@graph":[{"@type":"WebPage","@id":"https:\/\/khogiaodienmau.net\/hoca\/gioi-thieu\/","url":"https:\/\/khogiaodienmau.net\/hoca\/gioi-thieu\/","name":"Gi\u1edbi thi\u1ec7u - M\u1eabu web b\u00e1n h\u00e0ng c\u00e1 c\u1ea3nh th\u1ee7y sinh","isPartOf":{"@id":"https:\/\/khogiaodienmau.net\/hoca\/#website"},"datePublished":"2021-07-30T11:10:30+00:00","dateModified":"2023-12-19T11:33:33+00:00","breadcrumb":{"@id":"https:\/\/khogiaodienmau.net\/hoca\/gioi-thieu\/#breadcrumb"},"inLanguage":"vi","potentialAction":[{"@type":"ReadAction","target":["https:\/\/khogiaodienmau.net\/hoca\/gioi-thieu\/"]}]},{"@type":"BreadcrumbList","@id":"https:\/\/khogiaodienmau.net\/hoca\/gioi-thieu\/#breadcrumb","itemListElement":[{"@type":"ListItem","position":1,"name":"Trang ch\u1ee7","item":"https:\/\/khogiaodienmau.net\/hoca\/"},{"@type":"ListItem","position":2,"name":"Gi\u1edbi thi\u1ec7u"}]},{"@type":"WebSite","@id":"https:\/\/khogiaodienmau.net\/hoca\/#website","url":"https:\/\/khogiaodienmau.net\/hoca\/","name":"M\u1eabu web b\u00e1n h\u00e0ng c\u00e1 c\u1ea3nh th\u1ee7y sinh","description":"Theme web, theme wordpress, theme web b\u00e1n h\u00e0ng, theme web t\u1ed5ng h\u1ee3p, m\u1eabu web b\u00e1n h\u00e0ng, m\u1eabu web \u0111\u1eb9p. Ch\u1ec9 c\u1ea7n 5 ph\u00fat c\u00e0i \u0111\u1eb7t l\u00e0 c\u00f3 ngay website ho\u00e0n ch\u1ec9nh, d\u1ec5 d\u00e0ng t\u00f9y bi\u1ebfn v\u00e0 thay \u0111\u1ed5i th\u00f4ng tin tr\u00ean web","potentialAction":[{"@type":"SearchAction","target":{"@type":"EntryPoint","urlTemplate":"https:\/\/khogiaodienmau.net\/hoca\/?s={search_term_string}"},"query-input":"required name=search_term_string"}],"inLanguage":"vi"}]}},"_links":{"self":[{"href":"https:\/\/khogiaodienmau.net\/hoca\/wp-json\/wp\/v2\/pages\/163","targetHints":{"allow":["GET"]}}],"collection":[{"href":"https:\/\/khogiaodienmau.net\/hoca\/wp-json\/wp\/v2\/pages"}],"about":[{"href":"https:\/\/khogiaodienmau.net\/hoca\/wp-json\/wp\/v2\/types\/page"}],"author":[{"embeddable":true,"href":"https:\/\/khogiaodienmau.net\/hoca\/wp-json\/wp\/v2\/users\/1"}],"replies":[{"embeddable":true,"href":"https:\/\/khogiaodienmau.net\/hoca\/wp-json\/wp\/v2\/comments?post=163"}],"version-history":[{"count":1,"href":"https:\/\/khogiaodienmau.net\/hoca\/wp-json\/wp\/v2\/pages\/163\/revisions"}],"predecessor-version":[{"id":671,"href":"https:\/\/khogiaodienmau.net\/hoca\/wp-json\/wp\/v2\/pages\/163\/revisions\/671"}],"wp:attachment":[{"href":"https:\/\/khogiaodienmau.net\/hoca\/wp-json\/wp\/v2\/media?parent=163"}],"curies":[{"name":"wp","href":"https:\/\/api.w.org\/{rel}","templated":true}]}}