{"id":442,"date":"2024-02-05T23:15:09","date_gmt":"2024-02-05T16:15:09","guid":{"rendered":"http:\/\/phukien.ninhbinhweb.top\/?post_type=product&#038;p=442"},"modified":"2024-02-05T23:15:10","modified_gmt":"2024-02-05T16:15:10","slug":"hoc-dung-do-gan-bang-dieu-khien-tren-xe-oto-baseus-t-space-series-2-in-1-storage-compartment-for-etc","status":"publish","type":"product","link":"https:\/\/khogiaodienmau.net\/dienthoai04\/hoc-dung-do-gan-bang-dieu-khien-tren-xe-oto-baseus-t-space-series-2-in-1-storage-compartment-for-etc\/","title":{"rendered":"H\u1ed9c \u0110\u1ef1ng \u0110\u1ed3 G\u1eafn B\u1ea3ng \u0110i\u1ec1u Khi\u1ec3n Tr\u00ean Xe \u00d4t\u00f4 Baseus T-Space Series 2-in-1 Storage Compartment for ETC"},"content":{"rendered":"<h2>Gi\u1edbi thi\u1ec7u\u00a0H\u1ed9c \u0110\u1ef1ng \u0110\u1ed3 G\u1eafn B\u1ea3ng \u0110i\u1ec1u Khi\u1ec3n Tr\u00ean Xe \u00d4t\u00f4 Baseus T-Space Series 2-in-1 Storage Compartment for ETC<\/h2>\n<p>H\u1ed9c \u0111\u1ef1ng \u0111\u1ed3 n\u00e0y \u0111\u01b0\u1ee3c thi\u1ebft k\u1ebf \u0111\u1eb7c bi\u1ec7t \u0111\u1ec3 cung c\u1ea5p kh\u00f4ng gian l\u01b0u tr\u1eef ti\u1ec7n \u00edch tr\u00ean b\u1ea3ng \u0111i\u1ec1u khi\u1ec3n c\u1ee7a xe \u00f4t\u00f4, gi\u00fap b\u1ea1n t\u1ed5 ch\u1ee9c v\u00e0 gi\u1eef g\u00ecn nh\u1eefng v\u1eadt d\u1ee5ng nh\u1ecf nh\u01b0 ti\u1ec1n m\u1eb7t, th\u1ebb ghi n\u1ee3, ch\u00eca kh\u00f3a, \u0111i\u1ec7n tho\u1ea1i di \u0111\u1ed9ng v\u00e0 b\u1ea5t k\u1ef3 \u0111\u1ed3 v\u1eadt quan tr\u1ecdng n\u00e0o kh\u00e1c m\u00e0 b\u1ea1n c\u1ea7n ti\u1ebfp c\u1eadn d\u1ec5 d\u00e0ng trong qu\u00e1 tr\u00ecnh l\u00e1i xe.<\/p>\n<p>S\u1ea3n ph\u1ea9m thu\u1ed9c d\u00f2ng T-Space Series c\u1ee7a Baseus, h\u1ed9c \u0111\u1ef1ng \u0111\u1ed3 g\u1eafn b\u1ea3ng \u0111i\u1ec1u khi\u1ec3n \u0111\u01b0\u1ee3c thi\u1ebft k\u1ebf v\u1edbi ch\u1ea5t li\u1ec7u ch\u1ea5t l\u01b0\u1ee3ng cao, b\u1ec1n b\u1ec9 v\u00e0 \u0111\u1eb9p m\u1eaft. N\u00f3 c\u00f3 ki\u1ec3u d\u00e1ng hi\u1ec7n \u0111\u1ea1i v\u00e0 trang nh\u00e3, ph\u00f9 h\u1ee3p v\u1edbi nhi\u1ec1u lo\u1ea1i xe \u00f4t\u00f4 v\u00e0 kh\u00f4ng l\u00e0m m\u1ea5t \u0111i v\u1ebb \u0111\u1eb9p t\u1ed5ng th\u1ec3 c\u1ee7a b\u1ea3ng \u0111i\u1ec1u khi\u1ec3n.<\/p>\n<h2>\nT\u00ednh n\u0103ng\u00a0H\u1ed9c \u0110\u1ef1ng \u0110\u1ed3 G\u1eafn B\u1ea3ng \u0110i\u1ec1u Khi\u1ec3n Tr\u00ean Xe \u00d4t\u00f4 Baseus T-Space Series 2-in-1 Storage Compartment for ETC<\/h2>\n<p>B\u00ean c\u1ea1nh kh\u00f4ng gian l\u01b0u tr\u1eef ch\u00ednh, h\u1ed9c \u0111\u1ef1ng \u0111\u1ed3 c\u00f2n \u0111i k\u00e8m v\u1edbi m\u1ed9t ng\u0103n ph\u1ee5 nh\u1ecf \u0111\u1ec3 b\u1ea1n c\u00f3 th\u1ec3 \u0111\u1eb7t gi\u1ea5y t\u1edd nh\u01b0 ETC, th\u1ebb g\u1eedi xe ho\u1eb7c c\u00e1c lo\u1ea1i gi\u1ea5y t\u1edd quan tr\u1ecdng kh\u00e1c. \u0110i\u1ec1u n\u00e0y gi\u00fap b\u1ea1n t\u1ed5 ch\u1ee9c v\u00e0 truy c\u1eadp nhanh ch\u00f3ng \u0111\u1ebfn c\u00e1c t\u00e0i li\u1ec7u c\u1ea7n thi\u1ebft trong qu\u00e1 tr\u00ecnh di chuy\u1ec3n.<\/p>\n<p>H\u1ed9c \u0111\u1ef1ng \u0111\u1ed3 Baseus T-Space c\u0169ng \u0111\u01b0\u1ee3c thi\u1ebft k\u1ebf v\u1edbi kh\u00f3a an to\u00e0n, gi\u00fap gi\u1eef ch\u1eb7t c\u00e1c v\u1eadt d\u1ee5ng b\u00ean trong v\u00e0 tr\u00e1nh vi\u1ec7c r\u01a1i r\u1edbt ho\u1eb7c di chuy\u1ec3n trong qu\u00e1 tr\u00ecnh l\u00e1i xe. B\u1ea1n c\u00f3 th\u1ec3 y\u00ean t\u00e2m r\u1eb1ng nh\u1eefng v\u1eadt d\u1ee5ng quan tr\u1ecdng s\u1ebd \u0111\u01b0\u1ee3c an to\u00e0n v\u00e0 b\u1ea3o v\u1ec7 trong su\u1ed1t h\u00e0nh tr\u00ecnh.<\/p>\n<p>V\u1edbi t\u00ednh n\u0103ng ti\u1ec7n l\u1ee3i v\u00e0 thi\u1ebft k\u1ebf tinh t\u1ebf, H\u1ed9c \u0110\u1ef1ng \u0110\u1ed3 G\u1eafn B\u1ea3ng \u0110i\u1ec1u Khi\u1ec3n Tr\u00ean Xe \u00d4t\u00f4 Baseus T-Space Series 2-in-1 Storage Compartment for ETC l\u00e0 m\u1ed9t gi\u1ea3i ph\u00e1p l\u00fd t\u01b0\u1edfng \u0111\u1ec3 t\u1ed5 ch\u1ee9c kh\u00f4ng gian l\u01b0u tr\u1eef trong xe \u00f4t\u00f4 c\u1ee7a b\u1ea1n. B\u1ea1n s\u1ebd c\u00f3 th\u1ec3 ti\u1ebfp c\u1eadn d\u1ec5 d\u00e0ng \u0111\u1ebfn c\u00e1c v\u1eadt d\u1ee5ng quan tr\u1ecdng v\u00e0 l\u00e1i xe m\u1ed9t c\u00e1ch an to\u00e0n v\u00e0 thu\u1eadn ti\u1ec7n.<\/p>\n","protected":false},"excerpt":{"rendered":"<p>Gi\u1edbi thi\u1ec7u\u00a0H\u1ed9c \u0110\u1ef1ng \u0110\u1ed3 G\u1eafn B\u1ea3ng \u0110i\u1ec1u Khi\u1ec3n Tr\u00ean Xe \u00d4t\u00f4 Baseus T-Space Series 2-in-1 Storage Compartment for ETC H\u1ed9c \u0111\u1ef1ng \u0111\u1ed3 n\u00e0y \u0111\u01b0\u1ee3c thi\u1ebft k\u1ebf \u0111\u1eb7c bi\u1ec7t \u0111\u1ec3 cung c\u1ea5p kh\u00f4ng gian l\u01b0u tr\u1eef ti\u1ec7n \u00edch tr\u00ean b\u1ea3ng \u0111i\u1ec1u khi\u1ec3n c\u1ee7a xe \u00f4t\u00f4, gi\u00fap b\u1ea1n t\u1ed5 ch\u1ee9c v\u00e0 gi\u1eef g\u00ecn nh\u1eefng v\u1eadt d\u1ee5ng nh\u1ecf&#8230;<\/p>\n","protected":false},"featured_media":443,"comment_status":"open","ping_status":"closed","template":"","meta":[],"product_cat":[77,82],"product_tag":[],"class_list":["post-442","product","type-product","status-publish","has-post-thumbnail","hentry","product_cat-phu-kien-o-to-xe-hoi","product_cat-tien-ich-o-to"],"acf":[],"_links":{"self":[{"href":"https:\/\/khogiaodienmau.net\/dienthoai04\/wp-json\/wp\/v2\/product\/442","targetHints":{"allow":["GET"]}}],"collection":[{"href":"https:\/\/khogiaodienmau.net\/dienthoai04\/wp-json\/wp\/v2\/product"}],"about":[{"href":"https:\/\/khogiaodienmau.net\/dienthoai04\/wp-json\/wp\/v2\/types\/product"}],"replies":[{"embeddable":true,"href":"https:\/\/khogiaodienmau.net\/dienthoai04\/wp-json\/wp\/v2\/comments?post=442"}],"wp:featuredmedia":[{"embeddable":true,"href":"https:\/\/khogiaodienmau.net\/dienthoai04\/wp-json\/wp\/v2\/media\/443"}],"wp:attachment":[{"href":"https:\/\/khogiaodienmau.net\/dienthoai04\/wp-json\/wp\/v2\/media?parent=442"}],"wp:term":[{"taxonomy":"product_cat","embeddable":true,"href":"https:\/\/khogiaodienmau.net\/dienthoai04\/wp-json\/wp\/v2\/product_cat?post=442"},{"taxonomy":"product_tag","embeddable":true,"href":"https:\/\/khogiaodienmau.net\/dienthoai04\/wp-json\/wp\/v2\/product_tag?post=442"}],"curies":[{"name":"wp","href":"https:\/\/api.w.org\/{rel}","templated":true}]}}