{"id":439,"date":"2024-02-05T23:14:02","date_gmt":"2024-02-05T16:14:02","guid":{"rendered":"http:\/\/phukien.ninhbinhweb.top\/?post_type=product&#038;p=439"},"modified":"2024-02-05T23:14:03","modified_gmt":"2024-02-05T16:14:03","slug":"lot-chuot-baseus-mouse-pad-chat-lieu-da-pu-sieu-min","status":"publish","type":"product","link":"https:\/\/khogiaodienmau.net\/dienthoai04\/lot-chuot-baseus-mouse-pad-chat-lieu-da-pu-sieu-min\/","title":{"rendered":"L\u00f3t Chu\u1ed9t Baseus Mouse Pad Ch\u1ea5t Li\u1ec7u Da PU Si\u00eau M\u1ecbn"},"content":{"rendered":"<h2>Gi\u1edbi thi\u1ec7u\u00a0L\u00f3t Chu\u1ed9t Baseus Mouse Pad Ch\u1ea5t Li\u1ec7u Da PU Si\u00eau M\u1ecbn<\/h2>\n<p>Baseus Mouse Pad l\u00e0 m\u1ed9t chi\u1ebfc l\u00f3t chu\u1ed9t c\u00f3 thi\u1ebft k\u1ebf ch\u1ea5t l\u01b0\u1ee3ng v\u00e0 \u0111a d\u1ea1ng. N\u00f3 \u0111\u01b0\u1ee3c l\u00e0m t\u1eeb v\u1eadt li\u1ec7u b\u1ec1 m\u1eb7t m\u1ecbn m\u00e0ng \u0111\u1ec3 chu\u1ed9t c\u00f3 th\u1ec3 di chuy\u1ec3n m\u1ed9t c\u00e1ch m\u01b0\u1ee3t m\u00e0 tr\u00ean b\u1ec1 m\u1eb7t. Ngo\u00e0i ra, l\u00f3t chu\u1ed9t Baseus c\u00f2n c\u00f3 \u0111\u1ed9 b\u1ec1n cao v\u00e0 c\u00f3 th\u1ec3 gi\u00fap t\u0103ng c\u01b0\u1eddng \u0111\u1ed9 ch\u00ednh x\u00e1c khi s\u1eed d\u1ee5ng chu\u1ed9t. Baseus c\u0169ng cung c\u1ea5p nhi\u1ec1u k\u00edch th\u01b0\u1edbc v\u00e0 ki\u1ec3u d\u00e1ng kh\u00e1c nhau \u0111\u1ec3 ng\u01b0\u1eddi d\u00f9ng c\u00f3 th\u1ec3 l\u1ef1a ch\u1ecdn theo s\u1edf th\u00edch v\u00e0 nhu c\u1ea7u c\u1ee7a m\u00ecnh.<\/p>\n<h2>\nT\u00ednh n\u0103ng\u00a0L\u00f3t Chu\u1ed9t Baseus Mouse Pad Ch\u1ea5t Li\u1ec7u Da PU Si\u00eau M\u1ecbn<\/h2>\n<h3>B\u1ec1 m\u1eb7t m\u1ecbn m\u00e0ng<\/h3>\n<p>L\u00f3t chu\u1ed9t Baseus \u0111\u01b0\u1ee3c l\u00e0m t\u1eeb v\u1eadt li\u1ec7u da PU\u00a0si\u00eau\u00a0m\u1ecbn m\u00e0ng, gi\u00fap chu\u1ed9t di chuy\u1ec3n m\u1ed9t c\u00e1ch m\u01b0\u1ee3t m\u00e0 v\u00e0 ch\u00ednh x\u00e1c.<\/p>\n<h3>\u0110\u1ed9 b\u1ec1n cao<\/h3>\n<p>V\u1edbi ch\u1ea5t li\u1ec7u ch\u1ea5t l\u01b0\u1ee3ng, l\u00f3t chu\u1ed9t Baseus c\u00f3 \u0111\u1ed9 b\u1ec1n cao, gi\u00fap n\u00f3 ch\u1ed1ng tr\u1ea7y x\u01b0\u1edbc v\u00e0 tu\u1ed5i th\u1ecd d\u00e0i.<\/p>\n<h3>C\u1ea3i thi\u1ec7n \u0111\u1ed9 ch\u00ednh x\u00e1c<\/h3>\n<p>Baseus Mouse Pad c\u00f3 th\u1ec3 cung c\u1ea5p \u0111\u1ed9 ch\u00ednh x\u00e1c t\u1ed1t h\u01a1n cho c\u00e1c ho\u1ea1t \u0111\u1ed9ng s\u1eed d\u1ee5ng chu\u1ed9t, \u0111\u1ea3m b\u1ea3o r\u1eb1ng b\u1ea1n c\u00f3 th\u1ec3 \u0111i\u1ec1u khi\u1ec3n chu\u1ed9t m\u1ed9t c\u00e1ch ch\u00ednh x\u00e1c v\u00e0 nh\u1ea1y b\u00e9n.<\/p>\n<h3>Kh\u1ea3 n\u0103ng ch\u1ed1ng tr\u01b0\u1ee3t<\/h3>\n<p>L\u00f3t chu\u1ed9t Baseus th\u01b0\u1eddng \u0111\u01b0\u1ee3c thi\u1ebft k\u1ebf v\u1edbi l\u1edbp cao su ch\u1ed1ng tr\u01b0\u1ee3t \u1edf m\u1eb7t d\u01b0\u1edbi, gi\u00fap n\u00f3 c\u1ed1 \u0111\u1ecbnh v\u1ecb tr\u00ed tr\u00ean b\u00e0n l\u00e0m vi\u1ec7c v\u00e0 ng\u0103n ng\u1eeba vi\u1ec7c tr\u01b0\u1ee3t hay di chuy\u1ec3n kh\u00f4ng mong mu\u1ed1n.<\/p>\n<h3>D\u1ec5 d\u00e0ng v\u1ec7 sinh<\/h3>\n<p>Baseus Mouse Pad th\u01b0\u1eddng d\u1ec5 d\u00e0ng v\u1ec7 sinh v\u00e0 l\u00e0m s\u1ea1ch. B\u1ea1n c\u00f3 th\u1ec3 lau ch\u00f9i b\u1ec1 m\u1eb7t b\u1eb1ng kh\u0103n \u1ea9m ho\u1eb7c s\u1eed d\u1ee5ng ch\u1ea5t t\u1ea9y r\u1eeda nh\u1eb9 \u0111\u1ec3 lo\u1ea1i b\u1ecf b\u1ee5i b\u1ea9n v\u00e0 v\u1ebft b\u1ea9n.<\/p>\n<h2>H\u00ecnh \u1ea3nh\u00a0L\u00f3t Chu\u1ed9t Baseus Mouse Pad Ch\u1ea5t Li\u1ec7u Da PU Si\u00eau M\u1ecbn<\/h2>\n<p><img decoding=\"async\" src=\"https:\/\/file.hstatic.net\/1000152881\/file\/0_01_68c64856d6194c3c8a518a8f4d990e71.jpg\" \/><\/p>\n<p><img decoding=\"async\" src=\"https:\/\/file.hstatic.net\/1000152881\/file\/0_02_04454c9bf8f84174bb324878f0cb4fc2.jpg\" \/><\/p>\n","protected":false},"excerpt":{"rendered":"<p>Gi\u1edbi thi\u1ec7u\u00a0L\u00f3t Chu\u1ed9t Baseus Mouse Pad Ch\u1ea5t Li\u1ec7u Da PU Si\u00eau M\u1ecbn Baseus Mouse Pad l\u00e0 m\u1ed9t chi\u1ebfc l\u00f3t chu\u1ed9t c\u00f3 thi\u1ebft k\u1ebf ch\u1ea5t l\u01b0\u1ee3ng v\u00e0 \u0111a d\u1ea1ng. N\u00f3 \u0111\u01b0\u1ee3c l\u00e0m t\u1eeb v\u1eadt li\u1ec7u b\u1ec1 m\u1eb7t m\u1ecbn m\u00e0ng \u0111\u1ec3 chu\u1ed9t c\u00f3 th\u1ec3 di chuy\u1ec3n m\u1ed9t c\u00e1ch m\u01b0\u1ee3t m\u00e0 tr\u00ean b\u1ec1 m\u1eb7t. Ngo\u00e0i ra, l\u00f3t chu\u1ed9t&#8230;<\/p>\n","protected":false},"featured_media":440,"comment_status":"open","ping_status":"closed","template":"","meta":[],"product_cat":[124,113,122,112],"product_tag":[],"class_list":["post-439","product","type-product","status-publish","has-post-thumbnail","hentry","product_cat-chuot-ban-phim-tien-ich-do-choi-cong-nghe","product_cat-phu-kien-gaming","product_cat-setup-decor-tien-ich-do-choi-cong-nghe","product_cat-tien-ich-do-choi-cong-nghe"],"acf":[],"_links":{"self":[{"href":"https:\/\/khogiaodienmau.net\/dienthoai04\/wp-json\/wp\/v2\/product\/439","targetHints":{"allow":["GET"]}}],"collection":[{"href":"https:\/\/khogiaodienmau.net\/dienthoai04\/wp-json\/wp\/v2\/product"}],"about":[{"href":"https:\/\/khogiaodienmau.net\/dienthoai04\/wp-json\/wp\/v2\/types\/product"}],"replies":[{"embeddable":true,"href":"https:\/\/khogiaodienmau.net\/dienthoai04\/wp-json\/wp\/v2\/comments?post=439"}],"wp:featuredmedia":[{"embeddable":true,"href":"https:\/\/khogiaodienmau.net\/dienthoai04\/wp-json\/wp\/v2\/media\/440"}],"wp:attachment":[{"href":"https:\/\/khogiaodienmau.net\/dienthoai04\/wp-json\/wp\/v2\/media?parent=439"}],"wp:term":[{"taxonomy":"product_cat","embeddable":true,"href":"https:\/\/khogiaodienmau.net\/dienthoai04\/wp-json\/wp\/v2\/product_cat?post=439"},{"taxonomy":"product_tag","embeddable":true,"href":"https:\/\/khogiaodienmau.net\/dienthoai04\/wp-json\/wp\/v2\/product_tag?post=439"}],"curies":[{"name":"wp","href":"https:\/\/api.w.org\/{rel}","templated":true}]}}