{"id":437,"date":"2024-02-05T23:12:51","date_gmt":"2024-02-05T16:12:51","guid":{"rendered":"http:\/\/phukien.ninhbinhweb.top\/?post_type=product&#038;p=437"},"modified":"2024-02-05T23:12:51","modified_gmt":"2024-02-05T16:12:51","slug":"tau-sac-2-cong-usb-dung-tren-xe-hoi-baseus-grain-pro-car-charger-5v-4-8a-dual-usb-port-auto-quick-charger","status":"publish","type":"product","link":"https:\/\/khogiaodienmau.net\/dienthoai04\/tau-sac-2-cong-usb-dung-tren-xe-hoi-baseus-grain-pro-car-charger-5v-4-8a-dual-usb-port-auto-quick-charger\/","title":{"rendered":"T\u1ea9u s\u1ea1c 2 c\u1ed5ng USB d\u00f9ng tr\u00ean xe h\u01a1i Baseus Grain Pro Car Charger (5V\/4.8A, Dual USB Port Auto Quick charger)"},"content":{"rendered":"<p>M\u1ed9t b\u1ed9 s\u1ea1c \u0111a n\u0103ng v\u1edbi nhi\u1ec1u c\u1ed5ng c\u1ed5ng s\u1ea1c, c\u00f3 c\u00f4ng su\u1ea5t \u0111\u1ee7 l\u1edbn \u0111\u1ec3 \u0111\u1ea3m b\u1ea3o cung c\u1ea5p ngu\u1ed3n \u0111i\u1ec7n \u1ed5n \u0111\u1ecbnh cho nhi\u1ec1u thi\u1ebft b\u1ecb c\u00f9ng l\u00fac v\u00e0 c\u00f3 k\u00edch th\u01b0\u1edbc nh\u1ecf g\u1ecdn t\u01b0\u01a1ng th\u00edch m\u1ecdi lo\u1ea1i xe l\u00e0 nh\u1eefng \u01b0u \u0111i\u1ec3m v\u01b0\u1ee3t tr\u1ed9i m\u00e0\u00a0\u00a0T\u1ea9u s\u1ea1c \u0111a n\u0103ng d\u00f9ng tr\u00ean xe h\u01a1i Baseus Grain Pro Car Charger c\u00f3 th\u1ec3 mang \u0111\u1ebfn cho b\u1ea1n<\/p>\n<h2>T\u00ednh n\u0103ng c\u01a1 b\u1ea3n\u00a0T\u1ea9u s\u1ea1c nhanh 2 Port d\u00f9ng tr\u00ean xe h\u01a1i Baseus Grain Pro Car Charger (5V\/ 4.8A, Dual USB Port Auto Quick charger)<\/h2>\n<p>&#8211; B\u1ed9 t\u1ea9u Baseus Grain Pro Car Charger thu\u1ed9c d\u00f2ng s\u1ea3n ph\u1ea9m\u00a0<a href=\"https:\/\/baseus.vn\/collections\/sac-dung-trong-xe-hoi\" target=\"_blank\" rel=\"noopener\"><strong>t\u1ea9u s\u1ea1c \u0111a n\u0103ng d\u00f9ng cho xe h\u01a1i<\/strong><\/a>\u00a0c\u1ee7a Baseus. \u0110\u00e2y l\u00e0 phi\u00ean b\u1ea3n n\u00e2ng c\u1ea5p th\u1ebf h\u1ec7 th\u1ee9 4 c\u1ee7a d\u00f2ng t\u1ea9u s\u1ea1c n\u00e0y v\u1edbi k\u00edch th\u01b0\u1edbc si\u00eau nh\u1ecf g\u1ecdn v\u00e0 \u0111\u01b0\u1ee3c trang b\u1ecb 2 c\u1ed5ng s\u1ea1c USB ti\u1ec7n d\u1ee5ng .<\/p>\n<p>-B\u1ed9 t\u1ea9u s\u1ea1c \u0111a n\u0103ng Baseus Grain Pro Car Charger c\u00f3 \u0111i\u1ec7n \u00e1p ng\u1ecf ra 5V , h\u1ed7 tr\u1ee3 d\u00f2ng l\u00ean \u0111\u1ebfn 4.8A . C\u00f3 th\u1ec3 s\u1eed d\u1ee5ng cho h\u1ea7u h\u1ebft c\u00e1c d\u00f2ng Smartphone v\u00e0 Tablet hi\u1ec7n nay t\u1eeb iPhone\/ iPad cho \u0111\u1ebfn c\u00e1c \u0111i\u1ec7n tho\u1ea1i Android nh\u01b0 Sony , Samsung , Xiaomi, Huawei, Oppo, LG v\u00e0 c\u00e1c thi\u1ebft b\u1ecb s\u1ed1 kh\u00e1c nh\u01b0 camera, m\u00e1y l\u1ecdc kh\u00f4ng kh\u00ed, GPS,&#8230;<\/p>\n<p>-H\u1ed7 tr\u1ee3 c\u00e1c m\u1ee9c \u0111i\u1ec7n \u00e1p ng\u1ecf v\u00e0o t\u1eeb 12V &#8211; 24V. C\u00e1c ti\u1ebfp \u0111i\u1ec3m \u0111\u01b0\u1ee3c thi\u1ebft k\u1ebf ch\u1eafc ch\u1eafn, t\u01b0\u01a1ng th\u00edch v\u1edbi t\u1ea5t c\u1ea3 c\u00e1c lo\u1ea1i xe. Cho hi\u1ec7u su\u1ea5t s\u1eed d\u1ee5ng \u1ed5n \u0111\u1ecbnh.<\/p>\n<p>&#8211; \u0110\u01b0\u1ee3c t\u00edch h\u1ee3p vi m\u1ea1ch b\u1ea3o v\u1ec7 th\u00f4ng minh, t\u1ef1 \u0111\u1ed9ng detect thi\u1ebft b\u1ecb \u0111\u1ec3 hi\u1ec7u ch\u1ec9nh \u0111i\u1ec7n \u00e1p \u0111\u1ea7u ra t\u01b0\u01a1ng \u1ee9ng . C\u00f3 kh\u1ea3 n\u0103ng ng\u0103n ng\u1eeba qu\u00e1 t\u1ea3i v\u00e0 ng\u1eafn m\u1ea1ch, an to\u00e0n tuy\u1ec7t \u0111\u1ed1i khi s\u1eed d\u1ee5ng . Kh\u00f4ng c\u00f3 hi\u1ec7n t\u01b0\u1ee3ng r\u00f2\/ gi\u1eadt \u0111i\u1ec7n nh\u01b0 c\u00e1c s\u1ea3n ph\u1ea9m kh\u00e1c.<\/p>\n<h2>Th\u00f4ng s\u1ed1 k\u1ef9 thu\u1eadt\u00a0T\u1ea9u s\u1ea1c 2 c\u1ed5ng USB d\u00f9ng tr\u00ean xe h\u01a1i Baseus Grain Pro Car Charger<\/h2>\n<p>Material ABS+PC<\/p>\n<p>Input DC 12-24V<\/p>\n<p>USB1 Output 5V = 2.4A Max.<\/p>\n<p>USB2 Output 5V = 2.4A Max.<\/p>\n<p>Total Output 5V = 4.8A Max.<\/p>\n<p>Color Black \/ White<\/p>\n<h2>H\u00ecnh \u1ea3nh chi ti\u1ebft\u00a0T\u1ea9u s\u1ea1c 2 c\u1ed5ng USB d\u00f9ng tr\u00ean xe h\u01a1i Baseus Grain Pro Car Charger<\/h2>\n<p><img decoding=\"async\" src=\"https:\/\/file.hstatic.net\/1000152881\/file\/grain_pro_car_charger__1_412ccbd05dae4b65866dc28dfd8757ba.jpg\" \/><\/p>\n<p><img decoding=\"async\" src=\"https:\/\/file.hstatic.net\/1000152881\/file\/grain_pro_car_charger__01_91100cb5e06a44c29b54c1249ec2d122.jpg\" \/><\/p>\n","protected":false},"excerpt":{"rendered":"<ul>\n<li>Material ABS+PC<\/li>\n<li>Input DC 12-24V<\/li>\n<li>USB1 Output 5V = 2.4A Max.<\/li>\n<li>USB2 Output 5V = 2.4A Max.<\/li>\n<li>Total Output 5V = 4.8A Max.<\/li>\n<li>Color Black \/ White<\/li>\n<\/ul>\n","protected":false},"featured_media":438,"comment_status":"open","ping_status":"closed","template":"","meta":[],"product_cat":[77,78],"product_tag":[],"class_list":["post-437","product","type-product","status-publish","has-post-thumbnail","hentry","product_cat-phu-kien-o-to-xe-hoi","product_cat-tau-sac-xe-hoi"],"acf":[],"_links":{"self":[{"href":"https:\/\/khogiaodienmau.net\/dienthoai04\/wp-json\/wp\/v2\/product\/437","targetHints":{"allow":["GET"]}}],"collection":[{"href":"https:\/\/khogiaodienmau.net\/dienthoai04\/wp-json\/wp\/v2\/product"}],"about":[{"href":"https:\/\/khogiaodienmau.net\/dienthoai04\/wp-json\/wp\/v2\/types\/product"}],"replies":[{"embeddable":true,"href":"https:\/\/khogiaodienmau.net\/dienthoai04\/wp-json\/wp\/v2\/comments?post=437"}],"wp:featuredmedia":[{"embeddable":true,"href":"https:\/\/khogiaodienmau.net\/dienthoai04\/wp-json\/wp\/v2\/media\/438"}],"wp:attachment":[{"href":"https:\/\/khogiaodienmau.net\/dienthoai04\/wp-json\/wp\/v2\/media?parent=437"}],"wp:term":[{"taxonomy":"product_cat","embeddable":true,"href":"https:\/\/khogiaodienmau.net\/dienthoai04\/wp-json\/wp\/v2\/product_cat?post=437"},{"taxonomy":"product_tag","embeddable":true,"href":"https:\/\/khogiaodienmau.net\/dienthoai04\/wp-json\/wp\/v2\/product_tag?post=437"}],"curies":[{"name":"wp","href":"https:\/\/api.w.org\/{rel}","templated":true}]}}