{"id":435,"date":"2024-02-05T23:11:42","date_gmt":"2024-02-05T16:11:42","guid":{"rendered":"http:\/\/phukien.ninhbinhweb.top\/?post_type=product&#038;p=435"},"modified":"2024-02-07T09:44:58","modified_gmt":"2024-02-07T02:44:58","slug":"tai-nghe-bluetooth-baseus-bowie-ez10-true-wireless-mini-in-ear-the-thao-v5-3-25h-aac-sbc-app-no-delay-hd-hifi-gaming-earbuds","status":"publish","type":"product","link":"https:\/\/khogiaodienmau.net\/dienthoai04\/tai-nghe-bluetooth-baseus-bowie-ez10-true-wireless-mini-in-ear-the-thao-v5-3-25h-aac-sbc-app-no-delay-hd-hifi-gaming-earbuds\/","title":{"rendered":"Tai nghe Bluetooth Baseus Bowie EZ10 True Wireless Mini in ear Th\u1ec3 Thao (V5.3, 25H, AAC\/SBC, App, No-delay &#038; HD Hifi Gaming Earbuds)"},"content":{"rendered":"<h2>Gi\u1edbi thi\u1ec7u\u00a0Tai nghe Bluetooth Baseus Bowie EZ10 True Wireless Mini in ear Th\u1ec3 Thao (V5.3, 25H, AAC\/SBC, App, No-delay &amp; HD Hifi Gaming Earbuds)<\/h2>\n<p>Tai nghe Bluetooth Baseus Bowie EZ10 l\u00e0 m\u1ed9t s\u1ea3n ph\u1ea9m tai nghe kh\u00f4ng d\u00e2y \u0111\u01b0\u1ee3c thi\u1ebft k\u1ebf \u0111\u1ec3 k\u1ebft n\u1ed1i v\u1edbi c\u00e1c thi\u1ebft b\u1ecb th\u00f4ng qua k\u1ebft n\u1ed1i Bluetooth.\u00a0Baseus Bowie EZ10 c\u00f3 thi\u1ebft k\u1ebf nh\u1ecf g\u1ecdn v\u00e0 ti\u1ec7n l\u1ee3i, v\u1edbi kh\u1ea3 n\u0103ng k\u1ebft n\u1ed1i nhanh ch\u00f3ng v\u00e0 ch\u1ea5t l\u01b0\u1ee3ng \u00e2m thanh t\u1ed1t. N\u00f3 c\u0169ng c\u00f3 th\u1ec3 s\u1eed d\u1ee5ng \u0111\u1ec3 th\u1ef1c hi\u1ec7n cu\u1ed9c g\u1ecdi \u0111i\u1ec7n tho\u1ea1i v\u00e0 \u0111i\u1ec1u khi\u1ec3n nh\u1ea1c tr\u00ean c\u00e1c thi\u1ebft b\u1ecb di \u0111\u1ed9ng.<\/p>\n<h2>T\u00ednh n\u0103ng\u00a0Tai nghe Bluetooth Baseus Bowie EZ10 True Wireless Mini in ear Th\u1ec3 Thao (V5.3, 25H, AAC\/SBC, App, No-delay &amp; HD Hifi Gaming Earbuds)<\/h2>\n<h3>Thi\u1ebft k\u1ebf \u0111\u1eb9p m\u1eaft v\u00e0 ti\u1ec7n \u00edch<\/h3>\n<p>Tai nghe Baseus Bowie EZ10\u00a0c\u00f3 thi\u1ebft k\u1ebf nh\u1ecf g\u1ecdn v\u00e0 \u0111\u1eb9p m\u1eaft v\u1edbi v\u1ecf ngo\u00e0i b\u1eb1ng nh\u1ef1a ABS ch\u1ea5t l\u01b0\u1ee3ng cao, t\u1ea1o c\u1ea3m gi\u00e1c c\u1ee9ng c\u00e1p v\u00e0 b\u1ec1n b\u1ec9. Tai nghe c\u00f3 th\u1ec3 \u0111\u01b0\u1ee3c l\u1ef1a ch\u1ecdn v\u1edbi m\u00e0u s\u1eafc kh\u00e1c nhau nh\u01b0 tr\u1eafng, \u0111en<\/p>\n<h3>Ch\u1ea5t l\u01b0\u1ee3ng \u00e2m thanh tuy\u1ec7t v\u1eddi<\/h3>\n<p>HiFi audio cho \u0111\u1ed9\u00a0trung th\u1ef1c cao, \u0111\u1ed3ng ngh\u0129a v\u1edbi vi\u1ec7c t\u00e1i t\u1ea1o \u00e2m thanh g\u1ea7n gi\u1ed1ng nh\u01b0 \u00e2m thanh g\u1ed1c (original sound) nh\u1ea5t c\u00f3 th\u1ec3, v\u1edbi \u0111\u1ed9 ch\u00ednh x\u00e1c v\u00e0 chi ti\u1ebft cao.<\/p>\n<h3>C\u00f4ng ngh\u1ec7 Bluetooth 5.3<\/h3>\n<p>Kh\u1ea3 n\u0103ng k\u1ebft n\u1ed1i \u1ed5n \u0111\u1ecbnh, truy\u1ec1n t\u1ea3i nhanh ch\u00f3ng, kh\u00f4ng b\u1ecb m\u1ea5t t\u00edn hi\u1ec7u v\u00e0 gi\u00e1n \u0111o\u1ea1n \u00e2m nh\u1ea1c nh\u1edd c\u00f4ng ngh\u1ec7 Bluetooth 5.3 gi\u00fap tai nghe ti\u1ebft ki\u1ec7m pin v\u00e0 k\u00e9o d\u00e0i th\u1eddi gian s\u1eed d\u1ee5ng l\u00ean \u0111\u1ebfn 30 gi\u1edd.<\/p>\n<h3>C\u1ea3m bi\u1ebfn ch\u1ea1m<\/h3>\n<p>Tai nghe n\u00e0y \u0111\u01b0\u1ee3c trang b\u1ecb c\u1ea3m bi\u1ebfn ch\u1ea1m th\u00f4ng minh, cho ph\u00e9p ng\u01b0\u1eddi d\u00f9ng \u0111i\u1ec1u khi\u1ec3n \u00e2m nh\u1ea1c, cu\u1ed9c g\u1ecdi v\u00e0 c\u00e1c t\u00ednh n\u0103ng kh\u00e1c ch\u1ec9 b\u1eb1ng c\u00e1ch ch\u1ea1m nh\u1eb9 v\u00e0o tai nghe.<\/p>\n<h3>\u0110\u00e0m tho\u1ea1i v\u00e0 gi\u1ea3m ti\u1ebfng \u1ed3n<\/h3>\n<p>Tai nghe c\u00f3 t\u00ednh n\u0103ng gi\u1ea3m ti\u1ebfng \u1ed3n v\u00e0 microphone tr\u00ean tai nghe, gi\u00fap cho cu\u1ed9c g\u1ecdi \u0111i\u1ec7n tho\u1ea1i tr\u1edf n\u00ean r\u00f5 r\u00e0ng h\u01a1n.<\/p>\n<h2>H\u00ecnh \u1ea3nh\u00a0Tai nghe Bluetooth Baseus Bowie EZ10 True Wireless Mini in ear Th\u1ec3 Thao (V5.3, 25H, AAC\/SBC, App, No-delay &amp; HD Hifi Gaming Earbuds)<\/h2>\n","protected":false},"excerpt":{"rendered":"<p>Gi\u1edbi thi\u1ec7u\u00a0Tai nghe Bluetooth Baseus Bowie EZ10 True Wireless Mini in ear Th\u1ec3 Thao (V5.3, 25H, AAC\/SBC, App, No-delay &amp; HD Hifi Gaming Earbuds) Tai nghe Bluetooth Baseus Bowie EZ10 l\u00e0 m\u1ed9t s\u1ea3n ph\u1ea9m tai nghe kh\u00f4ng d\u00e2y \u0111\u01b0\u1ee3c thi\u1ebft k\u1ebf \u0111\u1ec3 k\u1ebft n\u1ed1i v\u1edbi c\u00e1c thi\u1ebft b\u1ecb th\u00f4ng qua k\u1ebft n\u1ed1i Bluetooth.\u00a0Baseus Bowie EZ10&#8230;<\/p>\n","protected":false},"featured_media":436,"comment_status":"open","ping_status":"closed","template":"","meta":[],"product_cat":[68,70],"product_tag":[],"class_list":["post-435","product","type-product","status-publish","has-post-thumbnail","hentry","product_cat-tai-nghe-loa-am-thanh","product_cat-tai-nghe-chup-tai-headphones"],"acf":[],"_links":{"self":[{"href":"https:\/\/khogiaodienmau.net\/dienthoai04\/wp-json\/wp\/v2\/product\/435","targetHints":{"allow":["GET"]}}],"collection":[{"href":"https:\/\/khogiaodienmau.net\/dienthoai04\/wp-json\/wp\/v2\/product"}],"about":[{"href":"https:\/\/khogiaodienmau.net\/dienthoai04\/wp-json\/wp\/v2\/types\/product"}],"replies":[{"embeddable":true,"href":"https:\/\/khogiaodienmau.net\/dienthoai04\/wp-json\/wp\/v2\/comments?post=435"}],"wp:featuredmedia":[{"embeddable":true,"href":"https:\/\/khogiaodienmau.net\/dienthoai04\/wp-json\/wp\/v2\/media\/436"}],"wp:attachment":[{"href":"https:\/\/khogiaodienmau.net\/dienthoai04\/wp-json\/wp\/v2\/media?parent=435"}],"wp:term":[{"taxonomy":"product_cat","embeddable":true,"href":"https:\/\/khogiaodienmau.net\/dienthoai04\/wp-json\/wp\/v2\/product_cat?post=435"},{"taxonomy":"product_tag","embeddable":true,"href":"https:\/\/khogiaodienmau.net\/dienthoai04\/wp-json\/wp\/v2\/product_tag?post=435"}],"curies":[{"name":"wp","href":"https:\/\/api.w.org\/{rel}","templated":true}]}}