{"id":433,"date":"2024-02-05T23:10:33","date_gmt":"2024-02-05T16:10:33","guid":{"rendered":"http:\/\/phukien.ninhbinhweb.top\/?post_type=product&#038;p=433"},"modified":"2024-02-07T09:53:37","modified_gmt":"2024-02-07T02:53:37","slug":"combo-op-lung-kinh-cuong-luc-iphone-13-series-baseus-superceramic-series-glass-case-op-lung-kem-cuong-luc","status":"publish","type":"product","link":"https:\/\/khogiaodienmau.net\/dienthoai04\/combo-op-lung-kinh-cuong-luc-iphone-13-series-baseus-superceramic-series-glass-case-op-lung-kem-cuong-luc\/","title":{"rendered":"Combo \u1ed0p L\u01b0ng &#038; K\u00ednh C\u01b0\u1eddng L\u1ef1c iPhone 13 Series Baseus SuperCeramic Series Glass Case (\u1ed0p l\u01b0ng k\u00e8m C\u01b0\u1eddng l\u1ef1c)"},"content":{"rendered":"<h2>T\u00ednh n\u0103ng c\u01a1 b\u1ea3n\u00a0Combo \u1ed0p L\u01b0ng &amp; K\u00ednh C\u01b0\u1eddng L\u1ef1c iPhone 13\u00a0Series Baseus SuperCeramic Series Glass Case<\/h2>\n<h3>V\u1eadt li\u1ec7u th\u1ee7y tinh g\u1ed1m c\u00f3 \u0111\u1ed9 c\u1ee9ng cao<\/h3>\n<p>Ch\u1ea5t li\u1ec7u si\u00eau g\u1ed1m ch\u1ea5t l\u01b0\u1ee3ng v\u1edbi \u0111\u1ed9 c\u1ee9ng cao h\u01a1n so v\u1edbi th\u1ee7y tinh th\u00f4ng th\u01b0\u1eddng \u0111\u01b0\u1ee3c nh\u1ee9ng b\u1edfi th\u1ee7y tinh nano ramic mang l\u1ea1i kh\u1ea3 n\u0103ng ch\u1ed1ng va \u0111\u1eadp cao g\u1ea5p 2 l\u1ea7n k\u00ednh th\u00f4ng th\u01b0\u1eddng.<\/p>\n<h3>\u1ed0p l\u01b0ng ch\u1ed1ng tr\u1ea7y \u1ed1ng k\u00ednh tuy\u1ec7t \u0111\u1ed1i<\/h3>\n<p>H\u1ec7 th\u1ed1ng b\u1ea3o v\u1ec7 air armor TM ho\u00e0n to\u00e0n m\u1edbi cho \u1ed1ng k\u00ednh m\u00e1y \u1ea3nh c\u1ee7a b\u1ea1n, gi\u00fap ch\u1ed1ng v\u1ee1\u00a0k\u00ednh hi\u1ec7u qu\u1ea3 khi v\u00f4 t\u00ecnh l\u00e0m r\u01a1i.<\/p>\n<p>Khung b\u1ea3o v\u1ec7 \u1ed1ng k\u00ednh \u0111\u01b0\u1ee3c n\u00e2ng cao 0.3mm \u0111\u1ec3 tr\u00e1nh l\u00e0m x\u01b0\u1edbc \u1ed1ng k\u00ednh.<\/p>\n<p>Thi\u1ebft k\u1ebf 3 l\u1edbp v\u1edbi c\u00e1c t\u00fai khi l\u00e0m gi\u1ea3m thi\u1ec3u\u00a099% va \u0111\u1eadp, b\u1ea3o v\u1ec7 \u0111i\u1ec7n tho\u1ea1i c\u1ee7a b\u1ea1n m\u1ed9t c\u00e1ch tri\u1ec7t \u0111\u1ec3.<\/p>\n<p>V\u1eadt li\u1ec7u SGS ch\u1ed1ng oxy h\u00f3a v\u1edbi \u0111\u1ed9 b\u1ec1n l\u00e2u h\u01a1n kh\u00f4ng b\u1ecb \u1ed1 v\u00e0ng \u1ed1p l\u01b0ng<\/p>\n<p>C\u00e1c c\u1ea1nh vi\u1ec1n c\u00f3 \u0111\u1ed9 linh ho\u1ea1t cao, kh\u00f4ng b\u1ecb tr\u1ea7y x\u01b0\u1edbc\u00a0c\u00e1c c\u1ea1nh \u0111i\u1ec7n tho\u1ea1i c\u1ee7a b\u1ea1n khi l\u1eafp \u0111\u1eb7t v\u00e0 th\u00e1o ra<\/p>\n<p>Thi\u1ebft k\u1ebf si\u00eau m\u1ecfng v\u1edbi k\u1ebft c\u1ea5u v\u1eeba kh\u00edt \u0111i\u1ec7n tho\u1ea1i t\u1ea1o\u00a0c\u1ea3m gi\u00e1c nh\u01b0 kh\u00f4ng d\u00f9ng \u1ed1p l\u01b0ng<\/p>\n<p>Ch\u1ed1ng d\u1ea5u v\u00e2n tay c\u1ef1c t\u1ed1t v\u1edbi l\u1edbp AF oleophobic gi\u1eef cho d\u1ea7u m\u1ee1 v\u00e0 d\u1ea5u v\u00e2n tay kh\u00f4ng b\u1ecb d\u00ednh v\u00e0o<\/p>\n<p>Kh\u00f4ng c\u1ea7n th\u00e1o \u1ed1p l\u01b0ng v\u1eabn h\u1ed7 tr\u1ee3 s\u1ea1c kh\u00f4ng d\u00e2y ti\u1ec7n l\u1ee3i.<\/p>\n<h2>H\u00ecnh \u1ea3nh\u00a0Combo \u1ed0p L\u01b0ng &amp; K\u00ednh C\u01b0\u1eddng L\u1ef1c iPhone Baseus All-glass SuperCeramic Tempered Glass Film 0.3mm (Cellular Dust-proof) New 2022<\/h2>\n<p><img decoding=\"async\" src=\"https:\/\/file.hstatic.net\/1000152881\/file\/0__1__00355c216e41431086c3a2df68796b5e.jpg\" \/><\/p>\n","protected":false},"excerpt":{"rendered":"<ol>\n<li>Ch\u1ed1ng va \u0111\u1eadp v\u00e0 ch\u1ed1ng v\u1ee1<\/li>\n<li>b\u1ea3o v\u1ec7 lens camera<\/li>\n<li>ch\u1ed1ng b\u00e1m v\u00e2n tay, d\u1ea7u m\u1ee1<\/li>\n<\/ol>\n","protected":false},"featured_media":434,"comment_status":"open","ping_status":"closed","template":"","meta":[],"product_cat":[15,16,20,19,18,17],"product_tag":[],"class_list":["post-433","product","type-product","status-publish","has-post-thumbnail","hentry","product_cat-op-lung-cuong-luc-bao-ve","product_cat-cuong-luc-baseus","product_cat-cuong-luc-iphone-12-series","product_cat-cuong-luc-iphone-13-series","product_cat-cuong-luc-iphone-14-series","product_cat-cuong-luc-iphone-15-series"],"acf":[],"_links":{"self":[{"href":"https:\/\/khogiaodienmau.net\/dienthoai04\/wp-json\/wp\/v2\/product\/433","targetHints":{"allow":["GET"]}}],"collection":[{"href":"https:\/\/khogiaodienmau.net\/dienthoai04\/wp-json\/wp\/v2\/product"}],"about":[{"href":"https:\/\/khogiaodienmau.net\/dienthoai04\/wp-json\/wp\/v2\/types\/product"}],"replies":[{"embeddable":true,"href":"https:\/\/khogiaodienmau.net\/dienthoai04\/wp-json\/wp\/v2\/comments?post=433"}],"wp:featuredmedia":[{"embeddable":true,"href":"https:\/\/khogiaodienmau.net\/dienthoai04\/wp-json\/wp\/v2\/media\/434"}],"wp:attachment":[{"href":"https:\/\/khogiaodienmau.net\/dienthoai04\/wp-json\/wp\/v2\/media?parent=433"}],"wp:term":[{"taxonomy":"product_cat","embeddable":true,"href":"https:\/\/khogiaodienmau.net\/dienthoai04\/wp-json\/wp\/v2\/product_cat?post=433"},{"taxonomy":"product_tag","embeddable":true,"href":"https:\/\/khogiaodienmau.net\/dienthoai04\/wp-json\/wp\/v2\/product_tag?post=433"}],"curies":[{"name":"wp","href":"https:\/\/api.w.org\/{rel}","templated":true}]}}