{"id":431,"date":"2024-02-05T23:09:28","date_gmt":"2024-02-05T16:09:28","guid":{"rendered":"http:\/\/phukien.ninhbinhweb.top\/?post_type=product&#038;p=431"},"modified":"2024-02-05T23:09:28","modified_gmt":"2024-02-05T16:09:28","slug":"bo-sac-nhanh-nho-gon-baseus-super-si-quick-charger-20w-dung-cho-iphone-12-ip11-xs-max-type-c-20w-18w-pd-qc3-0-quick-charger","status":"publish","type":"product","link":"https:\/\/khogiaodienmau.net\/dienthoai04\/bo-sac-nhanh-nho-gon-baseus-super-si-quick-charger-20w-dung-cho-iphone-12-ip11-xs-max-type-c-20w-18w-pd-qc3-0-quick-charger\/","title":{"rendered":"B\u1ed9 s\u1ea1c nhanh, nh\u1ecf g\u1ecdn Baseus Super Si Quick Charger 20W d\u00f9ng cho iPhone 12\/iP11\/XS Max (Type C, 20W\/18W, PD\/QC3.0 Quick charger)"},"content":{"rendered":"<h2>Gi\u1edbi thi\u1ec7u s\u1ea3n ph\u1ea9m B\u1ed9 s\u1ea1c nhanh, nh\u1ecf g\u1ecdn Baseus Super Si Quick Charger 20W d\u00f9ng cho iPhone 12\/iP11\/XS Max (Type C, 20W\/18W, PD\/QC3.0 Quick charger)<\/h2>\n<p>S\u1ea3n ph\u1ea9m v\u1edbi k\u00edch th\u01b0\u1edbc nh\u1ecf g\u1ecdn , h\u1ed7 tr\u1ee3 s\u1ea1c nhanh Power delivery chu\u1ea9n m\u1edbi v\u00e0 Quick charge . \u0110\u01b0\u1ee3c thi\u1ebft k\u1ebf chuy\u00ean d\u1ee5ng cho iPhone 12 series, iPhone 11 \/iPad v\u00e0 c\u00e1c Smartphone Android kh\u00e1c.<\/p>\n<p><strong><span class=\"mce-object-iframe mce-preview-object\"><iframe loading=\"lazy\" src=\"https:\/\/www.youtube.com\/embed\/u73cobmg0UA\" width=\"100%\" height=\"500\" frameborder=\"0\" allowfullscreen=\"allowfullscreen\" data-mce-fragment=\"1\"><\/iframe><\/span><\/strong><\/p>\n<h2>T\u00ednh n\u0103ng c\u01a1 b\u1ea3n B\u1ed9 s\u1ea1c nhanh, nh\u1ecf g\u1ecdn Baseus Super Si Quick Charger 20W d\u00f9ng cho iPhone 12\/iP11\/XS Max (Type C, 20W\/18W, PD\/QC3.0 Quick charger)<\/h2>\n<p>&#8211; Super Si l\u00e0 c\u00f4ng ngh\u1ec7 v\u1eadt li\u1ec7u b\u00e1n d\u1eabn th\u1ebf h\u1ec7 m\u1edbi nh\u1ea5t v\u1edbi nh\u1eefng \u01b0u \u0111i\u1ec3m v\u01b0\u1ee3t tr\u1ed9i so v\u1edbi c\u00e1c th\u1ebf h\u1ec7 b\u00e1n d\u1eabn tr\u01b0\u1edbc nh\u01b0 : hi\u1ec7u su\u1ea5t chuy\u1ec3n \u0111\u1ed5i cao h\u01a1n, \u1ed5n \u0111\u1ecbnh trong nhi\u1ec1u \u0111i\u1ec1u ki\u1ec7n nhi\u1ec7t \u0111\u1ed9 kh\u00e1c nhau, \u0111\u1ed3ng th\u1eddi nhi\u1ec7t l\u01b0\u01a1ng to\u1ea3 ra th\u1ea5p h\u01a1n \u0111\u00e1ng k\u1ec3 khi ho\u1ea1t \u0111\u1ecdng \u1edf c\u00f9ng m\u1ed9t m\u1ee9c c\u00f4ng su\u1ea5t &#8230;.<\/p>\n<p>&#8211; Nh\u1edd \u0111\u01b0\u1ee3c trang b\u1ecb c\u00f4ng ngh\u1ec7 b\u00e1n d\u1eabn Super Si n\u00ean B\u1ed9 s\u1ea1c nhanh \u0111a n\u0103ng\u00a0Baseus Super Si Quick Charger 20W c\u00f3 th\u1ec3 h\u1ed7 tr\u1ee3 \u0111\u1ed3ng th\u1eddi c\u00e1c chu\u1ea9n s\u1ea1c nhanh Power delivery v\u00e0 Quick charge 3.0 v\u1edbi c\u00f4ng su\u1ea5t l\u00ean \u0111\u1ebfn 20W nh\u01b0ng v\u1edbi m\u1ed9t k\u00edch th\u01b0\u1edbc v\u00f4 c\u00f9ng nh\u1ecf g\u1ecdn.<\/p>\n<p>&#8211; S\u1ea3n ph\u1ea9m h\u1ed7 tr\u1ee3 chu\u1ea9n s\u1ea1c nhanh PD 20W chuy\u00ean d\u00f9ng cho iPhone 12 Series\/ iPad 2020 v\u00e0 chu\u1ea9n s\u1ea1c nhanh 18W khi s\u1eed d\u1ee5ng v\u1edbi c\u00e1p s\u1ea1c Type C to Lingtning tr\u00ean c\u00e1c d\u00f2ng iPhone 11\/ iP X\/XS Max\/ iphone 8. Ngo\u00e0i ra b\u1ed9 s\u1ea1c na\u1ef3 c\u1ee7ng h\u1ed7 tr\u1ee3 giao th\u1ee9c s\u1ea1c nhanh QC 3.0 tr\u00ean c\u00e1c d\u00f2ng Smartphone Android.<\/p>\n<p>&#8211; Kh\u1ea3 n\u0103ng t\u1ef1 \u0111\u1ed9ng nh\u1eadn di\u1ec7n v\u00e0 \u0111i\u1ec1u ch\u1ec9nh c\u1ea5u h\u00ecnh \u0111i\u1ec7n \u00e1p s\u1ea1c ng\u1ecf ra t\u1ed1i \u01b0u cho t\u1eebng thi\u1ebft b\u1ecb. C\u01a1 ch\u1ebf b\u1ea3o v\u1ec7 th\u00f4ng minh, t\u1ef1 \u0111\u1ed9ng ng\u1eaft s\u1ea1c khi s\u1ea1c \u0111\u1ea7y, b\u1ea3o \u0111\u1ea3m an to\u00e0n tuy\u1ec7t \u0111\u1ed1i cho thi\u1ebft b\u1ecb v\u00e0 ng\u01b0\u1eddi s\u1eed d\u1ee5ng .<\/p>\n<p>&#8211; K\u00edch th\u01b0\u1edbc nh\u1ecf g\u1ecdn, tr\u1ecdng l\u01b0\u01a1ng nh\u1eb9 , ki\u1ec3u d\u00e1ng thi\u1ebft k\u1ebf sang tr\u1ecdng, \u0111\u1eb9p m\u1eaft.<\/p>\n<p>&#8211; H\u00e0ng ph\u00e2n ph\u1ed1i ch\u00ednh h\u00e3ng b\u1edfi Baseus Vietnam , b\u1ea3o h\u00e0nh 12 th\u00e1ng 1 \u0111\u1ed5i 1 .<\/p>\n<h2>H\u00ecnh \u1ea3nh chi ti\u1ebft B\u1ed9 s\u1ea1c nhanh, nh\u1ecf g\u1ecdn Baseus Super Si Quick Charger 20W d\u00f9ng cho iPhone 12\/iP11\/XS Max (Type C, 20W\/18W, PD\/ QC3.0 Quick charger)<\/h2>\n<p>&nbsp;<\/p>\n<p><img decoding=\"async\" src=\"https:\/\/file.hstatic.net\/1000152881\/file\/super_si_quick_charger__1_ce1dbf5da9924b838c8a50f3c777ae13.jpg\" \/><\/p>\n<p><img decoding=\"async\" src=\"https:\/\/file.hstatic.net\/1000152881\/file\/super_si_quick_charger__01_924b671a5cff4711bd1bec83fa5c0673.jpg\" \/><\/p>\n","protected":false},"excerpt":{"rendered":"<p>Gi\u1edbi thi\u1ec7u s\u1ea3n ph\u1ea9m B\u1ed9 s\u1ea1c nhanh, nh\u1ecf g\u1ecdn Baseus Super Si Quick Charger 20W d\u00f9ng cho iPhone 12\/iP11\/XS Max (Type C, 20W\/18W, PD\/QC3.0 Quick charger) S\u1ea3n ph\u1ea9m v\u1edbi k\u00edch th\u01b0\u1edbc nh\u1ecf g\u1ecdn , h\u1ed7 tr\u1ee3 s\u1ea1c nhanh Power delivery chu\u1ea9n m\u1edbi v\u00e0 Quick charge . \u0110\u01b0\u1ee3c thi\u1ebft k\u1ebf chuy\u00ean d\u1ee5ng cho iPhone 12 series,&#8230;<\/p>\n","protected":false},"featured_media":432,"comment_status":"open","ping_status":"closed","template":"","meta":[],"product_cat":[58,53,54],"product_tag":[],"class_list":["post-431","product","type-product","status-publish","has-post-thumbnail","hentry","product_cat-adaptor-day-noi-dai-powerstrip","product_cat-cu-sac-pin-sac-du-phong","product_cat-cu-sac-baseus"],"acf":[],"_links":{"self":[{"href":"https:\/\/khogiaodienmau.net\/dienthoai04\/wp-json\/wp\/v2\/product\/431","targetHints":{"allow":["GET"]}}],"collection":[{"href":"https:\/\/khogiaodienmau.net\/dienthoai04\/wp-json\/wp\/v2\/product"}],"about":[{"href":"https:\/\/khogiaodienmau.net\/dienthoai04\/wp-json\/wp\/v2\/types\/product"}],"replies":[{"embeddable":true,"href":"https:\/\/khogiaodienmau.net\/dienthoai04\/wp-json\/wp\/v2\/comments?post=431"}],"wp:featuredmedia":[{"embeddable":true,"href":"https:\/\/khogiaodienmau.net\/dienthoai04\/wp-json\/wp\/v2\/media\/432"}],"wp:attachment":[{"href":"https:\/\/khogiaodienmau.net\/dienthoai04\/wp-json\/wp\/v2\/media?parent=431"}],"wp:term":[{"taxonomy":"product_cat","embeddable":true,"href":"https:\/\/khogiaodienmau.net\/dienthoai04\/wp-json\/wp\/v2\/product_cat?post=431"},{"taxonomy":"product_tag","embeddable":true,"href":"https:\/\/khogiaodienmau.net\/dienthoai04\/wp-json\/wp\/v2\/product_tag?post=431"}],"curies":[{"name":"wp","href":"https:\/\/api.w.org\/{rel}","templated":true}]}}