{"id":427,"date":"2024-02-05T23:07:11","date_gmt":"2024-02-05T16:07:11","guid":{"rendered":"http:\/\/phukien.ninhbinhweb.top\/?post_type=product&#038;p=427"},"modified":"2024-02-05T23:07:11","modified_gmt":"2024-02-05T16:07:11","slug":"cu-sac-nhanh-baseus-gan5-fast-charger-mini-1c-30w-cho-iphone-14-13-12-11-pro-max-nho-gon-sac-nhanh-pd-quick-charge","status":"publish","type":"product","link":"https:\/\/khogiaodienmau.net\/dienthoai04\/cu-sac-nhanh-baseus-gan5-fast-charger-mini-1c-30w-cho-iphone-14-13-12-11-pro-max-nho-gon-sac-nhanh-pd-quick-charge\/","title":{"rendered":"C\u1ee7 S\u1ea1c Nhanh Baseus GaN5 Fast Charger Mini 1C 30W Cho iPhone 14 13 12 11 Pro Max (Nh\u1ecf g\u1ecdn, s\u1ea1c nhanh PD\/Quick Charge)"},"content":{"rendered":"<h2>Gi\u1edbi thi\u1ec7u\u00a0C\u1ee7 S\u1ea1c Nhanh Baseus GaN5 Fast Charger Mini 1C 30W \/ 20W Cho iPhone 14 13 12 11 Pro Max (Nh\u1ecf g\u1ecdn, s\u1ea1c nhanh PD\/Quick Charge)<\/h2>\n<p>C\u1ee7 s\u1ea1c nhanh Baseus GaN5 Fast Charger Mini 1C 30W \u0111\u01b0\u1ee3c thi\u1ebft k\u1ebf \u0111\u1ec3 cung c\u1ea5p ngu\u1ed3n \u0111i\u1ec7n nhanh ch\u00f3ng v\u00e0 an to\u00e0n cho c\u00e1c thi\u1ebft b\u1ecb di \u0111\u1ed9ng nh\u01b0 \u0111i\u1ec7n tho\u1ea1i th\u00f4ng minh, m\u00e1y t\u00ednh b\u1ea3ng v\u00e0 c\u00e1c thi\u1ebft b\u1ecb \u0111i\u1ec7n t\u1eed kh\u00e1c. V\u1edbi c\u00f4ng ngh\u1ec7 GaN m\u1edbi nh\u1ea5t, c\u1ee7 s\u1ea1c n\u00e0y c\u00f3 th\u1ec3 cung c\u1ea5p \u0111\u1ebfn 30W c\u00f4ng su\u1ea5t l\u1edbn\u00a0trong m\u1ed9t thi\u1ebft k\u1ebf nh\u1ecf g\u1ecdn v\u00e0 ti\u1ec7n l\u1ee3i. Ngo\u00e0i ra, n\u00f3 c\u00f2n t\u00edch h\u1ee3p c\u00e1c t\u00ednh n\u0103ng b\u1ea3o v\u1ec7 an to\u00e0n nh\u01b0 ng\u1eafn m\u1ea1ch, qu\u00e1 d\u00f2ng v\u00e0 qu\u00e1 nhi\u1ec7t \u0111\u1ec3 \u0111\u1ea3m b\u1ea3o s\u1ef1 an to\u00e0n cho c\u00e1c thi\u1ebft b\u1ecb c\u1ee7a b\u1ea1n.<br \/>\n<iframe loading=\"lazy\" src=\"https:\/\/www.youtube.com\/embed\/ld8E9QkOaiQ\" width=\"100%\" height=\"500\" frameborder=\"0\" data-mce-fragment=\"1\"><\/iframe><\/p>\n<h2>\nT\u00ednh n\u0103ng\u00a0C\u1ee7 S\u1ea1c Nhanh Baseus GaN5 Fast Charger Mini 1C 30W \/ 20W Cho iPhone 14 13 12 11 Pro Max (Nh\u1ecf g\u1ecdn, s\u1ea1c nhanh PD\/Quick Charge)<\/h2>\n<h3>Thi\u1ebft k\u1ebf hi\u1ec7n \u0111\u1ea1i<\/h3>\n<p>C\u00f3 thi\u1ebft k\u1ebf hi\u1ec7n \u0111\u1ea1i v\u00e0 sang tr\u1ecdng, v\u1edbi m\u00e0u \u0111en b\u00f3ng v\u00e0 c\u00e1c \u0111\u01b0\u1eddng vi\u1ec1n tr\u1eafng t\u1ea1o \u0111i\u1ec3m nh\u1ea5n. Thi\u1ebft k\u1ebf nh\u1ecf g\u1ecdn v\u00e0 tinh t\u1ebf c\u1ee7a c\u1ee7 s\u1ea1c n\u00e0y c\u0169ng l\u00e0m cho n\u00f3 tr\u00f4ng kh\u00e1 \u0111\u1eb9p m\u1eaft v\u00e0 d\u1ec5 s\u1eed d\u1ee5ng. N\u00f3 c\u0169ng c\u00f3 h\u00ecnh d\u1ea1ng vu\u00f4ng v\u1eafn v\u00e0 c\u00e1c g\u00f3c bo tr\u00f2n m\u1ec1m m\u1ea1i, t\u1ea1o ra m\u1ed9t c\u1ea3m gi\u00e1c r\u1ea5t th\u1ea9m m\u1ef9 v\u00e0 hi\u1ec7n \u0111\u1ea1i.<\/p>\n<h3>\nC\u00f4ng ngh\u1ec7 GaN<\/h3>\n<p>S\u1eed d\u1ee5ng c\u00f4ng ngh\u1ec7 GaN (Gallium Nitride) m\u1edbi nh\u1ea5t \u0111\u1ec3 t\u0103ng hi\u1ec7u su\u1ea5t chuy\u1ec3n \u0111\u1ed5i v\u00e0 gi\u1ea3m k\u00edch th\u01b0\u1edbc c\u1ee7a c\u1ee7 s\u1ea1c. C\u00f4ng ngh\u1ec7 n\u00e0y cho ph\u00e9p c\u1ee7 s\u1ea1c c\u00f3 th\u1ec3 cung c\u1ea5p \u0111\u1ebfn 30W s\u1ee9c m\u1ea1nh trong m\u1ed9t thi\u1ebft k\u1ebf nh\u1ecf g\u1ecdn v\u00e0 ti\u1ec7n l\u1ee3i h\u01a1n so v\u1edbi c\u00e1c c\u1ee7 s\u1ea1c truy\u1ec1n th\u1ed1ng.<\/p>\n<h3>T\u00ednh n\u0103ng s\u1ea1c nhanh v\u00e0 an to\u00e0n<\/h3>\n<p>C\u1ee7 s\u1ea1c n\u00e0y h\u1ed7 tr\u1ee3 nhi\u1ec1u chu\u1ea9n s\u1ea1c nhanh nh\u01b0 PD 3.0, QC 3.0 v\u00e0 SCP, gi\u00fap s\u1ea1c nhanh c\u00e1c thi\u1ebft b\u1ecb di \u0111\u1ed9ng nh\u01b0 \u0111i\u1ec7n tho\u1ea1i th\u00f4ng minh, m\u00e1y t\u00ednh b\u1ea3ng v\u00e0 c\u00e1c thi\u1ebft b\u1ecb \u0111i\u1ec7n t\u1eed kh\u00e1c.<\/p>\n<p>BCT Smart l\u00e0 m\u1ed9t t\u00ednh n\u0103ng \u0111\u1eb7c bi\u1ec7t \u0111\u01b0\u1ee3c t\u00edch h\u1ee3p tr\u00ean c\u1ee7 s\u1ea1c Baseus GaN5 Fast Charger Mini 1C 30W. BCT (Baseus Charging Technology) Smart l\u00e0 m\u1ed9t c\u00f4ng ngh\u1ec7 ti\u00ean ti\u1ebfn gi\u00fap \u0111i\u1ec1u ch\u1ec9nh \u0111\u1ea7u ra \u0111i\u1ec7n n\u0103ng c\u1ee7a c\u1ee7 s\u1ea1c, t\u1ed1i \u01b0u h\u00f3a qu\u00e1 tr\u00ecnh s\u1ea1c v\u00e0 b\u1ea3o v\u1ec7 c\u00e1c thi\u1ebft b\u1ecb c\u1ee7a b\u1ea1n.<\/p>\n<p>Khi c\u1eafm c\u1ee7 s\u1ea1c v\u00e0o thi\u1ebft b\u1ecb c\u1ee7a b\u1ea1n, BCT Smart s\u1ebd t\u1ef1 \u0111\u1ed9ng nh\u1eadn di\u1ec7n lo\u1ea1i thi\u1ebft b\u1ecb v\u00e0 \u0111i\u1ec1u ch\u1ec9nh \u0111\u1ea7u ra \u0111i\u1ec7n n\u0103ng ph\u00f9 h\u1ee3p \u0111\u1ec3 s\u1ea1c nhanh v\u00e0 an to\u00e0n nh\u1ea5t.<\/p>\n<h3>\nT\u00ednh n\u0103ng b\u1ea3o v\u1ec7 an to\u00e0n<\/h3>\n<p>GaN5 t\u00edch h\u1ee3p c\u00e1c t\u00ednh n\u0103ng b\u1ea3o v\u1ec7 an to\u00e0n nh\u01b0 ng\u1eafn m\u1ea1ch, qu\u00e1 d\u00f2ng v\u00e0 qu\u00e1 nhi\u1ec7t \u0111\u1ec3 \u0111\u1ea3m b\u1ea3o s\u1ef1 an to\u00e0n cho c\u00e1c thi\u1ebft b\u1ecb c\u1ee7a b\u1ea1n.\u00a0M\u1ed9t trong nh\u1eefng t\u00ednh n\u0103ng n\u1ed5i b\u1eadt c\u1ee7a s\u1ea3n ph\u1ea9m n\u00e0y l\u00e0 c\u00f4ng ngh\u1ec7\u00a0Smart Trickle \u0111i\u1ec1u khi\u1ec3n nhi\u1ec7t th\u00f4ng minh, gi\u00fap gi\u1ea3m nhi\u1ec7t \u0111\u1ed9 c\u1ee7a c\u00e1p s\u1ea1c khi s\u1ea1c c\u00e1c thi\u1ebft b\u1ecb c\u1ee7a b\u1ea1n. C\u1ee5 th\u1ec3 khi \u0111i\u1ec7n tho\u1ea1i c\u00f2n d\u01b0\u1edbi 50% c\u00e1p s\u1ebd s\u1ea1c \u1edf c\u00f4ng su\u1ea5t cao nh\u1ea5t v\u00e0 khi \u0111i\u1ec7n tho\u1ea1i s\u1ea1c \u0111\u1ebfn 80% s\u1ebd chuy\u1ec3n sang s\u1ea1c nh\u1ecf gi\u1ecdt gi\u00fap b\u1ea3o v\u1ec7 tu\u1ed5i th\u1ecd pin c\u1ee7a thi\u1ebft b\u1ecb.<\/p>\n<h3>\n\u0110a n\u0103ng<\/h3>\n<p>C\u1ee7 s\u1ea1c n\u00e0y c\u00f3 th\u1ec3 s\u1ea1c \u0111\u01b0\u1ee3c nhi\u1ec1u lo\u1ea1i thi\u1ebft b\u1ecb kh\u00e1c nhau nh\u01b0 iPhone\u00a014 13 12 11 Pro Max, iPad, \u0111i\u1ec7n tho\u1ea1i, m\u00e1y t\u00ednh b\u1ea3ng, tai nghe kh\u00f4ng d\u00e2y v\u00e0 c\u00e1c thi\u1ebft b\u1ecb \u0111i\u1ec7n t\u1eed kh\u00e1c.<\/p>\n<h2>\nH\u00ecnh \u1ea3nh\u00a0C\u1ee7 S\u1ea1c Nhanh Baseus GaN5 Fast Charger Mini 1C 30W \/ 20W Cho iPhone 14 13 12 11 Pro Max (Nh\u1ecf g\u1ecdn, s\u1ea1c nhanh PD\/Quick Charge)<\/h2>\n<p><img decoding=\"async\" src=\"https:\/\/file.hstatic.net\/1000152881\/file\/tai_xuong_-_2023-04-19t160610.557_a568064387a040c58d98b0dd289179e1.jpg\" \/><\/p>\n","protected":false},"excerpt":{"rendered":"<p>Gi\u1edbi thi\u1ec7u\u00a0C\u1ee7 S\u1ea1c Nhanh Baseus GaN5 Fast Charger Mini 1C 30W \/ 20W Cho iPhone 14 13 12 11 Pro Max (Nh\u1ecf g\u1ecdn, s\u1ea1c nhanh PD\/Quick Charge) C\u1ee7 s\u1ea1c nhanh Baseus GaN5 Fast Charger Mini 1C 30W \u0111\u01b0\u1ee3c thi\u1ebft k\u1ebf \u0111\u1ec3 cung c\u1ea5p ngu\u1ed3n \u0111i\u1ec7n nhanh ch\u00f3ng v\u00e0 an to\u00e0n cho c\u00e1c thi\u1ebft b\u1ecb di&#8230;<\/p>\n","protected":false},"featured_media":428,"comment_status":"open","ping_status":"closed","template":"","meta":[],"product_cat":[53,60,64,63],"product_tag":[],"class_list":["post-427","product","type-product","status-publish","has-post-thumbnail","hentry","product_cat-cu-sac-pin-sac-du-phong","product_cat-pin-sac-du-phong","product_cat-sac-du-phong--30000mah","product_cat-sac-du-phong-20000mah"],"acf":[],"_links":{"self":[{"href":"https:\/\/khogiaodienmau.net\/dienthoai04\/wp-json\/wp\/v2\/product\/427","targetHints":{"allow":["GET"]}}],"collection":[{"href":"https:\/\/khogiaodienmau.net\/dienthoai04\/wp-json\/wp\/v2\/product"}],"about":[{"href":"https:\/\/khogiaodienmau.net\/dienthoai04\/wp-json\/wp\/v2\/types\/product"}],"replies":[{"embeddable":true,"href":"https:\/\/khogiaodienmau.net\/dienthoai04\/wp-json\/wp\/v2\/comments?post=427"}],"wp:featuredmedia":[{"embeddable":true,"href":"https:\/\/khogiaodienmau.net\/dienthoai04\/wp-json\/wp\/v2\/media\/428"}],"wp:attachment":[{"href":"https:\/\/khogiaodienmau.net\/dienthoai04\/wp-json\/wp\/v2\/media?parent=427"}],"wp:term":[{"taxonomy":"product_cat","embeddable":true,"href":"https:\/\/khogiaodienmau.net\/dienthoai04\/wp-json\/wp\/v2\/product_cat?post=427"},{"taxonomy":"product_tag","embeddable":true,"href":"https:\/\/khogiaodienmau.net\/dienthoai04\/wp-json\/wp\/v2\/product_tag?post=427"}],"curies":[{"name":"wp","href":"https:\/\/api.w.org\/{rel}","templated":true}]}}