{"id":420,"date":"2024-02-05T23:00:14","date_gmt":"2024-02-05T16:00:14","guid":{"rendered":"http:\/\/phukien.ninhbinhweb.top\/?post_type=product&#038;p=420"},"modified":"2024-02-05T23:00:14","modified_gmt":"2024-02-05T16:00:14","slug":"may-hut-bui-pin-sac-cam-tay-baseus-a3-car-vacuum-cleaner-15000pa-135w-vacuum-portable-cleaner","status":"publish","type":"product","link":"https:\/\/khogiaodienmau.net\/dienthoai04\/may-hut-bui-pin-sac-cam-tay-baseus-a3-car-vacuum-cleaner-15000pa-135w-vacuum-portable-cleaner\/","title":{"rendered":"M\u00e1y h\u00fat b\u1ee5i pin s\u1ea1c c\u1ea7m tay Baseus A3 Car Vacuum Cleaner (15000pa, 135W, Vacuum Portable Cleaner)"},"content":{"rendered":"<h2>Gi\u1edbi thi\u1ec7u s\u1ea3n ph\u1ea9m\u00a0M\u00e1y h\u00fat b\u1ee5i pin s\u1ea1c c\u1ea7m tay Baseus A3 Car Vacuum Cleaner<\/h2>\n<p>L\u00e0 phi\u00ean b\u1ea3n n\u00e2ng c\u1ea5p m\u1edbi nh\u1ea5t c\u1ee7a d\u00f2ng\u00a0<strong>m\u00e1y h\u00fat b\u1ee5i mini c\u1ea7m tay d\u00f9ng cho xe h\u01a1i<\/strong>\u00a0v\u00e0 gia \u0111\u00ecnh.\u00a0Ngo\u00e0i vi\u1ec7c th\u1eeba h\u01b0\u1edfng nh\u1eefng \u01b0u \u0111i\u1ec3m v\u1ed1n c\u00f3 nh\u01b0 k\u00edch th\u01b0\u1edbc nh\u1ecf g\u1ecdn, ki\u1ec3u d\u00e1ng sang tr\u1ecdng hi\u1ec7n \u0111\u1ea1i, d\u1ec5 d\u00e0ng mang theo s\u1eed d\u1ee5ng m\u1ecdi n\u01a1i&#8230; Phi\u00ean b\u1ea3n Baseus A3 Car Vacuum Cleaner n\u00e0y c\u00f2n \u0111\u01b0\u1ee3c Baseus n\u00e2ng c\u1ea5p, c\u1ea3i thi\u1ec7n \u0111\u00e1ng k\u1ec3 v\u1ec1 c\u00f4ng su\u1ea5t, th\u1eddi l\u01b0\u1ee3ng pin v\u00e0 b\u1ed5 sung th\u00eam nhi\u1ec1u ph\u1ee5 ki\u1ec7n v\u1ec7 sinh k\u00e8m theo .<\/p>\n<p class=\"youtube-embed-wrapper\"><iframe loading=\"lazy\" class=\"iframe-youtube-embed\" src=\"https:\/\/www.youtube.com\/embed\/VagXtaMXkBI\" width=\"100%\" height=\"500\" frameborder=\"0\" data-mce-fragment=\"1\"><\/iframe><\/p>\n<p>&nbsp;<\/p>\n<h2>T\u00ednh n\u0103ng c\u01a1 b\u1ea3n\u00a0M\u00e1y h\u00fat b\u1ee5i pin s\u1ea1c c\u1ea7m tay Baseus A3 Car Vacuum Cleaner<\/h2>\n<p>&#8211; V\u1eabn gi\u1eef nguy\u00ean phong c\u00e1ch thi\u1ebft k\u1ebf sang tr\u1ecdng, hi\u1ec7n \u0111\u1ea1i . Baseus A3 Car Vaccuum Cleaner c\u00f3 thi\u1ebft k\u1ebf thon d\u00e0i, d\u1ec5 c\u1eb1m n\u1eafm khi s\u1eed d\u1ee5ng . Ki\u1ec3u d\u00e1ng sang tr\u1ecdng , hi\u1ec7n \u0111\u1ea1i, ph\u00f9 h\u1ee3p s\u1eed d\u1ee5ng trong c\u1ea3 trong xe h\u01a1i v\u00e0 gia \u0111\u00ecnh . S\u1ea3n ph\u1ea9m v\u1edbi t\u00ednh n\u0103ng h\u00fat\/ th\u1ed5i \u0111i k\u00e8m v\u1edbi nhi\u1ec1u ph\u1ee5 ki\u1ec7n v\u1ec7 sinh mang \u0111\u1ebfn hi\u1ec7u qu\u1ea3 s\u1eed d\u1ee5ng kh\u00e1 t\u1ed1t khi s\u1eed d\u1ee5ng trong c\u00e1c kh\u00f4ng gian h\u1eb9p nh\u01b0 xe h\u01a1i, ph\u00f2ng ng\u1ee7, n\u1ec7m gi\u01b0\u1eddng hay gh\u1ebf sofa &#8230;<\/p>\n<p>&#8211; Phi\u00ean b\u1ea3n Baseus A3 n\u00e0y \u0111\u01b0\u1ee3c Baseus trang b\u1ecb d\u1ed9ng c\u01a1 h\u00fat kh\u00f4ng ch\u1ed5i than v\u1edbi l\u1ef1c h\u00fat c\u1ef1c m\u1ea1nh l\u00ean \u0111\u1ebfn 15000Pa gi\u00fap t\u0103ng \u0111\u00e1ng k\u1ec3 hi\u1ec7u qu\u1ea3 v\u1ec7 sinh so v\u1edbi phi\u00ean b\u1ea3n ti\u1ec1n nhi\u1ec7m .<\/p>\n<p>&#8211; M\u00e1y \u0111\u01b0\u1ee3c trang b\u1ecb 4 vi\u00ean pin 2000mAh, cho th\u1eddi gian s\u1eed d\u1ee5ng li\u00ean t\u1ee5c l\u00ean \u0111\u1ebfn 45 ph\u00fat.<\/p>\n<p>&#8211; M\u00e1y c\u0169ng \u0111\u01b0\u1ee3c trang b\u1ecb 1 \u0111\u00e8n led h\u1ed7 tr\u1ee3 ng\u01b0\u1eddi d\u00f9ng soi s\u00e1ng trong nh\u1eefng ng\u00f3c ng\u00e1ch thi\u1ebfu \u00e1nh s\u00e1ng.<\/p>\n<p>&#8211; A3 c\u00f3 2 ch\u1ebf \u0111\u1ed9 h\u00fat:<\/p>\n<p>Ch\u1ebf \u0111\u1ed9 c\u01a1 b\u1ea3n: d\u00f9ng \u0111\u1ec3 h\u00fat nh\u1eefng v\u1eadt nh\u1ecf nh\u01b0 h\u1ea1t b\u1ee5i, t\u00f3c.\u00a0(d\u00f9ng li\u00ean t\u1ee5c ch\u1ec9 45 ph\u00fat)<\/p>\n<p>Ch\u1ebf \u0111\u1ed9 hi\u1ec7u su\u1ea5t cao: dung \u0111\u1ec3 h\u00fat nh\u1eefng v\u1eadt to, kh\u00f3 h\u00fat. (d\u00f9ng li\u00ean t\u1ee5c ch\u1ec9 17 ph\u00fat)<\/p>\n<h2>Th\u00f4ng s\u1ed1 k\u1ef9 thu\u1eadt\u00a0M\u00e1y h\u00fat b\u1ee5i pin s\u1ea1c c\u1ea7m tay Baseus A3 Car Vacuum Cleaner<\/h2>\n<p>K\u00edch th\u01b0\u1edbc: 296 * 56.5 mm<\/p>\n<p>L\u1ef1c h\u00fat: 15000Pa<\/p>\n<p>C\u00f4ng su\u1ea5t: 135W<\/p>\n<p>Dung l\u01b0\u1ee3ng pin: ~8000mAh (45 ph\u00fat d\u00f9ng)<\/p>\n<p>Th\u1eddi gian s\u1ea1c: 3-5h<\/p>\n<p>C\u1ed5ng s\u1ea1c: Type C<\/p>\n","protected":false},"excerpt":{"rendered":"<p>Gi\u1edbi thi\u1ec7u s\u1ea3n ph\u1ea9m\u00a0M\u00e1y h\u00fat b\u1ee5i pin s\u1ea1c c\u1ea7m tay Baseus A3 Car Vacuum Cleaner L\u00e0 phi\u00ean b\u1ea3n n\u00e2ng c\u1ea5p m\u1edbi nh\u1ea5t c\u1ee7a d\u00f2ng\u00a0m\u00e1y h\u00fat b\u1ee5i mini c\u1ea7m tay d\u00f9ng cho xe h\u01a1i\u00a0v\u00e0 gia \u0111\u00ecnh.\u00a0Ngo\u00e0i vi\u1ec7c th\u1eeba h\u01b0\u1edfng nh\u1eefng \u01b0u \u0111i\u1ec3m v\u1ed1n c\u00f3 nh\u01b0 k\u00edch th\u01b0\u1edbc nh\u1ecf g\u1ecdn, ki\u1ec3u d\u00e1ng sang tr\u1ecdng hi\u1ec7n \u0111\u1ea1i, d\u1ec5&#8230;<\/p>\n","protected":false},"featured_media":422,"comment_status":"open","ping_status":"closed","template":"","meta":[],"product_cat":[103,105],"product_tag":[],"class_list":["post-420","product","type-product","status-publish","has-post-thumbnail","hentry","product_cat-gia-dung-thong-minh","product_cat-may-hut-bui"],"acf":[],"_links":{"self":[{"href":"https:\/\/khogiaodienmau.net\/dienthoai04\/wp-json\/wp\/v2\/product\/420","targetHints":{"allow":["GET"]}}],"collection":[{"href":"https:\/\/khogiaodienmau.net\/dienthoai04\/wp-json\/wp\/v2\/product"}],"about":[{"href":"https:\/\/khogiaodienmau.net\/dienthoai04\/wp-json\/wp\/v2\/types\/product"}],"replies":[{"embeddable":true,"href":"https:\/\/khogiaodienmau.net\/dienthoai04\/wp-json\/wp\/v2\/comments?post=420"}],"wp:featuredmedia":[{"embeddable":true,"href":"https:\/\/khogiaodienmau.net\/dienthoai04\/wp-json\/wp\/v2\/media\/422"}],"wp:attachment":[{"href":"https:\/\/khogiaodienmau.net\/dienthoai04\/wp-json\/wp\/v2\/media?parent=420"}],"wp:term":[{"taxonomy":"product_cat","embeddable":true,"href":"https:\/\/khogiaodienmau.net\/dienthoai04\/wp-json\/wp\/v2\/product_cat?post=420"},{"taxonomy":"product_tag","embeddable":true,"href":"https:\/\/khogiaodienmau.net\/dienthoai04\/wp-json\/wp\/v2\/product_tag?post=420"}],"curies":[{"name":"wp","href":"https:\/\/api.w.org\/{rel}","templated":true}]}}