{"id":405,"date":"2024-02-05T22:54:14","date_gmt":"2024-02-05T15:54:14","guid":{"rendered":"http:\/\/phukien.ninhbinhweb.top\/?post_type=product&#038;p=405"},"modified":"2024-02-05T23:51:14","modified_gmt":"2024-02-05T16:51:14","slug":"cap-sac-nhanh-tu-ngat-baseus-explorer-series-2-usb-a-to-lightning-2-4a-dung-cho-iphone-ipad-smart-power-off-with-smart-temperature-controlfast-charging-cable","status":"publish","type":"product","link":"https:\/\/khogiaodienmau.net\/dienthoai04\/cap-sac-nhanh-tu-ngat-baseus-explorer-series-2-usb-a-to-lightning-2-4a-dung-cho-iphone-ipad-smart-power-off-with-smart-temperature-controlfast-charging-cable\/","title":{"rendered":"C\u00e1p S\u1ea1c Nhanh T\u1ef1 Ng\u1eaft Baseus Explorer Series 2 USB A to Lightning 2.4A d\u00f9ng cho iPhone\/ iPad (Smart Power-Off with Smart Temperature Control,Fast Charging Cable)"},"content":{"rendered":"<h2>Gi\u1edbi thi\u1ec7u\u00a0C\u00e1p S\u1ea1c Nhanh T\u1ef1 Ng\u1eaft Cho iPhone iPad Baseus Explorer Series 2 Fast Charging Cable with Smart Temperature Control Usb A to Lightning 2.4A Smart Power-Off<\/h2>\n<p>Baseus Explorer Series Fast Charging Cable\u00a0l\u00e0 m\u1ed9t s\u1ea3n ph\u1ea9m c\u00e1p s\u1ea1c nhanh v\u1edbi c\u00f4ng su\u1ea5t l\u00ean t\u1edbi 2.4A. S\u1ea3n ph\u1ea9m n\u00e0y \u0111\u01b0\u1ee3c thi\u1ebft k\u1ebf \u0111\u1ec3 s\u1ea1c nhanh c\u00e1c thi\u1ebft b\u1ecb di \u0111\u1ed9ng nh\u01b0 iPhone v\u00e0 iPad. V\u1edbi c\u00f4ng ngh\u1ec7 s\u1ea1c nhanh ti\u00ean ti\u1ebfn, s\u1ea3n ph\u1ea9m n\u00e0y gi\u00fap ti\u1ebft ki\u1ec7m th\u1eddi gian s\u1ea1c \u0111\u1ea7y pin cho thi\u1ebft b\u1ecb c\u1ee7a b\u1ea1n.<\/p>\n<h2>T\u00ednh n\u0103ng\u00a0C\u00e1p S\u1ea1c Nhanh T\u1ef1 Ng\u1eaft Cho iPhone iPad Baseus Explorer Series Fast Charging Cable with Smart Temperature Control Usb A to Lightning 2.4A Smart Power-Off<\/h2>\n<h3>C\u00f4ng Ngh\u1ec7 Smart Power &#8211; OFF Th\u00f4ng Minh<\/h3>\n<p>M\u1ed9t trong nh\u1eefng t\u00ednh n\u0103ng n\u1ed5i b\u1eadt c\u1ee7a s\u1ea3n ph\u1ea9m n\u00e0y l\u00e0 c\u00f4ng ngh\u1ec7 \u0111i\u1ec1u khi\u1ec3n nhi\u1ec7t th\u00f4ng minh, gi\u00fap gi\u1ea3m nhi\u1ec7t \u0111\u1ed9 c\u1ee7a c\u00e1p s\u1ea1c khi s\u1ea1c c\u00e1c thi\u1ebft b\u1ecb c\u1ee7a b\u1ea1n, \u0111\u1ea3m b\u1ea3o an to\u00e0n cho thi\u1ebft b\u1ecb v\u00e0 k\u00e9o d\u00e0i tu\u1ed5i th\u1ecd c\u1ee7a s\u1ea3n ph\u1ea9m.<\/p>\n<h3>Thi\u1ebft k\u1ebf \u0111\u1eb9p m\u1eaft, si\u00eau b\u1ec1n<\/h3>\n<p>Baseus Explorer Series Fast Charging Cable l\u00e0 m\u1ed9t s\u1ea3n ph\u1ea9m ch\u1ea5t l\u01b0\u1ee3ng \u0111\u01b0\u1ee3c thi\u1ebft k\u1ebf \u0111\u1ec3 \u0111\u00e1p \u1ee9ng nhu c\u1ea7u s\u1ea1c nhanh v\u00e0 \u0111\u00e1ng tin c\u1eady c\u1ee7a ng\u01b0\u1eddi d\u00f9ng. C\u00e1p s\u1ea1c n\u00e0y \u0111\u01b0\u1ee3c l\u00e0m t\u1eeb c\u00e1c v\u1eadt li\u1ec7u ch\u1ea5t l\u01b0\u1ee3ng cao nh\u01b0 d\u00e2y c\u00e1p \u0111\u1ed3ng tinned, b\u1ecdc nh\u00f4m ch\u1ed1ng nhi\u1ec5u, l\u1edbp v\u1ecf b\u1ea3o v\u1ec7 b\u1eb1ng PC + Nylon, \u0111\u1ea7u n\u1ed1i b\u1eb1ng h\u1ee3p kim nh\u00f4m cao c\u1ea5p, gi\u00fap t\u0103ng \u0111\u1ed9 b\u1ec1n\u00a0c\u1ee7a s\u1ea3n ph\u1ea9m.<\/p>\n<p>S\u1ea3n ph\u1ea9m \u0111\u01b0\u1ee3c thi\u1ebft k\u1ec7 \u0111\u1eadm ch\u1ea5t Gen Z, v\u1edbi nhi\u1ec1u m\u00e0u s\u1eafc b\u1eaft m\u1eaft v\u00e0 thi\u1ebft k\u1ebf tr\u1ebb trung, n\u0103ng \u0111\u1ed9ng. \u0110\u01b0\u1ee3c s\u1ea3n xu\u1ea5t v\u1edbi ch\u1ea5t li\u1ec7u v\u1ea3i d\u00f9 cao c\u1ea5p,\u00a0Baseus Explorer\u00a0Series ph\u00f9 h\u1ee3p \u0111\u1ec3 s\u1eed d\u1ee5ng \u1edf b\u1ea5t c\u1ee9 n\u01a1i \u0111\u00e2u v\u1edbi \u0111\u1ed9 b\u1ec1n v\u00e0 ti\u1ec7n d\u1ee5ng cao.<\/p>\n<p>D\u00e2y c\u0169ng h\u1ed7 tr\u1ee3 t\u1ed1c \u0111\u1ed9 truy\u1ec1n t\u1ea3i\u00a0d\u1eef li\u1ec7u l\u00ean \u0111\u1ebfn 480mbps. C\u00e1c d\u1eef li\u1ec7u nh\u01b0 h\u00ecnh \u1ea3nh, t\u00e0i li\u1ec7u \u0111\u1ec1u s\u1ebd \u0111\u01b0\u1ee3c truy\u1ec1n t\u1ea3i nhanh ch\u00f3ng m\u00e0 kh\u00f4ng \u1ea3nh h\u01b0\u1edfng \u0111\u1ebfn t\u1ed1c \u0111\u1ed9\u00a0s\u1ea1c c\u1ee7a thi\u1ebft b\u1ecb.<\/p>\n<h3>Gi\u00e1m s\u00e1t nhi\u1ec7t \u0111\u1ed9 li\u00ean t\u1ee5c theo \u0111\u00e8n b\u00e1o:<\/h3>\n<ul>\n<li>\u0110\u00e8n s\u00e1ng b\u00e1o nhi\u1ec7t \u0111\u1ed9 s\u1ea1c b\u00ecnh th\u01b0\u1eddng<\/li>\n<li>\u0110\u00e8n ch\u1edbp ch\u1eadm, li\u00ean t\u1ee5c s\u1ea1c \u1edf nhi\u1ec7t \u0111\u1ed9 cao<\/li>\n<li>\u0110\u00e8n ch\u1edbp nhanh li\u00ean t\u1ee5c v\u00e0 t\u1eaft, nhi\u1ec7t \u0111\u1ed9 s\u1ea1c qu\u00e1 cao<\/li>\n<\/ul>\n<h2>H\u00ecnh \u1ea3nh\u00a0C\u00e1p S\u1ea1c Nhanh T\u1ef1 Ng\u1eaft Cho iPhone iPad Baseus Explorer Series Fast Charging Cable with Smart Temperature Control Usb A to Lightning 2.4A Smart Power-Off<\/h2>\n<p><img decoding=\"async\" src=\"https:\/\/file.hstatic.net\/1000152881\/file\/tai_xuong__61__9a736e619ac04d9cab628fc47d230468.jpg\" \/><\/p>\n<p><img decoding=\"async\" src=\"https:\/\/file.hstatic.net\/1000152881\/file\/tai_xuong__62__b23c5e49e3c44b91aad610fe9e27f335.jpg\" \/><\/p>\n","protected":false},"excerpt":{"rendered":"<p>Gi\u1edbi thi\u1ec7u\u00a0C\u00e1p S\u1ea1c Nhanh T\u1ef1 Ng\u1eaft Cho iPhone iPad Baseus Explorer Series 2 Fast Charging Cable with Smart Temperature Control Usb A to Lightning 2.4A Smart Power-Off Baseus Explorer Series Fast Charging Cable\u00a0l\u00e0 m\u1ed9t s\u1ea3n ph\u1ea9m c\u00e1p s\u1ea1c nhanh v\u1edbi c\u00f4ng su\u1ea5t l\u00ean t\u1edbi 2.4A. S\u1ea3n ph\u1ea9m n\u00e0y \u0111\u01b0\u1ee3c thi\u1ebft k\u1ebf \u0111\u1ec3 s\u1ea1c nhanh c\u00e1c&#8230;<\/p>\n","protected":false},"featured_media":406,"comment_status":"open","ping_status":"closed","template":"","meta":[],"product_cat":[44,48,43,45,52,50,46,42],"product_tag":[],"class_list":["post-405","product","type-product","status-publish","has-post-thumbnail","hentry","product_cat-cap-c-to-c","product_cat-cap-c-to-lightning","product_cat-cap-lightning","product_cat-cap-micro-usb","product_cat-cap-nguon-dc","product_cat-cap-nhieu-dau","product_cat-cap-sac-day-rut","product_cat-cap-sac-va-sync-data"],"acf":[],"_links":{"self":[{"href":"https:\/\/khogiaodienmau.net\/dienthoai04\/wp-json\/wp\/v2\/product\/405","targetHints":{"allow":["GET"]}}],"collection":[{"href":"https:\/\/khogiaodienmau.net\/dienthoai04\/wp-json\/wp\/v2\/product"}],"about":[{"href":"https:\/\/khogiaodienmau.net\/dienthoai04\/wp-json\/wp\/v2\/types\/product"}],"replies":[{"embeddable":true,"href":"https:\/\/khogiaodienmau.net\/dienthoai04\/wp-json\/wp\/v2\/comments?post=405"}],"wp:featuredmedia":[{"embeddable":true,"href":"https:\/\/khogiaodienmau.net\/dienthoai04\/wp-json\/wp\/v2\/media\/406"}],"wp:attachment":[{"href":"https:\/\/khogiaodienmau.net\/dienthoai04\/wp-json\/wp\/v2\/media?parent=405"}],"wp:term":[{"taxonomy":"product_cat","embeddable":true,"href":"https:\/\/khogiaodienmau.net\/dienthoai04\/wp-json\/wp\/v2\/product_cat?post=405"},{"taxonomy":"product_tag","embeddable":true,"href":"https:\/\/khogiaodienmau.net\/dienthoai04\/wp-json\/wp\/v2\/product_tag?post=405"}],"curies":[{"name":"wp","href":"https:\/\/api.w.org\/{rel}","templated":true}]}}