{"id":397,"date":"2024-02-04T19:25:31","date_gmt":"2024-02-04T12:25:31","guid":{"rendered":"http:\/\/phukien.ninhbinhweb.top\/?post_type=product&#038;p=397"},"modified":"2024-02-07T09:47:52","modified_gmt":"2024-02-07T02:47:52","slug":"pin-sac-du-phong-khong-day-tich-hop-nam-cham-baseus-magnetic-wireless-charging-power-bank-6000mah-20w-with-baseus-xiaobai-series-cable-type-c-to-type-c-60w20v-3a-50cm","status":"publish","type":"product","link":"https:\/\/khogiaodienmau.net\/dienthoai04\/pin-sac-du-phong-khong-day-tich-hop-nam-cham-baseus-magnetic-wireless-charging-power-bank-6000mah-20w-with-baseus-xiaobai-series-cable-type-c-to-type-c-60w20v-3a-50cm\/","title":{"rendered":"Pin S\u1ea1c D\u1ef1 Ph\u00f2ng Kh\u00f4ng D\u00e2y T\u00edch H\u1ee3p Nam Ch\u00e2m Baseus Magnetic Wireless Charging Power bank 6000mAh 20W (With Baseus Xiaobai series Cable Type-C to Type-C 60W(20V\/3A) 50cm)"},"content":{"rendered":"<h2>Gi\u1edbi Thi\u1ec7u\u00a0Pin D\u1ef1 Ph\u00f2ng Kh\u00f4ng D\u00e2y T\u00edch H\u1ee3p Nam Ch\u00e2m Baseus Magnetic Wireless Charging Power bank 6000mAh 20W (With Baseus Xiaobai series Cable Type-C to Type-C 60W(20V\/3A) 50cm)<\/h2>\n<p>Nh\u1eb1m h\u1ed7 tr\u1ee3 iFan tr\u1ea3i nghi\u1ec7m iPhone,\u00a0\u0111\u1eb7c bi\u1ec7t l\u00e0 iPhone 13 m\u1edbi ra m\u1eaft, Baseus\u00a0\u0111\u00e3 cho ra m\u1eaft s\u1ea3n ph\u1ea9m\u00a0<strong>pin d\u1ef1 ph\u00f2ng ki\u00eam<\/strong>\u00a0<strong>s\u1ea1c kh\u00f4ng d\u00e2y Apple Magsafe\u00a0<\/strong>v\u1edbi thi\u1ebft k\u1ebf nh\u1ecf g\u1ecdn c\u00f9ng kh\u1ea3 n\u0103ng s\u1ea1c nhanh kh\u00f4ng d\u00e2y l\u00ean \u0111\u1ebfn 15W.<\/p>\n<h2>T\u00ednh n\u0103ng\u00a0Pin D\u1ef1 Ph\u00f2ng Kh\u00f4ng D\u00e2y T\u00edch H\u1ee3p Nam Ch\u00e2m Baseus Magnetic Wireless Charging Power bank 6000mAh 20W (With Baseus Xiaobai series Cable Type-C to Type-C 60W(20V\/3A) 50cm)<\/h2>\n<p>&#8211; V\u1edbi\u00a0Baseus Magnetic\u00a0\u00a0Wireless Charger\u00a0vi\u1ec7c s\u1ea1c tr\u1edf n\u00ean d\u1ec5 d\u00e0ng v\u00e0 t\u1ed1n r\u1ea5t \u00edt th\u1eddi gian. Pin\u00a0s\u1ea1c d\u1ef1 ph\u00f2ng\u00a0t\u00edch h\u1ee3p nam ch\u00e2m t\u1eeb t\u00edch mang \u0111\u1ebfn kh\u1ea3 n\u0103ng c\u0103n ch\u1ec9nh ho\u00e0n h\u1ea3o khi g\u1eafn v\u00e0o iPhone 13, iPhone 13 Pro, iPhone 12 v\u00e0 iPhone 12 Pro c\u1ee7a b\u1ea1n. V\u00e0 n\u00f3 cung c\u1ea5p kh\u1ea3 n\u0103ng s\u1ea1c kh\u00f4ng d\u00e2y nhanh \u1ea5n t\u01b0\u1ee3ng, l\u00ean \u0111\u1ebfn 15W v\u00e0 s\u1ea1c tr\u1ef1c ti\u1ebfp b\u1eb1ng d\u00e2y 20W.<\/p>\n<p>&#8211; Cu\u1ed9n c\u1ea3m \u1ee9ng t\u1eeb \u0111\u01b0\u1ee3c n\u00e2ng c\u1ea5p m\u1edbi\u00a0ph\u1ea1m v\u1ecb hi\u1ec7u qu\u1ea3 l\u1edbn h\u01a1n gi\u00fap b\u1ea1n c\u00f3 th\u1ec3 \u0111\u1eb7t s\u1ea1c \u0111i\u1ec7n tho\u1ea1i \u1edf chi\u1ec1u ngang v\u00e0 d\u1ecdc t\u00f9y \u00fd, ch\u1ec9 c\u1ea7n g\u1eafn b\u1ed9 s\u1ea1c MagSafe v\u00e0o m\u1eb7t sau c\u1ee7a \u0111i\u1ec7n tho\u1ea1i. Nam ch\u00e2m \u0111\u01b0\u1ee3c \u0111\u1eb7t \u1edf gi\u1eefa, c\u00f3 nhi\u1ec7m v\u1ee5 c\u0103n ch\u1ec9nh v\u1ecb tr\u00ed t\u1ed1i \u01b0u nh\u1ea5t cho b\u1ed9 s\u1ea1c, nh\u1edd \u0111\u00f3 t\u0103ng hi\u1ec7u qu\u1ea3 s\u1ea1c kh\u00f4ng d\u00e2y\u00a0m\u00e0 kh\u00f4ng lo b\u1ecb m\u1ea5t s\u1ea1c. L\u1ef1c h\u00fat nam ch\u00e2m m\u1ea1nh v\u00e0 b\u1ec1 m\u1eb7t b\u00e1m d\u00ednh an to\u00e0n v\u00e0 ch\u1ed1ng tr\u01b0\u1ee3t, ch\u1ed1ng r\u01a1i.<\/p>\n<p>&#8211; S\u1edf h\u1eefu vi\u00ean pin lithium polyme v\u1edbi dung l\u01b0\u1ee3ng 10000 mAh c\u00f3 th\u1ec3 s\u1ea1c \u0111\u1ea7y cho IPhone 13\u00a0\u0111\u01b0\u1ee3c kho\u1ea3ng 1.8\u00a0l\u1ea7n v\u00e0 IPhone 12 l\u00e0 2 l\u1ea7n. M\u0103t tr\u00ean \u0111\u01b0\u1ee3c trang b\u1ecb \u0111\u00e8n Led hi\u00ean th\u1ecb th\u00f4ng s\u1ed1 d\u1ec5 d\u00e0ng ki\u1ec3m tra dung l\u01b0\u1ee3ng pin<\/p>\n<p>&#8211;\u00a0Baseus Magnetic\u00a0\u00a0Wireless Charger \u0111\u01b0\u1ee3c c\u1ea3i ti\u1ec3n r\u1ea5t l\u1edbn c\u1ea5u tr\u00fac s\u1ea1c b\u00ean tr\u1ecdng so v\u1edbi m\u1eabu c\u0169 gi\u00fap m\u00e1y kh\u00f4ng b\u1ecb qu\u00e1 nhi\u1ec7t khi s\u1ea1c,\u00a0\u0111i\u1ec7n tho\u1ea1i lu\u00f4n gi\u1eef \u1edf nhi\u1ec7t \u0111\u1ed9 trung b\u00ecnh khi \u0111ang n\u1ea1p pin. \u0110\u00e2y l\u00e0 c\u1ea3i ti\u1ebfn m\u1edbi nh\u1ea5t c\u1ee7a Team\u00a0Baseus \u00e1p d\u1ee5ng th\u00e0nh c\u00f4ng trong c\u00f4ng ngh\u1ec7 Magsafe m\u00e0 \u00edt h\u00e3ng hi\u1ec7n nay c\u00f3 th\u1ec3 l\u00e0m \u0111\u01b0\u1ee3c .<\/p>\n<h2>H\u00ecnh \u1ea2nh\u00a0Pin D\u1ef1 Ph\u00f2ng Kh\u00f4ng D\u00e2y T\u00edch H\u1ee3p Nam Ch\u00e2m Baseus Magnetic Wireless Charging Power bank 6000mAh 20W (With Baseus Xiaobai series Cable Type-C to Type-C 60W(20V\/3A) 50cm)<\/h2>\n<p><img decoding=\"async\" src=\"https:\/\/file.hstatic.net\/1000152881\/file\/0__1__f742e71c46464ed9aa40fdee7442e47f.jpg\" \/><\/p>\n<p><img decoding=\"async\" src=\"https:\/\/file.hstatic.net\/1000152881\/file\/0__2__9c2062218aaf4793b7cc7500723ccb9c.jpg\" \/><\/p>\n<p><img decoding=\"async\" src=\"https:\/\/file.hstatic.net\/1000152881\/file\/0__3__a157135b1b0b4d5e95a6112ef9f4cfd3.jpg\" \/><\/p>\n<p><img decoding=\"async\" src=\"https:\/\/file.hstatic.net\/1000152881\/file\/0__4__27b2f62b86c94258b47fdd33211681d9.jpg\" \/><\/p>\n","protected":false},"excerpt":{"rendered":"<p>Gi\u1edbi Thi\u1ec7u\u00a0Pin D\u1ef1 Ph\u00f2ng Kh\u00f4ng D\u00e2y T\u00edch H\u1ee3p Nam Ch\u00e2m Baseus Magnetic Wireless Charging Power bank 6000mAh 20W (With Baseus Xiaobai series Cable Type-C to Type-C 60W(20V\/3A) 50cm) Nh\u1eb1m h\u1ed7 tr\u1ee3 iFan tr\u1ea3i nghi\u1ec7m iPhone,\u00a0\u0111\u1eb7c bi\u1ec7t l\u00e0 iPhone 13 m\u1edbi ra m\u1eaft, Baseus\u00a0\u0111\u00e3 cho ra m\u1eaft s\u1ea3n ph\u1ea9m\u00a0pin d\u1ef1 ph\u00f2ng ki\u00eam\u00a0s\u1ea1c kh\u00f4ng d\u00e2y Apple Magsafe\u00a0v\u1edbi&#8230;<\/p>\n","protected":false},"featured_media":398,"comment_status":"open","ping_status":"closed","template":"","meta":[],"product_cat":[53,60,63],"product_tag":[],"class_list":["post-397","product","type-product","status-publish","has-post-thumbnail","hentry","product_cat-cu-sac-pin-sac-du-phong","product_cat-pin-sac-du-phong","product_cat-sac-du-phong-20000mah"],"acf":[],"_links":{"self":[{"href":"https:\/\/khogiaodienmau.net\/dienthoai04\/wp-json\/wp\/v2\/product\/397","targetHints":{"allow":["GET"]}}],"collection":[{"href":"https:\/\/khogiaodienmau.net\/dienthoai04\/wp-json\/wp\/v2\/product"}],"about":[{"href":"https:\/\/khogiaodienmau.net\/dienthoai04\/wp-json\/wp\/v2\/types\/product"}],"replies":[{"embeddable":true,"href":"https:\/\/khogiaodienmau.net\/dienthoai04\/wp-json\/wp\/v2\/comments?post=397"}],"wp:featuredmedia":[{"embeddable":true,"href":"https:\/\/khogiaodienmau.net\/dienthoai04\/wp-json\/wp\/v2\/media\/398"}],"wp:attachment":[{"href":"https:\/\/khogiaodienmau.net\/dienthoai04\/wp-json\/wp\/v2\/media?parent=397"}],"wp:term":[{"taxonomy":"product_cat","embeddable":true,"href":"https:\/\/khogiaodienmau.net\/dienthoai04\/wp-json\/wp\/v2\/product_cat?post=397"},{"taxonomy":"product_tag","embeddable":true,"href":"https:\/\/khogiaodienmau.net\/dienthoai04\/wp-json\/wp\/v2\/product_tag?post=397"}],"curies":[{"name":"wp","href":"https:\/\/api.w.org\/{rel}","templated":true}]}}