{"id":294,"date":"2024-02-04T16:21:16","date_gmt":"2024-02-04T09:21:16","guid":{"rendered":"http:\/\/phukien.ninhbinhweb.top\/?post_type=product&#038;p=294"},"modified":"2024-02-07T10:11:02","modified_gmt":"2024-02-07T03:11:02","slug":"pin-sac-du-phong-khong-day-tich-hop-nam-cham-baseus-magnetic-wireless-charging-power-bank-20000mah-20w","status":"publish","type":"product","link":"https:\/\/khogiaodienmau.net\/dienthoai04\/pin-sac-du-phong-khong-day-tich-hop-nam-cham-baseus-magnetic-wireless-charging-power-bank-20000mah-20w\/","title":{"rendered":"Pin S\u1ea1c D\u1ef1 Ph\u00f2ng Kh\u00f4ng D\u00e2y T\u00edch H\u1ee3p Nam Ch\u00e2m Baseus Magnetic Wireless Charging Power bank 20000mAh 20W"},"content":{"rendered":"<h2>Gi\u1edbi thi\u1ec7u\u00a0Pin S\u1ea1c D\u1ef1 Ph\u00f2ng Kh\u00f4ng D\u00e2y T\u00edch H\u1ee3p Nam Ch\u00e2m Baseus Magnetic Wireless Charging Power bank 20000mAh 20W<\/h2>\n<p>Pin S\u1ea1c D\u1ef1 Ph\u00f2ng Kh\u00f4ng D\u00e2y T\u00edch H\u1ee3p Nam Ch\u00e2m Baseus Magnetic Wireless Charging Power bank 20000mAh 20W\u00a0l\u00e0 m\u1ed9t lo\u1ea1i pin s\u1ea1c d\u1ef1 ph\u00f2ng c\u00f3 kh\u1ea3 n\u0103ng s\u1ea1c kh\u00f4ng d\u00e2y v\u00e0 t\u00edch h\u1ee3p nam ch\u00e2m gi\u00fap gi\u1eef cho \u0111i\u1ec7n tho\u1ea1i c\u1ee7a b\u1ea1n \u1edf v\u1ecb tr\u00ed c\u1ed1 \u0111\u1ecbnh khi s\u1ea1c. Pin s\u1ea1c d\u1ef1 ph\u00f2ng n\u00e0y c\u00f3 dung l\u01b0\u1ee3ng 20000mAh v\u00e0 h\u1ed7 tr\u1ee3 s\u1ea1c nhanh 20W, c\u00f3 th\u1ec3 s\u1ea1c nhanh cho c\u00e1c thi\u1ebft b\u1ecb h\u1ed7 tr\u1ee3 s\u1ea1c nhanh nh\u01b0 iPhone 12, 13, 14, Samsung Galaxy S21, S22, S23 v\u00e0 c\u00e1c \u0111i\u1ec7n tho\u1ea1i h\u1ed7 tr\u1ee3 s\u1ea1c kh\u00f4ng d\u00e2y.<\/p>\n<h2>T\u00ednh n\u0103ng\u00a0Pin S\u1ea1c D\u1ef1 Ph\u00f2ng Kh\u00f4ng D\u00e2y T\u00edch H\u1ee3p Nam Ch\u00e2m Baseus Magnetic Wireless Charging Power bank 20000mAh 20W<\/h2>\n<p>Cu\u1ed9n c\u1ea3m \u1ee9ng t\u1eeb \u0111\u01b0\u1ee3c n\u00e2ng c\u1ea5p m\u1edbi\u00a0ph\u1ea1m v\u1ecb hi\u1ec7u qu\u1ea3 l\u1edbn h\u01a1n gi\u00fap b\u1ea1n c\u00f3 th\u1ec3 \u0111\u1eb7t s\u1ea1c \u0111i\u1ec7n tho\u1ea1i \u1edf chi\u1ec1u ngang v\u00e0 d\u1ecdc t\u00f9y \u00fd, ch\u1ec9 c\u1ea7n g\u1eafn b\u1ed9 s\u1ea1c MagSafe v\u00e0o m\u1eb7t sau c\u1ee7a \u0111i\u1ec7n tho\u1ea1i. Nam ch\u00e2m \u0111\u01b0\u1ee3c \u0111\u1eb7t \u1edf gi\u1eefa, c\u00f3 nhi\u1ec7m v\u1ee5 c\u0103n ch\u1ec9nh v\u1ecb tr\u00ed t\u1ed1i \u01b0u nh\u1ea5t cho b\u1ed9 s\u1ea1c, nh\u1edd \u0111\u00f3 t\u0103ng hi\u1ec7u qu\u1ea3 s\u1ea1c kh\u00f4ng d\u00e2y\u00a0m\u00e0 kh\u00f4ng lo b\u1ecb m\u1ea5t s\u1ea1c. L\u1ef1c h\u00fat nam ch\u00e2m m\u1ea1nh v\u00e0 b\u1ec1 m\u1eb7t b\u00e1m d\u00ednh an to\u00e0n v\u00e0 ch\u1ed1ng tr\u01b0\u1ee3t, ch\u1ed1ng r\u01a1i.<\/p>\n<p>S\u1edf h\u1eefu vi\u00ean pin lithium polyme v\u1edbi dung l\u01b0\u1ee3ng 20.000 mAh c\u00f3 th\u1ec3 s\u1ea1c \u0111\u1ea7y cho IPhone 13\u00a0\u0111\u01b0\u1ee3c kho\u1ea3ng 4\u00a0l\u1ea7n. M\u0103t tr\u00ean \u0111\u01b0\u1ee3c trang b\u1ecb \u0111\u00e8n Led hi\u00ean th\u1ecb th\u00f4ng s\u1ed1 d\u1ec5 d\u00e0ng ki\u1ec3m tra dung l\u01b0\u1ee3ng pin<\/p>\n<p>S\u1ea3n ph\u1ea9m n\u00e0y c\u00f3 kh\u1ea3 n\u0103ng h\u1ed7 tr\u1ee3 s\u1ea1c nhanh l\u00ean \u0111\u1ebfn 20W, gi\u00fap cho qu\u00e1 tr\u00ecnh s\u1ea1c nhanh h\u01a1n v\u00e0 ti\u1ebft ki\u1ec7m th\u1eddi gian.<\/p>\n<p>S\u1ea3n ph\u1ea9m \u0111\u01b0\u1ee3c trang b\u1ecb c\u00e1c t\u00ednh n\u0103ng b\u1ea3o v\u1ec7 nh\u01b0 qu\u00e1 t\u1ea3i, qu\u00e1 nhi\u1ec7t v\u00e0 ng\u1eafn m\u1ea1ch, gi\u00fap \u0111\u1ea3m b\u1ea3o an to\u00e0n khi s\u1ea1c cho thi\u1ebft b\u1ecb c\u1ee7a b\u1ea1n.<\/p>\n<p>Pin s\u1ea1c d\u1ef1 ph\u00f2ng n\u00e0y c\u00f3 k\u00edch th\u01b0\u1edbc nh\u1ecf g\u1ecdn, d\u1ec5 d\u00e0ng mang theo khi \u0111i du l\u1ecbch ho\u1eb7c di chuy\u1ec3n.<\/p>\n<h2>H\u00ecnh \u1ea3nh\u00a0Pin S\u1ea1c D\u1ef1 Ph\u00f2ng Kh\u00f4ng D\u00e2y T\u00edch H\u1ee3p Nam Ch\u00e2m Baseus Magnetic Wireless Charging Power bank 20000mAh 20W<\/h2>\n<p><img decoding=\"async\" src=\"https:\/\/file.hstatic.net\/1000152881\/file\/0_01_ca74c212f23e4d9d992f62f6800eb87c.jpg\" \/><\/p>\n<p><img decoding=\"async\" src=\"https:\/\/file.hstatic.net\/1000152881\/file\/0_02_91eb8de9b8984fbda39d779bb9d0cc88.jpg\" \/><\/p>\n<p><img decoding=\"async\" src=\"https:\/\/file.hstatic.net\/1000152881\/file\/0_03_c851b63dce3449b4bc9566c28ac98d0f.jpg\" \/><\/p>\n<p><img decoding=\"async\" src=\"https:\/\/file.hstatic.net\/1000152881\/file\/0_04_18ba36837a294453a41311cabb7331ec.jpg\" \/><\/p>\n<p><img decoding=\"async\" src=\"https:\/\/file.hstatic.net\/1000152881\/file\/0_05_1fec4f96c0b549f4848d820f50aae545.jpg\" \/><\/p>\n<p><img decoding=\"async\" src=\"https:\/\/file.hstatic.net\/1000152881\/file\/0_06_28c2eb01be054f689a41516295f80c97.jpg\" \/><\/p>\n<p><img decoding=\"async\" src=\"https:\/\/file.hstatic.net\/1000152881\/file\/0_11_719c626a442c430d9c5d46d2fb527761.jpg\" \/><\/p>\n<p><img decoding=\"async\" src=\"https:\/\/file.hstatic.net\/1000152881\/file\/0_12_d92f3d0340df4bfa9b2e9ce8efec3bac.jpg\" \/><\/p>\n<p><img decoding=\"async\" src=\"https:\/\/file.hstatic.net\/1000152881\/file\/0_13_90356df3e06641629361c50f55d105de.jpg\" \/><\/p>\n<p><img decoding=\"async\" src=\"https:\/\/file.hstatic.net\/1000152881\/file\/0_14_1aa3884eace9400b84d0f5cce354d6df.jpg\" \/><\/p>\n<p><img decoding=\"async\" src=\"https:\/\/file.hstatic.net\/1000152881\/file\/0_15_d4b44cda13e141f7ab498e7629256423.jpg\" \/><\/p>\n<p><img decoding=\"async\" src=\"https:\/\/file.hstatic.net\/1000152881\/file\/0_16_3fea9b57b98b4b8e9a9822af4db59e21.jpg\" \/><\/p>\n<p><img decoding=\"async\" src=\"https:\/\/file.hstatic.net\/1000152881\/file\/0_17_2ed30569f696411ebb7683e133011a60.jpg\" \/><\/p>\n<p><img decoding=\"async\" src=\"https:\/\/file.hstatic.net\/1000152881\/file\/0_18_10f97ec4490d48798c926c5cb7ea7165.jpg\" \/><\/p>\n<p><img decoding=\"async\" src=\"https:\/\/file.hstatic.net\/1000152881\/file\/0_19_3b8b8d4f30724837899dcc09c54f07d9.jpg\" \/><\/p>\n","protected":false},"excerpt":{"rendered":"<p>Gi\u1edbi thi\u1ec7u\u00a0Pin S\u1ea1c D\u1ef1 Ph\u00f2ng Kh\u00f4ng D\u00e2y T\u00edch H\u1ee3p Nam Ch\u00e2m Baseus Magnetic Wireless Charging Power bank 20000mAh 20W Pin S\u1ea1c D\u1ef1 Ph\u00f2ng Kh\u00f4ng D\u00e2y T\u00edch H\u1ee3p Nam Ch\u00e2m Baseus Magnetic Wireless Charging Power bank 20000mAh 20W\u00a0l\u00e0 m\u1ed9t lo\u1ea1i pin s\u1ea1c d\u1ef1 ph\u00f2ng c\u00f3 kh\u1ea3 n\u0103ng s\u1ea1c kh\u00f4ng d\u00e2y v\u00e0 t\u00edch h\u1ee3p nam ch\u00e2m gi\u00fap&#8230;<\/p>\n","protected":false},"featured_media":295,"comment_status":"open","ping_status":"closed","template":"","meta":[],"product_cat":[60,63],"product_tag":[],"class_list":["post-294","product","type-product","status-publish","has-post-thumbnail","hentry","product_cat-pin-sac-du-phong","product_cat-sac-du-phong-20000mah"],"acf":[],"_links":{"self":[{"href":"https:\/\/khogiaodienmau.net\/dienthoai04\/wp-json\/wp\/v2\/product\/294","targetHints":{"allow":["GET"]}}],"collection":[{"href":"https:\/\/khogiaodienmau.net\/dienthoai04\/wp-json\/wp\/v2\/product"}],"about":[{"href":"https:\/\/khogiaodienmau.net\/dienthoai04\/wp-json\/wp\/v2\/types\/product"}],"replies":[{"embeddable":true,"href":"https:\/\/khogiaodienmau.net\/dienthoai04\/wp-json\/wp\/v2\/comments?post=294"}],"wp:featuredmedia":[{"embeddable":true,"href":"https:\/\/khogiaodienmau.net\/dienthoai04\/wp-json\/wp\/v2\/media\/295"}],"wp:attachment":[{"href":"https:\/\/khogiaodienmau.net\/dienthoai04\/wp-json\/wp\/v2\/media?parent=294"}],"wp:term":[{"taxonomy":"product_cat","embeddable":true,"href":"https:\/\/khogiaodienmau.net\/dienthoai04\/wp-json\/wp\/v2\/product_cat?post=294"},{"taxonomy":"product_tag","embeddable":true,"href":"https:\/\/khogiaodienmau.net\/dienthoai04\/wp-json\/wp\/v2\/product_tag?post=294"}],"curies":[{"name":"wp","href":"https:\/\/api.w.org\/{rel}","templated":true}]}}