{"id":48,"date":"2024-02-04T14:22:08","date_gmt":"2024-02-04T07:22:08","guid":{"rendered":"http:\/\/phukien.ninhbinhweb.top\/?page_id=48"},"modified":"2024-02-08T08:13:28","modified_gmt":"2024-02-08T01:13:28","slug":"tai-khoan-thanh-toan","status":"publish","type":"page","link":"https:\/\/khogiaodienmau.net\/dienthoai04\/tai-khoan-thanh-toan\/","title":{"rendered":"T\u00e0i kho\u1ea3n thanh to\u00e1n"},"content":{"rendered":"<h2>Quy tr\u00ecnh thanh to\u00e1n<\/h2>\n<p>H\u1ec7 th\u1ed1ng Baseus Vi\u1ec7t Nam \u00e1p d\u1ee5ng c\u00e1c c\u00e1ch th\u1ee9c thanh to\u00e1n d\u01b0\u1edbi linh ho\u1ea1t, \u0111\u1ea3m b\u1ea3o thu\u1eadn l\u1ee3i v\u00e0 an to\u00e0n tuy\u1ec7t \u0111\u1ed1i cho qu\u00fd kh\u00e1ch h\u00e0ng trong qu\u00e1 tr\u00ecnh giao d\u1ecbch . Qu\u00fd kh\u00e1ch h\u00e0ng vui l\u00f2ng tham kh\u1ea3o c\u00e1c ph\u01b0\u01a1ng th\u1ee9c thanh to\u00e1n v\u00e0 l\u1ef1a ch\u1ecdn cho m\u00ecnh ph\u01b0\u01a1ng th\u1ee9c ph\u00f9 h\u1ee3p nh\u1ea5t:<\/p>\n<h3>Thanh to\u00e1n tr\u1ef1c ti\u1ebfp t\u1ea1i c\u1eeda h\u00e0ng Baseus Vi\u1ec7t Nam:<\/h3>\n<p>&#8211; \u00a0B\u01b0\u1edbc 1: kh\u00e1ch h\u00e0ng t\u00ecm hi\u1ec3u th\u00f4ng tin v\u1ec1 s\u1ea3n ph\u1ea9m, d\u1ecbch v\u1ee5 tr\u00ean website Baseus.vn.<\/p>\n<p>&#8211; \u00a0B\u01b0\u1edbc 2: kh\u00e1ch h\u00e0ng \u0111\u1ebfn c\u1eeda h\u00e0ng Baseus g\u1ea7n nh\u1ea5t \u0111\u1ec3 xem s\u1ea3n ph\u1ea9m v\u00e0 mua h\u00e0ng<\/p>\n<p>&#8211; \u00a0B\u01b0\u1edbc 3: kh\u00e1ch h\u00e0ng thanh to\u00e1n b\u1eb1ng ti\u1ec1n m\u1eb7t cho t\u1ea1i c\u1eeda h\u00e0ng. Qu\u00fd kh\u00e1ch vui l\u00f2ng gi\u1eef l\u1ea1i h\u00f3a \u0111\u01a1n ho\u1eb7c c\u00e1c ch\u1ee9ng t\u1eeb mua h\u00e0ng \u0111\u1ec3 \u0111\u1ea3m b\u1ea3o c\u00e1c quy\u1ec1n l\u1ee3i sau khi mua h\u00e0ng .<\/p>\n<h3>Giao h\u00e0ng v\u00e0 thu ti\u1ec1n t\u1ea1i \u0111\u1ecba \u0111i\u1ec3m c\u1ee7a kh\u00e1ch h\u00e0ng (Thanh to\u00e1n khi nh\u1eadn h\u00e0ng COD)<\/h3>\n<p>&#8211; \u00a0B\u01b0\u1edbc 1: kh\u00e1ch h\u00e0ng t\u00ecm hi\u1ec3u th\u00f4ng tin v\u00e0 l\u1ef1a ch\u1ecdn s\u1ea3n ph\u1ea9m d\u1ecbch v\u1ee5 \u0111\u01b0\u1ee3c \u0111\u0103ng tin.<\/p>\n<p>&#8211; \u00a0B\u01b0\u1edbc 2: kh\u00e1ch h\u00e0ng \u0111\u1eb7t h\u00e0ng tr\u1ef1c ti\u1ebfp tr\u00ean Webiste Baseus.vn , c\u00e1c s\u1ea3n th\u01b0\u01a1ng m\u1ea1i \u0111i\u1ec7n t\u1eed ho\u1eb7c qua \u0111i\u1ec7n tho\u1ea1i \/ email .<\/p>\n<p>&#8211; \u00a0B\u01b0\u1edbc 3: Baseus x\u00e1c nh\u1eadn \u0111\u01a1n h\u00e0ng c\u1ee7a kh\u00e1ch h\u00e0ng.<\/p>\n<p>&#8211; \u00a0B\u01b0\u1edbc 4: Baseus chuy\u1ec3n h\u00e0ng.<\/p>\n<p>&#8211; \u00a0B\u01b0\u1edbc 5: kh\u00e1ch h\u00e0ng nh\u1eadn h\u00e0ng v\u00e0 thanh to\u00e1n b\u1eb1ng ti\u1ec1n m\u1eb7t cho shipper ho\u1eb7c c\u00e1c \u0111\u01a1n v\u1ecb v\u1eadn chuy\u1ec3n.Qu\u00fd kh\u00e1ch vui l\u00f2ng gi\u1eef l\u1ea1i h\u00f3a \u0111\u01a1n ho\u1eb7c c\u00e1c ch\u1ee9ng t\u1eeb mua h\u00e0ng \u0111\u1ec3 \u0111\u1ea3m b\u1ea3o c\u00e1c quy\u1ec1n l\u1ee3i sau khi mua h\u00e0ng .<\/p>\n<h3>Thanh to\u00e1n chuy\u1ec3n kho\u1ea3n qua h\u1ec7 th\u1ed1ng ng\u00e2n h\u00e0ng<\/h3>\n<h3>&#8211; \u00a0B\u01b0\u1edbc 1: kh\u00e1ch h\u00e0ng t\u00ecm hi\u1ec3u th\u00f4ng tin v\u00e0 l\u1ef1a ch\u1ecdn s\u1ea3n ph\u1ea9m d\u1ecbch v\u1ee5 \u0111\u01b0\u1ee3c \u0111\u0103ng tin.<\/h3>\n<p>&#8211; \u00a0B\u01b0\u1edbc 2: kh\u00e1ch h\u00e0ng \u0111\u1eb7t h\u00e0ng tr\u1ef1c ti\u1ebfp tr\u00ean Webiste Baseus.vn , c\u00e1c s\u1ea3n th\u01b0\u01a1ng m\u1ea1i \u0111i\u1ec7n t\u1eed ho\u1eb7c qua \u0111i\u1ec7n tho\u1ea1i \/ email .<\/p>\n<p>&#8211; \u00a0B\u01b0\u1edbc 3: Baseus x\u00e1c nh\u1eadn \u0111\u01a1n h\u00e0ng c\u1ee7a kh\u00e1ch h\u00e0ng.<\/p>\n<p>&#8211; \u00a0B\u01b0\u1edbc 4: Qu\u00fd kh\u00e1ch chuy\u1ec3n ti\u1ec1n v\u00e0o t\u00e0i kho\u1ea3n c\u1ee7a Baseus qua h\u1ec7 th\u1ed1ng ng\u00e2n h\u00e0ng .<\/p>\n<p>&#8211; \u00a0B\u01b0\u1edbc 5: Baseus x\u00e1c nh\u1eadn c\u00e1c kho\u1ea3n thanh to\u00e1n sau khi \u0111\u00e3 nh\u1eadn \u0111\u01b0\u1ee3c ti\u1ec1n c\u1ee7a kh\u00e1ch.<\/p>\n<p>&#8211; \u00a0B\u01b0\u1edbc 6: Baseus chuy\u1ec3n h\u00e0ng cho kh\u00e1ch .<\/p>\n<p><u><strong>Th\u00f4ng tin t\u00e0i kho\u1ea3n ng\u00e2n h\u00e0ng :<\/strong><\/u><\/p>\n<p>Ng\u00e2n h\u00e0ng TMCP Ngo\u1ea1i Th\u01b0\u01a1ng Vi\u1ec7t Nam &#8211; Vietcombank<br \/>\nT\u00ean t\u00e0i kho\u1ea3n :<\/p>\n<p><strong>C\u00d4NG TY C\u1ed4 PH\u1ea6N \u0110\u1ea6U T\u01af T\u1ed4NG H\u1ee2P LI\u00caN VI\u1ec6T<\/strong><\/p>\n<p>S\u1ed1 t\u00e0i kho\u1ea3n :\u00a0\u00a0 \u00a00441 000 737 131<\/p>\n<p>Chi nh\u00e1nh :\u00a0\u00a0 \u00a0PGD T\u00e2n S\u01a1n Nh\u00ec<\/p>\n","protected":false},"excerpt":{"rendered":"<p>Quy tr\u00ecnh thanh to\u00e1n H\u1ec7 th\u1ed1ng Baseus Vi\u1ec7t Nam \u00e1p d\u1ee5ng c\u00e1c c\u00e1ch th\u1ee9c thanh to\u00e1n d\u01b0\u1edbi linh ho\u1ea1t, \u0111\u1ea3m b\u1ea3o thu\u1eadn l\u1ee3i v\u00e0 an to\u00e0n tuy\u1ec7t \u0111\u1ed1i cho qu\u00fd kh\u00e1ch h\u00e0ng trong qu\u00e1 tr\u00ecnh giao d\u1ecbch . Qu\u00fd kh\u00e1ch h\u00e0ng vui l\u00f2ng tham kh\u1ea3o c\u00e1c ph\u01b0\u01a1ng th\u1ee9c thanh to\u00e1n v\u00e0 l\u1ef1a ch\u1ecdn cho m\u00ecnh&#8230;<\/p>\n","protected":false},"author":1,"featured_media":0,"parent":0,"menu_order":0,"comment_status":"closed","ping_status":"closed","template":"page-right-sidebar.php","meta":{"footnotes":""},"class_list":["post-48","page","type-page","status-publish","hentry"],"acf":[],"_links":{"self":[{"href":"https:\/\/khogiaodienmau.net\/dienthoai04\/wp-json\/wp\/v2\/pages\/48","targetHints":{"allow":["GET"]}}],"collection":[{"href":"https:\/\/khogiaodienmau.net\/dienthoai04\/wp-json\/wp\/v2\/pages"}],"about":[{"href":"https:\/\/khogiaodienmau.net\/dienthoai04\/wp-json\/wp\/v2\/types\/page"}],"author":[{"embeddable":true,"href":"https:\/\/khogiaodienmau.net\/dienthoai04\/wp-json\/wp\/v2\/users\/1"}],"replies":[{"embeddable":true,"href":"https:\/\/khogiaodienmau.net\/dienthoai04\/wp-json\/wp\/v2\/comments?post=48"}],"version-history":[{"count":2,"href":"https:\/\/khogiaodienmau.net\/dienthoai04\/wp-json\/wp\/v2\/pages\/48\/revisions"}],"predecessor-version":[{"id":974,"href":"https:\/\/khogiaodienmau.net\/dienthoai04\/wp-json\/wp\/v2\/pages\/48\/revisions\/974"}],"wp:attachment":[{"href":"https:\/\/khogiaodienmau.net\/dienthoai04\/wp-json\/wp\/v2\/media?parent=48"}],"curies":[{"name":"wp","href":"https:\/\/api.w.org\/{rel}","templated":true}]}}