{"id":42,"date":"2024-02-04T14:21:40","date_gmt":"2024-02-04T07:21:40","guid":{"rendered":"http:\/\/phukien.ninhbinhweb.top\/?page_id=42"},"modified":"2024-02-08T08:15:11","modified_gmt":"2024-02-08T01:15:11","slug":"chinh-sach-bao-hanh","status":"publish","type":"page","link":"https:\/\/khogiaodienmau.net\/dienthoai04\/chinh-sach-bao-hanh\/","title":{"rendered":"Ch\u00ednh s\u00e1ch b\u1ea3o h\u00e0nh"},"content":{"rendered":"<h2>\u00a0I. TH\u1edcI GIAN B\u1ea2O H\u00c0NH (C\u1eadp nh\u1eadt 26\/07\/2022):<\/h2>\n<p>Th\u1eddi gian b\u1ea3o h\u00e0nh tu\u1ef3 t\u1eebng nh\u00f3m s\u1ea3n ph\u1ea9m, c\u1ee5 th\u1ec3 theo b\u1ea3ng ph\u00e2n lo\u1ea1i sau:<\/p>\n<table border=\"1\" cellspacing=\"0\">\n<tbody>\n<tr>\n<td>STT<\/td>\n<td>Nh\u00f3m s\u1ea3n ph\u1ea9m<\/td>\n<td>Th\u1eddi gian\u00a0b\u1ea3o h\u00e0nh<\/td>\n<td>L\u1ed7i b\u1ea3o h\u00e0nh\u00a0(l\u1ed7i k\u1ef9 thu\u1eadt)<\/td>\n<td>Tr\u01b0\u1eddng h\u1ee3p kh\u00f4ng h\u1ed7 tr\u1ee3 b\u1ea3o h\u00e0nh<\/td>\n<\/tr>\n<tr>\n<td>1<\/td>\n<td>C\u00e1p s\u1ea1c v\u00e0 truy\u1ec1n d\u1eef li\u1ec7u c\u00e1c lo\u1ea1i<\/td>\n<td>12 th\u00e1ng<\/td>\n<td>Kh\u00f4ng nh\u1eadn s\u1ea1c, kh\u00f4ng truy\u1ec1n d\u1eef li\u1ec7u \u0111\u01b0\u1ee3c<\/td>\n<td>&#8211; B\u1ecb t\u00e1c \u0111\u1ed9ng ngo\u1ea1i l\u1ef1c nh\u01b0: \u0110\u1ee9t, g\u00e3y,&#8230;<\/td>\n<\/tr>\n<tr>\n<td>2<\/td>\n<td>\u0110\u1ebf s\u1ea1c kh\u00f4ng d\u00e2y<\/td>\n<td>12 th\u00e1ng<\/td>\n<td>Kh\u00f4ng nh\u1eadn s\u1ea1c, kh\u00f4ng v\u00e0o \u0111i\u1ec7n, kh\u00f4ng s\u1eed d\u1ee5ng \u0111\u01b0\u1ee3c<\/td>\n<td>&#8211; B\u1ecb t\u00e1c \u0111\u1ed9ng ngo\u1ea1i l\u1ef1c nh\u01b0: \u0110\u1ee9t, g\u00e3y, r\u01a1i, v\u1ee1,&#8230;<\/td>\n<\/tr>\n<tr>\n<td>3<\/td>\n<td>Pin d\u1ef1 ph\u00f2ng<\/td>\n<td>12 th\u00e1ng<\/td>\n<td>Kh\u00f4ng nh\u1eadn s\u1ea1c, kh\u00f4ng v\u00e0o \u0111i\u1ec7n, kh\u00f4ng s\u1eed d\u1ee5ng \u0111\u01b0\u1ee3c<\/td>\n<td>&#8211; B\u1ecb t\u00e1c \u0111\u1ed9ng ngo\u1ea1i l\u1ef1c nh\u01b0: \u0110\u1ee9t, g\u00e3y, r\u01a1i, v\u1ee1, g\u00e3y c\u1ed5ng s\u1ea1c,&#8230;<\/td>\n<\/tr>\n<tr>\n<td>4<\/td>\n<td>Thi\u1ebft b\u1ecb m\u1edf r\u1ed9ng ( HUB chuy\u1ec3n )<\/td>\n<td>12 th\u00e1ng<\/td>\n<td>Kh\u00f4ng nh\u1eadn thi\u1ebft b\u1ecb, kh\u00f4ng v\u00e0o \u0111i\u1ec7n,kh\u00f4ng s\u1eed d\u1ee5ng \u0111\u01b0\u1ee3c ch\u1ee9c n\u0103ng trong m\u00f4 t\u1ea3 s\u1ea3n ph\u1ea9m<\/td>\n<td>&#8211; B\u1ecb t\u00e1c \u0111\u1ed9ng ngo\u1ea1i l\u1ef1c nh\u01b0: \u0110\u1ee9t, g\u00e3y, r\u01a1i, v\u1ee1, g\u00e3y c\u1ed5ng s\u1ea1c&#8230;<\/td>\n<\/tr>\n<tr>\n<td>5<\/td>\n<td>B\u00e0n ph\u00edm, b\u00fat c\u1ea3m \u1ee9ng, b\u00fat tr\u00ecnh chi\u1ebfu<\/td>\n<td>12 th\u00e1ng<\/td>\n<td>Kh\u00f4ng nh\u1eadn thi\u1ebft b\u1ecb, kh\u00f4ng v\u00e0o \u0111i\u1ec7n<\/td>\n<td>&#8211; B\u1ecb t\u00e1c \u0111\u1ed9ng ngo\u1ea1i l\u1ef1c nh\u01b0: \u0110\u1ee9t, g\u00e3y, r\u01a1i, v\u1ee1, g\u00e3y c\u1ed5ng s\u1ea1c, b\u00e1m ch\u1ea5t l\u1ecfng, v\u00f4 n\u01b0\u1edbc.<\/td>\n<\/tr>\n<tr>\n<td>6<\/td>\n<td>Holder xe \u00f4 t\u00f4<\/td>\n<td>12 th\u00e1ng<\/td>\n<td>L\u1ed7i k\u1ef9 thu\u1eadt, kh\u00f4ng v\u00e0o \u0111i\u1ec7n, kh\u00f4ng s\u1eed d\u1ee5ng \u0111\u01b0\u1ee3c<\/td>\n<td>B\u1ecb t\u00e1c \u0111\u1ed9ng ngo\u1ea1i l\u1ef1c nh\u01b0: G\u00e3y ch\u1ea5u s\u1ea1c, g\u00e3y c\u1ed5ng s\u1ea1c, r\u01a1i, v\u1ee1,&#8230;<\/td>\n<\/tr>\n<tr>\n<td>7<\/td>\n<td>B\u1ed9 s\u1ea1c \u0111a n\u0103ng (c\u1ee7 s\u1ea1c) v\u00e0 t\u1ea9u s\u1ea1c tr\u00ean xe h\u01a1i<br \/>\nK\u00edch B\u00ecnh<br \/>\nB\u01a1m l\u1ed1p xe<\/td>\n<td>12 th\u00e1ng<\/td>\n<td>Kh\u00f4ng nh\u1eadn s\u1ea1c, kh\u00f4ng v\u00e0o \u0111i\u1ec7n, kh\u00f4ng s\u1eed d\u1ee5ng \u0111\u01b0\u1ee3c<\/td>\n<td>&#8211; B\u1ecb t\u00e1c \u0111\u1ed9ng ngo\u1ea1i l\u1ef1c nh\u01b0: \u0110\u1ee9t, g\u00e3y, r\u01a1i, v\u1ee1,&#8230;<\/td>\n<\/tr>\n<tr>\n<td>8<\/td>\n<td>Tai nghe v\u00e0 thi\u1ebft b\u1ecb \u00e2m thanh<\/td>\n<td>12 th\u00e1ng<\/td>\n<td>L\u1ed7i thu\/ ph\u00e1t t\u00edn hi\u1ec7u, kh\u00f4ng nh\u1eadn thi\u1ebft b\u1ecb, s\u1ea1c kh\u00f4ng v\u00e0o \u0111i\u1ec7n, l\u1ed7i k\u1ef9 thu\u1eadt do nh\u00e0 s\u1ea3n xu\u1ea5t<\/td>\n<td>&#8211; B\u1ecb t\u00e1c \u0111\u1ed9ng ngo\u1ea1i l\u1ef1c nh\u01b0: \u0110\u1ee9t, g\u00e3y, r\u01a1i, v\u1ee1,&#8230;<\/td>\n<\/tr>\n<tr>\n<td>9<\/td>\n<td>Ph\u1ee5 ki\u1ec7n \u00e2m thanh<br \/>\n(bao g\u1ed3m : c\u00e1c b\u1ed9 chia, \u0111\u1ea7u chuy\u1ec3n \u0111\u1ed5i Lightning\/ Type C sang AUX3.5mm,&#8230;)<\/td>\n<td>06 th\u00e1ng<\/td>\n<td>L\u1ed7i thu\/ ph\u00e1t t\u00edn hi\u1ec7u, kh\u00f4ng nh\u1eadn thi\u1ebft b\u1ecb, s\u1ea1c kh\u00f4ng v\u00e0o \u0111i\u1ec7n, l\u1ed7i k\u1ef9 thu\u1eadt do nh\u00e0 s\u1ea3n xu\u1ea5t<\/td>\n<td>&#8211; B\u1ecb t\u00e1c \u0111\u1ed9ng ngo\u1ea1i l\u1ef1c nh\u01b0: \u0110\u1ee9t, g\u00e3y, r\u01a1i, v\u1ee1,&#8230;<\/td>\n<\/tr>\n<tr>\n<td>10<\/td>\n<td>M\u00e1y h\u00fat b\u1ee5i,\u00a0 phun s\u01b0\u01a1ng, l\u1ecdc kh\u00f4ng kh\u00ed , qu\u1ea1t c\u00e1c lo\u1ea1i, &#8230;<\/td>\n<td>06 th\u00e1ng<\/td>\n<td>Kh\u00f4ng v\u00e0o \u0111i\u1ec7n, l\u1ed7i k\u1ef9 thu\u1eadt do nh\u00e0 s\u1ea3n xu\u1ea5t<\/td>\n<td>&#8211; B\u1ecb t\u00e1c \u0111\u1ed9ng ngo\u1ea1i l\u1ef1c nh\u01b0: \u0110\u1ee9t, g\u00e3y, r\u01a1i, v\u1ee1,&#8230;<br \/>\n&#8211; S\u1eed d\u1ee5ng sai c\u00e1ch nh\u01b0: D\u00f9ng tinh d\u1ea7u \u0111\u1eadm \u0111\u1eb7c ch\u01b0a pha lo\u00e3ng v\u1edbi n\u01b0\u1edbc.<\/td>\n<\/tr>\n<tr>\n<td>11<\/td>\n<td>\u0110\u00e8n chi\u1ebfu s\u00e1ng, \u0111\u00e8n \u0111\u1ec3 b\u00e0n, \u0111\u00e8n c\u1ea3m \u1ee9ng,&#8230;.<\/td>\n<td>12 th\u00e1ng<\/td>\n<td>Kh\u00f4ng nh\u1eadn s\u1ea1c, kh\u00f4ng v\u00e0o \u0111i\u1ec7n, kh\u00f4ng s\u00e1ng<\/td>\n<td>&#8211; B\u1ecb t\u00e1c \u0111\u1ed9ng ngo\u1ea1i l\u1ef1c nh\u01b0: \u0110\u1ee9t, g\u00e3y, r\u01a1i, v\u1ee1, v\u00f4 n\u01b0\u1edbc ho\u1eb7c c\u00e1c lo\u1ea1i ch\u1ea5t l\u1ecfng kh\u00e1c,&#8230;<\/td>\n<\/tr>\n<tr>\n<td>12<\/td>\n<td>Ph\u1ee5 ki\u1ec7n kh\u00f4ng d\u00f9ng \u0111i\u1ec7n, ph\u1ee5 ki\u1ec7n b\u1ea3o v\u1ec7 v\u00e0 trang tr\u00ed (\u1ed0p l\u01b0ng, c\u01b0\u1eddng l\u1ef1c, bao da, t\u00fai ph\u1ee5 ki\u1ec7n, t\u00fai ch\u1ed1ng n\u01b0\u1edbc&#8230;)<\/td>\n<td>Kh\u00f4ng b\u1ea3o h\u00e0nh<\/td>\n<td><\/td>\n<td><\/td>\n<\/tr>\n<tr>\n<td>13<\/td>\n<td>Ph\u1ee5 ki\u1ec7n \u0111i k\u00e8m ho\u1eb7c t\u1eb7ng k\u00e8m theo s\u1ea3n ph\u1ea9m<\/td>\n<td>Kh\u00f4ng b\u1ea3o h\u00e0nh<\/td>\n<td><\/td>\n<td><\/td>\n<\/tr>\n<\/tbody>\n<\/table>\n<p>*** C\u00e1c s\u1ea3n ph\u1ea9m mua theo d\u1ef1 \u00e1n ho\u1eb7c c\u00e1c ch\u01b0\u01a1ng tr\u00ecnh khuy\u1ebfn m\u00e3i s\u1ebd \u00e1p d\u1ee5ng ch\u1ebf \u0111\u1ed9 b\u1ea3o h\u00e0nh ri\u00eang cho t\u1eebng d\u1ef1 \u00e1n v\u00e0 ch\u01b0\u01a1ng tr\u00ecnh. Th\u1eddi gian b\u1ea3o h\u00e0nh \u00e1p d\u1ee5ng theo h\u1ee3p \u0111\u1ed3ng cung c\u1ea5p v\u00e0 c\u00e1c th\u00f4ng tin \u0111\u00ednh k\u00e8m ch\u01b0\u01a1ng tr\u00ecnh khuy\u1ebfn m\u00e3i.<\/p>\n<h3>II. \u0110I\u1ec0U KI\u1ec6N B\u1ea2O H\u00c0NH :<\/h3>\n<h3>&#8211; S\u1ea3n ph\u1ea9m b\u1ea3o h\u00e0nh ph\u1ea3i \u0111\u1ea3m b\u1ea3o c\u00e1c \u0111i\u1ec1u ki\u1ec7n sau :<\/h3>\n<p>&#8211; Tr\u00ean s\u1ea3n ph\u1ea9m ph\u1ea3i c\u00f3 tem b\u1ea3o h\u00e0nh ch\u00ednh h\u00e3ng c\u1ee7a Baseus Vietnam, tem b\u1ea3o h\u00e0nh ph\u1ea3i c\u00f2n nguy\u00ean v\u1eb9n, kh\u00f4ng c\u00f3 d\u1ea5u hi\u1ec7u bong tr\u00f3c, ch\u1ec9nh s\u1eeda v\u00e0 kh\u00f4ng b\u1ecb d\u00e1n \u0111\u00e8 b\u1edfi c\u00e1c tem kh\u00e1c.<\/p>\n<p>&#8211; Tr\u01b0\u1eddng h\u1ee3p tem b\u1ea3o h\u00e0nh ho\u1eb7c h\u00f3a \u0111\u01a1n mua h\u00e0ng b\u1ecb m\u1ea5t th\u00ec th\u00f4ng tin b\u1ea3o h\u00e0nh c\u1ee7a kh\u00e1ch h\u00e0ng ph\u1ea3i\u00a0 tra c\u1ee9u \u0111\u01b0\u1ee3c tr\u00ean ph\u1ea7n m\u1ec1m qu\u1ea3n l\u00fd c\u1ee7a Baseus Vietnam.<\/p>\n<p>&#8211; S\u1ea3n ph\u1ea9m b\u1ecb l\u1ed7i k\u1ef9 thu\u1eadt do nh\u00e0 s\u1ea3n xu\u1ea5t, kh\u00f4ng c\u00f3 d\u1ea5u hi\u1ec7u r\u01a1i, v\u1ee1, bi\u1ebfn d\u1ea1ng, ch\u00e1y n\u1ed5, b\u00e1m ch\u1ea5t l\u1ecfng, ho\u1eb7c kh\u00f4ng do\u00a0t\u00e1c \u0111\u1ed9ng c\u1ee7a ngo\u1ea1i l\u1ef1c, kh\u00f4ng do ng\u01b0\u1eddi s\u1eed d\u1ee5ng l\u00e0m h\u01b0 h\u1ecfng &#8230;<\/p>\n<h3>&#8211; S\u1ea3n ph\u1ea9m kh\u00f4ng \u0111\u01b0\u1ee3c b\u1ea3o h\u00e0nh trong c\u00e1c tr\u01b0\u1eddng h\u1ee3p sau :<\/h3>\n<p>&#8211; Kh\u00f4ng c\u00f3 tem b\u1ea3o h\u00e0nh ch\u00ednh h\u00e3ng c\u1ee7a Baseus Vietnam, ho\u1eb7c tem b\u1ecb m\u1ea5t, t\u1ea9y x\u00f3a, c\u1ea1o s\u1eeda &#8230;.<\/p>\n<p>&#8211; H\u00e0ng x\u00e1ch tay ho\u1eb7c s\u1ea3n ph\u1ea9m kh\u00f4ng \u0111\u01b0\u1ee3c ph\u00e2n ph\u1ed1i ch\u00ednh h\u00e3ng b\u1edfi Baseus Vietnam.<\/p>\n<p>&#8211; S\u1ea3n ph\u1ea9m c\u00f3 d\u1ea5u hi\u1ec7u ch\u00e1y n\u1ed5, ph\u00f9 pin, bi\u1ebfn d\u1ea1ng do t\u00e1c \u0111\u1ed9ng c\u1ee7a ngo\u1ea1i l\u1ef1c.<\/p>\n<p>&#8211; S\u1ea3n ph\u1ea9m c\u00f3 d\u1ea5u hi\u1ec7u \u0111i\u1ec1u ki\u1ec7n b\u1ea3o qu\u1ea3n k\u00e9m.<\/p>\n<p>&#8211; C\u00e1c h\u01b0 h\u1ecfng do ng\u01b0\u1eddi s\u1eed d\u1ee5ng g\u00e2y ra.<\/p>\n<p>&#8211; T\u1ef1 \u00fd s\u1eeda ch\u1eefa \u0111\u1ec3 thay \u0111\u1ed5i t\u00ednh n\u0103ng c\u1ee7a s\u1ea3n ph\u1ea9m.<\/p>\n<p>&#8211; C\u00e1c b\u1ed9 ph\u1eadn ti\u00eau hao theo th\u1eddi gian, ngo\u1ea1i h\u00ecnh s\u1ea3n ph\u1ea9m.<\/p>\n<h3>III. CH\u00cdNH S\u00c1CH B\u1ea2O H\u00c0NH<\/h3>\n<p>&#8211; Baseus Vietnam \u00e1p d\u1ee5ng ch\u00ednh s\u00e1ch b\u1ea3o h\u00e0nh 1 \u0111\u1ed5i 1 cho t\u1ea5t c\u1ea3 c\u00e1c s\u1ea3n ph\u1ea9m c\u1ee7a Baseus \u0111\u01b0\u1ee3c ph\u00e2n ph\u1ed1i ch\u00ednh h\u00e3ng b\u1edfi Baseus Vi\u1ec7t Nam. Th\u1eddi gian b\u1ea3o h\u00e0nh t\u00f9y theo t\u1eebng lo\u1ea1i s\u1ea3n ph\u1ea9m, \u0111\u01b0\u1ee3c qui \u0111\u1ecbnh trong n\u1ed9i dung m\u00f4 t\u1ea3 chi ti\u1ebft s\u1ea3n ph\u1ea9m ho\u1eb7c theo b\u1ea3ng chi ti\u1ebft th\u1eddi gian b\u1ea3o h\u00e0nh \u1edf tr\u00ean. (Trong tr\u01b0\u1eddng h\u1ee3p c\u00f3 s\u1ef1 sai l\u1ec7ch gi\u1eefa b\u1ea3ng qui \u0111\u1ecbnh chung v\u00e0 trong trang m\u00f4 t\u1ea3 s\u1ea3n ph\u1ea9m th\u00ec qui \u0111\u1ecbnh b\u1ea3o h\u00e0nh trong trang chi ti\u1ebft c\u1ee7a s\u1ea3n ph\u1ea9m \u0111\u00f3 s\u1ebd \u0111\u01b0\u1ee3c \u01b0u ti\u00ean \u00e1p d\u1ee5ng).<\/p>\n<p>&#8211; Ch\u00ednh s\u00e1ch b\u1ea3o h\u00e0nh 1 \u0111\u1ed5i 1 \u00e1p d\u1ee5ng th\u1ed1ng nh\u1ea5t v\u00e0 nh\u01b0 nhau cho t\u1ea5t c\u1ea3 c\u00e1c kh\u00e1ch h\u00e0ng mua s\u1ea3n ph\u1ea9m tr\u1ef1c ti\u1ebfp th\u00f4ng qua h\u1ec7 th\u1ed1ng c\u1eeda h\u00e0ng u\u1ef7 quy\u1ec1n Baseus Flagship Store, k\u00eanh online (bao g\u1ed3m Website Baseus.vn, Facebook, Zalo, Youtube&#8230; tr\u1ef1c thu\u1ed9c Baseus Vietnam) v\u00e0 h\u1ec7 th\u1ed1ng \u0111\u1ea1i l\u00fd u\u1ef7 quy\u1ec1n c\u1ee7a Baseus Vietnam.<\/p>\n<p>&#8211; \u0110\u1ed1i v\u1edbi nh\u1eefng s\u1ea3n ph\u1ea9m hi\u1ec7n kh\u00f4ng c\u00f2n b\u00e1n ra, \u0111\u00e3 ng\u01b0ng s\u1ea3n xu\u1ea5t v\u00e0 Baseus Vietnam kh\u00f4ng c\u00f3 s\u1ea3n ph\u1ea9m m\u1edbi \u0111\u1ec3 \u0111\u1ed5i cho kh\u00e1ch h\u00e0ng, ch\u00fang t\u00f4i s\u1ebd thay th\u1ebf b\u1eb1ng nh\u1eefng s\u1ea3n ph\u1ea9m c\u00f3 gi\u00e1 tr\u1ecb t\u01b0\u01a1ng \u0111\u01b0\u01a1ng ho\u1eb7c cao h\u01a1n.<\/p>\n<h3>IV. TRUNG T\u00c2M B\u1ea2O H\u00c0NH<\/h3>\n<p>&#8211; Qu\u00fd kh\u00e1ch \u1edf khu v\u1ef1c TP. H\u1ed3 Ch\u00ed Minh vui l\u00f2ng mang s\u1ea3n ph\u1ea9m \u0111\u1ebfn c\u1eeda h\u00e0ng Baseus t\u1ea1i:<\/p>\n<p>* 274 V\u01b0\u1eddn L\u00e0i, Ph\u01b0\u1eddng Ph\u00fa Th\u1ecd H\u00f2a, Qu\u1eadn T\u00e2n Ph\u00fa, TP. HCM.<\/p>\n<p>* 262\/4 C\u00e1ch M\u1ea1ng Th\u00e1ng T\u00e1m, Ph\u01b0\u1eddng 10, Qu\u1eadn 3, TP.HCM<\/p>\n<p>*\u00a0114B Ho\u00e0ng Hoa Th\u00e1m, P.12, Q. T\u00e2n B\u00ecnh, TP. HCM<\/p>\n<p>&#8211; N\u1ebfu qu\u00fd kh\u00e1ch \u1edf khu v\u1ef1c t\u1ec9nh th\u00e0nh kh\u00e1c, xin vui l\u00f2ng g\u1eedi chuy\u1ec3n ph\u00e1t s\u1ea3n ph\u1ea9m \u0111\u1ebfn \u0111\u1ecba ch\u1ec9 \u201c114B Ho\u00e0ng Hoa Th\u00e1m, P.12, Q. T\u00e2n B\u00ecnh, TP. HCM\u201d ghi r\u00f5 ng\u01b0\u1eddi nh\u1eadn l\u00e0 \u201cTrung t\u00e2m b\u1ea3o h\u00e0nh Baseus Vi\u1ec7t Nam\u201d s\u1ed1 \u0111i\u1ec7n tho\u1ea1i ng\u01b0\u1eddi nh\u1eadn l\u00e0\u00a00939.627.04\u00a0\u0111\u1ec3 \u0111\u01b0\u1ee3c b\u1ea3o h\u00e0nh.<\/p>\n<p>&#8211; Sau khi s\u1ea3n ph\u1ea9m c\u1ee7a qu\u00fd kh\u00e1ch \u0111\u01b0\u1ee3c b\u1ea3o h\u00e0nh Baseus Vi\u1ec7t Nam s\u1ebd g\u1eedi chuy\u1ec3n s\u1ea3n ph\u1ea9m l\u1ea1i cho qu\u00fd kh\u00e1ch ho\u00e0n to\u00e0n mi\u1ec5n ph\u00ed.<\/p>\n<p>Xin ch\u00e2n th\u00e0nh c\u1ea3m \u01a1n.<\/p>\n","protected":false},"excerpt":{"rendered":"<p>\u00a0I. TH\u1edcI GIAN B\u1ea2O H\u00c0NH (C\u1eadp nh\u1eadt 26\/07\/2022): Th\u1eddi gian b\u1ea3o h\u00e0nh tu\u1ef3 t\u1eebng nh\u00f3m s\u1ea3n ph\u1ea9m, c\u1ee5 th\u1ec3 theo b\u1ea3ng ph\u00e2n lo\u1ea1i sau: STT Nh\u00f3m s\u1ea3n ph\u1ea9m Th\u1eddi gian\u00a0b\u1ea3o h\u00e0nh L\u1ed7i b\u1ea3o h\u00e0nh\u00a0(l\u1ed7i k\u1ef9 thu\u1eadt) Tr\u01b0\u1eddng h\u1ee3p kh\u00f4ng h\u1ed7 tr\u1ee3 b\u1ea3o h\u00e0nh 1 C\u00e1p s\u1ea1c v\u00e0 truy\u1ec1n d\u1eef li\u1ec7u c\u00e1c lo\u1ea1i 12 th\u00e1ng Kh\u00f4ng&#8230;<\/p>\n","protected":false},"author":1,"featured_media":0,"parent":0,"menu_order":0,"comment_status":"closed","ping_status":"closed","template":"page-right-sidebar.php","meta":{"footnotes":""},"class_list":["post-42","page","type-page","status-publish","hentry"],"acf":[],"_links":{"self":[{"href":"https:\/\/khogiaodienmau.net\/dienthoai04\/wp-json\/wp\/v2\/pages\/42","targetHints":{"allow":["GET"]}}],"collection":[{"href":"https:\/\/khogiaodienmau.net\/dienthoai04\/wp-json\/wp\/v2\/pages"}],"about":[{"href":"https:\/\/khogiaodienmau.net\/dienthoai04\/wp-json\/wp\/v2\/types\/page"}],"author":[{"embeddable":true,"href":"https:\/\/khogiaodienmau.net\/dienthoai04\/wp-json\/wp\/v2\/users\/1"}],"replies":[{"embeddable":true,"href":"https:\/\/khogiaodienmau.net\/dienthoai04\/wp-json\/wp\/v2\/comments?post=42"}],"version-history":[{"count":2,"href":"https:\/\/khogiaodienmau.net\/dienthoai04\/wp-json\/wp\/v2\/pages\/42\/revisions"}],"predecessor-version":[{"id":977,"href":"https:\/\/khogiaodienmau.net\/dienthoai04\/wp-json\/wp\/v2\/pages\/42\/revisions\/977"}],"wp:attachment":[{"href":"https:\/\/khogiaodienmau.net\/dienthoai04\/wp-json\/wp\/v2\/media?parent=42"}],"curies":[{"name":"wp","href":"https:\/\/api.w.org\/{rel}","templated":true}]}}