{"id":36,"date":"2024-02-04T14:21:19","date_gmt":"2024-02-04T07:21:19","guid":{"rendered":"http:\/\/phukien.ninhbinhweb.top\/?page_id=36"},"modified":"2024-02-08T08:00:50","modified_gmt":"2024-02-08T01:00:50","slug":"gioi-thieu","status":"publish","type":"page","link":"https:\/\/khogiaodienmau.net\/dienthoai04\/gioi-thieu\/","title":{"rendered":"Gi\u1edbi thi\u1ec7u"},"content":{"rendered":"<h3>BASEUS:&#8221;Ch\u00fang t\u00f4i t\u1eadp trung ki\u1ebfn t\u1ea1o s\u1ea3n ph\u1ea9m&#8221;<\/h3>\n<p>T\u1eadp \u0111o\u00e0n Baseus chuy\u00ean s\u1ea3n xu\u1ea5t ph\u1ee5 ki\u1ec7n c\u00f4ng ngh\u1ec7 \u0111\u1ebfn t\u1eeb Hongkong. \u0110\u1ecbnh h\u01b0\u1edbng ph\u00e1t tri\u1ec3n c\u1ee7a c\u00f4ng ty l\u00e0 ho\u1ea1t \u0111\u1ed9ng thi\u1ebft k\u1ebf v\u00e0 s\u00e1ng t\u1ea1o ra nh\u1eefng ph\u1ee5 ki\u1ec7n c\u00f4ng ngh\u1ec7 nguy\u00ean b\u1ea3n v\u1edbi nh\u1eefng phong c\u00e1ch h\u1ebft s\u1ee9c \u0111\u01a1n gi\u1ea3n nh\u01b0ng c\u0169ng r\u1ea5t th\u1eddi th\u01b0\u1ee3ng.<\/p>\n<p>L\u00e0 \u0111\u1ea1i di\u1ec7n ch\u00ednh th\u1ee9c \u0111\u1ea7u ti\u00ean v\u00e0 duy nh\u1ea5t c\u1ee7a Baseus\u00a0t\u1ea1i Vi\u1ec7t Nam, Baseus VN nh\u1eadp kh\u1ea9u v\u00e0 ph\u00e2n ph\u1ed1i kinh c\u00e1c lo\u1ea1i ph\u1ee5 ki\u1ec7n c\u00f4ng ngh\u1ec7 ch\u00ednh h\u00e3ng \u0111\u01b0\u1ee3c s\u1ea3n xu\u1ea5t b\u1edfi t\u1eadp \u0111o\u00e0n. T\u1ea5t c\u1ea3 d\u1ecbch v\u1ee5, s\u1ea3n ph\u1ea9m c\u1ee7a Baseus VietNam \u0111\u1ec1u \u0111\u01b0\u1ee3c ki\u1ec3m ch\u1ee9ng v\u00e0 \u0111\u1ea3m b\u1ea3o ch\u1ea5t l\u01b0\u1ee3ng ch\u00ednh h\u00e3ng Baseus v\u1edbi m\u1ee5c ti\u00eau cao nh\u1ea5t l\u00e0 mang \u0111\u1ebfn s\u1ef1 h\u00e0i l\u00f2ng c\u1ee7a qu\u00fd kh\u00e1ch h\u00e0ng tr\u00ean to\u00e0n qu\u1ed1c.<\/p>\n<p><img decoding=\"async\" src=\"https:\/\/file.hstatic.net\/1000152881\/file\/user_grande.jpg\" \/><\/p>\n<p>Qu\u00fd kh\u00e1ch h\u00e0ng gh\u00e9 th\u0103m v\u00e0 \u0111\u1eb7t mua ph\u1ee5 ki\u1ec7n, linh ki\u1ec7n c\u1ee7a ch\u00fang t\u00f4i t\u1ea1i Showroom C\u00e1ch M\u1ea1ng Th\u00e1ng 8 ho\u1eb7c qua website Baseus.vn. Ngo\u00e0i ra khi c\u1ea7n h\u1ed7 tr\u1ee3 k\u1ef9 thu\u1eadt ho\u1eb7c c\u00e1c v\u1ea5n \u0111\u1ec1 kinh doanh b\u00e1n s\u1ec9, qu\u00fd kh\u00e1ch c\u00f3 th\u1ec3 gh\u00e9 \u0111\u1ebfn V\u0103n Ph\u00f2ng \u0110\u1ea1i Di\u1ec7n Baseus Vi\u1ec7t Nam \u1edf T\u00e2n Ph\u00fa.<\/p>\n<h3>M\u1ee5c ti\u00eau ph\u00e1t tri\u1ec3n c\u1ee7a Baseus l\u00e0 ph\u1ee5c v\u1ee5 ng\u01b0\u1eddi d\u00f9ng<\/h3>\n<p>Baseus l\u00e0 m\u1ed9t trong nh\u1eefng th\u01b0\u01a1ng hi\u1ec7u h\u00e0ng \u0111\u1ea7u trong l\u0129nh v\u1ef1c s\u1ea3n xu\u1ea5t c\u00e1c ph\u1ee5 ki\u1ec7n \u0111i\u1ec7n t\u1eed thu\u1ed9c t\u1eadp \u0111o\u00e0n Shenzhen Times Innovation Technology Co., Ltd bao g\u1ed3m c\u00e1c m\u1ea3ng Nghi\u00ean c\u1ee9u ph\u00e1t tri\u1ec3n s\u1ea3n ph\u1ea9m R&amp;D, ch\u1ebf t\u1ea1o v\u00e0 b\u00e1n h\u00e0ng. Th\u01b0\u01a1ng hi\u1ec7u n\u00e0y \u0111\u01b0\u1ee3c ra m\u1eaft c\u00f4ng ch\u00fang v\u00e0o n\u0103m 2009 d\u01b0\u1edbi s\u1ef1 d\u1eabn d\u1eaft b\u1edfi Mr. CU.<\/p>\n<p><img decoding=\"async\" src=\"https:\/\/file.hstatic.net\/1000152881\/file\/baseus_award_grande.png\" \/><\/p>\n<p>Logo c\u1ee7a Baseus \u0111\u01b0\u1ee3c thi\u1ebft k\u1ebf d\u1ef1a tr\u00ean ph\u01b0\u01a1ng ch\u00e2m c\u1ee7a t\u1eadp \u0111o\u00e0n \u0111\u00f3 l\u00e0 \u201cBase on user\u201d. Logo g\u00f3c c\u1ea1nh \u0111\u1ea1i di\u1ec7n cho tinh th\u1ea7n c\u1ee7a m\u1ecdi c\u00e1 nh\u00e2n trong t\u1eadp \u0111o\u00e0n: \u201cV\u01b0\u1ee3t qua m\u1ecdi kh\u00f3 kh\u0103n m\u1ed9t c\u00e1ch d\u1ec5 d\u00e0ng\u201c v\u00e0 gi\u00e1 tr\u1ecb c\u1ed1t l\u00f5i c\u1ee7a th\u01b0\u01a1ng hi\u1ec7u: \u201cM\u1ecdi s\u1ea3n ph\u1ea9m t\u1ed1t ph\u1ea3i lu\u00f4n \u0111\u1ea1t \u0111\u01b0\u1ee3c m\u1ee9c \u0111\u1ed9 h\u1eefu d\u1ee5ng ti\u00eau chu\u1ea9n\u201d<\/p>\n<p>C\u00e2u ch\u00e2m ng\u00f4n c\u1ee7a Baseus \u201cBase on user\u201d c\u00f3 ngh\u0129a l\u00e0 kh\u00e1ch h\u00e0ng s\u1ebd l\u00e0 n\u1ec1n t\u1ea3ng cho s\u1ef1 ph\u00e1t tri\u1ec3n c\u1ee7a t\u1eadp \u0111o\u00e0n. Khi \u0111\u1ecbnh h\u01b0\u1edbng cho s\u1ea3n ph\u1ea9m, T\u1eadp \u0111o\u00e0n Baseus lu\u00f4n \u0111\u1eb7t m\u00ecnh d\u01b0\u1edbi g\u00f3c nh\u00ecn c\u1ee7a ng\u01b0\u1eddi d\u00f9ng v\u00e0 t\u1eadp trung v\u00e0o nh\u1eefng tr\u1ea3i nghi\u1ec7m \u1ea5y \u0111\u1ec3 c\u00f3 th\u1ec3 thi\u1ebft k\u1ebf v\u00e0 s\u00e1ng t\u1ea1o ra nh\u1eefng trang ph\u1ee5 ki\u1ec7n ch\u1ea5t l\u01b0\u1ee3ng nh\u1ea5t d\u00e0nh cho ng\u01b0\u1eddi ti\u00eau d\u00f9ng. Nh\u1eefng s\u1ea3n ph\u1ea9m c\u1ee7a Baseus ngo\u00e0i ch\u1ea5t l\u01b0\u1ee3ng cao c\u1ea5p, ch\u00fang \u0111\u1ec1u c\u00f3 thi\u1ebft k\u1ebf r\u1ea5t th\u1eddi th\u01b0\u1ee3ng, sang tr\u1ecdng n\u00ean \u0111\u01b0\u1ee3c ng\u01b0\u1eddi d\u00f9ng tr\u00ean to\u00e0n th\u1ebf gi\u1edbi l\u1ef1a ch\u1ecdn.<\/p>\n<h3>T\u1eadp \u0111o\u00e0n Baseus lu\u00f4n \u0111\u1ea9y m\u1ea1nh vi\u1ec7c kh\u1ea3o s\u00e1t v\u00e0 ph\u00e1t tri\u1ec3n nh\u1eefng s\u1ea3n ph\u1ea9m m\u0169i nh\u1ecdn c\u1ee7a t\u1eadp \u0111o\u00e0n<\/h3>\n<p>Trong giai \u0111o\u1ea1n \u0111\u1ea7u c\u1ee7a vi\u1ec7c \u0111em th\u01b0\u01a1ng hi\u1ec7u \u0111\u1ebfn v\u1edbi th\u1ecb tr\u01b0\u1eddng, T\u1eadp \u0111o\u00e0n Baseus t\u1eadp trung v\u00e0o vi\u1ec7c thi\u1ebft k\u1ebf s\u1ea3n ph\u1ea9m k\u00ednh c\u01b0\u1eddng l\u1ef1c b\u1ea3o v\u1ec7 m\u00e0n h\u00ecnh v\u00e0 v\u1ecf b\u1ea3o v\u1ec7 cho \u0111i\u1ec7n tho\u1ea1i di \u0111\u1ed9ng. Khi th\u1ecb tr\u01b0\u1eddng d\u1ea7n m\u1edf r\u1ed9ng v\u00e0 Baseus li\u00ean t\u1ee5c c\u00f3 nh\u1eefng s\u1ea3n ph\u1ea9m m\u1edbi ra \u0111\u1eddi, \u0111\u00e1p \u1ee9ng nhu c\u1ea7u c\u1ee7a ng\u01b0\u1eddi d\u00f9ng tr\u00ean to\u00e0n th\u1ebf gi\u1edbi.<\/p>\n<p>M\u1ed9t \u0111\u1ed9i ng\u0169 chuy\u00ean v\u1ec1 ph\u00e1t tri\u1ec3n ph\u1ea7n c\u1ee9ng \u0111\u01b0\u1ee3c th\u00e0nh l\u1eadp v\u1edbi m\u1ee5c ti\u00eau h\u00e0ng \u0111\u1ea7u \u0111\u00f3 l\u00e0 \u201c\u0110\u1ecbnh h\u01b0\u1edbng thi\u1ebft k\u1ebf v\u00e0 ki\u1ec3m so\u00e1t quy tr\u00ecnh s\u1ea3n xu\u1ea5t\u201d thay th\u1ebf cho m\u00f4 h\u00ecnh c\u0169 \u201cT\u1eadp trung v\u00e0o thi\u1ebft k\u1ebf, s\u1ea3n xu\u1ea5t\u201d. Nh\u1edd v\u1eady T\u1eadp \u0111o\u00e0n Baseus \u0111\u00e3 th\u00e0nh c\u00f4ng trong vi\u1ec7c qu\u1ea3n l\u00fd c\u00e1c d\u00e2y chuy\u1ec1n s\u1ea3n xu\u1ea5t v\u00e0 \u0111\u01b0a ra nh\u1eefng ho\u1ea1t \u0111\u1ed9ng nghi\u00ean c\u1ee9u ph\u00e1t tri\u1ec3n \u0111\u1ed9c l\u1eadp s\u1ea3n ph\u1ea9m m\u1edbi c\u00f9ng nhi\u1ec1u m\u00f4 h\u00ecnh kinh t\u1ebf b\u00ean c\u1ea1nh c\u00e1c chi\u1ebfn l\u01b0\u1ee3c marketing \u0111a d\u1ea1ng.<\/p>\n<p>Cho t\u1edbi nay, 8 d\u00f2ng s\u1ea3n ph\u1ea9m \u0111\u00e3 \u0111\u01b0\u1ee3c ho\u00e0n thi\u1ec7n, t\u1eadp trung ch\u1ee7 y\u1ebfu v\u00e0o vi\u1ec7c nghi\u00ean c\u1ee9u ph\u00e1t tri\u1ec3n nh\u1eefng s\u1ea3n ph\u1ea9m ph\u1ee5 ki\u1ec7n di \u0111\u1ed9ng v\u1edbi thi\u1ebft k\u1ebf \u0111\u1ed9c \u0111\u00e1o nh\u01b0 v\u1ecf b\u1ea3o v\u1ec7 \u0111i\u1ec7n tho\u1ea1i, y\u00ean xe h\u01a1i, d\u00e2y c\u00e1p d\u1eef li\u1ec7u, s\u1ea1c, pin d\u1ef1 ph\u00f2ng, loa, tai nghe.<\/p>\n<p>Baseus \u0111\u00e3 v\u00e0 \u0111ang l\u00e0m h\u00e0i l\u00f2ng h\u00e0ng tr\u0103m tri\u1ec7u ng\u01b0\u1eddi d\u00f9ng tr\u00ean to\u00e0n th\u1ebf gi\u1edbi.<\/p>\n<h3>C\u00e1c c\u1eeda h\u00e0ng ph\u00e2n ph\u1ed1i tr\u1ef1c ti\u1ebfp c\u1ee7a T\u1eadp \u0111o\u00e0n Baseus<\/h3>\n<p>Trong v\u00f2ng 1 n\u0103m, nh\u1eefng c\u1eeda h\u00e0ng ph\u00e2n ph\u1ed1i c\u1ee7a Baseus \u0111\u00e3 lan r\u1ed9ng \u0111\u1ebfn nh\u1eefng th\u00e0nh ph\u1ed1 l\u1edbn nh\u01b0 B\u1eafc Kinh, Qu\u1ea3ng Ch\u00e2u, Th\u00e2m Quy\u1ebfn. Tr\u00ean \u0111\u00e0 ph\u00e1t tri\u1ec3n \u0111\u00f3, nh\u1eefng s\u1ea3n ph\u1ea9m c\u1ee7a T\u1eadp \u0111o\u00e0n Baseus nhanh ch\u00f3ng \u0111\u1ebfn \u0111\u01b0\u1ee3c ng\u01b0\u1eddi d\u00f9ng tr\u00ean to\u00e0n c\u1ea7u v\u00e0 d\u1ea7n tr\u1edf n\u00ean \u0111\u01b0\u1ee3c \u01b0a chu\u1ed9ng \u0111\u1ed1i v\u1edbi nh\u1eefng si\u00eau th\u1ecb l\u1edbn, kh\u00e1ch h\u00e0ng trong v\u00e0 ngo\u00e0i n\u01b0\u1edbc.<\/p>\n<p><img decoding=\"async\" src=\"https:\/\/file.hstatic.net\/1000152881\/file\/map_grande.jpg\" data-pin-me-only=\"true\" \/><\/p>\n<p>Baseus Vi\u1ec7t Nam t\u1ef1 h\u00e0o l\u00e0 \u0111\u1ea1i di\u1ec7n ph\u00e2n ph\u1ed1i v\u00e0 b\u1ea3o h\u00e0nh ch\u00ednh th\u1ee9c c\u1ee7a Baseus Hong Kong t\u1ea1i Vi\u1ec7t Nam.<br \/>\nBaseus Vi\u1ec7t Nam lu\u00f4n theo t\u00f4n ch\u1ec9 ph\u00e1t tri\u1ec3n c\u1ee7a t\u1eadp \u0111o\u00e0n l\u00e0\u201cBase o<\/p>\n","protected":false},"excerpt":{"rendered":"<p>BASEUS:&#8221;Ch\u00fang t\u00f4i t\u1eadp trung ki\u1ebfn t\u1ea1o s\u1ea3n ph\u1ea9m&#8221; T\u1eadp \u0111o\u00e0n Baseus chuy\u00ean s\u1ea3n xu\u1ea5t ph\u1ee5 ki\u1ec7n c\u00f4ng ngh\u1ec7 \u0111\u1ebfn t\u1eeb Hongkong. \u0110\u1ecbnh h\u01b0\u1edbng ph\u00e1t tri\u1ec3n c\u1ee7a c\u00f4ng ty l\u00e0 ho\u1ea1t \u0111\u1ed9ng thi\u1ebft k\u1ebf v\u00e0 s\u00e1ng t\u1ea1o ra nh\u1eefng ph\u1ee5 ki\u1ec7n c\u00f4ng ngh\u1ec7 nguy\u00ean b\u1ea3n v\u1edbi nh\u1eefng phong c\u00e1ch h\u1ebft s\u1ee9c \u0111\u01a1n gi\u1ea3n nh\u01b0ng c\u0169ng r\u1ea5t&#8230;<\/p>\n","protected":false},"author":1,"featured_media":0,"parent":0,"menu_order":0,"comment_status":"closed","ping_status":"closed","template":"page-right-sidebar.php","meta":{"footnotes":""},"class_list":["post-36","page","type-page","status-publish","hentry"],"acf":[],"_links":{"self":[{"href":"https:\/\/khogiaodienmau.net\/dienthoai04\/wp-json\/wp\/v2\/pages\/36","targetHints":{"allow":["GET"]}}],"collection":[{"href":"https:\/\/khogiaodienmau.net\/dienthoai04\/wp-json\/wp\/v2\/pages"}],"about":[{"href":"https:\/\/khogiaodienmau.net\/dienthoai04\/wp-json\/wp\/v2\/types\/page"}],"author":[{"embeddable":true,"href":"https:\/\/khogiaodienmau.net\/dienthoai04\/wp-json\/wp\/v2\/users\/1"}],"replies":[{"embeddable":true,"href":"https:\/\/khogiaodienmau.net\/dienthoai04\/wp-json\/wp\/v2\/comments?post=36"}],"version-history":[{"count":2,"href":"https:\/\/khogiaodienmau.net\/dienthoai04\/wp-json\/wp\/v2\/pages\/36\/revisions"}],"predecessor-version":[{"id":954,"href":"https:\/\/khogiaodienmau.net\/dienthoai04\/wp-json\/wp\/v2\/pages\/36\/revisions\/954"}],"wp:attachment":[{"href":"https:\/\/khogiaodienmau.net\/dienthoai04\/wp-json\/wp\/v2\/media?parent=36"}],"curies":[{"name":"wp","href":"https:\/\/api.w.org\/{rel}","templated":true}]}}