{"id":31,"date":"2024-02-04T13:55:24","date_gmt":"2024-02-04T06:55:24","guid":{"rendered":"http:\/\/phukien.ninhbinhweb.top\/gio-hang\/"},"modified":"2024-02-04T13:55:24","modified_gmt":"2024-02-04T06:55:24","slug":"gio-hang","status":"publish","type":"page","link":"https:\/\/khogiaodienmau.net\/dienthoai04\/gio-hang\/","title":{"rendered":"Gi\u1ecf h\u00e0ng"},"content":{"rendered":"<div data-block-name=\"woocommerce\/cart\" class=\"wp-block-woocommerce-cart alignwide is-loading\"><div data-block-name=\"woocommerce\/filled-cart-block\" class=\"wp-block-woocommerce-filled-cart-block\"><div data-block-name=\"woocommerce\/cart-items-block\" class=\"wp-block-woocommerce-cart-items-block\"><div data-block-name=\"woocommerce\/cart-line-items-block\" class=\"wp-block-woocommerce-cart-line-items-block\"><\/div>\n\n<div data-block-name=\"woocommerce\/cart-cross-sells-block\" class=\"wp-block-woocommerce-cart-cross-sells-block\">\n<h2 class=\"wp-block-heading has-large-font-size\">You may be interested in\u2026<\/h2>\n\n\n<div data-block-name=\"woocommerce\/cart-cross-sells-products-block\" class=\"wp-block-woocommerce-cart-cross-sells-products-block\"><\/div><\/div><\/div>\n\n<div data-block-name=\"woocommerce\/cart-totals-block\" class=\"wp-block-woocommerce-cart-totals-block\"><div data-block-name=\"woocommerce\/cart-order-summary-block\" class=\"wp-block-woocommerce-cart-order-summary-block\"><div data-block-name=\"woocommerce\/cart-order-summary-heading-block\" class=\"wp-block-woocommerce-cart-order-summary-heading-block\"><\/div>\n\n<div data-block-name=\"woocommerce\/cart-order-summary-coupon-form-block\" class=\"wp-block-woocommerce-cart-order-summary-coupon-form-block\"><\/div>\n\n<div data-block-name=\"woocommerce\/cart-order-summary-subtotal-block\" class=\"wp-block-woocommerce-cart-order-summary-subtotal-block\"><\/div>\n\n<div data-block-name=\"woocommerce\/cart-order-summary-fee-block\" class=\"wp-block-woocommerce-cart-order-summary-fee-block\"><\/div>\n\n<div data-block-name=\"woocommerce\/cart-order-summary-discount-block\" class=\"wp-block-woocommerce-cart-order-summary-discount-block\"><\/div>\n\n<div data-block-name=\"woocommerce\/cart-order-summary-shipping-block\" class=\"wp-block-woocommerce-cart-order-summary-shipping-block\"><\/div>\n\n<div data-block-name=\"woocommerce\/cart-order-summary-taxes-block\" class=\"wp-block-woocommerce-cart-order-summary-taxes-block\"><\/div><\/div>\n\n<div data-block-name=\"woocommerce\/cart-express-payment-block\" class=\"wp-block-woocommerce-cart-express-payment-block\"><\/div>\n\n<div data-block-name=\"woocommerce\/proceed-to-checkout-block\" class=\"wp-block-woocommerce-proceed-to-checkout-block\"><\/div>\n\n<div data-block-name=\"woocommerce\/cart-accepted-payment-methods-block\" class=\"wp-block-woocommerce-cart-accepted-payment-methods-block\"><\/div><\/div><\/div>\n\n<div data-block-name=\"woocommerce\/empty-cart-block\" class=\"wp-block-woocommerce-empty-cart-block\">\n<h2 class=\"wp-block-heading has-text-align-center with-empty-cart-icon wc-block-cart__empty-cart__title\">Gi\u1ecf h\u00e0ng hi\u1ec7n t\u1ea1i ch\u01b0a c\u00f3 s\u1ea3n ph\u1ea9m n\u00e0o!<\/h2>\n\n\n\n<hr class=\"wp-block-separator has-alpha-channel-opacity is-style-dots\"\/>\n\n\n\n<h2 class=\"wp-block-heading has-text-align-center\">New in store<\/h2>\n\n\n<div data-block-name=\"woocommerce\/product-new\" data-columns=\"4\" data-rows=\"1\" class=\"wc-block-grid wp-block-product-new wc-block-product-new has-4-columns\"><ul class=\"wc-block-grid__products\"><li class=\"wc-block-grid__product\">\n\t\t\t\t<a href=\"https:\/\/khogiaodienmau.net\/dienthoai04\/den-treo-man-hinh-chong-choi-bao-ve-mat-baseus-i-wok2-series-screen-hanging-light-i-wok2-youth-new-edition-ra95-i-wok2-usb-asymmetric-full-spectrum-color-touch-control\/\" class=\"wc-block-grid__product-link\">\n\t\t\t\t\t<div class=\"wc-block-grid__product-onsale\">\n\t\t\t<span aria-hidden=\"true\">Sale<\/span>\n\t\t\t<span class=\"screen-reader-text\">Product on sale<\/span>\n\t\t<\/div>\n\t\t\t\t\t<div class=\"wc-block-grid__product-image\"><img loading=\"lazy\" decoding=\"async\" width=\"300\" height=\"300\" src=\"https:\/\/khogiaodienmau.net\/dienthoai04\/wp-content\/uploads\/2024\/02\/0__12__c01b47300ddd4e96bf5098e3b5dd055d_grande-300x300.webp\" class=\"attachment-woocommerce_thumbnail size-woocommerce_thumbnail\" alt=\"\u0110\u00e8n Treo M\u00e0n H\u00ecnh Ch\u1ed1ng Ch\u00f3i B\u1ea3o V\u1ec7 M\u1eaft Baseus i-wok2 Series Screen Hanging Light (I-wok2 Youth New Edition, Ra&gt;95, i-wok2 USB Asymmetric, Full Spectrum Color, Touch Control)\" srcset=\"https:\/\/khogiaodienmau.net\/dienthoai04\/wp-content\/uploads\/2024\/02\/0__12__c01b47300ddd4e96bf5098e3b5dd055d_grande-300x300.webp 300w, https:\/\/khogiaodienmau.net\/dienthoai04\/wp-content\/uploads\/2024\/02\/0__12__c01b47300ddd4e96bf5098e3b5dd055d_grande-150x150.webp 150w, https:\/\/khogiaodienmau.net\/dienthoai04\/wp-content\/uploads\/2024\/02\/0__12__c01b47300ddd4e96bf5098e3b5dd055d_grande-100x100.webp 100w, https:\/\/khogiaodienmau.net\/dienthoai04\/wp-content\/uploads\/2024\/02\/0__12__c01b47300ddd4e96bf5098e3b5dd055d_grande.webp 600w\" sizes=\"auto, (max-width: 300px) 100vw, 300px\" \/><\/div>\n\t\t\t\t\t<div class=\"wc-block-grid__product-title\">\u0110\u00e8n Treo M\u00e0n H\u00ecnh Ch\u1ed1ng Ch\u00f3i B\u1ea3o V\u1ec7 M\u1eaft Baseus i-wok2 Series Screen Hanging Light (I-wok2 Youth New Edition, Ra&gt;95, i-wok2 USB Asymmetric, Full Spectrum Color, Touch Control)<\/div>\n\t\t\t\t<\/a>\n\t\t\t\t<div class=\"wc-block-grid__product-price price\"><del aria-hidden=\"true\"><span class=\"woocommerce-Price-amount amount\">465.655&nbsp;<span class=\"woocommerce-Price-currencySymbol\">&#8363;<\/span><\/span><\/del> <ins><span class=\"woocommerce-Price-amount amount\">234.000&nbsp;<span class=\"woocommerce-Price-currencySymbol\">&#8363;<\/span><\/span><\/ins><\/div>\n\t\t\t\t\n\t\t\t\t<div class=\"wp-block-button wc-block-grid__product-add-to-cart\"><a href=\"?add-to-cart=445\" aria-label=\"Add &ldquo;\u0110\u00e8n Treo M\u00e0n H\u00ecnh Ch\u1ed1ng Ch\u00f3i B\u1ea3o V\u1ec7 M\u1eaft Baseus i-wok2 Series Screen Hanging Light (I-wok2 Youth New Edition, Ra&gt;95, i-wok2 USB Asymmetric, Full Spectrum Color, Touch Control)&rdquo; to your cart\" data-quantity=\"1\" data-product_id=\"445\" data-product_sku=\"HG893\" data-price=\"234000\" rel=\"nofollow\" class=\"wp-block-button__link  add_to_cart_button ajax_add_to_cart\">Add to cart<\/a><\/div>\n\t\t\t<\/li><li class=\"wc-block-grid__product\">\n\t\t\t\t<a href=\"https:\/\/khogiaodienmau.net\/dienthoai04\/hoc-dung-do-gan-bang-dieu-khien-tren-xe-oto-baseus-t-space-series-2-in-1-storage-compartment-for-etc\/\" class=\"wc-block-grid__product-link\">\n\t\t\t\t\t<div class=\"wc-block-grid__product-onsale\">\n\t\t\t<span aria-hidden=\"true\">Sale<\/span>\n\t\t\t<span class=\"screen-reader-text\">Product on sale<\/span>\n\t\t<\/div>\n\t\t\t\t\t<div class=\"wc-block-grid__product-image\"><img loading=\"lazy\" decoding=\"async\" width=\"300\" height=\"300\" src=\"https:\/\/khogiaodienmau.net\/dienthoai04\/wp-content\/uploads\/2024\/02\/1_7_dabaa2471a874fe29704aa956a54d9ac_grande-300x300.webp\" class=\"attachment-woocommerce_thumbnail size-woocommerce_thumbnail\" alt=\"H\u1ed9c \u0110\u1ef1ng \u0110\u1ed3 G\u1eafn B\u1ea3ng \u0110i\u1ec1u Khi\u1ec3n Tr\u00ean Xe \u00d4t\u00f4 Baseus T-Space Series 2-in-1 Storage Compartment for ETC\" srcset=\"https:\/\/khogiaodienmau.net\/dienthoai04\/wp-content\/uploads\/2024\/02\/1_7_dabaa2471a874fe29704aa956a54d9ac_grande-300x300.webp 300w, https:\/\/khogiaodienmau.net\/dienthoai04\/wp-content\/uploads\/2024\/02\/1_7_dabaa2471a874fe29704aa956a54d9ac_grande-150x150.webp 150w, https:\/\/khogiaodienmau.net\/dienthoai04\/wp-content\/uploads\/2024\/02\/1_7_dabaa2471a874fe29704aa956a54d9ac_grande-100x100.webp 100w, https:\/\/khogiaodienmau.net\/dienthoai04\/wp-content\/uploads\/2024\/02\/1_7_dabaa2471a874fe29704aa956a54d9ac_grande.webp 600w\" sizes=\"auto, (max-width: 300px) 100vw, 300px\" \/><\/div>\n\t\t\t\t\t<div class=\"wc-block-grid__product-title\">H\u1ed9c \u0110\u1ef1ng \u0110\u1ed3 G\u1eafn B\u1ea3ng \u0110i\u1ec1u Khi\u1ec3n Tr\u00ean Xe \u00d4t\u00f4 Baseus T-Space Series 2-in-1 Storage Compartment for ETC<\/div>\n\t\t\t\t<\/a>\n\t\t\t\t<div class=\"wc-block-grid__product-price price\"><del aria-hidden=\"true\"><span class=\"woocommerce-Price-amount amount\">589.000&nbsp;<span class=\"woocommerce-Price-currencySymbol\">&#8363;<\/span><\/span><\/del> <ins><span class=\"woocommerce-Price-amount amount\">456.000&nbsp;<span class=\"woocommerce-Price-currencySymbol\">&#8363;<\/span><\/span><\/ins><\/div>\n\t\t\t\t\n\t\t\t\t<div class=\"wp-block-button wc-block-grid__product-add-to-cart\"><a href=\"?add-to-cart=442\" aria-label=\"Add &ldquo;H\u1ed9c \u0110\u1ef1ng \u0110\u1ed3 G\u1eafn B\u1ea3ng \u0110i\u1ec1u Khi\u1ec3n Tr\u00ean Xe \u00d4t\u00f4 Baseus T-Space Series 2-in-1 Storage Compartment for ETC&rdquo; to your cart\" data-quantity=\"1\" data-product_id=\"442\" data-product_sku=\"\" data-price=\"456000\" rel=\"nofollow\" class=\"wp-block-button__link  add_to_cart_button ajax_add_to_cart\">Add to cart<\/a><\/div>\n\t\t\t<\/li><li class=\"wc-block-grid__product\">\n\t\t\t\t<a href=\"https:\/\/khogiaodienmau.net\/dienthoai04\/lot-chuot-baseus-mouse-pad-chat-lieu-da-pu-sieu-min\/\" class=\"wc-block-grid__product-link\">\n\t\t\t\t\t<div class=\"wc-block-grid__product-onsale\">\n\t\t\t<span aria-hidden=\"true\">Sale<\/span>\n\t\t\t<span class=\"screen-reader-text\">Product on sale<\/span>\n\t\t<\/div>\n\t\t\t\t\t<div class=\"wc-block-grid__product-image\"><img loading=\"lazy\" decoding=\"async\" width=\"300\" height=\"300\" src=\"https:\/\/khogiaodienmau.net\/dienthoai04\/wp-content\/uploads\/2024\/02\/8_9c30c5457df9446bb1435e61bcc9e992_grande-300x300.webp\" class=\"attachment-woocommerce_thumbnail size-woocommerce_thumbnail\" alt=\"L\u00f3t Chu\u1ed9t Baseus Mouse Pad Ch\u1ea5t Li\u1ec7u Da PU Si\u00eau M\u1ecbn\" srcset=\"https:\/\/khogiaodienmau.net\/dienthoai04\/wp-content\/uploads\/2024\/02\/8_9c30c5457df9446bb1435e61bcc9e992_grande-300x300.webp 300w, https:\/\/khogiaodienmau.net\/dienthoai04\/wp-content\/uploads\/2024\/02\/8_9c30c5457df9446bb1435e61bcc9e992_grande-150x150.webp 150w, https:\/\/khogiaodienmau.net\/dienthoai04\/wp-content\/uploads\/2024\/02\/8_9c30c5457df9446bb1435e61bcc9e992_grande-100x100.webp 100w, https:\/\/khogiaodienmau.net\/dienthoai04\/wp-content\/uploads\/2024\/02\/8_9c30c5457df9446bb1435e61bcc9e992_grande.webp 600w\" sizes=\"auto, (max-width: 300px) 100vw, 300px\" \/><\/div>\n\t\t\t\t\t<div class=\"wc-block-grid__product-title\">L\u00f3t Chu\u1ed9t Baseus Mouse Pad Ch\u1ea5t Li\u1ec7u Da PU Si\u00eau M\u1ecbn<\/div>\n\t\t\t\t<\/a>\n\t\t\t\t<div class=\"wc-block-grid__product-price price\"><del aria-hidden=\"true\"><span class=\"woocommerce-Price-amount amount\">90.000&nbsp;<span class=\"woocommerce-Price-currencySymbol\">&#8363;<\/span><\/span><\/del> <ins><span class=\"woocommerce-Price-amount amount\">70.000&nbsp;<span class=\"woocommerce-Price-currencySymbol\">&#8363;<\/span><\/span><\/ins><\/div>\n\t\t\t\t\n\t\t\t\t<div class=\"wp-block-button wc-block-grid__product-add-to-cart\"><a href=\"?add-to-cart=439\" aria-label=\"Add &ldquo;L\u00f3t Chu\u1ed9t Baseus Mouse Pad Ch\u1ea5t Li\u1ec7u Da PU Si\u00eau M\u1ecbn&rdquo; to your cart\" data-quantity=\"1\" data-product_id=\"439\" data-product_sku=\"\" data-price=\"70000\" rel=\"nofollow\" class=\"wp-block-button__link  add_to_cart_button ajax_add_to_cart\">Add to cart<\/a><\/div>\n\t\t\t<\/li><li class=\"wc-block-grid__product\">\n\t\t\t\t<a href=\"https:\/\/khogiaodienmau.net\/dienthoai04\/tau-sac-2-cong-usb-dung-tren-xe-hoi-baseus-grain-pro-car-charger-5v-4-8a-dual-usb-port-auto-quick-charger\/\" class=\"wc-block-grid__product-link\">\n\t\t\t\t\t<div class=\"wc-block-grid__product-onsale\">\n\t\t\t<span aria-hidden=\"true\">Sale<\/span>\n\t\t\t<span class=\"screen-reader-text\">Product on sale<\/span>\n\t\t<\/div>\n\t\t\t\t\t<div class=\"wc-block-grid__product-image\"><img loading=\"lazy\" decoding=\"async\" width=\"300\" height=\"300\" src=\"https:\/\/khogiaodienmau.net\/dienthoai04\/wp-content\/uploads\/2024\/02\/grain_pro_car_charger_01__16_6069edba070d4b3a8cf8b51b71ce25ce_grande-300x300.webp\" class=\"attachment-woocommerce_thumbnail size-woocommerce_thumbnail\" alt=\"T\u1ea9u s\u1ea1c 2 c\u1ed5ng USB d\u00f9ng tr\u00ean xe h\u01a1i Baseus Grain Pro Car Charger (5V\/4.8A, Dual USB Port Auto Quick charger)\" srcset=\"https:\/\/khogiaodienmau.net\/dienthoai04\/wp-content\/uploads\/2024\/02\/grain_pro_car_charger_01__16_6069edba070d4b3a8cf8b51b71ce25ce_grande-300x300.webp 300w, https:\/\/khogiaodienmau.net\/dienthoai04\/wp-content\/uploads\/2024\/02\/grain_pro_car_charger_01__16_6069edba070d4b3a8cf8b51b71ce25ce_grande-150x150.webp 150w, https:\/\/khogiaodienmau.net\/dienthoai04\/wp-content\/uploads\/2024\/02\/grain_pro_car_charger_01__16_6069edba070d4b3a8cf8b51b71ce25ce_grande-100x100.webp 100w, https:\/\/khogiaodienmau.net\/dienthoai04\/wp-content\/uploads\/2024\/02\/grain_pro_car_charger_01__16_6069edba070d4b3a8cf8b51b71ce25ce_grande.webp 600w\" sizes=\"auto, (max-width: 300px) 100vw, 300px\" \/><\/div>\n\t\t\t\t\t<div class=\"wc-block-grid__product-title\">T\u1ea9u s\u1ea1c 2 c\u1ed5ng USB d\u00f9ng tr\u00ean xe h\u01a1i Baseus Grain Pro Car Charger (5V\/4.8A, Dual USB Port Auto Quick charger)<\/div>\n\t\t\t\t<\/a>\n\t\t\t\t<div class=\"wc-block-grid__product-price price\"><del aria-hidden=\"true\"><span class=\"woocommerce-Price-amount amount\">125.000&nbsp;<span class=\"woocommerce-Price-currencySymbol\">&#8363;<\/span><\/span><\/del> <ins><span class=\"woocommerce-Price-amount amount\">100.000&nbsp;<span class=\"woocommerce-Price-currencySymbol\">&#8363;<\/span><\/span><\/ins><\/div>\n\t\t\t\t\n\t\t\t\t<div class=\"wp-block-button wc-block-grid__product-add-to-cart\"><a href=\"?add-to-cart=437\" aria-label=\"Add &ldquo;T\u1ea9u s\u1ea1c 2 c\u1ed5ng USB d\u00f9ng tr\u00ean xe h\u01a1i Baseus Grain Pro Car Charger (5V\/4.8A, Dual USB Port Auto Quick charger)&rdquo; to your cart\" data-quantity=\"1\" data-product_id=\"437\" data-product_sku=\"\" data-price=\"100000\" rel=\"nofollow\" class=\"wp-block-button__link  add_to_cart_button ajax_add_to_cart\">Add to cart<\/a><\/div>\n\t\t\t<\/li><\/ul><\/div><\/div><\/div>","protected":false},"excerpt":{"rendered":"","protected":false},"author":1,"featured_media":0,"parent":0,"menu_order":0,"comment_status":"closed","ping_status":"closed","template":"","meta":{"footnotes":""},"class_list":["post-31","page","type-page","status-publish","hentry"],"acf":[],"_links":{"self":[{"href":"https:\/\/khogiaodienmau.net\/dienthoai04\/wp-json\/wp\/v2\/pages\/31","targetHints":{"allow":["GET"]}}],"collection":[{"href":"https:\/\/khogiaodienmau.net\/dienthoai04\/wp-json\/wp\/v2\/pages"}],"about":[{"href":"https:\/\/khogiaodienmau.net\/dienthoai04\/wp-json\/wp\/v2\/types\/page"}],"author":[{"embeddable":true,"href":"https:\/\/khogiaodienmau.net\/dienthoai04\/wp-json\/wp\/v2\/users\/1"}],"replies":[{"embeddable":true,"href":"https:\/\/khogiaodienmau.net\/dienthoai04\/wp-json\/wp\/v2\/comments?post=31"}],"version-history":[{"count":0,"href":"https:\/\/khogiaodienmau.net\/dienthoai04\/wp-json\/wp\/v2\/pages\/31\/revisions"}],"wp:attachment":[{"href":"https:\/\/khogiaodienmau.net\/dienthoai04\/wp-json\/wp\/v2\/media?parent=31"}],"curies":[{"name":"wp","href":"https:\/\/api.w.org\/{rel}","templated":true}]}}