{"id":250,"date":"2023-06-26T22:41:27","date_gmt":"2023-06-26T15:41:27","guid":{"rendered":"http:\/\/thuexemay.giaodienwebmau.com\/?post_type=product&#038;p=250"},"modified":"2023-06-26T22:44:57","modified_gmt":"2023-06-26T15:44:57","slug":"yamaha-sirius-110cc","status":"publish","type":"product","link":"https:\/\/khogiaodienmau.net\/chothuexe1\/san-pham\/yamaha-sirius-110cc\/","title":{"rendered":"Yamaha Sirius 110cc"},"content":{"rendered":"<p>Yamaha Sirius 110cc<\/p>\n","protected":false},"excerpt":{"rendered":"<ul>\n<li><i class=\"fa fa-check-circle\" aria-hidden=\"true\"><\/i>02 m\u0169 b\u1ea3o hi\u1ec3m 1\/2 \u0111\u1ea7u<\/li>\n<li><i class=\"fa fa-check-circle\" aria-hidden=\"true\"><\/i>02 \u00e1o m\u01b0a d\u00f9ng m\u1ed9t l\u1ea7n<\/li>\n<li><i class=\"fa fa-check-circle\" aria-hidden=\"true\"><\/i>B\u1ea3o hi\u1ec3m + \u0110\u0103ng k\u00fd xe photo<\/li>\n<li><i class=\"fa fa-check-circle\" aria-hidden=\"true\"><\/i>D\u1ecbch v\u1ee5 c\u1ee9u h\u1ed9<\/li>\n<\/ul>\n","protected":false},"featured_media":252,"comment_status":"open","ping_status":"closed","template":"","meta":{"inline_featured_image":false},"product_cat":[17],"product_tag":[],"class_list":{"0":"post-250","1":"product","2":"type-product","3":"status-publish","4":"has-post-thumbnail","6":"product_cat-xe-may","8":"first","9":"instock","10":"shipping-taxable","11":"product-type-simple"},"yoast_head":"<!-- This site is optimized with the Yoast SEO plugin v22.5 - https:\/\/yoast.com\/wordpress\/plugins\/seo\/ -->\n<title>Yamaha Sirius 110cc - Thu\u00ea xe H\u00e0 Giang<\/title>\n<meta name=\"robots\" content=\"index, follow, max-snippet:-1, max-image-preview:large, max-video-preview:-1\" \/>\n<link rel=\"canonical\" href=\"https:\/\/khogiaodienmau.net\/chothuexe1\/san-pham\/yamaha-sirius-110cc\/\" \/>\n<meta property=\"og:locale\" content=\"vi_VN\" \/>\n<meta property=\"og:type\" content=\"article\" \/>\n<meta property=\"og:title\" content=\"Yamaha Sirius 110cc - Thu\u00ea xe H\u00e0 Giang\" \/>\n<meta property=\"og:description\" content=\"02 m\u0169 b\u1ea3o hi\u1ec3m 1\/2 \u0111\u1ea7u  02 \u00e1o m\u01b0a d\u00f9ng m\u1ed9t l\u1ea7n  B\u1ea3o hi\u1ec3m + \u0110\u0103ng k\u00fd xe photo  D\u1ecbch v\u1ee5 c\u1ee9u h\u1ed9\" \/>\n<meta property=\"og:url\" content=\"https:\/\/khogiaodienmau.net\/chothuexe1\/san-pham\/yamaha-sirius-110cc\/\" \/>\n<meta property=\"og:site_name\" content=\"Thu\u00ea xe H\u00e0 Giang\" \/>\n<meta property=\"article:modified_time\" content=\"2023-06-26T15:44:57+00:00\" \/>\n<meta property=\"og:image\" content=\"https:\/\/khogiaodienmau.net\/chothuexe1\/wp-content\/uploads\/2023\/06\/cho-thue-xe-may-ha-noi-min.png\" \/>\n\t<meta property=\"og:image:width\" content=\"600\" \/>\n\t<meta property=\"og:image:height\" content=\"350\" \/>\n\t<meta property=\"og:image:type\" content=\"image\/png\" \/>\n<meta name=\"twitter:card\" content=\"summary_large_image\" \/>\n<meta name=\"twitter:label1\" content=\"\u01af\u1edbc t\u00ednh th\u1eddi gian \u0111\u1ecdc\" \/>\n\t<meta name=\"twitter:data1\" content=\"1 ph\u00fat\" \/>\n<script type=\"application\/ld+json\" class=\"yoast-schema-graph\">{\"@context\":\"https:\/\/schema.org\",\"@graph\":[{\"@type\":\"WebPage\",\"@id\":\"https:\/\/khogiaodienmau.net\/chothuexe1\/san-pham\/yamaha-sirius-110cc\/\",\"url\":\"https:\/\/khogiaodienmau.net\/chothuexe1\/san-pham\/yamaha-sirius-110cc\/\",\"name\":\"Yamaha Sirius 110cc - Thu\u00ea xe H\u00e0 Giang\",\"isPartOf\":{\"@id\":\"https:\/\/khogiaodienmau.net\/chothuexe1\/#website\"},\"primaryImageOfPage\":{\"@id\":\"https:\/\/khogiaodienmau.net\/chothuexe1\/san-pham\/yamaha-sirius-110cc\/#primaryimage\"},\"image\":{\"@id\":\"https:\/\/khogiaodienmau.net\/chothuexe1\/san-pham\/yamaha-sirius-110cc\/#primaryimage\"},\"thumbnailUrl\":\"https:\/\/khogiaodienmau.net\/chothuexe1\/wp-content\/uploads\/2023\/06\/cho-thue-xe-may-ha-noi-min.png\",\"datePublished\":\"2023-06-26T15:41:27+00:00\",\"dateModified\":\"2023-06-26T15:44:57+00:00\",\"breadcrumb\":{\"@id\":\"https:\/\/khogiaodienmau.net\/chothuexe1\/san-pham\/yamaha-sirius-110cc\/#breadcrumb\"},\"inLanguage\":\"vi\",\"potentialAction\":[{\"@type\":\"ReadAction\",\"target\":[\"https:\/\/khogiaodienmau.net\/chothuexe1\/san-pham\/yamaha-sirius-110cc\/\"]}]},{\"@type\":\"ImageObject\",\"inLanguage\":\"vi\",\"@id\":\"https:\/\/khogiaodienmau.net\/chothuexe1\/san-pham\/yamaha-sirius-110cc\/#primaryimage\",\"url\":\"https:\/\/khogiaodienmau.net\/chothuexe1\/wp-content\/uploads\/2023\/06\/cho-thue-xe-may-ha-noi-min.png\",\"contentUrl\":\"https:\/\/khogiaodienmau.net\/chothuexe1\/wp-content\/uploads\/2023\/06\/cho-thue-xe-may-ha-noi-min.png\",\"width\":600,\"height\":350},{\"@type\":\"BreadcrumbList\",\"@id\":\"https:\/\/khogiaodienmau.net\/chothuexe1\/san-pham\/yamaha-sirius-110cc\/#breadcrumb\",\"itemListElement\":[{\"@type\":\"ListItem\",\"position\":1,\"name\":\"Trang ch\u1ee7\",\"item\":\"https:\/\/khogiaodienmau.net\/chothuexe1\/\"},{\"@type\":\"ListItem\",\"position\":2,\"name\":\"Thu\u00ea xe m\u00e1y\",\"item\":\"https:\/\/khogiaodienmau.net\/chothuexe1\/thue-xe-may\/\"},{\"@type\":\"ListItem\",\"position\":3,\"name\":\"Yamaha Sirius 110cc\"}]},{\"@type\":\"WebSite\",\"@id\":\"https:\/\/khogiaodienmau.net\/chothuexe1\/#website\",\"url\":\"https:\/\/khogiaodienmau.net\/chothuexe1\/\",\"name\":\"Thu\u00ea xe H\u00e0 Giang\",\"description\":\"An to\u00e0n, t\u1eadn t\u00e2m, nhi\u1ec7t t\u00ecnh\",\"publisher\":{\"@id\":\"https:\/\/khogiaodienmau.net\/chothuexe1\/#organization\"},\"potentialAction\":[{\"@type\":\"SearchAction\",\"target\":{\"@type\":\"EntryPoint\",\"urlTemplate\":\"https:\/\/khogiaodienmau.net\/chothuexe1\/?s={search_term_string}\"},\"query-input\":\"required name=search_term_string\"}],\"inLanguage\":\"vi\"},{\"@type\":\"Organization\",\"@id\":\"https:\/\/khogiaodienmau.net\/chothuexe1\/#organization\",\"name\":\"Taxi nhanh 24h\",\"url\":\"https:\/\/khogiaodienmau.net\/chothuexe1\/\",\"logo\":{\"@type\":\"ImageObject\",\"inLanguage\":\"vi\",\"@id\":\"https:\/\/khogiaodienmau.net\/chothuexe1\/#\/schema\/logo\/image\/\",\"url\":\"http:\/\/thuexemay.giaodienwebmau.com\/wp-content\/uploads\/2022\/04\/taxi.png\",\"contentUrl\":\"http:\/\/thuexemay.giaodienwebmau.com\/wp-content\/uploads\/2022\/04\/taxi.png\",\"width\":570,\"height\":191,\"caption\":\"Taxi nhanh 24h\"},\"image\":{\"@id\":\"https:\/\/khogiaodienmau.net\/chothuexe1\/#\/schema\/logo\/image\/\"}}]}<\/script>\n<!-- \/ Yoast SEO plugin. -->","yoast_head_json":{"title":"Yamaha Sirius 110cc - Thu\u00ea xe H\u00e0 Giang","robots":{"index":"index","follow":"follow","max-snippet":"max-snippet:-1","max-image-preview":"max-image-preview:large","max-video-preview":"max-video-preview:-1"},"canonical":"https:\/\/khogiaodienmau.net\/chothuexe1\/san-pham\/yamaha-sirius-110cc\/","og_locale":"vi_VN","og_type":"article","og_title":"Yamaha Sirius 110cc - Thu\u00ea xe H\u00e0 Giang","og_description":"02 m\u0169 b\u1ea3o hi\u1ec3m 1\/2 \u0111\u1ea7u  02 \u00e1o m\u01b0a d\u00f9ng m\u1ed9t l\u1ea7n  B\u1ea3o hi\u1ec3m + \u0110\u0103ng k\u00fd xe photo  D\u1ecbch v\u1ee5 c\u1ee9u h\u1ed9","og_url":"https:\/\/khogiaodienmau.net\/chothuexe1\/san-pham\/yamaha-sirius-110cc\/","og_site_name":"Thu\u00ea xe H\u00e0 Giang","article_modified_time":"2023-06-26T15:44:57+00:00","og_image":[{"width":600,"height":350,"url":"https:\/\/khogiaodienmau.net\/chothuexe1\/wp-content\/uploads\/2023\/06\/cho-thue-xe-may-ha-noi-min.png","type":"image\/png"}],"twitter_card":"summary_large_image","twitter_misc":{"\u01af\u1edbc t\u00ednh th\u1eddi gian \u0111\u1ecdc":"1 ph\u00fat"},"schema":{"@context":"https:\/\/schema.org","@graph":[{"@type":"WebPage","@id":"https:\/\/khogiaodienmau.net\/chothuexe1\/san-pham\/yamaha-sirius-110cc\/","url":"https:\/\/khogiaodienmau.net\/chothuexe1\/san-pham\/yamaha-sirius-110cc\/","name":"Yamaha Sirius 110cc - Thu\u00ea xe H\u00e0 Giang","isPartOf":{"@id":"https:\/\/khogiaodienmau.net\/chothuexe1\/#website"},"primaryImageOfPage":{"@id":"https:\/\/khogiaodienmau.net\/chothuexe1\/san-pham\/yamaha-sirius-110cc\/#primaryimage"},"image":{"@id":"https:\/\/khogiaodienmau.net\/chothuexe1\/san-pham\/yamaha-sirius-110cc\/#primaryimage"},"thumbnailUrl":"https:\/\/khogiaodienmau.net\/chothuexe1\/wp-content\/uploads\/2023\/06\/cho-thue-xe-may-ha-noi-min.png","datePublished":"2023-06-26T15:41:27+00:00","dateModified":"2023-06-26T15:44:57+00:00","breadcrumb":{"@id":"https:\/\/khogiaodienmau.net\/chothuexe1\/san-pham\/yamaha-sirius-110cc\/#breadcrumb"},"inLanguage":"vi","potentialAction":[{"@type":"ReadAction","target":["https:\/\/khogiaodienmau.net\/chothuexe1\/san-pham\/yamaha-sirius-110cc\/"]}]},{"@type":"ImageObject","inLanguage":"vi","@id":"https:\/\/khogiaodienmau.net\/chothuexe1\/san-pham\/yamaha-sirius-110cc\/#primaryimage","url":"https:\/\/khogiaodienmau.net\/chothuexe1\/wp-content\/uploads\/2023\/06\/cho-thue-xe-may-ha-noi-min.png","contentUrl":"https:\/\/khogiaodienmau.net\/chothuexe1\/wp-content\/uploads\/2023\/06\/cho-thue-xe-may-ha-noi-min.png","width":600,"height":350},{"@type":"BreadcrumbList","@id":"https:\/\/khogiaodienmau.net\/chothuexe1\/san-pham\/yamaha-sirius-110cc\/#breadcrumb","itemListElement":[{"@type":"ListItem","position":1,"name":"Trang ch\u1ee7","item":"https:\/\/khogiaodienmau.net\/chothuexe1\/"},{"@type":"ListItem","position":2,"name":"Thu\u00ea xe m\u00e1y","item":"https:\/\/khogiaodienmau.net\/chothuexe1\/thue-xe-may\/"},{"@type":"ListItem","position":3,"name":"Yamaha Sirius 110cc"}]},{"@type":"WebSite","@id":"https:\/\/khogiaodienmau.net\/chothuexe1\/#website","url":"https:\/\/khogiaodienmau.net\/chothuexe1\/","name":"Thu\u00ea xe H\u00e0 Giang","description":"An to\u00e0n, t\u1eadn t\u00e2m, nhi\u1ec7t t\u00ecnh","publisher":{"@id":"https:\/\/khogiaodienmau.net\/chothuexe1\/#organization"},"potentialAction":[{"@type":"SearchAction","target":{"@type":"EntryPoint","urlTemplate":"https:\/\/khogiaodienmau.net\/chothuexe1\/?s={search_term_string}"},"query-input":"required name=search_term_string"}],"inLanguage":"vi"},{"@type":"Organization","@id":"https:\/\/khogiaodienmau.net\/chothuexe1\/#organization","name":"Taxi nhanh 24h","url":"https:\/\/khogiaodienmau.net\/chothuexe1\/","logo":{"@type":"ImageObject","inLanguage":"vi","@id":"https:\/\/khogiaodienmau.net\/chothuexe1\/#\/schema\/logo\/image\/","url":"http:\/\/thuexemay.giaodienwebmau.com\/wp-content\/uploads\/2022\/04\/taxi.png","contentUrl":"http:\/\/thuexemay.giaodienwebmau.com\/wp-content\/uploads\/2022\/04\/taxi.png","width":570,"height":191,"caption":"Taxi nhanh 24h"},"image":{"@id":"https:\/\/khogiaodienmau.net\/chothuexe1\/#\/schema\/logo\/image\/"}}]}},"_links":{"self":[{"href":"https:\/\/khogiaodienmau.net\/chothuexe1\/wp-json\/wp\/v2\/product\/250","targetHints":{"allow":["GET"]}}],"collection":[{"href":"https:\/\/khogiaodienmau.net\/chothuexe1\/wp-json\/wp\/v2\/product"}],"about":[{"href":"https:\/\/khogiaodienmau.net\/chothuexe1\/wp-json\/wp\/v2\/types\/product"}],"replies":[{"embeddable":true,"href":"https:\/\/khogiaodienmau.net\/chothuexe1\/wp-json\/wp\/v2\/comments?post=250"}],"wp:featuredmedia":[{"embeddable":true,"href":"https:\/\/khogiaodienmau.net\/chothuexe1\/wp-json\/wp\/v2\/media\/252"}],"wp:attachment":[{"href":"https:\/\/khogiaodienmau.net\/chothuexe1\/wp-json\/wp\/v2\/media?parent=250"}],"wp:term":[{"taxonomy":"product_cat","embeddable":true,"href":"https:\/\/khogiaodienmau.net\/chothuexe1\/wp-json\/wp\/v2\/product_cat?post=250"},{"taxonomy":"product_tag","embeddable":true,"href":"https:\/\/khogiaodienmau.net\/chothuexe1\/wp-json\/wp\/v2\/product_tag?post=250"}],"curies":[{"name":"wp","href":"https:\/\/api.w.org\/{rel}","templated":true}]}}