{"id":278,"date":"2023-06-27T21:45:00","date_gmt":"2023-06-27T14:45:00","guid":{"rendered":"http:\/\/thuexemay.giaodienwebmau.com\/?page_id=278"},"modified":"2023-06-27T22:47:17","modified_gmt":"2023-06-27T15:47:17","slug":"lien-he-2","status":"publish","type":"page","link":"https:\/\/khogiaodienmau.net\/chothuexe1\/lien-he-2\/","title":{"rendered":"Li\u00ean h\u1ec7"},"content":{"rendered":"\t<section class=\"section\" id=\"section_1860996795\">\n\t\t<div class=\"bg section-bg fill bg-fill  bg-loaded\" >\n\n\t\t\t\n\t\t\t\n\t\t\t\n\n\t\t<\/div>\n\n\t\t\n\n\t\t<div class=\"section-content relative\">\n\t\t\t\n<div class=\"row\"  id=\"row-86670730\">\n\n\t<div id=\"col-642990603\" class=\"col medium-6 small-12 large-6\"  >\n\t\t\t\t<div class=\"col-inner\"  >\n\t\t\t\n\t\t\t\n<p style=\"margin-bottom: 0\"><iframe src=\"https:\/\/www.google.com\/maps\/embed?pb=!1m18!1m12!1m3!1d3918.9880335369694!2d106.66304631428723!3d10.81222726148963!2m3!1f0!2f0!3f0!3m2!1i1024!2i768!4f13.1!3m3!1m2!1s0x31752f0bf718d55d%3A0x94f4ac71f5d34f52!2zVGF4aSBTw6JuIEJheSBUw6JuIFPGoW4gTmjhuqV0!5e0!3m2!1svi!2s!4v1653585924717!5m2!1svi!2s\" width=\"100%\" height=\"350\" style=\"border:0;\" allowfullscreen=\"\" loading=\"lazy\" referrerpolicy=\"no-referrer-when-downgrade\"><\/iframe><\/p>\n\t\t<\/div>\n\t\t\t\t\t<\/div>\n\n\t\n\n\t<div id=\"col-2033036993\" class=\"col medium-6 small-12 large-6\"  >\n\t\t\t\t<div class=\"col-inner\"  >\n\t\t\t\n\t\t\t\n\n<div class=\"wpcf7 no-js\" id=\"wpcf7-f37-o1\" lang=\"vi\" dir=\"ltr\">\n<div class=\"screen-reader-response\"><p role=\"status\" aria-live=\"polite\" aria-atomic=\"true\"><\/p> <ul><\/ul><\/div>\n<form action=\"\/chothuexe1\/wp-json\/wp\/v2\/pages\/278#wpcf7-f37-o1\" method=\"post\" class=\"wpcf7-form init\" aria-label=\"Form li\u00ean h\u1ec7\" novalidate=\"novalidate\" data-status=\"init\">\n<div style=\"display: none;\">\n<input type=\"hidden\" name=\"_wpcf7\" value=\"37\" \/>\n<input type=\"hidden\" name=\"_wpcf7_version\" value=\"5.9.3\" \/>\n<input type=\"hidden\" name=\"_wpcf7_locale\" value=\"vi\" \/>\n<input type=\"hidden\" name=\"_wpcf7_unit_tag\" value=\"wpcf7-f37-o1\" \/>\n<input type=\"hidden\" name=\"_wpcf7_container_post\" value=\"0\" \/>\n<input type=\"hidden\" name=\"_wpcf7_posted_data_hash\" value=\"\" \/>\n<\/div>\n<div class=\"formdatxe\">\n\n<div class=\"title-form\"> <h4>TH\u00d4NG TIN NH\u1eacN XE <\/h4> <\/div>\n<div class=\"div-form\">\n<i class=\"fas fa-user\"><\/i><span class=\"wpcf7-form-control-wrap\" data-name=\"ho-ten\"><input size=\"40\" class=\"wpcf7-form-control wpcf7-text\" aria-invalid=\"false\" placeholder=\"Nh\u1eadp h\u1ecd t\u00ean c\u1ee7a b\u1ea1n\" value=\"\" type=\"text\" name=\"ho-ten\" \/><\/span>\n<\/div>\n<div class=\"div-form\">\n<i class=\"fas fa-map-marker-alt\"><\/i><span class=\"wpcf7-form-control-wrap\" data-name=\"diemdon\"><input size=\"40\" class=\"wpcf7-form-control wpcf7-text\" aria-invalid=\"false\" placeholder=\"Ch\u1ecdn \u0111i\u1ec3m nh\u1eadn xe\" value=\"\" type=\"text\" name=\"diemdon\" \/><\/span>\n<\/div>\n\n\n<div class=\"div-form\">\n<i class=\"far fa-calendar\"><\/i><span class=\"wpcf7-form-control-wrap\" data-name=\"ngay-nhan\"><input size=\"40\" class=\"wpcf7-form-control wpcf7-text wpcf7-validates-as-required walcf7-datetimepicker\" aria-required=\"true\" aria-invalid=\"false\" placeholder=\"Ng\u00e0y nh\u1eadn xe\" value=\"\" type=\"text\" name=\"ngay-nhan\" \/><\/span>\n<\/div>\n\n\n<div class=\"title-form\"> <h4>TH\u00d4NG TIN TR\u1ea2 XE <\/h4> <\/div>\n\n\n<div class=\"div-form\">\n<i class=\"far fa-calendar\"><\/i><span class=\"wpcf7-form-control-wrap\" data-name=\"ngay-tra\"><input size=\"40\" class=\"wpcf7-form-control wpcf7-text wpcf7-validates-as-required walcf7-datetimepicker\" aria-required=\"true\" aria-invalid=\"false\" placeholder=\"Ng\u00e0y tr\u1ea3 xe\" value=\"\" type=\"text\" name=\"ngay-tra\" \/><\/span>\n<\/div>\n\n\n<div class=\"div-form\">\n<i class=\"fas fa-phone-alt\"><\/i><span class=\"wpcf7-form-control-wrap\" data-name=\"so-dien-thoai\"><input size=\"40\" class=\"wpcf7-form-control wpcf7-tel wpcf7-text wpcf7-validates-as-tel\" aria-invalid=\"false\" placeholder=\"S\u1ed1 \u0111i\u1ec7n tho\u1ea1i\" value=\"\" type=\"tel\" name=\"so-dien-thoai\" \/><\/span>\n<\/div>\n\n<div class=\"btn-datxe\">\n   <input class=\"wpcf7-form-control wpcf7-submit has-spinner\" type=\"submit\" value=\"\u0110\u1eb7t xe ngay\" \/>\n<\/div>\n\n\n<\/div><div class=\"wpcf7-response-output\" aria-hidden=\"true\"><\/div>\n<\/form>\n<\/div>\n\n\t\t<\/div>\n\t\t\t\t\t<\/div>\n\n\t\n<\/div>\n\t\t<\/div>\n\n\t\t\n<style>\n#section_1860996795 {\n  padding-top: 30px;\n  padding-bottom: 30px;\n}\n<\/style>\n\t<\/section>\n\t\n","protected":false},"excerpt":{"rendered":"","protected":false},"author":2,"featured_media":0,"parent":0,"menu_order":0,"comment_status":"closed","ping_status":"closed","template":"page-blank.php","meta":{"inline_featured_image":false,"footnotes":""},"class_list":["post-278","page","type-page","status-publish","hentry"],"yoast_head":"<!-- This site is optimized with the Yoast SEO plugin v22.5 - https:\/\/yoast.com\/wordpress\/plugins\/seo\/ -->\n<title>Li\u00ean h\u1ec7<\/title>\n<meta name=\"robots\" content=\"index, follow, max-snippet:-1, max-image-preview:large, max-video-preview:-1\" \/>\n<link rel=\"canonical\" href=\"https:\/\/khogiaodienmau.net\/chothuexe1\/lien-he-2\/\" \/>\n<meta property=\"og:locale\" content=\"vi_VN\" \/>\n<meta property=\"og:type\" content=\"article\" \/>\n<meta property=\"og:title\" content=\"Li\u00ean h\u1ec7\" \/>\n<meta property=\"og:url\" content=\"https:\/\/khogiaodienmau.net\/chothuexe1\/lien-he-2\/\" \/>\n<meta property=\"og:site_name\" content=\"Thu\u00ea xe H\u00e0 Giang\" \/>\n<meta property=\"article:modified_time\" content=\"2023-06-27T15:47:17+00:00\" \/>\n<meta name=\"twitter:card\" content=\"summary_large_image\" \/>\n<meta name=\"twitter:label1\" content=\"\u01af\u1edbc t\u00ednh th\u1eddi gian \u0111\u1ecdc\" \/>\n\t<meta name=\"twitter:data1\" content=\"1 ph\u00fat\" \/>\n<script type=\"application\/ld+json\" class=\"yoast-schema-graph\">{\"@context\":\"https:\/\/schema.org\",\"@graph\":[{\"@type\":\"WebPage\",\"@id\":\"https:\/\/khogiaodienmau.net\/chothuexe1\/lien-he-2\/\",\"url\":\"https:\/\/khogiaodienmau.net\/chothuexe1\/lien-he-2\/\",\"name\":\"Li\u00ean h\u1ec7\",\"isPartOf\":{\"@id\":\"https:\/\/khogiaodienmau.net\/chothuexe1\/#website\"},\"datePublished\":\"2023-06-27T14:45:00+00:00\",\"dateModified\":\"2023-06-27T15:47:17+00:00\",\"breadcrumb\":{\"@id\":\"https:\/\/khogiaodienmau.net\/chothuexe1\/lien-he-2\/#breadcrumb\"},\"inLanguage\":\"vi\",\"potentialAction\":[{\"@type\":\"ReadAction\",\"target\":[\"https:\/\/khogiaodienmau.net\/chothuexe1\/lien-he-2\/\"]}]},{\"@type\":\"BreadcrumbList\",\"@id\":\"https:\/\/khogiaodienmau.net\/chothuexe1\/lien-he-2\/#breadcrumb\",\"itemListElement\":[{\"@type\":\"ListItem\",\"position\":1,\"name\":\"Trang ch\u1ee7\",\"item\":\"https:\/\/khogiaodienmau.net\/chothuexe1\/\"},{\"@type\":\"ListItem\",\"position\":2,\"name\":\"Li\u00ean h\u1ec7\"}]},{\"@type\":\"WebSite\",\"@id\":\"https:\/\/khogiaodienmau.net\/chothuexe1\/#website\",\"url\":\"https:\/\/khogiaodienmau.net\/chothuexe1\/\",\"name\":\"Thu\u00ea xe H\u00e0 Giang\",\"description\":\"An to\u00e0n, t\u1eadn t\u00e2m, nhi\u1ec7t t\u00ecnh\",\"publisher\":{\"@id\":\"https:\/\/khogiaodienmau.net\/chothuexe1\/#organization\"},\"potentialAction\":[{\"@type\":\"SearchAction\",\"target\":{\"@type\":\"EntryPoint\",\"urlTemplate\":\"https:\/\/khogiaodienmau.net\/chothuexe1\/?s={search_term_string}\"},\"query-input\":\"required name=search_term_string\"}],\"inLanguage\":\"vi\"},{\"@type\":\"Organization\",\"@id\":\"https:\/\/khogiaodienmau.net\/chothuexe1\/#organization\",\"name\":\"Taxi nhanh 24h\",\"url\":\"https:\/\/khogiaodienmau.net\/chothuexe1\/\",\"logo\":{\"@type\":\"ImageObject\",\"inLanguage\":\"vi\",\"@id\":\"https:\/\/khogiaodienmau.net\/chothuexe1\/#\/schema\/logo\/image\/\",\"url\":\"http:\/\/thuexemay.giaodienwebmau.com\/wp-content\/uploads\/2022\/04\/taxi.png\",\"contentUrl\":\"http:\/\/thuexemay.giaodienwebmau.com\/wp-content\/uploads\/2022\/04\/taxi.png\",\"width\":570,\"height\":191,\"caption\":\"Taxi nhanh 24h\"},\"image\":{\"@id\":\"https:\/\/khogiaodienmau.net\/chothuexe1\/#\/schema\/logo\/image\/\"}}]}<\/script>\n<!-- \/ Yoast SEO plugin. -->","yoast_head_json":{"title":"Li\u00ean h\u1ec7","robots":{"index":"index","follow":"follow","max-snippet":"max-snippet:-1","max-image-preview":"max-image-preview:large","max-video-preview":"max-video-preview:-1"},"canonical":"https:\/\/khogiaodienmau.net\/chothuexe1\/lien-he-2\/","og_locale":"vi_VN","og_type":"article","og_title":"Li\u00ean h\u1ec7","og_url":"https:\/\/khogiaodienmau.net\/chothuexe1\/lien-he-2\/","og_site_name":"Thu\u00ea xe H\u00e0 Giang","article_modified_time":"2023-06-27T15:47:17+00:00","twitter_card":"summary_large_image","twitter_misc":{"\u01af\u1edbc t\u00ednh th\u1eddi gian \u0111\u1ecdc":"1 ph\u00fat"},"schema":{"@context":"https:\/\/schema.org","@graph":[{"@type":"WebPage","@id":"https:\/\/khogiaodienmau.net\/chothuexe1\/lien-he-2\/","url":"https:\/\/khogiaodienmau.net\/chothuexe1\/lien-he-2\/","name":"Li\u00ean h\u1ec7","isPartOf":{"@id":"https:\/\/khogiaodienmau.net\/chothuexe1\/#website"},"datePublished":"2023-06-27T14:45:00+00:00","dateModified":"2023-06-27T15:47:17+00:00","breadcrumb":{"@id":"https:\/\/khogiaodienmau.net\/chothuexe1\/lien-he-2\/#breadcrumb"},"inLanguage":"vi","potentialAction":[{"@type":"ReadAction","target":["https:\/\/khogiaodienmau.net\/chothuexe1\/lien-he-2\/"]}]},{"@type":"BreadcrumbList","@id":"https:\/\/khogiaodienmau.net\/chothuexe1\/lien-he-2\/#breadcrumb","itemListElement":[{"@type":"ListItem","position":1,"name":"Trang ch\u1ee7","item":"https:\/\/khogiaodienmau.net\/chothuexe1\/"},{"@type":"ListItem","position":2,"name":"Li\u00ean h\u1ec7"}]},{"@type":"WebSite","@id":"https:\/\/khogiaodienmau.net\/chothuexe1\/#website","url":"https:\/\/khogiaodienmau.net\/chothuexe1\/","name":"Thu\u00ea xe H\u00e0 Giang","description":"An to\u00e0n, t\u1eadn t\u00e2m, nhi\u1ec7t t\u00ecnh","publisher":{"@id":"https:\/\/khogiaodienmau.net\/chothuexe1\/#organization"},"potentialAction":[{"@type":"SearchAction","target":{"@type":"EntryPoint","urlTemplate":"https:\/\/khogiaodienmau.net\/chothuexe1\/?s={search_term_string}"},"query-input":"required name=search_term_string"}],"inLanguage":"vi"},{"@type":"Organization","@id":"https:\/\/khogiaodienmau.net\/chothuexe1\/#organization","name":"Taxi nhanh 24h","url":"https:\/\/khogiaodienmau.net\/chothuexe1\/","logo":{"@type":"ImageObject","inLanguage":"vi","@id":"https:\/\/khogiaodienmau.net\/chothuexe1\/#\/schema\/logo\/image\/","url":"http:\/\/thuexemay.giaodienwebmau.com\/wp-content\/uploads\/2022\/04\/taxi.png","contentUrl":"http:\/\/thuexemay.giaodienwebmau.com\/wp-content\/uploads\/2022\/04\/taxi.png","width":570,"height":191,"caption":"Taxi nhanh 24h"},"image":{"@id":"https:\/\/khogiaodienmau.net\/chothuexe1\/#\/schema\/logo\/image\/"}}]}},"_links":{"self":[{"href":"https:\/\/khogiaodienmau.net\/chothuexe1\/wp-json\/wp\/v2\/pages\/278","targetHints":{"allow":["GET"]}}],"collection":[{"href":"https:\/\/khogiaodienmau.net\/chothuexe1\/wp-json\/wp\/v2\/pages"}],"about":[{"href":"https:\/\/khogiaodienmau.net\/chothuexe1\/wp-json\/wp\/v2\/types\/page"}],"author":[{"embeddable":true,"href":"https:\/\/khogiaodienmau.net\/chothuexe1\/wp-json\/wp\/v2\/users\/2"}],"replies":[{"embeddable":true,"href":"https:\/\/khogiaodienmau.net\/chothuexe1\/wp-json\/wp\/v2\/comments?post=278"}],"version-history":[{"count":2,"href":"https:\/\/khogiaodienmau.net\/chothuexe1\/wp-json\/wp\/v2\/pages\/278\/revisions"}],"predecessor-version":[{"id":306,"href":"https:\/\/khogiaodienmau.net\/chothuexe1\/wp-json\/wp\/v2\/pages\/278\/revisions\/306"}],"wp:attachment":[{"href":"https:\/\/khogiaodienmau.net\/chothuexe1\/wp-json\/wp\/v2\/media?parent=278"}],"curies":[{"name":"wp","href":"https:\/\/api.w.org\/{rel}","templated":true}]}}