{"id":276,"date":"2023-06-27T21:44:43","date_gmt":"2023-06-27T14:44:43","guid":{"rendered":"http:\/\/thuexemay.giaodienwebmau.com\/?page_id=276"},"modified":"2023-06-27T22:12:06","modified_gmt":"2023-06-27T15:12:06","slug":"gioi-thieu","status":"publish","type":"page","link":"https:\/\/khogiaodienmau.net\/chothuexe1\/gioi-thieu\/","title":{"rendered":"Gi\u1edbi thi\u1ec7u"},"content":{"rendered":"  <div id=\"page-header-1032394801\" class=\"page-header-wrapper\">\n  <div class=\"page-title dark featured-title\">\n\n        <div class=\"page-title-bg\">\n      <div class=\"title-bg fill bg-fill\"\n        data-parallax-container=\".page-title\"\n        data-parallax-background\n        data-parallax=\"-\">\n      <\/div>\n      <div class=\"title-overlay fill\"><\/div>\n    <\/div>\n    \n    <div class=\"page-title-inner container align-center text-center flex-row-col medium-flex-wrap\" >\n              <div class=\"title-wrapper is-larger flex-col\">\n          <h1 class=\"entry-title mb-0\">\n            Gi\u1edbi thi\u1ec7u          <\/h1>\n        <\/div>\n                    <div class=\"title-content flex-col\">\n        <div class=\"title-breadcrumbs pb-half pt-half\"><nav class=\"woocommerce-breadcrumb breadcrumbs uppercase\">Home<\/nav><\/div>      <\/div>\n    <\/div>\n\n     \n<style>\n#page-header-1032394801 .page-title-inner {\n  min-height: 300px;\n}\n#page-header-1032394801 .title-bg {\n  background-image: url(https:\/\/khogiaodienmau.net\/chothuexe1\/wp-content\/uploads\/2023\/06\/gioi-thieu.jpg);\n}\n<\/style>\n  <\/div>\n    <\/div>\n  \n\t<section class=\"section\" id=\"section_519259105\">\n\t\t<div class=\"bg section-bg fill bg-fill  bg-loaded\" >\n\n\t\t\t\n\t\t\t\n\t\t\t\n\n\t\t<\/div>\n\n\t\t\n\n\t\t<div class=\"section-content relative\">\n\t\t\t\n<div class=\"row\"  id=\"row-647462819\">\n\n\t<div id=\"col-1712630448\" class=\"col small-12 large-12\"  >\n\t\t\t\t<div class=\"col-inner\"  >\n\t\t\t\n\t\t\t\n<p>MOTOGO l\u00e0 d\u1ecbch v\u1ee5 cho thu\u00ea xe m\u00e1y t\u1ef1 l\u00e1i chuy\u00ean nghi\u1ec7p t\u1ea1i Vi\u1ec7t Nam, cho ph\u00e9p ng\u01b0\u1eddi thu\u00ea c\u00f3 th\u1ec3 nh\u1eadn xe t\u1ea1i m\u1ed9t \u0111i\u1ec3m v\u00e0 tr\u1ea3 xe t\u1ea1i m\u1ed9t \u0111i\u1ec3m kh\u00e1c tr\u00ean c\u00f9ng m\u1ed9t h\u1ec7 th\u1ed1ng. V\u1edbi m\u1ee5c ti\u00eau t\u1ea1o ra t\u1ea1o s\u1ef1 thu\u1eadn ti\u1ec7n t\u1ed1i \u0111a cho kh\u00e1ch thu\u00ea xe, ch\u00fang t\u00f4i s\u1ebd x\u00e2y d\u1ef1ng h\u1ec7 th\u1ed1ng c\u00e1c tr\u1ea1m, \u0111i\u1ec3m giao nh\u1eadn xe tr\u1ea3i d\u00e0i t\u1ea1i t\u1ea5t c\u1ea3 c\u00e1c t\u1ec9nh th\u00e0nh ph\u1ed1 du l\u1ecbch, t\u1ea1o ra m\u1ea1ng l\u01b0\u1edbi \u0111i\u1ec3m giao nh\u1eadn xe r\u1ed9ng kh\u1eafp cho ph\u00e9p ng\u01b0\u1eddi thu\u00ea nh\u1eadn v\u00e0 \u0111i \u0111\u1ebfn b\u1ea5t k\u1ef3 th\u00e0nh ph\u1ed1 n\u00e0o c\u0169ng c\u00f3 th\u1ec3 tr\u1ea3 xe.<\/p>\n\t\t<\/div>\n\t\t\t\t\t<\/div>\n\n\t\n<\/div>\n\t\t<\/div>\n\n\t\t\n<style>\n#section_519259105 {\n  padding-top: 30px;\n  padding-bottom: 30px;\n}\n<\/style>\n\t<\/section>\n\t\n","protected":false},"excerpt":{"rendered":"","protected":false},"author":2,"featured_media":0,"parent":0,"menu_order":0,"comment_status":"closed","ping_status":"closed","template":"page-blank.php","meta":{"inline_featured_image":false,"footnotes":""},"class_list":["post-276","page","type-page","status-publish","hentry"],"yoast_head":"<!-- This site is optimized with the Yoast SEO plugin v22.5 - https:\/\/yoast.com\/wordpress\/plugins\/seo\/ -->\n<title>Gi\u1edbi thi\u1ec7u<\/title>\n<meta name=\"robots\" content=\"index, follow, max-snippet:-1, max-image-preview:large, max-video-preview:-1\" \/>\n<link rel=\"canonical\" href=\"https:\/\/khogiaodienmau.net\/chothuexe1\/gioi-thieu\/\" \/>\n<meta property=\"og:locale\" content=\"vi_VN\" \/>\n<meta property=\"og:type\" content=\"article\" \/>\n<meta property=\"og:title\" content=\"Gi\u1edbi thi\u1ec7u\" \/>\n<meta property=\"og:url\" content=\"https:\/\/khogiaodienmau.net\/chothuexe1\/gioi-thieu\/\" \/>\n<meta property=\"og:site_name\" content=\"Thu\u00ea xe H\u00e0 Giang\" \/>\n<meta property=\"article:modified_time\" content=\"2023-06-27T15:12:06+00:00\" \/>\n<meta name=\"twitter:card\" content=\"summary_large_image\" \/>\n<meta name=\"twitter:label1\" content=\"\u01af\u1edbc t\u00ednh th\u1eddi gian \u0111\u1ecdc\" \/>\n\t<meta name=\"twitter:data1\" content=\"1 ph\u00fat\" \/>\n<script type=\"application\/ld+json\" class=\"yoast-schema-graph\">{\"@context\":\"https:\/\/schema.org\",\"@graph\":[{\"@type\":\"WebPage\",\"@id\":\"https:\/\/khogiaodienmau.net\/chothuexe1\/gioi-thieu\/\",\"url\":\"https:\/\/khogiaodienmau.net\/chothuexe1\/gioi-thieu\/\",\"name\":\"Gi\u1edbi thi\u1ec7u\",\"isPartOf\":{\"@id\":\"https:\/\/khogiaodienmau.net\/chothuexe1\/#website\"},\"datePublished\":\"2023-06-27T14:44:43+00:00\",\"dateModified\":\"2023-06-27T15:12:06+00:00\",\"breadcrumb\":{\"@id\":\"https:\/\/khogiaodienmau.net\/chothuexe1\/gioi-thieu\/#breadcrumb\"},\"inLanguage\":\"vi\",\"potentialAction\":[{\"@type\":\"ReadAction\",\"target\":[\"https:\/\/khogiaodienmau.net\/chothuexe1\/gioi-thieu\/\"]}]},{\"@type\":\"BreadcrumbList\",\"@id\":\"https:\/\/khogiaodienmau.net\/chothuexe1\/gioi-thieu\/#breadcrumb\",\"itemListElement\":[{\"@type\":\"ListItem\",\"position\":1,\"name\":\"Trang ch\u1ee7\",\"item\":\"https:\/\/khogiaodienmau.net\/chothuexe1\/\"},{\"@type\":\"ListItem\",\"position\":2,\"name\":\"Gi\u1edbi thi\u1ec7u\"}]},{\"@type\":\"WebSite\",\"@id\":\"https:\/\/khogiaodienmau.net\/chothuexe1\/#website\",\"url\":\"https:\/\/khogiaodienmau.net\/chothuexe1\/\",\"name\":\"Thu\u00ea xe H\u00e0 Giang\",\"description\":\"An to\u00e0n, t\u1eadn t\u00e2m, nhi\u1ec7t t\u00ecnh\",\"publisher\":{\"@id\":\"https:\/\/khogiaodienmau.net\/chothuexe1\/#organization\"},\"potentialAction\":[{\"@type\":\"SearchAction\",\"target\":{\"@type\":\"EntryPoint\",\"urlTemplate\":\"https:\/\/khogiaodienmau.net\/chothuexe1\/?s={search_term_string}\"},\"query-input\":\"required name=search_term_string\"}],\"inLanguage\":\"vi\"},{\"@type\":\"Organization\",\"@id\":\"https:\/\/khogiaodienmau.net\/chothuexe1\/#organization\",\"name\":\"Taxi nhanh 24h\",\"url\":\"https:\/\/khogiaodienmau.net\/chothuexe1\/\",\"logo\":{\"@type\":\"ImageObject\",\"inLanguage\":\"vi\",\"@id\":\"https:\/\/khogiaodienmau.net\/chothuexe1\/#\/schema\/logo\/image\/\",\"url\":\"http:\/\/thuexemay.giaodienwebmau.com\/wp-content\/uploads\/2022\/04\/taxi.png\",\"contentUrl\":\"http:\/\/thuexemay.giaodienwebmau.com\/wp-content\/uploads\/2022\/04\/taxi.png\",\"width\":570,\"height\":191,\"caption\":\"Taxi nhanh 24h\"},\"image\":{\"@id\":\"https:\/\/khogiaodienmau.net\/chothuexe1\/#\/schema\/logo\/image\/\"}}]}<\/script>\n<!-- \/ Yoast SEO plugin. -->","yoast_head_json":{"title":"Gi\u1edbi thi\u1ec7u","robots":{"index":"index","follow":"follow","max-snippet":"max-snippet:-1","max-image-preview":"max-image-preview:large","max-video-preview":"max-video-preview:-1"},"canonical":"https:\/\/khogiaodienmau.net\/chothuexe1\/gioi-thieu\/","og_locale":"vi_VN","og_type":"article","og_title":"Gi\u1edbi thi\u1ec7u","og_url":"https:\/\/khogiaodienmau.net\/chothuexe1\/gioi-thieu\/","og_site_name":"Thu\u00ea xe H\u00e0 Giang","article_modified_time":"2023-06-27T15:12:06+00:00","twitter_card":"summary_large_image","twitter_misc":{"\u01af\u1edbc t\u00ednh th\u1eddi gian \u0111\u1ecdc":"1 ph\u00fat"},"schema":{"@context":"https:\/\/schema.org","@graph":[{"@type":"WebPage","@id":"https:\/\/khogiaodienmau.net\/chothuexe1\/gioi-thieu\/","url":"https:\/\/khogiaodienmau.net\/chothuexe1\/gioi-thieu\/","name":"Gi\u1edbi thi\u1ec7u","isPartOf":{"@id":"https:\/\/khogiaodienmau.net\/chothuexe1\/#website"},"datePublished":"2023-06-27T14:44:43+00:00","dateModified":"2023-06-27T15:12:06+00:00","breadcrumb":{"@id":"https:\/\/khogiaodienmau.net\/chothuexe1\/gioi-thieu\/#breadcrumb"},"inLanguage":"vi","potentialAction":[{"@type":"ReadAction","target":["https:\/\/khogiaodienmau.net\/chothuexe1\/gioi-thieu\/"]}]},{"@type":"BreadcrumbList","@id":"https:\/\/khogiaodienmau.net\/chothuexe1\/gioi-thieu\/#breadcrumb","itemListElement":[{"@type":"ListItem","position":1,"name":"Trang ch\u1ee7","item":"https:\/\/khogiaodienmau.net\/chothuexe1\/"},{"@type":"ListItem","position":2,"name":"Gi\u1edbi thi\u1ec7u"}]},{"@type":"WebSite","@id":"https:\/\/khogiaodienmau.net\/chothuexe1\/#website","url":"https:\/\/khogiaodienmau.net\/chothuexe1\/","name":"Thu\u00ea xe H\u00e0 Giang","description":"An to\u00e0n, t\u1eadn t\u00e2m, nhi\u1ec7t t\u00ecnh","publisher":{"@id":"https:\/\/khogiaodienmau.net\/chothuexe1\/#organization"},"potentialAction":[{"@type":"SearchAction","target":{"@type":"EntryPoint","urlTemplate":"https:\/\/khogiaodienmau.net\/chothuexe1\/?s={search_term_string}"},"query-input":"required name=search_term_string"}],"inLanguage":"vi"},{"@type":"Organization","@id":"https:\/\/khogiaodienmau.net\/chothuexe1\/#organization","name":"Taxi nhanh 24h","url":"https:\/\/khogiaodienmau.net\/chothuexe1\/","logo":{"@type":"ImageObject","inLanguage":"vi","@id":"https:\/\/khogiaodienmau.net\/chothuexe1\/#\/schema\/logo\/image\/","url":"http:\/\/thuexemay.giaodienwebmau.com\/wp-content\/uploads\/2022\/04\/taxi.png","contentUrl":"http:\/\/thuexemay.giaodienwebmau.com\/wp-content\/uploads\/2022\/04\/taxi.png","width":570,"height":191,"caption":"Taxi nhanh 24h"},"image":{"@id":"https:\/\/khogiaodienmau.net\/chothuexe1\/#\/schema\/logo\/image\/"}}]}},"_links":{"self":[{"href":"https:\/\/khogiaodienmau.net\/chothuexe1\/wp-json\/wp\/v2\/pages\/276","targetHints":{"allow":["GET"]}}],"collection":[{"href":"https:\/\/khogiaodienmau.net\/chothuexe1\/wp-json\/wp\/v2\/pages"}],"about":[{"href":"https:\/\/khogiaodienmau.net\/chothuexe1\/wp-json\/wp\/v2\/types\/page"}],"author":[{"embeddable":true,"href":"https:\/\/khogiaodienmau.net\/chothuexe1\/wp-json\/wp\/v2\/users\/2"}],"replies":[{"embeddable":true,"href":"https:\/\/khogiaodienmau.net\/chothuexe1\/wp-json\/wp\/v2\/comments?post=276"}],"version-history":[{"count":3,"href":"https:\/\/khogiaodienmau.net\/chothuexe1\/wp-json\/wp\/v2\/pages\/276\/revisions"}],"predecessor-version":[{"id":299,"href":"https:\/\/khogiaodienmau.net\/chothuexe1\/wp-json\/wp\/v2\/pages\/276\/revisions\/299"}],"wp:attachment":[{"href":"https:\/\/khogiaodienmau.net\/chothuexe1\/wp-json\/wp\/v2\/media?parent=276"}],"curies":[{"name":"wp","href":"https:\/\/api.w.org\/{rel}","templated":true}]}}