{"id":274,"date":"2023-06-27T21:44:24","date_gmt":"2023-06-27T14:44:24","guid":{"rendered":"http:\/\/thuexemay.giaodienwebmau.com\/?page_id=274"},"modified":"2023-06-27T22:38:40","modified_gmt":"2023-06-27T15:38:40","slug":"chinh-sach","status":"publish","type":"page","link":"https:\/\/khogiaodienmau.net\/chothuexe1\/chinh-sach\/","title":{"rendered":"Ch\u00ednh s\u00e1ch"},"content":{"rendered":"  <div id=\"page-header-300949292\" class=\"page-header-wrapper\">\n  <div class=\"page-title dark featured-title\">\n\n        <div class=\"page-title-bg\">\n      <div class=\"title-bg fill bg-fill\"\n        data-parallax-container=\".page-title\"\n        data-parallax-background\n        data-parallax=\"-\">\n      <\/div>\n      <div class=\"title-overlay fill\"><\/div>\n    <\/div>\n    \n    <div class=\"page-title-inner container align-center text-center flex-row-col medium-flex-wrap\" >\n              <div class=\"title-wrapper is-larger flex-col\">\n          <h1 class=\"entry-title mb-0\">\n            Ch\u00ednh s\u00e1ch          <\/h1>\n        <\/div>\n                    <div class=\"title-content flex-col\">\n        <div class=\"title-breadcrumbs pb-half pt-half\"><nav class=\"woocommerce-breadcrumb breadcrumbs uppercase\">Home<\/nav><\/div>      <\/div>\n    <\/div>\n\n     \n<style>\n#page-header-300949292 .page-title-inner {\n  min-height: 300px;\n}\n#page-header-300949292 .title-bg {\n  background-image: url(https:\/\/khogiaodienmau.net\/chothuexe1\/wp-content\/uploads\/2023\/06\/gioi-thieu.jpg);\n}\n<\/style>\n  <\/div>\n    <\/div>\n  \n\t<section class=\"section section-chinh-sach\" id=\"section_1727293095\">\n\t\t<div class=\"bg section-bg fill bg-fill  bg-loaded\" >\n\n\t\t\t\n\t\t\t\n\t\t\t\n\n\t\t<\/div>\n\n\t\t\n\n\t\t<div class=\"section-content relative\">\n\t\t\t\n<div class=\"row\"  id=\"row-258385956\">\n\n\t<div id=\"col-798703671\" class=\"col small-12 large-12\"  >\n\t\t\t\t<div class=\"col-inner\"  >\n\t\t\t\n\t\t\t\n\n\t\t<div class=\"tabbed-content\">\n\t\t\t\n\t\t\t<ul class=\"nav nav-line nav-vertical nav-uppercase nav-size-normal nav-left\" role=\"tablist\"><li id=\"tab-th\u1eddi-gian-thu\u00ea-xe\" class=\"tab active has-icon\" role=\"presentation\"><a href=\"#tab_th\u1eddi-gian-thu\u00ea-xe\" role=\"tab\" aria-selected=\"true\" aria-controls=\"tab_th\u1eddi-gian-thu\u00ea-xe\"><span>Th\u1eddi gian thu\u00ea xe<\/span><\/a><\/li>\n<li id=\"tab-th\u1ee7-t\u1ee5c-thu\u00ea-xe\" class=\"tab has-icon\" role=\"presentation\"><a href=\"#tab_th\u1ee7-t\u1ee5c-thu\u00ea-xe\" tabindex=\"-1\" role=\"tab\" aria-selected=\"false\" aria-controls=\"tab_th\u1ee7-t\u1ee5c-thu\u00ea-xe\"><span>Th\u1ee7 t\u1ee5c thu\u00ea xe<\/span><\/a><\/li>\n<li id=\"tab-gi\u00e1-thu\u00ea-xe\" class=\"tab has-icon\" role=\"presentation\"><a href=\"#tab_gi\u00e1-thu\u00ea-xe\" tabindex=\"-1\" role=\"tab\" aria-selected=\"false\" aria-controls=\"tab_gi\u00e1-thu\u00ea-xe\"><span>Gi\u00e1 thu\u00ea xe<\/span><\/a><\/li>\n<li id=\"tab-tr\u00e1ch-nhi\u1ec7m-b\u00ean-thu\u00ea\" class=\"tab has-icon\" role=\"presentation\"><a href=\"#tab_tr\u00e1ch-nhi\u1ec7m-b\u00ean-thu\u00ea\" tabindex=\"-1\" role=\"tab\" aria-selected=\"false\" aria-controls=\"tab_tr\u00e1ch-nhi\u1ec7m-b\u00ean-thu\u00ea\"><span>Tr\u00e1ch nhi\u1ec7m b\u00ean thu\u00ea<\/span><\/a><\/li>\n<li id=\"tab-tr\u00e1ch-nhi\u1ec7m-b\u00ean-cho-thu\u00ea\" class=\"tab has-icon\" role=\"presentation\"><a href=\"#tab_tr\u00e1ch-nhi\u1ec7m-b\u00ean-cho-thu\u00ea\" tabindex=\"-1\" role=\"tab\" aria-selected=\"false\" aria-controls=\"tab_tr\u00e1ch-nhi\u1ec7m-b\u00ean-cho-thu\u00ea\"><span>Tr\u00e1ch nhi\u1ec7m b\u00ean cho thu\u00ea<\/span><\/a><\/li><\/ul><div class=\"tab-panels\"><div id=\"tab_th\u1eddi-gian-thu\u00ea-xe\" class=\"panel active entry-content\" role=\"tabpanel\" aria-labelledby=\"tab-th\u1eddi-gian-thu\u00ea-xe\">\n<h2><strong>Th\u1eddi gian thu\u00ea xe<\/strong><\/h2>\n<ul>\n<li><strong>Gi\u00e1 thu\u00ea xe s\u1ebd \u0111\u01b0\u1ee3c t\u00ednh k\u1ebft h\u1ee3p theo ng\u00e0y v\u00e0 theo gi\u1edd<\/strong><\/li>\n<\/ul>\n<p><strong>01 ng\u00e0y thu\u00ea<\/strong>\u00a0s\u1ebd l\u00e0 24 ti\u1ebfng, t\u00ednh t\u1eeb gi\u1edd, th\u1eddi \u0111i\u1ec3m b\u1ea1n nh\u1eadn xe ng\u00e0y h\u00f4m nay \u0111\u1ebfn \u0111\u00fang gi\u1edd \u0111\u00f3 ng\u00e0y h\u00f4m sau.<br \/><strong>Gi\u1edd thu\u00ea xe<\/strong>\u00a0ch\u1ec9 \u0111\u01b0\u1ee3c \u00e1p d\u1ee5ng khi b\u1ea1n thu\u00ea xe &gt; 1 ng\u00e0y. Gi\u00e1 theo gi\u1edd ph\u00e1t sinh s\u1ebd t\u00f9y thu\u1ed9c v\u00e0o lo\u1ea1i xe b\u1ea1n thu\u00ea:<\/p>\n<table class=\"table\" border=\"1\">\n<tbody>\n<tr>\n<td><strong>Xe s\u1ed1<\/strong><\/td>\n<td>15k\/ti\u1ebfng ph\u00e1t sinh<\/td>\n<\/tr>\n<tr>\n<td><strong>Xe tay ga<\/strong><\/td>\n<td>20k\/ti\u1ebfng ph\u00e1t sinh<\/td>\n<\/tr>\n<\/tbody>\n<\/table>\n<p><strong><em>L\u01b0u \u00fd<\/em>:\u00a0<\/strong>N\u1ebfu s\u1ed1 gi\u1edd ph\u00e1t sinh c\u1ee7a b\u1ea1n &gt; 8 ti\u1ebfng, MOTOGO s\u1ebd t\u00ednh tr\u00f2n l\u00e0 1 ng\u00e0y thu\u00ea xe.<\/p>\n<p>V\u00ed d\u1ee5: B\u1ea1n thu\u00ea m\u1ed9t xe s\u1ed1 Sirius,<\/p>\n<p><strong>Nh\u1eadn xe:<\/strong>\u00a09h s\u00e1ng, 21\/03\/2022<br \/><strong>Tr\u1ea3 xe l\u00fac:<\/strong>\u00a03h chi\u1ec1u, 22\/03\/2022<\/p>\n<p>H\u1ec7 th\u1ed1ng c\u1ee7a ch\u00fang t\u00f4i s\u1ebd t\u00ednh to\u00e1n nh\u01b0 sau: T\u1ed5ng th\u1eddi gian b\u1ea1n thu\u00ea xe s\u1ebd l\u00e0 1 ng\u00e0y v\u00e0 6 ti\u1ebfng, b\u1ea1n s\u1ebd thay to\u00e1n cho t\u1ed5ng th\u1eddi gian thu\u00ea xe \u0111\u00f3 bao g\u1ed3m gi\u00e1 thu\u00ea xe 1 ng\u00e0y l\u00e0 130k v\u00e0 gi\u00e1 thu\u00ea xe 06 ti\u1ebfng ph\u00e1t sinh c\u00f2n l\u1ea1i c\u00f2n l\u1ea1i = 90k. T\u1ed5ng s\u1ed1 ti\u1ec1n thu\u00ea xe c\u1ee7a b\u1ea1n s\u1ebd l\u00e0 220k.<\/p>\n<ul>\n<li><strong>Ng\u00e0y \u0111\u1ea7u ti\u00ean thu\u00ea xe, b\u1ea1n thu\u00ea m\u1ed9t v\u00e0i ti\u1ebfng th\u00ec v\u1eabn ph\u1ea3i tr\u1ea3 ti\u1ec1n thu\u00ea xe tr\u00f2n 1 ng\u00e0y.<\/strong><\/li>\n<\/ul>\n<p>V\u00ed d\u1ee5:\u00a0<strong>Th\u1eddi gian l\u1ea5y xe c\u1ee7a b\u1ea1n l\u00e0<\/strong>\u00a09h s\u00e1ng, 21\/03\/2022, Th\u1eddi gian tr\u1ea3 xe c\u1ee7a b\u1ea1n l\u00e0 3h chi\u1ec1u c\u00f9ng ng\u00e0y th\u00ec H\u1ec6 TH\u1ed0NG ch\u00fang t\u00f4i s\u1ebd t\u00ednh th\u1eddi gian thu\u00ea xe l\u00e0 1 ng\u00e0y.<\/p>\n<ul>\n<li><strong>\u0110i qu\u00e1 30 ph\u00fat m\u1edbi l\u00e0m tr\u00f2n th\u00e0nh 1 ti\u1ebfng ph\u00e1t sinh.<\/strong><\/li>\n<\/ul>\n<\/div>\n<div id=\"tab_th\u1ee7-t\u1ee5c-thu\u00ea-xe\" class=\"panel entry-content\" role=\"tabpanel\" aria-labelledby=\"tab-th\u1ee7-t\u1ee5c-thu\u00ea-xe\">\n<h2 data-fontsize=\"18\" data-lineheight=\"27\"><strong>Th\u1ee7 t\u1ee5c thu\u00ea xe<\/strong><\/h2>\n<p>C\u00e1c b\u01b0\u1edbc l\u00e0m th\u1ee7 t\u1ee5c thu\u00ea xe nh\u01b0 sau:<\/p>\n<p><strong>1<\/strong>\u2013 Kh\u00e1ch thu\u00ea xe ph\u1ea3i l\u00e0 ng\u01b0\u1eddi trong \u0111\u1ed9 tu\u1ed5i \u0111\u01b0\u1ee3c ph\u00e9p l\u00e1i xe v\u00e0 c\u00f3 Gi\u1ea5y ph\u00e9p l\u00e1i xe \u0111\u01b0\u1ee3c c\u1ea5p b\u1edfi c\u01a1 quan nh\u00e0 n\u01b0\u1edbc c\u00f3 th\u1ea9m quy\u1ec1n.<\/p>\n<p><strong>2<\/strong>\u2013 Ph\u1ea3i \u0111\u1ec3 l\u1ea1i c\u00e1c gi\u1ea5y t\u1edd sau trong c\u00e1c gi\u1ea5y t\u1edd sau:<\/p>\n<p>\u0110\u1ed1i v\u1edbi kh\u00e1ch du l\u1ecbch \u0111i\u00a0 b\u1eb1ng m\u00e1y bay vui l\u00f2ng \u0111\u1ec3 l\u1ea1i\u00a0<strong>CMND, th\u1ebb C\u0103n c\u01b0\u1edbc C\u00f4ng d\u00e2n\u00a0<\/strong>ho\u1eb7c<strong>\u00a0H\u1ed9 chi\u1ebfu\u00a0<\/strong>k\u00e8m v\u1edbi<strong>\u00a0th\u00f4ng tin chuy\u1ebfn bay \u0111\u1ebfn v\u00e0 r\u1eddi.<\/strong><\/p>\n<p>V\u1edbi kh\u00e1ch l\u00e0 ng\u01b0\u1eddi \u0111\u1ecba ph\u01b0\u01a1ng ho\u1eb7c t\u1eeb n\u01a1i kh\u00e1c \u0111\u1ebfn kh\u00f4ng c\u00f3 v\u00e9 m\u00e1y bay, th\u1ee7 t\u1ee5c y\u00eau c\u1ea7u l\u00e0 \u0111\u1ec3 l\u1ea1i\u00a0<strong>CMND, th\u1ebb C\u0103n c\u01b0\u1edbc C\u00f4ng d\u00e2n\u00a0<\/strong>ho\u1eb7c<strong>\u00a0H\u1ed9 chi\u1ebfu\u00a0<\/strong>k\u00e8m\u00a0<strong>S\u1ed5 h\u1ed9 kh\u1ea9u\u00a0<\/strong>(n\u1ebfu kh\u00f4ng c\u00f3 s\u1ed5 h\u1ed9 kh\u1ea9u s\u1ebd thay th\u1ebf b\u1eb1ng\u00a0<strong>ti\u1ec1n \u0111\u1eb7t c\u1ecdc 3 tri\u1ec7u<\/strong>\u00a0\u0111\u1ed3ng \u0111\u1ed1i v\u1edbi xe s\u1ed1 v\u00e0\u00a0<strong>ti\u1ec1n \u0111\u1eb7t c\u1ecdc 5 tri\u1ec7u<\/strong>\u00a0\u0111\u1ed3ng \u0111\u1ed1i v\u1edbi xe tay ga &#8211; s\u1ed1 ti\u1ec1n n\u00e0y ch\u00fang t\u00f4i s\u1ebd ho\u00e0n tr\u1ea3 l\u1ea1i sau khi kh\u00e1ch h\u00e0ng ho\u00e0n t\u1ea5t tr\u1ea3 xe)<\/p>\n<p><strong>3<\/strong>\u2013 \u0110\u1ed3ng \u00fd c\u00e1c \u0111i\u1ec1u kho\u1ea3n v\u00e0 k\u00fd v\u00e0o h\u1ee3p \u0111\u1ed3ng thu\u00ea xe gi\u1eefa 2 b\u00ean.<\/p>\n<p><strong>4<\/strong>\u2013 Nh\u1eadn xe.<\/p>\n<p><strong>L\u01b0u \u00fd<\/strong>:\u00a0Thu\u00ea xe theo \u0111o\u00e0n th\u00ec ch\u1ec9 c\u1ea7n 1 ng\u01b0\u1eddi \u0111\u1ee9ng ra l\u00e0m th\u1ee7 t\u1ee5c thu\u00ea xe.<\/p>\n<\/div>\n<div id=\"tab_gi\u00e1-thu\u00ea-xe\" class=\"panel entry-content\" role=\"tabpanel\" aria-labelledby=\"tab-gi\u00e1-thu\u00ea-xe\">\n<h2 data-fontsize=\"24\" data-lineheight=\"31\">Gi\u00e1 thu\u00ea xe<\/h2>\n<p>Gi\u00e1 cho thu\u00ea xe m\u00e1y t\u1ea1i c\u00e1c t\u1ec9nh th\u00e0nh ph\u1ed1 s\u1ebd kh\u00e1c nhau do m\u1ed7i n\u01a1i c\u00f3 nh\u1eefng \u0111i\u1ec1u ki\u1ec7n \u0111\u1ecba h\u00ecnh kh\u00e1c nhau, \u1ea3nh h\u01b0\u1edfng \u0111\u1ebfn ch\u1ea5t l\u01b0\u1ee3ng xe kh\u00e1c nhau. M\u1ed7i th\u1ecb tr\u01b0\u1eddng s\u1ebd c\u00f3 b\u1ea3ng gi\u00e1, \u0111\u01a1n gi\u00e1 theo ng\u00e0y kh\u00e1c nhau, tuy nhi\u00ean c\u00e1ch t\u00ednh v\u1ec1 khung th\u1eddi gian, ch\u00ednh s\u00e1ch \u00e1p d\u1ee5ng chung kh\u00f4ng thay \u0111\u1ed5i.<\/p>\n<p>Gi\u00e1 cho thu\u00ea xe s\u1ebd ph\u1ee5 th\u1ed9c v\u00e0o lo\u1ea1i xe b\u1ea1n thu\u00ea v\u00e0 \u0111\u01b0\u1ee3c c\u00f4ng khai tr\u00ean website. Ch\u00fang t\u00f4i cam k\u1ebft s\u1ebd kh\u00f4ng t\u0103ng gi\u00e1 thu\u00ea xe khi kh\u00e1ch h\u00e0ng \u0111ang s\u1eed d\u1ee5ng d\u1ecbch v\u1ee5 c\u1ee7a ch\u00fang t\u00f4i. \u0110\u1ec3 xem chi ti\u1ebft m\u1ee9c gi\u00e1 t\u1eebng lo\u1ea1i xe xin vui l\u00f2ng click v\u00e0o\u00a0<a href=\"https:\/\/motogo.vn\/bang-gia-thue-xe-may\/\">b\u1ea3ng gi\u00e1 thu\u00ea xe<\/a>.<\/p>\n<p>Gi\u00e1 tr\u1ecb h\u1ee3p \u0111\u1ed3ng thu\u00ea xe s\u1ebd \u0111\u01b0\u1ee3c t\u00ednh d\u1ef1a tr\u00ean th\u1eddi gian thu\u00ea xe c\u1ee7a kh\u00e1ch v\u00e0 gi\u00e1 thu\u00ea xe t\u00ednh theo \u0111\u01a1n v\u1ecb ng\u00e0y, gi\u1edd \u0111\u1ed1i v\u1edbi t\u1eebng lo\u1ea1i xe.<\/p>\n<\/div>\n<div id=\"tab_tr\u00e1ch-nhi\u1ec7m-b\u00ean-thu\u00ea\" class=\"panel entry-content\" role=\"tabpanel\" aria-labelledby=\"tab-tr\u00e1ch-nhi\u1ec7m-b\u00ean-thu\u00ea\">\n<h2 data-fontsize=\"24\" data-lineheight=\"31\">Tr\u00e1ch nhi\u1ec7m b\u00ean thu\u00ea<\/h2>\n<p>Ng\u01b0\u1eddi thu\u00ea xe s\u1ebd ph\u1ea3i t\u1ef1 \u0111\u1ed5 nhi\u00ean li\u1ec7u cho xe \u0111\u1ec3 di chuy\u1ec3n.<\/p>\n<p>Ki\u1ec3m tra k\u1ef9 xe tr\u01b0\u1edbc khi nh\u1eadn v\u00e0 t\u1ef1 \u0111\u1ed5 nhi\u00ean li\u1ec7u \u0111\u1ec3 l\u01b0u th\u00f4ng xe tr\u00ean \u0111\u01b0\u1eddng.<\/p>\n<p>Kh\u00f4ng \u0111\u01b0\u1ee3c b\u00f3c hay l\u00e0m r\u00e1ch tem b\u1ea3o h\u00e0nh v\u00e0 \u0111\u1ea3m b\u1ea3o s\u1eeda ch\u1eefa, thay th\u1ebf b\u1ea5t c\u1ee9 chi ti\u1ebft n\u00e0o.<\/p>\n<p>Trong th\u1eddi gian s\u1eed d\u1ee5ng xe thu\u00ea, b\u00ean B ph\u1ea3i c\u00f3 tr\u00e1ch nghi\u1ec7m b\u1ea3o v\u1ec7, gi\u1eef d\u00ecn v\u00e0 \u0111i\u1ec1u khi\u1ec3n xe tu\u00e2n th\u1ee7 \u0111\u00fang v\u1edbi lu\u1eadt oan to\u00e0n giao th\u00f4ng Vi\u1ec7t Nam. Tr\u01b0\u1eddng h\u1ee3p x\u1ea9y ra v\u1ea5n \u0111\u1ec1 ph\u00e1t sinh s\u1ebd \u0111\u01b0\u1ee3c gi\u1ea3i quy\u1ebft nh\u01b0 d\u01b0\u1edbi \u0111\u00e2y:<\/p>\n<ul>\n<li>B\u00ean B ph\u1ea3i b\u00e1o l\u1ea1i cho b\u00ean A khi c\u00f3 c\u00e1c v\u1ea5n \u0111\u1ec1 h\u1ecfng h\u00f3c x\u1ea9y ra \u0111\u1ec3 hai b\u00ean th\u1ed1ng nh\u1ea5t ph\u01b0\u01a1ng \u00e1n th\u1ef1c hi\u1ec7n.<\/li>\n<li>M\u1ecdi s\u1ef1 c\u1ed1 b\u1eb9p, n\u1ee9t, v\u1ee1, m\u00f3p m\u00e9o c\u00e1c chi ti\u1ebft c\u1ee7a xe do ng\u01b0\u1eddi thu\u00ea g\u00e2y ra th\u00ec ng\u01b0\u1eddi thu\u00ea ph\u1ea3i mua \u0111\u1ed3 c\u1ee7a h\u00e3ng thay th\u1ebf (kh\u00f4ng ch\u1ea5p nh\u1eadn g\u00f2, h\u00e0n).<\/li>\n<li>\u0110\u1ed1i v\u1edbi vi\u1ec7c th\u1ee7ng s\u0103m, th\u1ee7ng l\u1ed1p khi l\u01b0u th\u00f4ng tr\u00ean \u0111\u01b0\u1eddng, kh\u00e1ch thu\u00ea xe s\u1ebd ph\u1ea3i t\u1ef1 kh\u1eafc ph\u1ee5c v\u00e0 tr\u1ea3 kho\u1ea3n ph\u00ed v\u00e1 s\u0103m ho\u1eb7c thay th\u1ebf.<\/li>\n<li>C\u00e1c v\u1ebft x\u01b0\u1edbc, b\u1eb9p nh\u1eb9 kh\u00f4ng ph\u1ea3i thay \u0111\u1ed3 m\u1edbi th\u00ec ng\u01b0\u1eddi thu\u00ea ph\u1ea3i b\u1ed3i th\u01b0\u1eddng cho cho thu\u00ea s\u1ed1 ti\u1ec1n theo b\u00e1o gi\u00e1 th\u1ecb tr\u01b0\u1eddng.<\/li>\n<li>C\u00e1c ng\u00e0y xe ngh\u1ec9 kh\u00f4ng ch\u1ea1y \u0111\u01b0\u1ee3c do l\u1ed7i c\u1ee7a b\u00ean thu\u00ea, th\u00ec b\u1ea1n v\u1eabn ph\u1ea3i tr\u1ea3 ti\u1ec1n cho c\u00e1c ng\u00e0y \u0111\u00f3 nh\u01b0 \u0111ang thu\u00ea xe \u0111\u1ec3 s\u1eed d\u1ee5ng.<\/li>\n<li>Tr\u01b0\u1eddng h\u1ee3p ng\u01b0\u1eddi thu\u00ea xe vi ph\u1ea1m an to\u00e0n giao th\u00f4ng d\u1eabn t\u1edbi xe b\u1ecb gi\u1eef th\u00ec ng\u01b0\u1eddi thu\u00ea xe ph\u1ea3i c\u00f3 tr\u00e1nh nhi\u1ec7m \u0111\u00f3ng to\u00e0n b\u1ed9 ti\u1ec1n c\u00e1c l\u1ed7i vi ph\u1ea1m v\u00e0 th\u1eddi gian gi\u1eef xe v\u1eabn t\u00ednh l\u00e0 ng\u00e0y cho thu\u00ea xe. M\u1ecdi chi ph\u00ed \u0111i l\u1ea1i, \u0103n \u1edf, vvv\u2026c\u1ee7a b\u00ean cho thu\u00ea \u0111\u1ec3 gi\u1ea3i quy\u1ebft vi\u1ec7c do b\u00ean thu\u00ea g\u00e2y ra, b\u00ean thu\u00ea ph\u1ea3i ch\u1ecbu ho\u00e0n to\u00e0n tr\u00e1ch nhi\u1ec7m chi tr\u1ea3.<\/li>\n<li>Trong th\u1eddi gian thu\u00ea xe ng\u01b0\u1eddi thu\u00ea l\u00e0m m\u1ea5t xe, g\u00e2y tai n\u1ea1n nghi\u00eam tr\u1ecdng d\u1eabn \u0111\u1ebfn xe b\u1ecb ph\u00e1 h\u1ee7y ho\u00e0n to\u00e0n th\u00ec ng\u01b0\u1eddi thu\u00ea ph\u1ea3i ch\u1ecbu tr\u00e1ch nhi\u1ec7m \u0111\u1ec1n ti\u1ec1n, gi\u00e1 tr\u1ecb t\u01b0\u01a1ng \u0111\u01b0\u01a1ng v\u1edbi gi\u00e1 tr\u1ecb xe \u0111\u01b0\u1ee3c \u0111\u1ecbnh gi\u00e1 t\u1ea1i th\u1eddi \u0111i\u1ec3m cho thu\u00ea xe.<\/li>\n<\/ul>\n<p>\u0110\u1ed1i v\u1edbi kh\u00e1ch \u0111i d\u00e0i, c\u1ee9 sau 30 ng\u00e0y b\u00ean B ph\u1ea3i mang xe v\u1ec1 \u0111\u1ec3 b\u00ean A ki\u1ec3m tra v\u00e0 b\u1ea3o d\u01b0\u1ee1ng xe \u0111\u1ecbnh k\u1ef3 1 l\u1ea7n.<\/p>\n<p>B\u00ean thu\u00ea ph\u1ea3i c\u00f3 tr\u00e1ch nhi\u1ec7m tr\u1ea3 xe \u0111\u00fang h\u1ea1n nh\u01b0 \u0111\u00e3 th\u1ed1ng nh\u1ea5t tr\u00ean h\u1ee3p \u0111\u1ed3ng. Tr\u01b0\u1eddng h\u1ee3p b\u00ean thu\u00ea mu\u1ed1n gia h\u1ea1n th\u00eam th\u1eddi gian s\u1eed d\u1ee5ng th\u00ec ph\u1ea3i li\u00ean h\u1ec7 b\u00e1o tr\u01b0\u1edbc cho b\u00ean A, v\u00e0 kho\u1ea3n ph\u00e1t sinh thu\u00ea th\u00eam s\u1ebd v\u1eabn \u0111\u01b0\u1ee3c t\u00ednh d\u1ef1a tr\u00ean b\u1ea3ng gi\u00e1 d\u1ecbch v\u1ee5 c\u1ee7a b\u00ean A.<\/p>\n<\/div>\n<div id=\"tab_tr\u00e1ch-nhi\u1ec7m-b\u00ean-cho-thu\u00ea\" class=\"panel entry-content\" role=\"tabpanel\" aria-labelledby=\"tab-tr\u00e1ch-nhi\u1ec7m-b\u00ean-cho-thu\u00ea\">\n<h2 data-fontsize=\"24\" data-lineheight=\"31\">Tr\u00e1ch nhi\u1ec7m b\u00ean cho thu\u00ea<\/h2>\n<p>B\u00ean cho thu\u00ea ph\u1ea3i \u0111\u1ea3m b\u1ea3o xe cho thu\u00ea c\u00f3 \u0111\u1ea7y \u0111\u1ee7 \u0111i\u1ec1u ki\u1ec7n an to\u00e0n l\u01b0u th\u00f4ng tr\u00ean \u0111\u01b0\u1eddng, \u0111\u00fang nh\u01b0 cam k\u1ebft th\u1ecfa thu\u1eadn v\u1edbi kh\u00e1ch h\u00e0ng. V\u1edbi m\u1ed7i xe cho thu\u00ea ch\u1ec9 \u0111i k\u00e8m 02 m\u0169 b\u1ea3o hi\u1ec3m theo ti\u00eau chu\u1ea9n.<\/p>\n<p>Cung c\u1ea5p c\u00e1c gi\u1ea5y t\u1edd sau cho ng\u01b0\u1eddi thu\u00ea xe: B\u1ea3n photo gi\u1ea5y \u0111\u0103ng k\u00fd xe, B\u1ea3o hi\u1ec3m tr\u00e1ch nhi\u1ec7m d\u00e2n s\u1ef1 xe. C\u00f3 tr\u00e1ch nhi\u00eam gi\u00fap \u0111\u1ee1, h\u1ed7 tr\u1ee3, h\u01b0\u1edbng d\u1eabn ng\u01b0\u1eddi thu\u00ea trong c\u00e1c t\u00ecnh hu\u1ed1ng c\u1ea7n c\u00f3 s\u1ef1 xu\u1ea5t hi\u1ec7n c\u1ee7a ch\u1ee7 xe.<\/p>\n<h2 data-fontsize=\"24\" data-lineheight=\"31\">\u0110\u1ed5i tr\u1ea3, ch\u1ea5m d\u1ee9t h\u1ee3p \u0111\u1ed3ng<\/h2>\n<p>Tr\u01b0\u1eddng h\u1ee3p d\u1ecbch v\u1ee5 cung c\u1ea5p kh\u00f4ng \u0111\u00fang nh\u01b0 cam k\u1ebft gi\u1eefa 2 b\u00ean, kh\u00e1ch h\u00e0ng c\u00f3 quy\u1ec1n t\u1eeb ch\u1ed1i s\u1eed d\u1ee5ng d\u1ecbch v\u1ee5 ho\u1eb7c y\u00eau c\u1ea7u thay th\u1ebf xe b\u1eb1ng lo\u1ea1i xe kh\u00e1c \u0111\u00fang nh\u01b0 y\u00eau c\u1ea7u. B\u00ean cho thu\u00ea xe ph\u1ea3i c\u00f3 tr\u00e1ch nhi\u1ec7m g\u1eedi tr\u1ea3 l\u1ea1i to\u00e0n b\u1ed9 ti\u1ec1n \u0111\u1eb7t c\u1ecdc cho kh\u00e1ch n\u1ebfu kh\u00e1ch t\u1eeb ch\u1ed1i s\u1eed d\u1ee5ng d\u1ecbch v\u1ee5 trong tr\u01b0\u1eddng h\u1ee3p n\u00e0y.<\/p>\n<p>Tr\u01b0\u1eddng h\u1ee3p kh\u00e1ch h\u00e0ng k\u1ebft th\u00fac h\u1ee3p \u0111\u1ed3ng thu\u00ea xe m\u00e1y s\u1edbm h\u01a1n th\u1eddi gian th\u1ed1ng nh\u1ea5t ghi trong h\u1ee3p \u0111\u1ed3ng, b\u00ean cho thu\u00ea ch\u1ea5p nh\u1eadn th\u1eddi \u0111i\u1ec3m tr\u1ea3 xe l\u00e0 th\u1eddi \u0111i\u1ec3m k\u1ebft th\u00fac h\u1ee3p \u0111\u1ed3ng v\u00e0 gi\u00e1 tr\u1ecb h\u1ee3p \u0111\u1ed3ng \u0111\u01b0\u1ee3c t\u00ednh \u0111\u1ebfn th\u1eddi \u0111i\u1ec3m \u0111\u00f3. Ti\u1ec1n th\u1eeba s\u1ebd \u0111\u01b0\u1ee3c ho\u00e0n tr\u1ea3 l\u1ea1i kh\u00e1ch.<\/p>\n<p>\u0110\u1ed1i v\u1edbi kh\u00e1ch \u0111\u00e3 \u0111\u1eb7t l\u1ecbch thu\u00ea xe, kh\u00e1ch h\u00e0ng c\u00f3 th\u1ec3 h\u1ee7y b\u1ecf l\u1ecbch \u0111\u1eb7t xe b\u1ea5t k\u1ef3 l\u00fac n\u00e0o m\u00e0 kh\u00f4ng ph\u1ea3i ch\u1ecbu kho\u1ea3n chi ph\u00ed k\u00e8m theo.<\/p>\n<\/div><\/div><\/div>\n\t\t<\/div>\n\t\t\t\t\t<\/div>\n\n\t\n<\/div>\n\t\t<\/div>\n\n\t\t\n<style>\n#section_1727293095 {\n  padding-top: 30px;\n  padding-bottom: 30px;\n}\n<\/style>\n\t<\/section>\n\t\n","protected":false},"excerpt":{"rendered":"","protected":false},"author":2,"featured_media":0,"parent":0,"menu_order":0,"comment_status":"closed","ping_status":"closed","template":"page-blank.php","meta":{"inline_featured_image":false,"footnotes":""},"class_list":["post-274","page","type-page","status-publish","hentry"],"yoast_head":"<!-- This site is optimized with the Yoast SEO plugin v22.5 - https:\/\/yoast.com\/wordpress\/plugins\/seo\/ -->\n<title>Ch\u00ednh s\u00e1ch<\/title>\n<meta name=\"robots\" content=\"index, follow, max-snippet:-1, max-image-preview:large, max-video-preview:-1\" \/>\n<link rel=\"canonical\" href=\"https:\/\/khogiaodienmau.net\/chothuexe1\/chinh-sach\/\" \/>\n<meta property=\"og:locale\" content=\"vi_VN\" \/>\n<meta property=\"og:type\" content=\"article\" \/>\n<meta property=\"og:title\" content=\"Ch\u00ednh s\u00e1ch\" \/>\n<meta property=\"og:url\" content=\"https:\/\/khogiaodienmau.net\/chothuexe1\/chinh-sach\/\" \/>\n<meta property=\"og:site_name\" content=\"Thu\u00ea xe H\u00e0 Giang\" \/>\n<meta property=\"article:modified_time\" content=\"2023-06-27T15:38:40+00:00\" \/>\n<meta name=\"twitter:card\" content=\"summary_large_image\" \/>\n<meta name=\"twitter:label1\" content=\"\u01af\u1edbc t\u00ednh th\u1eddi gian \u0111\u1ecdc\" \/>\n\t<meta name=\"twitter:data1\" content=\"1 ph\u00fat\" \/>\n<script type=\"application\/ld+json\" class=\"yoast-schema-graph\">{\"@context\":\"https:\/\/schema.org\",\"@graph\":[{\"@type\":\"WebPage\",\"@id\":\"https:\/\/khogiaodienmau.net\/chothuexe1\/chinh-sach\/\",\"url\":\"https:\/\/khogiaodienmau.net\/chothuexe1\/chinh-sach\/\",\"name\":\"Ch\u00ednh s\u00e1ch\",\"isPartOf\":{\"@id\":\"https:\/\/khogiaodienmau.net\/chothuexe1\/#website\"},\"datePublished\":\"2023-06-27T14:44:24+00:00\",\"dateModified\":\"2023-06-27T15:38:40+00:00\",\"breadcrumb\":{\"@id\":\"https:\/\/khogiaodienmau.net\/chothuexe1\/chinh-sach\/#breadcrumb\"},\"inLanguage\":\"vi\",\"potentialAction\":[{\"@type\":\"ReadAction\",\"target\":[\"https:\/\/khogiaodienmau.net\/chothuexe1\/chinh-sach\/\"]}]},{\"@type\":\"BreadcrumbList\",\"@id\":\"https:\/\/khogiaodienmau.net\/chothuexe1\/chinh-sach\/#breadcrumb\",\"itemListElement\":[{\"@type\":\"ListItem\",\"position\":1,\"name\":\"Trang ch\u1ee7\",\"item\":\"https:\/\/khogiaodienmau.net\/chothuexe1\/\"},{\"@type\":\"ListItem\",\"position\":2,\"name\":\"Ch\u00ednh s\u00e1ch\"}]},{\"@type\":\"WebSite\",\"@id\":\"https:\/\/khogiaodienmau.net\/chothuexe1\/#website\",\"url\":\"https:\/\/khogiaodienmau.net\/chothuexe1\/\",\"name\":\"Thu\u00ea xe H\u00e0 Giang\",\"description\":\"An to\u00e0n, t\u1eadn t\u00e2m, nhi\u1ec7t t\u00ecnh\",\"publisher\":{\"@id\":\"https:\/\/khogiaodienmau.net\/chothuexe1\/#organization\"},\"potentialAction\":[{\"@type\":\"SearchAction\",\"target\":{\"@type\":\"EntryPoint\",\"urlTemplate\":\"https:\/\/khogiaodienmau.net\/chothuexe1\/?s={search_term_string}\"},\"query-input\":\"required name=search_term_string\"}],\"inLanguage\":\"vi\"},{\"@type\":\"Organization\",\"@id\":\"https:\/\/khogiaodienmau.net\/chothuexe1\/#organization\",\"name\":\"Taxi nhanh 24h\",\"url\":\"https:\/\/khogiaodienmau.net\/chothuexe1\/\",\"logo\":{\"@type\":\"ImageObject\",\"inLanguage\":\"vi\",\"@id\":\"https:\/\/khogiaodienmau.net\/chothuexe1\/#\/schema\/logo\/image\/\",\"url\":\"http:\/\/thuexemay.giaodienwebmau.com\/wp-content\/uploads\/2022\/04\/taxi.png\",\"contentUrl\":\"http:\/\/thuexemay.giaodienwebmau.com\/wp-content\/uploads\/2022\/04\/taxi.png\",\"width\":570,\"height\":191,\"caption\":\"Taxi nhanh 24h\"},\"image\":{\"@id\":\"https:\/\/khogiaodienmau.net\/chothuexe1\/#\/schema\/logo\/image\/\"}}]}<\/script>\n<!-- \/ Yoast SEO plugin. -->","yoast_head_json":{"title":"Ch\u00ednh s\u00e1ch","robots":{"index":"index","follow":"follow","max-snippet":"max-snippet:-1","max-image-preview":"max-image-preview:large","max-video-preview":"max-video-preview:-1"},"canonical":"https:\/\/khogiaodienmau.net\/chothuexe1\/chinh-sach\/","og_locale":"vi_VN","og_type":"article","og_title":"Ch\u00ednh s\u00e1ch","og_url":"https:\/\/khogiaodienmau.net\/chothuexe1\/chinh-sach\/","og_site_name":"Thu\u00ea xe H\u00e0 Giang","article_modified_time":"2023-06-27T15:38:40+00:00","twitter_card":"summary_large_image","twitter_misc":{"\u01af\u1edbc t\u00ednh th\u1eddi gian \u0111\u1ecdc":"1 ph\u00fat"},"schema":{"@context":"https:\/\/schema.org","@graph":[{"@type":"WebPage","@id":"https:\/\/khogiaodienmau.net\/chothuexe1\/chinh-sach\/","url":"https:\/\/khogiaodienmau.net\/chothuexe1\/chinh-sach\/","name":"Ch\u00ednh s\u00e1ch","isPartOf":{"@id":"https:\/\/khogiaodienmau.net\/chothuexe1\/#website"},"datePublished":"2023-06-27T14:44:24+00:00","dateModified":"2023-06-27T15:38:40+00:00","breadcrumb":{"@id":"https:\/\/khogiaodienmau.net\/chothuexe1\/chinh-sach\/#breadcrumb"},"inLanguage":"vi","potentialAction":[{"@type":"ReadAction","target":["https:\/\/khogiaodienmau.net\/chothuexe1\/chinh-sach\/"]}]},{"@type":"BreadcrumbList","@id":"https:\/\/khogiaodienmau.net\/chothuexe1\/chinh-sach\/#breadcrumb","itemListElement":[{"@type":"ListItem","position":1,"name":"Trang ch\u1ee7","item":"https:\/\/khogiaodienmau.net\/chothuexe1\/"},{"@type":"ListItem","position":2,"name":"Ch\u00ednh s\u00e1ch"}]},{"@type":"WebSite","@id":"https:\/\/khogiaodienmau.net\/chothuexe1\/#website","url":"https:\/\/khogiaodienmau.net\/chothuexe1\/","name":"Thu\u00ea xe H\u00e0 Giang","description":"An to\u00e0n, t\u1eadn t\u00e2m, nhi\u1ec7t t\u00ecnh","publisher":{"@id":"https:\/\/khogiaodienmau.net\/chothuexe1\/#organization"},"potentialAction":[{"@type":"SearchAction","target":{"@type":"EntryPoint","urlTemplate":"https:\/\/khogiaodienmau.net\/chothuexe1\/?s={search_term_string}"},"query-input":"required name=search_term_string"}],"inLanguage":"vi"},{"@type":"Organization","@id":"https:\/\/khogiaodienmau.net\/chothuexe1\/#organization","name":"Taxi nhanh 24h","url":"https:\/\/khogiaodienmau.net\/chothuexe1\/","logo":{"@type":"ImageObject","inLanguage":"vi","@id":"https:\/\/khogiaodienmau.net\/chothuexe1\/#\/schema\/logo\/image\/","url":"http:\/\/thuexemay.giaodienwebmau.com\/wp-content\/uploads\/2022\/04\/taxi.png","contentUrl":"http:\/\/thuexemay.giaodienwebmau.com\/wp-content\/uploads\/2022\/04\/taxi.png","width":570,"height":191,"caption":"Taxi nhanh 24h"},"image":{"@id":"https:\/\/khogiaodienmau.net\/chothuexe1\/#\/schema\/logo\/image\/"}}]}},"_links":{"self":[{"href":"https:\/\/khogiaodienmau.net\/chothuexe1\/wp-json\/wp\/v2\/pages\/274","targetHints":{"allow":["GET"]}}],"collection":[{"href":"https:\/\/khogiaodienmau.net\/chothuexe1\/wp-json\/wp\/v2\/pages"}],"about":[{"href":"https:\/\/khogiaodienmau.net\/chothuexe1\/wp-json\/wp\/v2\/types\/page"}],"author":[{"embeddable":true,"href":"https:\/\/khogiaodienmau.net\/chothuexe1\/wp-json\/wp\/v2\/users\/2"}],"replies":[{"embeddable":true,"href":"https:\/\/khogiaodienmau.net\/chothuexe1\/wp-json\/wp\/v2\/comments?post=274"}],"version-history":[{"count":3,"href":"https:\/\/khogiaodienmau.net\/chothuexe1\/wp-json\/wp\/v2\/pages\/274\/revisions"}],"predecessor-version":[{"id":303,"href":"https:\/\/khogiaodienmau.net\/chothuexe1\/wp-json\/wp\/v2\/pages\/274\/revisions\/303"}],"wp:attachment":[{"href":"https:\/\/khogiaodienmau.net\/chothuexe1\/wp-json\/wp\/v2\/media?parent=274"}],"curies":[{"name":"wp","href":"https:\/\/api.w.org\/{rel}","templated":true}]}}