{"id":272,"date":"2023-06-27T21:44:06","date_gmt":"2023-06-27T14:44:06","guid":{"rendered":"http:\/\/thuexemay.giaodienwebmau.com\/?page_id=272"},"modified":"2023-06-27T22:35:34","modified_gmt":"2023-06-27T15:35:34","slug":"bang-gia","status":"publish","type":"page","link":"https:\/\/khogiaodienmau.net\/chothuexe1\/bang-gia\/","title":{"rendered":"B\u1ea3ng gi\u00e1"},"content":{"rendered":"  <div id=\"page-header-634017848\" class=\"page-header-wrapper\">\n  <div class=\"page-title dark featured-title\">\n\n        <div class=\"page-title-bg\">\n      <div class=\"title-bg fill bg-fill\"\n        data-parallax-container=\".page-title\"\n        data-parallax-background\n        data-parallax=\"-\">\n      <\/div>\n      <div class=\"title-overlay fill\"><\/div>\n    <\/div>\n    \n    <div class=\"page-title-inner container align-center text-center flex-row-col medium-flex-wrap\" >\n              <div class=\"title-wrapper is-larger flex-col\">\n          <h1 class=\"entry-title mb-0\">\n            B\u1ea3ng gi\u00e1          <\/h1>\n        <\/div>\n                    <div class=\"title-content flex-col\">\n        <div class=\"title-breadcrumbs pb-half pt-half\"><nav class=\"woocommerce-breadcrumb breadcrumbs uppercase\">Home<\/nav><\/div>      <\/div>\n    <\/div>\n\n     \n<style>\n#page-header-634017848 .page-title-inner {\n  min-height: 300px;\n}\n#page-header-634017848 .title-bg {\n  background-image: url(https:\/\/khogiaodienmau.net\/chothuexe1\/wp-content\/uploads\/2023\/06\/gioi-thieu.jpg);\n}\n<\/style>\n  <\/div>\n    <\/div>\n  \n\t<section class=\"section\" id=\"section_377197717\">\n\t\t<div class=\"bg section-bg fill bg-fill  bg-loaded\" >\n\n\t\t\t\n\t\t\t\n\t\t\t\n\n\t\t<\/div>\n\n\t\t\n\n\t\t<div class=\"section-content relative\">\n\t\t\t\n<div class=\"row\"  id=\"row-1763835538\">\n\n\t<div id=\"col-574790920\" class=\"col small-12 large-12\"  >\n\t\t\t\t<div class=\"col-inner\"  >\n\t\t\t\n\t\t\t\n<div class=\"price-list-car\">\n<div class=\" car-rental-price-table\">\n<div class=\"row price-header align-items-center\">\n<div class=\"col-1\">\n\t\t\t\t\t\t\t\u0110\u1ecba \u0111i\u1ec3m\t\t\t\t\t\t<\/div>\n<div class=\"col-11\">\n<div class=\"row\">\n<div class=\"col\">\n\t\t\t\t\t\t\t\t\tLo\u1ea1i xe\t\t\t\t\t\t\t\t<\/div>\n<div class=\"col\">\n\t\t\t\t\t\t\t\t\t1-5 ng\u00e0y\t\t\t\t\t\t\t\t<\/div>\n<div class=\"col\">\n\t\t\t\t\t\t\t\t\t6-10 ng\u00e0y\t\t\t\t\t\t\t\t<\/div>\n<div class=\"col\">\n\t\t\t\t\t\t\t\t\t11-15 ng\u00e0y\t\t\t\t\t\t\t\t<\/div>\n<div class=\"col\">\n\t\t\t\t\t\t\t\t\t16-20 ng\u00e0y\t\t\t\t\t\t\t\t<\/div>\n<div class=\"col\">\n\t\t\t\t\t\t\t\t\t21-25 ng\u00e0y\t\t\t\t\t\t\t\t<\/div>\n<div class=\"col\">\n\t\t\t\t\t\t\t\t\t26-30 ng\u00e0y\t\t\t\t\t\t\t\t<\/div>\n<div class=\"col\">\n\t\t\t\t\t\t\t\t\t+30 ng\u00e0y\t\t\t\t\t\t\t\t<\/div>\n<\/p>\n<\/div>\n<\/div>\n<\/div>\n<div class=\"row price-location align-items-center\">\n<div class=\"col-1\">\n\t\t\t\t\t\t\t\t\t\tH\u00e0 N\u1ed9i\t\t\t\t\t\t\t\t\t<\/div>\n<div class=\"col-11\">\n<div class=\"row price-vh\">\n<div class=\"col\">\n\t\t\t\t\t\t\t\t\t\t\t\t\t\tYamaha Sirius 110cc\t\t\t\t\t\t\t\t\t\t\t\t\t<\/div>\n<div class=\"col\">\n\t\t\t\t\t\t\t\t\t\t\t\t\t\t\t<span class=\"date\"><br \/>\n\t\t\t\t\t\t\t\t\t\t\t\t\t\t\t\t1 &#8211; 5 ng\u00e0y\t\t\t\t\t\t\t\t\t\t\t\t\t\t\t<\/span><br \/>\n\t\t\t\t\t\t\t\t\t\t\t\t\t\t\t130.000 VN\u0110\n\t\t\t\t\t\t\t\t\t\t\t\t\t\t<\/div>\n<div class=\"col\">\n\t\t\t\t\t\t\t\t\t\t\t\t\t\t\t<span class=\"date\"><br \/>\n\t\t\t\t\t\t\t\t\t\t\t\t\t\t\t\t6 &#8211; 10 ng\u00e0y\t\t\t\t\t\t\t\t\t\t\t\t\t\t\t<\/span><br \/>\n\t\t\t\t\t\t\t\t\t\t\t\t\t\t\t120.000 VN\u0110\n\t\t\t\t\t\t\t\t\t\t\t\t\t\t<\/div>\n<div class=\"col\">\n\t\t\t\t\t\t\t\t\t\t\t\t\t\t\t<span class=\"date\"><br \/>\n\t\t\t\t\t\t\t\t\t\t\t\t\t\t\t\t11 &#8211; 15 ng\u00e0y\t\t\t\t\t\t\t\t\t\t\t\t\t\t\t<\/span><br \/>\n\t\t\t\t\t\t\t\t\t\t\t\t\t\t\t110.000 VN\u0110\n\t\t\t\t\t\t\t\t\t\t\t\t\t\t<\/div>\n<div class=\"col\">\n\t\t\t\t\t\t\t\t\t\t\t\t\t\t\t<span class=\"date\"><br \/>\n\t\t\t\t\t\t\t\t\t\t\t\t\t\t\t\t16 &#8211; 20 ng\u00e0y\t\t\t\t\t\t\t\t\t\t\t\t\t\t\t<\/span><br \/>\n\t\t\t\t\t\t\t\t\t\t\t\t\t\t\t100.000 VN\u0110\n\t\t\t\t\t\t\t\t\t\t\t\t\t\t<\/div>\n<div class=\"col\">\n\t\t\t\t\t\t\t\t\t\t\t\t\t\t\t<span class=\"date\"><br \/>\n\t\t\t\t\t\t\t\t\t\t\t\t\t\t\t\t21 &#8211; 25 ng\u00e0y\t\t\t\t\t\t\t\t\t\t\t\t\t\t\t<\/span><br \/>\n\t\t\t\t\t\t\t\t\t\t\t\t\t\t\t90.000 VN\u0110\n\t\t\t\t\t\t\t\t\t\t\t\t\t\t<\/div>\n<div class=\"col\">\n\t\t\t\t\t\t\t\t\t\t\t\t\t\t\t<span class=\"date\"><br \/>\n\t\t\t\t\t\t\t\t\t\t\t\t\t\t\t\t26 &#8211; 30 ng\u00e0y\t\t\t\t\t\t\t\t\t\t\t\t\t\t\t<\/span><br \/>\n\t\t\t\t\t\t\t\t\t\t\t\t\t\t\t80.000 VN\u0110\n\t\t\t\t\t\t\t\t\t\t\t\t\t\t<\/div>\n<div class=\"col\">\n\t\t\t\t\t\t\t\t\t\t\t\t\t\t\t<span class=\"date\"><br \/>\n\t\t\t\t\t\t\t\t\t\t\t\t\t\t\t\t+30 ng\u00e0y\t\t\t\t\t\t\t\t\t\t\t\t\t\t\t<\/span><br \/>\n\t\t\t\t\t\t\t\t\t\t\t\t\t\t\t80.000 VN\u0110\n\t\t\t\t\t\t\t\t\t\t\t\t\t\t<\/div>\n<\/p>\n<\/div>\n<div class=\"row price-vh\">\n<div class=\"col\">\n\t\t\t\t\t\t\t\t\t\t\t\t\t\tHonda Air Blade 125cc\t\t\t\t\t\t\t\t\t\t\t\t\t<\/div>\n<div class=\"col\">\n\t\t\t\t\t\t\t\t\t\t\t\t\t\t\t<span class=\"date\"><br \/>\n\t\t\t\t\t\t\t\t\t\t\t\t\t\t\t\t1 &#8211; 5 ng\u00e0y\t\t\t\t\t\t\t\t\t\t\t\t\t\t\t<\/span><br \/>\n\t\t\t\t\t\t\t\t\t\t\t\t\t\t\t200.000 VN\u0110\n\t\t\t\t\t\t\t\t\t\t\t\t\t\t<\/div>\n<div class=\"col\">\n\t\t\t\t\t\t\t\t\t\t\t\t\t\t\t<span class=\"date\"><br \/>\n\t\t\t\t\t\t\t\t\t\t\t\t\t\t\t\t6 &#8211; 10 ng\u00e0y\t\t\t\t\t\t\t\t\t\t\t\t\t\t\t<\/span><br \/>\n\t\t\t\t\t\t\t\t\t\t\t\t\t\t\t180.000 VN\u0110\n\t\t\t\t\t\t\t\t\t\t\t\t\t\t<\/div>\n<div class=\"col\">\n\t\t\t\t\t\t\t\t\t\t\t\t\t\t\t<span class=\"date\"><br \/>\n\t\t\t\t\t\t\t\t\t\t\t\t\t\t\t\t11 &#8211; 15 ng\u00e0y\t\t\t\t\t\t\t\t\t\t\t\t\t\t\t<\/span><br \/>\n\t\t\t\t\t\t\t\t\t\t\t\t\t\t\t160.000 VN\u0110\n\t\t\t\t\t\t\t\t\t\t\t\t\t\t<\/div>\n<div class=\"col\">\n\t\t\t\t\t\t\t\t\t\t\t\t\t\t\t<span class=\"date\"><br \/>\n\t\t\t\t\t\t\t\t\t\t\t\t\t\t\t\t16 &#8211; 20 ng\u00e0y\t\t\t\t\t\t\t\t\t\t\t\t\t\t\t<\/span><br \/>\n\t\t\t\t\t\t\t\t\t\t\t\t\t\t\t140.000 VN\u0110\n\t\t\t\t\t\t\t\t\t\t\t\t\t\t<\/div>\n<div class=\"col\">\n\t\t\t\t\t\t\t\t\t\t\t\t\t\t\t<span class=\"date\"><br \/>\n\t\t\t\t\t\t\t\t\t\t\t\t\t\t\t\t21 &#8211; 25 ng\u00e0y\t\t\t\t\t\t\t\t\t\t\t\t\t\t\t<\/span><br \/>\n\t\t\t\t\t\t\t\t\t\t\t\t\t\t\t120.000 VN\u0110\n\t\t\t\t\t\t\t\t\t\t\t\t\t\t<\/div>\n<div class=\"col\">\n\t\t\t\t\t\t\t\t\t\t\t\t\t\t\t<span class=\"date\"><br \/>\n\t\t\t\t\t\t\t\t\t\t\t\t\t\t\t\t26 &#8211; 30 ng\u00e0y\t\t\t\t\t\t\t\t\t\t\t\t\t\t\t<\/span><br \/>\n\t\t\t\t\t\t\t\t\t\t\t\t\t\t\t120.000 VN\u0110\n\t\t\t\t\t\t\t\t\t\t\t\t\t\t<\/div>\n<div class=\"col\">\n\t\t\t\t\t\t\t\t\t\t\t\t\t\t\t<span class=\"date\"><br \/>\n\t\t\t\t\t\t\t\t\t\t\t\t\t\t\t\t+30 ng\u00e0y\t\t\t\t\t\t\t\t\t\t\t\t\t\t\t<\/span><br \/>\n\t\t\t\t\t\t\t\t\t\t\t\t\t\t\t120.000 VN\u0110\n\t\t\t\t\t\t\t\t\t\t\t\t\t\t<\/div>\n<\/p>\n<\/div>\n<div class=\"row price-vh\">\n<div class=\"col\">\n\t\t\t\t\t\t\t\t\t\t\t\t\t\tHonda Vision\t\t\t\t\t\t\t\t\t\t\t\t\t<\/div>\n<div class=\"col\">\n\t\t\t\t\t\t\t\t\t\t\t\t\t\t\t<span class=\"date\"><br \/>\n\t\t\t\t\t\t\t\t\t\t\t\t\t\t\t\t1 &#8211; 5 ng\u00e0y\t\t\t\t\t\t\t\t\t\t\t\t\t\t\t<\/span><br \/>\n\t\t\t\t\t\t\t\t\t\t\t\t\t\t\t180.000 VN\u0110\n\t\t\t\t\t\t\t\t\t\t\t\t\t\t<\/div>\n<div class=\"col\">\n\t\t\t\t\t\t\t\t\t\t\t\t\t\t\t<span class=\"date\"><br \/>\n\t\t\t\t\t\t\t\t\t\t\t\t\t\t\t\t6 &#8211; 10 ng\u00e0y\t\t\t\t\t\t\t\t\t\t\t\t\t\t\t<\/span><br \/>\n\t\t\t\t\t\t\t\t\t\t\t\t\t\t\t160.000 VN\u0110\n\t\t\t\t\t\t\t\t\t\t\t\t\t\t<\/div>\n<div class=\"col\">\n\t\t\t\t\t\t\t\t\t\t\t\t\t\t\t<span class=\"date\"><br \/>\n\t\t\t\t\t\t\t\t\t\t\t\t\t\t\t\t11 &#8211; 15 ng\u00e0y\t\t\t\t\t\t\t\t\t\t\t\t\t\t\t<\/span><br \/>\n\t\t\t\t\t\t\t\t\t\t\t\t\t\t\t140.000 VN\u0110\n\t\t\t\t\t\t\t\t\t\t\t\t\t\t<\/div>\n<div class=\"col\">\n\t\t\t\t\t\t\t\t\t\t\t\t\t\t\t<span class=\"date\"><br \/>\n\t\t\t\t\t\t\t\t\t\t\t\t\t\t\t\t16 &#8211; 20 ng\u00e0y\t\t\t\t\t\t\t\t\t\t\t\t\t\t\t<\/span><br \/>\n\t\t\t\t\t\t\t\t\t\t\t\t\t\t\t120.000 VN\u0110\n\t\t\t\t\t\t\t\t\t\t\t\t\t\t<\/div>\n<div class=\"col\">\n\t\t\t\t\t\t\t\t\t\t\t\t\t\t\t<span class=\"date\"><br \/>\n\t\t\t\t\t\t\t\t\t\t\t\t\t\t\t\t21 &#8211; 25 ng\u00e0y\t\t\t\t\t\t\t\t\t\t\t\t\t\t\t<\/span><br \/>\n\t\t\t\t\t\t\t\t\t\t\t\t\t\t\t110.000 VN\u0110\n\t\t\t\t\t\t\t\t\t\t\t\t\t\t<\/div>\n<div class=\"col\">\n\t\t\t\t\t\t\t\t\t\t\t\t\t\t\t<span class=\"date\"><br \/>\n\t\t\t\t\t\t\t\t\t\t\t\t\t\t\t\t26 &#8211; 30 ng\u00e0y\t\t\t\t\t\t\t\t\t\t\t\t\t\t\t<\/span><br \/>\n\t\t\t\t\t\t\t\t\t\t\t\t\t\t\t100.000 VN\u0110\n\t\t\t\t\t\t\t\t\t\t\t\t\t\t<\/div>\n<div class=\"col\">\n\t\t\t\t\t\t\t\t\t\t\t\t\t\t\t<span class=\"date\"><br \/>\n\t\t\t\t\t\t\t\t\t\t\t\t\t\t\t\t+30 ng\u00e0y\t\t\t\t\t\t\t\t\t\t\t\t\t\t\t<\/span><br \/>\n\t\t\t\t\t\t\t\t\t\t\t\t\t\t\t100.000 VN\u0110\n\t\t\t\t\t\t\t\t\t\t\t\t\t\t<\/div>\n<\/p>\n<\/div>\n<\/div>\n<\/div>\n<div class=\"row price-location align-items-center\">\n<div class=\"col-1\">\n\t\t\t\t\t\t\t\t\t\tH\u00e0 Giang\t\t\t\t\t\t\t\t\t<\/div>\n<div class=\"col-11\">\n<div class=\"row price-vh\">\n<div class=\"col\">\n\t\t\t\t\t\t\t\t\t\t\t\t\t\tYamaha Sirius 110cc\t\t\t\t\t\t\t\t\t\t\t\t\t<\/div>\n<div class=\"col\">\n\t\t\t\t\t\t\t\t\t\t\t\t\t\t\t<span class=\"date\"><br \/>\n\t\t\t\t\t\t\t\t\t\t\t\t\t\t\t\t1 -5 ng\u00e0y\t\t\t\t\t\t\t\t\t\t\t\t\t\t\t<\/span><br \/>\n\t\t\t\t\t\t\t\t\t\t\t\t\t\t\t200.000 VN\u0110\n\t\t\t\t\t\t\t\t\t\t\t\t\t\t<\/div>\n<div class=\"col\">\n\t\t\t\t\t\t\t\t\t\t\t\t\t\t\t<span class=\"date\"><br \/>\n\t\t\t\t\t\t\t\t\t\t\t\t\t\t\t\t6 &#8211; 10 ng\u00e0y\t\t\t\t\t\t\t\t\t\t\t\t\t\t\t<\/span><br \/>\n\t\t\t\t\t\t\t\t\t\t\t\t\t\t\t200.000 VN\u0110\n\t\t\t\t\t\t\t\t\t\t\t\t\t\t<\/div>\n<div class=\"col\">\n\t\t\t\t\t\t\t\t\t\t\t\t\t\t\t<span class=\"date\"><br \/>\n\t\t\t\t\t\t\t\t\t\t\t\t\t\t\t\t11 &#8211; 15 ng\u00e0y\t\t\t\t\t\t\t\t\t\t\t\t\t\t\t<\/span><br \/>\n\t\t\t\t\t\t\t\t\t\t\t\t\t\t\t200.000 VN\u0110\n\t\t\t\t\t\t\t\t\t\t\t\t\t\t<\/div>\n<div class=\"col\">\n\t\t\t\t\t\t\t\t\t\t\t\t\t\t\t<span class=\"date\"><br \/>\n\t\t\t\t\t\t\t\t\t\t\t\t\t\t\t\t16 &#8211; 20 ng\u00e0y\t\t\t\t\t\t\t\t\t\t\t\t\t\t\t<\/span><br \/>\n\t\t\t\t\t\t\t\t\t\t\t\t\t\t\t200.000 VN\u0110\n\t\t\t\t\t\t\t\t\t\t\t\t\t\t<\/div>\n<div class=\"col\">\n\t\t\t\t\t\t\t\t\t\t\t\t\t\t\t<span class=\"date\"><br \/>\n\t\t\t\t\t\t\t\t\t\t\t\t\t\t\t\t21 &#8211; 25 ng\u00e0y\t\t\t\t\t\t\t\t\t\t\t\t\t\t\t<\/span><br \/>\n\t\t\t\t\t\t\t\t\t\t\t\t\t\t\t200.000 VN\u0110\n\t\t\t\t\t\t\t\t\t\t\t\t\t\t<\/div>\n<div class=\"col\">\n\t\t\t\t\t\t\t\t\t\t\t\t\t\t\t<span class=\"date\"><br \/>\n\t\t\t\t\t\t\t\t\t\t\t\t\t\t\t\t26-30 ng\u00e0y\t\t\t\t\t\t\t\t\t\t\t\t\t\t\t<\/span><br \/>\n\t\t\t\t\t\t\t\t\t\t\t\t\t\t\t200.000 VN\u0110\n\t\t\t\t\t\t\t\t\t\t\t\t\t\t<\/div>\n<div class=\"col\">\n\t\t\t\t\t\t\t\t\t\t\t\t\t\t\t<span class=\"date\"><br \/>\n\t\t\t\t\t\t\t\t\t\t\t\t\t\t\t\t+30 ng\u00e0y\t\t\t\t\t\t\t\t\t\t\t\t\t\t\t<\/span><br \/>\n\t\t\t\t\t\t\t\t\t\t\t\t\t\t\t200.000 VN\u0110\n\t\t\t\t\t\t\t\t\t\t\t\t\t\t<\/div>\n<\/p>\n<\/div>\n<div class=\"row price-vh\">\n<div class=\"col\">\n\t\t\t\t\t\t\t\t\t\t\t\t\t\tHonda XR 150cc\t\t\t\t\t\t\t\t\t\t\t\t\t<\/div>\n<div class=\"col\">\n\t\t\t\t\t\t\t\t\t\t\t\t\t\t\t<span class=\"date\"><br \/>\n\t\t\t\t\t\t\t\t\t\t\t\t\t\t\t\t1 &#8211; 5 ng\u00e0y\t\t\t\t\t\t\t\t\t\t\t\t\t\t\t<\/span><br \/>\n\t\t\t\t\t\t\t\t\t\t\t\t\t\t\t550.000 VN\u0110\n\t\t\t\t\t\t\t\t\t\t\t\t\t\t<\/div>\n<div class=\"col\">\n\t\t\t\t\t\t\t\t\t\t\t\t\t\t\t<span class=\"date\"><br \/>\n\t\t\t\t\t\t\t\t\t\t\t\t\t\t\t\t6 -10 ng\u00e0y\t\t\t\t\t\t\t\t\t\t\t\t\t\t\t<\/span><br \/>\n\t\t\t\t\t\t\t\t\t\t\t\t\t\t\t550.000 VN\u0110\n\t\t\t\t\t\t\t\t\t\t\t\t\t\t<\/div>\n<div class=\"col\">\n\t\t\t\t\t\t\t\t\t\t\t\t\t\t\t<span class=\"date\"><br \/>\n\t\t\t\t\t\t\t\t\t\t\t\t\t\t\t\t11 &#8211; 15 ng\u00e0y\t\t\t\t\t\t\t\t\t\t\t\t\t\t\t<\/span><br \/>\n\t\t\t\t\t\t\t\t\t\t\t\t\t\t\t550.000 VN\u0110\n\t\t\t\t\t\t\t\t\t\t\t\t\t\t<\/div>\n<div class=\"col\">\n\t\t\t\t\t\t\t\t\t\t\t\t\t\t\t<span class=\"date\"><br \/>\n\t\t\t\t\t\t\t\t\t\t\t\t\t\t\t\t16 &#8211; 20 ng\u00e0y\t\t\t\t\t\t\t\t\t\t\t\t\t\t\t<\/span><br \/>\n\t\t\t\t\t\t\t\t\t\t\t\t\t\t\t550.000 VN\u0110\n\t\t\t\t\t\t\t\t\t\t\t\t\t\t<\/div>\n<div class=\"col\">\n\t\t\t\t\t\t\t\t\t\t\t\t\t\t\t<span class=\"date\"><br \/>\n\t\t\t\t\t\t\t\t\t\t\t\t\t\t\t\t21 &#8211; 25 ng\u00e0y\t\t\t\t\t\t\t\t\t\t\t\t\t\t\t<\/span><br \/>\n\t\t\t\t\t\t\t\t\t\t\t\t\t\t\t550.000 VN\u0110\n\t\t\t\t\t\t\t\t\t\t\t\t\t\t<\/div>\n<div class=\"col\">\n\t\t\t\t\t\t\t\t\t\t\t\t\t\t\t<span class=\"date\"><br \/>\n\t\t\t\t\t\t\t\t\t\t\t\t\t\t\t\t26 &#8211; 30 ng\u00e0y\t\t\t\t\t\t\t\t\t\t\t\t\t\t\t<\/span><br \/>\n\t\t\t\t\t\t\t\t\t\t\t\t\t\t\t550.000 VN\u0110\n\t\t\t\t\t\t\t\t\t\t\t\t\t\t<\/div>\n<div class=\"col\">\n\t\t\t\t\t\t\t\t\t\t\t\t\t\t\t<span class=\"date\"><br \/>\n\t\t\t\t\t\t\t\t\t\t\t\t\t\t\t\t+ 30 ng\u00e0y\t\t\t\t\t\t\t\t\t\t\t\t\t\t\t<\/span><br \/>\n\t\t\t\t\t\t\t\t\t\t\t\t\t\t\t550.000 VN\u0110\n\t\t\t\t\t\t\t\t\t\t\t\t\t\t<\/div>\n<\/p>\n<\/div>\n<\/div>\n<\/div>\n<\/div>\n<\/div>\n\t<div id=\"gap-1863640700\" class=\"gap-element clearfix\" style=\"display:block; height:auto;\">\n\t\t\n<style>\n#gap-1863640700 {\n  padding-top: 30px;\n}\n<\/style>\n\t<\/div>\n\t\n<p align=\"left\">L\u01afU \u00dd:<br \/>Gi\u00e1 thu\u00ea xe m\u00e1y t\u1ea1i H\u00e0 N\u1ed9i \u00e1p d\u1ee5ng t\u1eeb ng\u00e0y 20\/04\/2022. Ch\u00fang t\u00f4i xin l\u1ed7i v\u00ec s\u1ef1 thay \u0111\u1ed5i n\u00e0y l\u00e0 b\u1eaft bu\u1ed9c do \u1ea3nh h\u01b0\u1edfng b\u1edfi c\u00e1c kho\u1ea3n chi ph\u00ed t\u0103ng cao sau d\u1ecbch.<\/p>\n<p align=\"left\">Gi\u00e1 thu\u00ea Yamaha Sirius t\u1ea1i H\u00e0 N\u1ed9i tr\u00ean ch\u1ec9 \u00e1p d\u1ee5ng cho thu\u00ea xe \u0111i trong c\u00e1c qu\u1eadn huy\u1ec7n n\u1ed9i th\u00e0nh. Xe Yamaha Sirius \u0111i t\u1ec9nh (ra kh\u1ecfi H\u00e0 N\u1ed9i), \u0111i ph\u01b0\u1ee3t v\u00f9ng \u0111\u1ed3i n\u00fai \u0110\u00f4ng &#8211; T\u00e2y B\u1eafc, Ba V\u00ec, Tam \u0110\u1ea3o,&#8230; s\u1ebd ph\u1ee5 thu th\u00eam 50.000\u0111\/ng\u00e0y.<\/p>\n<p align=\"left\">TH\u00d4NG TIN CHUY\u1ec2N KHO\u1ea2N \u0110\u1eb6T C\u1eccC:<br \/>Ng\u00e2n h\u00e0ng\u00a0MB Bank<br \/>S\u1ed1 t\u00e0i kho\u1ea3n:\u00a01 0209 1945<br \/>Ch\u1ee7 t\u00e0i kho\u1ea3n:\u00a0Nguy\u1ec5n Huy Hi\u1ebfu<br \/>N\u1ed9i dung chuy\u1ec3n kho\u1ea3n:\u00a0{{H\u1ecd v\u00e0 t\u00ean}} coc thue xe may ngay thang nam. V\u00ed d\u1ee5: NGUYEN VAN A coc thue xe may 010422<\/p>\n<p align=\"left\">Sau khi chuy\u1ec3n kho\u1ea3n, b\u1ea1n vui l\u00f2ng ch\u1ee5p l\u1ea1i m\u00e0n h\u00ecnh v\u00e0 g\u1eedi l\u1ea1i cho ch\u00fang t\u00f4i qua Fanpage ho\u1eb7c Zalo \u0111\u1ec3 x\u00e1c nh\u1eadn vi\u1ec7c \u0111\u1eb7t c\u1ecdc. C\u00e1m \u01a1n b\u1ea1n nhi\u1ec1u!<\/p>\n\t\t<\/div>\n\t\t\t\t\t<\/div>\n\n\t\n<\/div>\n\t\t<\/div>\n\n\t\t\n<style>\n#section_377197717 {\n  padding-top: 30px;\n  padding-bottom: 30px;\n}\n<\/style>\n\t<\/section>\n\t\n","protected":false},"excerpt":{"rendered":"","protected":false},"author":2,"featured_media":0,"parent":0,"menu_order":0,"comment_status":"closed","ping_status":"closed","template":"page-blank.php","meta":{"inline_featured_image":false,"footnotes":""},"class_list":["post-272","page","type-page","status-publish","hentry"],"yoast_head":"<!-- This site is optimized with the Yoast SEO plugin v22.5 - https:\/\/yoast.com\/wordpress\/plugins\/seo\/ -->\n<title>B\u1ea3ng gi\u00e1<\/title>\n<meta name=\"robots\" content=\"index, follow, max-snippet:-1, max-image-preview:large, max-video-preview:-1\" \/>\n<link rel=\"canonical\" href=\"https:\/\/khogiaodienmau.net\/chothuexe1\/bang-gia\/\" \/>\n<meta property=\"og:locale\" content=\"vi_VN\" \/>\n<meta property=\"og:type\" content=\"article\" \/>\n<meta property=\"og:title\" content=\"B\u1ea3ng gi\u00e1\" \/>\n<meta property=\"og:url\" content=\"https:\/\/khogiaodienmau.net\/chothuexe1\/bang-gia\/\" \/>\n<meta property=\"og:site_name\" content=\"Thu\u00ea xe H\u00e0 Giang\" \/>\n<meta property=\"article:modified_time\" content=\"2023-06-27T15:35:34+00:00\" \/>\n<meta name=\"twitter:card\" content=\"summary_large_image\" \/>\n<meta name=\"twitter:label1\" content=\"\u01af\u1edbc t\u00ednh th\u1eddi gian \u0111\u1ecdc\" \/>\n\t<meta name=\"twitter:data1\" content=\"1 ph\u00fat\" \/>\n<script type=\"application\/ld+json\" class=\"yoast-schema-graph\">{\"@context\":\"https:\/\/schema.org\",\"@graph\":[{\"@type\":\"WebPage\",\"@id\":\"https:\/\/khogiaodienmau.net\/chothuexe1\/bang-gia\/\",\"url\":\"https:\/\/khogiaodienmau.net\/chothuexe1\/bang-gia\/\",\"name\":\"B\u1ea3ng gi\u00e1\",\"isPartOf\":{\"@id\":\"https:\/\/khogiaodienmau.net\/chothuexe1\/#website\"},\"datePublished\":\"2023-06-27T14:44:06+00:00\",\"dateModified\":\"2023-06-27T15:35:34+00:00\",\"breadcrumb\":{\"@id\":\"https:\/\/khogiaodienmau.net\/chothuexe1\/bang-gia\/#breadcrumb\"},\"inLanguage\":\"vi\",\"potentialAction\":[{\"@type\":\"ReadAction\",\"target\":[\"https:\/\/khogiaodienmau.net\/chothuexe1\/bang-gia\/\"]}]},{\"@type\":\"BreadcrumbList\",\"@id\":\"https:\/\/khogiaodienmau.net\/chothuexe1\/bang-gia\/#breadcrumb\",\"itemListElement\":[{\"@type\":\"ListItem\",\"position\":1,\"name\":\"Trang ch\u1ee7\",\"item\":\"https:\/\/khogiaodienmau.net\/chothuexe1\/\"},{\"@type\":\"ListItem\",\"position\":2,\"name\":\"B\u1ea3ng gi\u00e1\"}]},{\"@type\":\"WebSite\",\"@id\":\"https:\/\/khogiaodienmau.net\/chothuexe1\/#website\",\"url\":\"https:\/\/khogiaodienmau.net\/chothuexe1\/\",\"name\":\"Thu\u00ea xe H\u00e0 Giang\",\"description\":\"An to\u00e0n, t\u1eadn t\u00e2m, nhi\u1ec7t t\u00ecnh\",\"publisher\":{\"@id\":\"https:\/\/khogiaodienmau.net\/chothuexe1\/#organization\"},\"potentialAction\":[{\"@type\":\"SearchAction\",\"target\":{\"@type\":\"EntryPoint\",\"urlTemplate\":\"https:\/\/khogiaodienmau.net\/chothuexe1\/?s={search_term_string}\"},\"query-input\":\"required name=search_term_string\"}],\"inLanguage\":\"vi\"},{\"@type\":\"Organization\",\"@id\":\"https:\/\/khogiaodienmau.net\/chothuexe1\/#organization\",\"name\":\"Taxi nhanh 24h\",\"url\":\"https:\/\/khogiaodienmau.net\/chothuexe1\/\",\"logo\":{\"@type\":\"ImageObject\",\"inLanguage\":\"vi\",\"@id\":\"https:\/\/khogiaodienmau.net\/chothuexe1\/#\/schema\/logo\/image\/\",\"url\":\"http:\/\/thuexemay.giaodienwebmau.com\/wp-content\/uploads\/2022\/04\/taxi.png\",\"contentUrl\":\"http:\/\/thuexemay.giaodienwebmau.com\/wp-content\/uploads\/2022\/04\/taxi.png\",\"width\":570,\"height\":191,\"caption\":\"Taxi nhanh 24h\"},\"image\":{\"@id\":\"https:\/\/khogiaodienmau.net\/chothuexe1\/#\/schema\/logo\/image\/\"}}]}<\/script>\n<!-- \/ Yoast SEO plugin. -->","yoast_head_json":{"title":"B\u1ea3ng gi\u00e1","robots":{"index":"index","follow":"follow","max-snippet":"max-snippet:-1","max-image-preview":"max-image-preview:large","max-video-preview":"max-video-preview:-1"},"canonical":"https:\/\/khogiaodienmau.net\/chothuexe1\/bang-gia\/","og_locale":"vi_VN","og_type":"article","og_title":"B\u1ea3ng gi\u00e1","og_url":"https:\/\/khogiaodienmau.net\/chothuexe1\/bang-gia\/","og_site_name":"Thu\u00ea xe H\u00e0 Giang","article_modified_time":"2023-06-27T15:35:34+00:00","twitter_card":"summary_large_image","twitter_misc":{"\u01af\u1edbc t\u00ednh th\u1eddi gian \u0111\u1ecdc":"1 ph\u00fat"},"schema":{"@context":"https:\/\/schema.org","@graph":[{"@type":"WebPage","@id":"https:\/\/khogiaodienmau.net\/chothuexe1\/bang-gia\/","url":"https:\/\/khogiaodienmau.net\/chothuexe1\/bang-gia\/","name":"B\u1ea3ng gi\u00e1","isPartOf":{"@id":"https:\/\/khogiaodienmau.net\/chothuexe1\/#website"},"datePublished":"2023-06-27T14:44:06+00:00","dateModified":"2023-06-27T15:35:34+00:00","breadcrumb":{"@id":"https:\/\/khogiaodienmau.net\/chothuexe1\/bang-gia\/#breadcrumb"},"inLanguage":"vi","potentialAction":[{"@type":"ReadAction","target":["https:\/\/khogiaodienmau.net\/chothuexe1\/bang-gia\/"]}]},{"@type":"BreadcrumbList","@id":"https:\/\/khogiaodienmau.net\/chothuexe1\/bang-gia\/#breadcrumb","itemListElement":[{"@type":"ListItem","position":1,"name":"Trang ch\u1ee7","item":"https:\/\/khogiaodienmau.net\/chothuexe1\/"},{"@type":"ListItem","position":2,"name":"B\u1ea3ng gi\u00e1"}]},{"@type":"WebSite","@id":"https:\/\/khogiaodienmau.net\/chothuexe1\/#website","url":"https:\/\/khogiaodienmau.net\/chothuexe1\/","name":"Thu\u00ea xe H\u00e0 Giang","description":"An to\u00e0n, t\u1eadn t\u00e2m, nhi\u1ec7t t\u00ecnh","publisher":{"@id":"https:\/\/khogiaodienmau.net\/chothuexe1\/#organization"},"potentialAction":[{"@type":"SearchAction","target":{"@type":"EntryPoint","urlTemplate":"https:\/\/khogiaodienmau.net\/chothuexe1\/?s={search_term_string}"},"query-input":"required name=search_term_string"}],"inLanguage":"vi"},{"@type":"Organization","@id":"https:\/\/khogiaodienmau.net\/chothuexe1\/#organization","name":"Taxi nhanh 24h","url":"https:\/\/khogiaodienmau.net\/chothuexe1\/","logo":{"@type":"ImageObject","inLanguage":"vi","@id":"https:\/\/khogiaodienmau.net\/chothuexe1\/#\/schema\/logo\/image\/","url":"http:\/\/thuexemay.giaodienwebmau.com\/wp-content\/uploads\/2022\/04\/taxi.png","contentUrl":"http:\/\/thuexemay.giaodienwebmau.com\/wp-content\/uploads\/2022\/04\/taxi.png","width":570,"height":191,"caption":"Taxi nhanh 24h"},"image":{"@id":"https:\/\/khogiaodienmau.net\/chothuexe1\/#\/schema\/logo\/image\/"}}]}},"_links":{"self":[{"href":"https:\/\/khogiaodienmau.net\/chothuexe1\/wp-json\/wp\/v2\/pages\/272","targetHints":{"allow":["GET"]}}],"collection":[{"href":"https:\/\/khogiaodienmau.net\/chothuexe1\/wp-json\/wp\/v2\/pages"}],"about":[{"href":"https:\/\/khogiaodienmau.net\/chothuexe1\/wp-json\/wp\/v2\/types\/page"}],"author":[{"embeddable":true,"href":"https:\/\/khogiaodienmau.net\/chothuexe1\/wp-json\/wp\/v2\/users\/2"}],"replies":[{"embeddable":true,"href":"https:\/\/khogiaodienmau.net\/chothuexe1\/wp-json\/wp\/v2\/comments?post=272"}],"version-history":[{"count":4,"href":"https:\/\/khogiaodienmau.net\/chothuexe1\/wp-json\/wp\/v2\/pages\/272\/revisions"}],"predecessor-version":[{"id":301,"href":"https:\/\/khogiaodienmau.net\/chothuexe1\/wp-json\/wp\/v2\/pages\/272\/revisions\/301"}],"wp:attachment":[{"href":"https:\/\/khogiaodienmau.net\/chothuexe1\/wp-json\/wp\/v2\/media?parent=272"}],"curies":[{"name":"wp","href":"https:\/\/api.w.org\/{rel}","templated":true}]}}