{"id":2282,"date":"2024-10-07T03:28:39","date_gmt":"2024-10-07T03:28:39","guid":{"rendered":"https:\/\/khogiaodienmau.net\/agency14\/?post_type=product&#038;p=2282"},"modified":"2024-10-07T03:51:48","modified_gmt":"2024-10-07T03:51:48","slug":"map-binh-duong-danh-muc-van-phong-cong-ty","status":"publish","type":"product","link":"https:\/\/khogiaodienmau.net\/agency14\/product\/map-binh-duong-danh-muc-van-phong-cong-ty\/","title":{"rendered":"Map B\u00ecnh D\u01b0\u01a1ng: Danh m\u1ee5c v\u0103n ph\u00f2ng c\u00f4ng ty"},"content":{"rendered":"<p>L\u01b0u \u00fd: \u0110\u00e2y l\u00e0 ph\u00f4i map \u0111\u01b0\u1ee3c x\u00e1c minh s\u1eb5n theo y\u00eau c\u1ea7u c\u1ee7a kh\u00e1ch h\u00e0ng. M\u1ee5c \u0111\u00edch s\u1eed d\u1ee5ng \u0111\u1ec3 tham kh\u1ea3o v\u00e0 nghi\u00ean c\u1ee9u. Qu\u00fd kh\u00e1ch vui l\u00f2ng kh\u00f4ng s\u1eed d\u1ee5ng sai m\u1ee5c \u0111\u00edch c\u1ee7a Google Doanh Nghi\u1ec7p ( Google Map ) ho\u1eb7c v\u00e0o m\u1ee5c \u0111\u00edch vi ph\u1ea1m ph\u00e1p lu\u1eadt. N\u1ebfu Qu\u00fd Kh\u00e1ch s\u1eed d\u1ee5ng sai quy \u0111\u1ecbnh c\u1ee7a Google ho\u1eb7c vi ph\u1ea1m ph\u00e1p lu\u1eadt th\u00ec ch\u00fang t\u00f4i ho\u00e0n to\u00e0n kh\u00f4ng ch\u1ecbu tr\u00e1ch nhi\u1ec7m.<\/p>\n<p><span>&#8211; T\u00e0i kho\u1ea3n \u0111\u1ecbnh d\u1ea1ng: Mail | Pass | Mail KP\u00a0\u00a0<\/span><\/p>\n<p>&#8211; L\u01b0u \u00fd khi thay \u0111\u1ed5i th\u00f4ng tin: T\u00ean Map kh\u00f4ng ch\u1ee9a key c\u1ea5m GG, S\u0110T ph\u1ea3i l\u00e0 s\u1ed1 new 100% kh\u00f4ng d\u00ednh Spam, Website kh\u00f4ng d\u00ednh Spam, \u0110\u1ecba ch\u1ec9 kh\u00f4ng c\u00e1ch xa v\u1ecb tr\u00ed c\u0169 10KM<\/p>\n<p>&#8211; Ch\u00ednh s\u00e1ch B\u1ea3o h\u00e0nh:<\/p>\n<ul>\n<li>BH 1 b\u00f9 1 khi t\u00e0i kho\u1ea3n kh\u00f4ng truy c\u1eadp \u0111\u01b0\u1ee3c ho\u1eb7c t\u00e0i kho\u1ea3n b\u1ecb ng\u01b0ng quy\u1ec1n qu\u1ea3n l\u00fd d\u1ecbch v\u1ee5 Google Doanh Nghi\u1ec7p ( Google Map )<\/li>\n<li>BH 1 b\u00f9 1 khi\u00a0 Google Doanh Nghi\u1ec7p ( Google Map ) b\u1ecb ng\u01b0ng ho\u1eb7c VHH tr\u01b0\u1edbc khi mua<\/li>\n<\/ul>\n<p>&#8211; Ch\u00ednh s\u00e1ch Kh\u00f4ng \u0111\u01b0\u1ee3c B\u1ea3o H\u00e0nh<\/p>\n<ul>\n<li>\u0110\u0103ng nh\u1eadp t\u00e0i kho\u1ea3n th\u00e0nh c\u00f4ng l\u1ea7n \u0111\u1ea7u v\u00e0 Google Doanh Nghi\u1ec7p ( Google Map ) v\u1eabn c\u00f2n t\u00ecnh tr\u1ea1ng Live<\/li>\n<li>S\u1ea3n ph\u1ea9m kh\u00f4ng b\u1ea3o h\u00e0nh khi Map ng\u01b0ng do \u0111\u1ed5i th\u00f4ng tin<\/li>\n<\/ul>\n<p><strong><span style=\"color: #ff0000;\">&#8211; H\u01b0\u1edbng d\u1eabn c\u00e1ch \u0111\u1ed5i t\u00ean Map khi mua ph\u00f4i: Sau khi mua ph\u00f4i Qu\u00fd kh\u00e1ch kh\u00f4ng n\u00ean x\u00f3a t\u00ean c\u0169 \u0111\u1ec3 thay 100% m\u00e0 gi\u1eef l\u1ea1i t\u00ean c\u0169 v\u00e0 th\u00eam t\u00ean ho\u1eb7c key m\u1edbi ph\u00eda sau t\u00ean c\u0169<\/span><\/strong><\/p>\n<p>&#8211; MMO nh\u1eadn t\u1ea1o v\u00e0 x\u00e1c minh Google Doanh Nghi\u1ec7p ( Google Map ). Qu\u00fd kh\u00e1ch c\u00f3 nhu c\u1ea7u vui l\u00f2ng g\u1eedi th\u00f4ng tin v\u00e0o Form \u0111\u0103ng k\u00fd<\/p>\n\n<div class=\"wpcf7 no-js\" id=\"wpcf7-f316-o1\" lang=\"en-US\" dir=\"ltr\">\n<div class=\"screen-reader-response\"><p role=\"status\" aria-live=\"polite\" aria-atomic=\"true\"><\/p> <ul><\/ul><\/div>\n<form action=\"\/agency14\/wp-json\/wp\/v2\/product\/2282#wpcf7-f316-o1\" method=\"post\" class=\"wpcf7-form init\" aria-label=\"Contact form\" novalidate=\"novalidate\" data-status=\"init\">\n<div style=\"display: none;\">\n<input type=\"hidden\" name=\"_wpcf7\" value=\"316\" \/>\n<input type=\"hidden\" name=\"_wpcf7_version\" value=\"5.9.8\" \/>\n<input type=\"hidden\" name=\"_wpcf7_locale\" value=\"en_US\" \/>\n<input type=\"hidden\" name=\"_wpcf7_unit_tag\" value=\"wpcf7-f316-o1\" \/>\n<input type=\"hidden\" name=\"_wpcf7_container_post\" value=\"0\" \/>\n<input type=\"hidden\" name=\"_wpcf7_posted_data_hash\" value=\"\" \/>\n<\/div>\n<div class='row submit_fw'>\n\t<div class='wgl_col-12'>\n\t\t<p><span class=\"wpcf7-form-control-wrap\" data-name=\"text-759\"><input size=\"40\" maxlength=\"400\" class=\"wpcf7-form-control wpcf7-text\" aria-invalid=\"false\" placeholder=\"H\u1ecd v\u00e0 T\u00ean *\" value=\"\" type=\"text\" name=\"text-759\" \/><\/span>\n\t\t<\/p>\n\t<\/div>\n\t<div class='wgl_col-12'>\n\t\t<p><span class=\"wpcf7-form-control-wrap\" data-name=\"email-613\"><input size=\"40\" maxlength=\"400\" class=\"wpcf7-form-control wpcf7-email wpcf7-text wpcf7-validates-as-email\" aria-invalid=\"false\" placeholder=\"Email *\" value=\"\" type=\"email\" name=\"email-613\" \/><\/span>\n\t\t<\/p>\n\t<\/div>\n\t<div class='wgl_col-12'>\n\t\t<p><span class=\"wpcf7-form-control-wrap\" data-name=\"text-759\"><input size=\"40\" maxlength=\"400\" class=\"wpcf7-form-control wpcf7-text\" aria-invalid=\"false\" placeholder=\"S\u1ed1 \u0110i\u1ec7n Tho\u1ea1i *\" value=\"\" type=\"text\" name=\"text-759\" \/><\/span>\n\t\t<\/p>\n\t<\/div>\n\t<div class='wgl_col-12'>\n\t\t<p><span class=\"wpcf7-form-control-wrap\" data-name=\"email-613\"><input size=\"40\" maxlength=\"400\" class=\"wpcf7-form-control wpcf7-email wpcf7-text wpcf7-validates-as-email\" aria-invalid=\"false\" placeholder=\"Website ( N\u1ebfu c\u00f3 ) *\" value=\"\" type=\"email\" name=\"email-613\" \/><\/span>\n\t\t<\/p>\n\t<\/div>\n\t<div class='wgl_col-12'>\n\t\t<p><span class=\"wpcf7-form-control-wrap\" data-name=\"text-789\"><input size=\"40\" maxlength=\"400\" class=\"wpcf7-form-control wpcf7-text\" aria-invalid=\"false\" placeholder=\"Th\u00f4ng tin t\u1ea1o Map*\" value=\"\" type=\"text\" name=\"text-789\" \/><\/span>\n\t\t<\/p>\n\t<\/div>\n<\/div>\n<p><input class=\"wpcf7-form-control wpcf7-submit has-spinner\" type=\"submit\" value=\"\u0110\u0102NG K\u00dd\" \/>\n<\/p><div class=\"wpcf7-response-output\" aria-hidden=\"true\"><\/div>\n<\/form>\n<\/div>\n\n","protected":false},"excerpt":{"rendered":"<p>\u0110\u00e2y l\u00e0 map \u0111\u00e3 x\u00e1c minh s\u1eb5n do kh\u00e1ch h\u00e0ng \u0111\u1eb7t b\u00ean MMO 365 v\u00e0 kh\u00f4ng nh\u1eadn Map<\/p>\n<p>Th\u00f4ng tin map g\u1ed3m:<\/p>\n<ul class=\"seofy_check\">\n<li>T\u00ean map theo y\u00eau c\u1ea7u kh\u00e1ch h\u00e0ng<\/li>\n<li>Danh m\u1ee5c: V\u0103n Ph\u00f2ng C\u00f4ng Ty<\/li>\n<li>\u0110\u1ecba chi: H\u00f3c M\u00f4n, TPHCM<\/li>\n<li>S\u0110T: ch\u01b0a add ( c\u00f3 th\u1ec3 add s\u1ed1 \u0111i\u1ec7n tho\u1ea1i New )<\/li>\n<li>Website: Ch\u01b0a add<\/li>\n<\/ul>\n","protected":false},"featured_media":2158,"comment_status":"open","ping_status":"closed","template":"","meta":{"om_disable_all_campaigns":false,"_monsterinsights_skip_tracking":false,"_monsterinsights_sitenote_active":false,"_monsterinsights_sitenote_note":"","_monsterinsights_sitenote_category":0},"product_cat":[62],"product_tag":[70,67],"class_list":{"0":"post-2282","1":"product","2":"type-product","3":"status-publish","4":"has-post-thumbnail","6":"product_cat-phoi-map-binh-duong","7":"product_tag-map-binh-duong","8":"product_tag-map-danh-muc-van-phong-cong-ty","10":"first","11":"instock","12":"downloadable","13":"shipping-taxable","14":"purchasable","15":"product-type-simple"},"aioseo_notices":[],"_links":{"self":[{"href":"https:\/\/khogiaodienmau.net\/agency14\/wp-json\/wp\/v2\/product\/2282","targetHints":{"allow":["GET"]}}],"collection":[{"href":"https:\/\/khogiaodienmau.net\/agency14\/wp-json\/wp\/v2\/product"}],"about":[{"href":"https:\/\/khogiaodienmau.net\/agency14\/wp-json\/wp\/v2\/types\/product"}],"replies":[{"embeddable":true,"href":"https:\/\/khogiaodienmau.net\/agency14\/wp-json\/wp\/v2\/comments?post=2282"}],"wp:featuredmedia":[{"embeddable":true,"href":"https:\/\/khogiaodienmau.net\/agency14\/wp-json\/wp\/v2\/media\/2158"}],"wp:attachment":[{"href":"https:\/\/khogiaodienmau.net\/agency14\/wp-json\/wp\/v2\/media?parent=2282"}],"wp:term":[{"taxonomy":"product_cat","embeddable":true,"href":"https:\/\/khogiaodienmau.net\/agency14\/wp-json\/wp\/v2\/product_cat?post=2282"},{"taxonomy":"product_tag","embeddable":true,"href":"https:\/\/khogiaodienmau.net\/agency14\/wp-json\/wp\/v2\/product_tag?post=2282"}],"curies":[{"name":"wp","href":"https:\/\/api.w.org\/{rel}","templated":true}]}}