{"id":947,"date":"2018-11-26T14:08:34","date_gmt":"2018-11-26T14:08:34","guid":{"rendered":"https:\/\/seofy.wgl-demo.net\/?page_id=947"},"modified":"2024-10-07T03:10:19","modified_gmt":"2024-10-07T03:10:19","slug":"tao-va-xac-minh-map","status":"publish","type":"page","link":"https:\/\/khogiaodienmau.net\/agency14\/tao-va-xac-minh-map\/","title":{"rendered":"T\u1ea1o v\u00e0 x\u00e1c minh Map"},"content":{"rendered":"<div class=\"wpb-content-wrapper\">[vc_row][vc_column][wgl_spacing spacer_size=&#8221;18&#8243;][vc_row_inner content_placement=&#8221;middle&#8221;][vc_column_inner offset=&#8221;vc_col-lg-5 vc_col-md-6&#8243;][wgl_double_headings title_color=&#8221;#252525&#8243; subtitle_color=&#8221;#FF7D00&#8243; title=&#8221;Di\u0323ch Vu\u0323 Xa\u0301c Minh Google Map MMO 365&#8243; responsive_font=&#8221;true&#8221; font_size_mobile=&#8221;33&#8243;][wgl_spacing spacer_size=&#8221;19&#8243;][wgl_custom_text font_size=&#8221;18&#8243;]<span>Gi\u00fap Kh\u00e1ch h\u00e0ng d\u1ec5 d\u00e0ng t\u00ecm ki\u1ebfm \u0111\u01b0\u1ee3c nh\u00e0 h\u00e0ng, Spa, C\u00f4ng Ty c\u1ee7a b\u1ea1n tr\u00ean Google<\/span>[\/wgl_custom_text][wgl_spacing spacer_size=&#8221;30&#8243;][wgl_info_box ib_layout=&#8221;left&#8221; icon_type=&#8221;font&#8221; icon_font_type=&#8221;type_flaticon&#8221; icon_flaticon=&#8221;flaticon-zoom-in&#8221; icon_color_idle=&#8221;#ffffff&#8221; icon_color_hover=&#8221;#ffffff&#8221; icon_bg_type=&#8221;gradient&#8221; ib_title=&#8221;D\u1ecbch v\u1ee5 nhanh ch\u00f3ng&#8221; ib_content=&#8221;MMO 365 th\u01b0\u1eddng ho\u00e0n th\u00e0nh t\u1ea1o v\u00e0 x\u00e1c minh trong v\u00f2ng 24H ( T\u00f9y v\u00e0o ng\u00e0nh ngh\u1ec1 )&#8221; custom_icon_color=&#8221;true&#8221; custom_icon_bg_color=&#8221;true&#8221; custom_icon_bg_width=&#8221;50&#8243; custom_icon_bg_height=&#8221;50&#8243; custom_icon_size=&#8221;25&#8243; custom_icon_side_offset=&#8221;25&#8243;][wgl_spacing spacer_size=&#8221;26&#8243;][wgl_info_box ib_layout=&#8221;left&#8221; icon_type=&#8221;font&#8221; icon_font_type=&#8221;type_flaticon&#8221; icon_flaticon=&#8221;flaticon-skills&#8221; icon_color_idle=&#8221;#ffffff&#8221; icon_color_hover=&#8221;#ffffff&#8221; icon_bg_type=&#8221;gradient&#8221; icon_bg_gradient_start=&#8221;#5ad0ff&#8221; icon_bg_gradient_end=&#8221;#3224e9&#8243; icon_bg_gradient_start_hover=&#8221;#3224e9&#8243; icon_bg_gradient_end_hover=&#8221;#5ad0ff&#8221; ib_title=&#8221;\u0110\u01a1n v\u1ecb \u00fay t\u00edn nh\u1ea5t&#8221; ib_content=&#8221;Ch\u00fang t\u00f4i l\u00e0 \u0111\u01a1n v\u1ecb ti\u00ean phong trong l\u0129nh v\u1ef1c t\u1ea1o v\u00e0 x\u00e1c google doanh nghi\u1ec7p&#8221; custom_icon_color=&#8221;true&#8221; custom_icon_bg_color=&#8221;true&#8221; custom_icon_bg_width=&#8221;50&#8243; custom_icon_bg_height=&#8221;50&#8243; custom_icon_size=&#8221;25&#8243; custom_icon_side_offset=&#8221;25&#8243;][wgl_spacing spacer_size=&#8221;26&#8243;][wgl_info_box ib_layout=&#8221;left&#8221; icon_type=&#8221;font&#8221; icon_font_type=&#8221;type_flaticon&#8221; icon_flaticon=&#8221;flaticon-gear-3&#8243; icon_color_idle=&#8221;#ffffff&#8221; icon_color_hover=&#8221;#ffffff&#8221; icon_bg_type=&#8221;gradient&#8221; icon_bg_gradient_start=&#8221;#8cffed&#8221; icon_bg_gradient_end=&#8221;#009cff&#8221; icon_bg_gradient_start_hover=&#8221;#009cff&#8221; icon_bg_gradient_end_hover=&#8221;#8cffed&#8221; ib_title=&#8221;H\u00ecnh th\u1ee9c thanh to\u00e1n linh \u0111\u1ed9ng&#8221; ib_content=&#8221;Kh\u00e1ch h\u00e0ng c\u00f3 th\u1ec3 thanh to\u00e1n sau kho doanh nghi\u1ec7p \u0111\u01b0\u1ee3c x\u00e1c minh&#8221; custom_icon_color=&#8221;true&#8221; custom_icon_bg_color=&#8221;true&#8221; custom_icon_bg_width=&#8221;50&#8243; custom_icon_bg_height=&#8221;50&#8243; custom_icon_size=&#8221;25&#8243; custom_icon_side_offset=&#8221;25&#8243;][wgl_spacing spacer_size=&#8221;0&#8243; screen_tablet=&#8221;992&#8243; responsive_tablet=&#8221;true&#8221; size_tablet=&#8221;50&#8243;][\/vc_column_inner][vc_column_inner offset=&#8221;vc_col-lg-7 vc_col-md-6&#8243;][vc_column_text]<img loading=\"lazy\" decoding=\"async\" class=\"alignnone wp-image-2272 size-full\" src=\"https:\/\/khogiaodienmau.net\/agency14\/wp-content\/uploads\/2024\/10\/Google-My-Business-removebg-preview.png\" alt=\"\" width=\"666\" height=\"374\" srcset=\"https:\/\/khogiaodienmau.net\/agency14\/wp-content\/uploads\/2024\/10\/Google-My-Business-removebg-preview.png 666w, https:\/\/khogiaodienmau.net\/agency14\/wp-content\/uploads\/2024\/10\/Google-My-Business-removebg-preview-300x168.png 300w\" sizes=\"auto, (max-width: 666px) 100vw, 666px\" \/>[\/vc_column_text][\/vc_column_inner][\/vc_row_inner][wgl_spacing spacer_size=&#8221;90&#8243; screen_tablet=&#8221;768&#8243; responsive_tablet=&#8221;true&#8221; size_tablet=&#8221;70&#8243;][\/vc_column][\/vc_row][vc_row full_width=&#8221;stretch_row&#8221; css=&#8221;.vc_custom_1543302230758{background: #f4f6fd url(https:\/\/khogiaodienmau.net\/agency14\/wp-content\/uploads\/2018\/11\/services3_bg_2.png?id=953) !important;background-position: 0 0 !important;background-repeat: no-repeat !important;}&#8221;][vc_column][vc_row_inner][vc_column_inner offset=&#8221;vc_col-lg-offset-3 vc_col-lg-6 vc_col-md-offset-2 vc_col-md-8&#8243;][wgl_spacing spacer_size=&#8221;66&#8243; screen_tablet=&#8221;768&#8243; responsive_tablet=&#8221;true&#8221; size_tablet=&#8221;30&#8243;][wgl_double_headings align=&#8221;center&#8221; title_color=&#8221;#252525&#8243; subtitle_color=&#8221;#FF7D00&#8243; title=&#8221;B\u1ea3ng Gi\u00e1 T\u1ea1o V\u00e0 X\u00e1c Minh Map&#8221; responsive_font=&#8221;true&#8221; font_size_mobile=&#8221;35&#8243;][wgl_spacing spacer_size=&#8221;10&#8243;][wgl_custom_text font_size=&#8221;18&#8243;]\n<p style=\"text-align: center;\"><span>Ch\u00fang t\u00f4i mang t\u1edbi cho b\u1ea1n\u00a0<\/span><strong>gi\u1ea3i ph\u00e1p Google Map<\/strong><span>\u00a0nhanh ch\u00f3ng v\u1edbi chi ph\u00ed t\u1ed1t nh\u1ea5t th\u1ecb tr\u01b0\u1eddng, uy t\u00edn, chuy\u00ean nghi\u1ec7p, cam k\u1ebft \u0111\u1eb7t l\u1ee3i \u00edch kh\u00e1ch h\u00e0ng l\u00ean tr\u00ean.<\/span><\/p>\n[\/wgl_custom_text][wgl_spacing spacer_size=&#8221;20&#8243;][\/vc_column_inner][\/vc_row_inner][vc_row_inner][vc_column_inner offset=&#8221;vc_col-lg-4 vc_col-md-6&#8243;][wgl_pricing_table icon_type=&#8221;none&#8221; button_title=&#8221;T\u1ea1o Ngay&#8221; button_customize=&#8221;gradient&#8221; button_text_color_hover=&#8221;#ffffff&#8221; button_bg_gradient_start=&#8221;#ffc600&#8243; button_bg_gradient_end=&#8221;#ff4200&#8243; button_bg_gradient_start_hover=&#8221;#ff4200&#8243; button_bg_gradient_end_hover=&#8221;#ffc600&#8243; button_border_gradient_start=&#8221;#ffc600&#8243; button_border_gradient_end=&#8221;#ff4200&#8243; button_border_gradient_start_hover=&#8221;#ff4200&#8243; button_border_gradient_end_hover=&#8221;#ffc600&#8243; border_gradient_start=&#8221;#ffc600&#8243; border_gradient_end=&#8221;#ff4200&#8243; border_gradient_start_hover=&#8221;#ff4200&#8243; border_gradient_end_hover=&#8221;#ffc600&#8243; pricing_punch_bg_color=&#8221;#ffffff&#8221; pricing_title=&#8221;G\u00f3i map c\u01a1 b\u1ea3n&#8221; pricing_price=&#8221;300.000&#8243; link=&#8221;url:https%3A%2F%2Fthemeforest.net%2Fuser%2Fwebgeniuslab%2Fportfolio|||&#8221;]\n<ul>\n<li><b>Map tr\u00f9ng t\u00ean v\u1edbi b\u1ea3ng hi\u1ec7u v\u00e0 gi\u1ea5y ph\u00e9p kinh doanh<\/b><\/li>\n<li><b>Th\u1eddi gian nh\u1eadn Map t\u1eeb 1-3 ng\u00e0y<\/b><\/li>\n<li><b>\u00c1p d\u1ee5ng cho c\u00e1c doanh nghi\u1ec7p, c\u1eeda h\u00e0ng, qu\u00e1n \u0103n&#8230;c\u00f3 \u0111\u1ecba ch\u1ec9 th\u1ef1c t\u1ebf<\/b><\/li>\n<li><b>B\u1ea3o h\u00e0nh 30 ng\u00e0y v\u00e0 k\u00e8m theo file h\u01b0\u1edbng d\u1eabn s\u1eed d\u1ee5ng<\/b><\/li>\n<li><b>Ch\u00ednh s\u00e1ch 1 \u0111\u1ed5i 1 trong th\u1eddi gian BH<\/b><\/li>\n<\/ul>\n[\/wgl_pricing_table][\/vc_column_inner][vc_column_inner offset=&#8221;vc_col-lg-4 vc_col-md-6&#8243;][wgl_pricing_table icon_type=&#8221;none&#8221; button_title=&#8221;T\u1ea1o Ngay&#8221; button_customize=&#8221;color&#8221; button_text_color=&#8221;#252525&#8243; button_text_color_hover=&#8221;#ffffff&#8221; button_bg_color=&#8221;#ffffff&#8221; button_bg_color_hover=&#8221;&#8221; button_border_color=&#8221;#ffffff&#8221; button_border_color_hover=&#8221;#ffffff&#8221; pricing_customize=&#8221;color&#8221; pricing_bg_color=&#8221;#ff7d00&#8243; title_border_color=&#8221;#ffffff&#8221; price_color=&#8221;#ffffff&#8221; description_color=&#8221;#ffffff&#8221; pricing_punch_bg_color=&#8221;#ffffff&#8221; pricing_title=&#8221;G\u00d3I MAP N\u00c2NG CAO&#8221; pricing_price=&#8221;700.000&#8243; highlighted_plan=&#8221;true&#8221; custom_title_color=&#8221;true&#8221; custom_price_color=&#8221;true&#8221; link=&#8221;url:https%3A%2F%2Fthemeforest.net%2Fuser%2Fwebgeniuslab%2Fportfolio|||&#8221;]\n<ul>\n<li style=\"color: #ffffff;\"><span>D\u00e0nh cho kh\u00e1ch h\u00e0ng t\u1ea1o Maps m\u1edbi, Map ch\u1ee9a t\u1eeb kho\u00e1 SEO.<\/span><\/li>\n<li style=\"color: #ffffff;\"><span>Th\u1eddi gian nh\u1eadn Maps t\u1eeb 5 \u0111\u1ebfn 7 ng\u00e0y<\/span><\/li>\n<li style=\"color: #ffffff;\"><span>\u00c1p d\u1ee5ng cho to\u00e0n b\u1ed9 kh\u00e1ch h\u00e0ng mu\u1ed1n t\u1ea1o \u0111\u1ecba ch\u1ec9 doanh nghi\u1ec7p tr\u00ean b\u1ea3n \u0111\u1ed3 Google.<\/span><\/li>\n<li style=\"color: #ffffff;\">B\u1ea3o h\u00e0nh 14 ng\u00e0y v\u00e0 k\u00e8m theo file h\u01b0\u1edbng d\u1eabn<\/li>\n<li style=\"color: #ffffff;\">Ch\u00ednh s\u00e1ch 1 \u0111\u1ed5i 1 trong th\u1eddi gian BH<\/li>\n<\/ul>\n[\/wgl_pricing_table][\/vc_column_inner][vc_column_inner offset=&#8221;vc_col-lg-offset-0 vc_col-lg-4 vc_col-md-offset-3 vc_col-md-6&#8243;][wgl_pricing_table icon_type=&#8221;none&#8221; button_title=&#8221;T\u1ea1o Ngay&#8221; button_customize=&#8221;gradient&#8221; button_text_color_hover=&#8221;#ffffff&#8221; button_bg_gradient_start=&#8221;#8cffed&#8221; button_bg_gradient_end=&#8221;#009cff&#8221; button_bg_gradient_start_hover=&#8221;#009cff&#8221; button_bg_gradient_end_hover=&#8221;#8cffed&#8221; button_border_gradient_start=&#8221;#8cffed&#8221; button_border_gradient_end=&#8221;#009cff&#8221; button_border_gradient_start_hover=&#8221;#009cff&#8221; button_border_gradient_end_hover=&#8221;#8cffed&#8221; title_color=&#8221;#252525&#8243; title_border_color=&#8221;#69e9f2&#8243; border_gradient_start=&#8221;#8cffed&#8221; border_gradient_end=&#8221;#009cff&#8221; border_gradient_start_hover=&#8221;#009cff&#8221; border_gradient_end_hover=&#8221;#8cffed&#8221; pricing_punch_bg_color=&#8221;#ffffff&#8221; pricing_title=&#8221;G\u00d3I MAP CAO C\u1ea4P&#8221; pricing_price=&#8221;1500.000&#8243; custom_title_color=&#8221;true&#8221; link=&#8221;url:https%3A%2F%2Fthemeforest.net%2Fuser%2Fwebgeniuslab%2Fportfolio|||&#8221;]\n<ul>\n<li><b>D\u00e0nh cho chu\u1ed7i c\u1eeda h\u00e0ng, doanh nghi\u1ec7p &#8230;. C\u00f3 chu\u1ed7i \u0111\u1ecba ch\u1ec9 tr\u00ean to\u00e0n qu\u1ed1c s\u1ed1 l\u01b0\u1ee3ng l\u1edbn ho\u1eb7c Map thu\u1ed9c v\u1ec1 ng\u00e0nh kh\u00f3<\/b><\/li>\n<li><b>Th\u1eddi gian nh\u1eadn maps tu\u1ef3 thu\u1ed9c v\u00e0o s\u1ed1 l\u01b0\u1ee3ng maps\u00a0<\/b><\/li>\n<li><b>\u00c1p d\u1ee5ng \u0111\u1ecba ch\u1ec9 doanh nghi\u1ec7p, c\u1eeda h\u00e0ng c\u00f3 \u0111i\u1ec1u ki\u1ec7n<\/b><\/li>\n<li><b>B\u1ea3o h\u00e0nh tr\u1ecdn \u0111\u1eddi v\u00e0 k\u00e8m theo file h\u01b0\u1edbng d\u1eabn<\/b><\/li>\n<li><b>Ch\u00ednh s\u00e1ch 1 \u0111\u1ed5i 1 trong th\u1eddi gian BH<\/b><\/li>\n<\/ul>\n[\/wgl_pricing_table][\/vc_column_inner][\/vc_row_inner][wgl_spacing spacer_size=&#8221;61&#8243;][wgl_clients item_grid=&#8221;5&#8243; item_anim=&#8221;ex_images&#8221; values=&#8221;%5B%7B%22thumbnail%22%3A%22762%22%2C%22hover_thumbnail%22%3A%22758%22%2C%22add_link%22%3A%22true%22%2C%22link%22%3A%22url%3Ahttp%253A%252F%252Fkhogiaodienmau.net\/agency14%252Fclients%252F%7C%7C%7C%22%7D%2C%7B%22thumbnail%22%3A%22761%22%2C%22hover_thumbnail%22%3A%22757%22%2C%22add_link%22%3A%22true%22%2C%22link%22%3A%22url%3Ahttp%253A%252F%252Fkhogiaodienmau.net\/agency14%252Fclients%252F%7C%7C%7C%22%7D%2C%7B%22thumbnail%22%3A%22763%22%2C%22hover_thumbnail%22%3A%22759%22%2C%22add_link%22%3A%22true%22%2C%22link%22%3A%22url%3Ahttp%253A%252F%252Fkhogiaodienmau.net\/agency14%252Fclients%252F%7C%7C%7C%22%7D%2C%7B%22thumbnail%22%3A%22760%22%2C%22hover_thumbnail%22%3A%22756%22%2C%22add_link%22%3A%22true%22%2C%22link%22%3A%22url%3Ahttp%253A%252F%252Fkhogiaodienmau.net\/agency14%252Fclients%252F%7C%7C%7C%22%7D%2C%7B%22thumbnail%22%3A%22764%22%2C%22hover_thumbnail%22%3A%22755%22%2C%22add_link%22%3A%22true%22%2C%22link%22%3A%22url%3Ahttp%253A%252F%252Fkhogiaodienmau.net\/agency14%252Fclients%252F%7C%7C%7C%22%7D%2C%7B%22thumbnail%22%3A%221492%22%2C%22hover_thumbnail%22%3A%221493%22%2C%22add_link%22%3A%22true%22%2C%22link%22%3A%22url%3Ahttp%253A%252F%252Fkhogiaodienmau.net\/agency14%252Fclients%252F%7C%7C%7C%22%7D%5D&#8221; use_carousel=&#8221;true&#8221; autoplay=&#8221;true&#8221;][wgl_spacing spacer_size=&#8221;64&#8243;][\/vc_column][\/vc_row][vc_row][vc_column][wgl_spacing spacer_size=&#8221;55&#8243;][vc_row_inner content_placement=&#8221;middle&#8221;][vc_column_inner offset=&#8221;vc_col-md-5&#8243;][wgl_double_headings title_color=&#8221;#252525&#8243; subtitle_color=&#8221;#FF7D00&#8243; title=&#8221;L\u1ee3i \u00edch c\u1ee7a vi\u1ec7c x\u00e1c minh Google Map&#8221; responsive_font=&#8221;true&#8221; font_size_mobile=&#8221;30&#8243;][wgl_spacing spacer_size=&#8221;19&#8243;][wgl_custom_text font_size=&#8221;18&#8243;]Google Maps \u0111\u01b0\u1ee3c t\u1ea1o ra cho ph\u00e9p ng\u01b0\u1eddi d\u00f9ng t\u00ecm ki\u1ebfm th\u00f4ng tin v\u1ec1 \u0111\u1ecba \u0111i\u1ec3m, \u0111\u01b0\u1eddng \u0111i, c\u00e1c d\u1ecbch v\u1ee5 n\u1ed5i b\u1eadt trong khu v\u1ef1c. M\u1ee5c ti\u00eau ban \u0111\u1ea7u m\u00e0 Google t\u1ea1o ra \u1ee9ng d\u1ee5ng n\u00e0y l\u00e0 \u0111\u1ec3 h\u1ed7 tr\u1ee3 cho ng\u01b0\u1eddi d\u00f9ng t\u1ed1t nh\u1ea5t trong th\u1eddi \u0111\u1ea1i s\u1ed1.<\/p>\n<p>C\u00f4ng c\u1ee5 n\u00e0y \u0111ang d\u1ea7n m\u1edf ra nhi\u1ec1u c\u01a1 h\u1ed9i ti\u1ec1m n\u0103ng trong kinh doanh c\u1ee7a c\u00e1c doanh nghi\u1ec7p. Ng\u01b0\u1eddi d\u00f9ng hi\u1ec7n nay s\u1ebd d\u1ec5 d\u00e0ng khi t\u00ecm \u0111\u01b0\u1eddng v\u00ec \u0111\u00e3 c\u00f3 GG Map ch\u1ec9 \u0111\u01b0\u1eddng \u0111i b\u1ea5t c\u1ee9 \u0111\u00e2u.<\/p>\n<p>Thay v\u00ec m\u1ea5t nhi\u1ec1u qu\u00e1 tr\u00ecnh th\u1ef1c hi\u1ec7n th\u00ec ng\u01b0\u1eddi d\u00f9ng ch\u1ec9 c\u1ea7n v\u00e0o GG Map, nh\u1eadp t\u1eeb kh\u00f3a v\u00e0 t\u00ecm ki\u1ebfm \u0111\u1ecba ch\u1ec9 trong khu v\u1ef1c l\u00e2n c\u1eadn. Doanh nghi\u1ec7p n\u00e0o c\u00e0ng bi\u1ebft t\u1eadn d\u1ee5ng Google Maps hi\u1ec7u qu\u1ea3 s\u1ebd c\u00e0ng d\u1ec5 d\u00e0ng ti\u1ebfp c\u1eadn nhi\u1ec1u kh\u00e1ch h\u00e0ng ti\u1ec1m n\u0103ng.[\/wgl_custom_text][wgl_spacing spacer_size=&#8221;40&#8243;][wgl_video_popup title_pos=&#8221;right&#8221; button_pos=&#8221;left&#8221; bg_color_type=&#8221;gradient&#8221; always_pulse_anim=&#8221;true&#8221; title=&#8221;Xem video&#8221; link=&#8221;https:\/\/www.youtube.com\/watch?v=AvLcKBOONgs&#038;t=10&#8243;][wgl_spacing spacer_size=&#8221;0&#8243; screen_tablet=&#8221;992&#8243; responsive_tablet=&#8221;true&#8221; size_tablet=&#8221;50&#8243;][\/vc_column_inner][vc_column_inner offset=&#8221;vc_col-lg-offset-1 vc_col-lg-6 vc_col-md-7&#8243;][vc_round_chart type=&#8221;doughnut&#8221; style=&#8221;custom&#8221; stroke_width=&#8221;5&#8243; values=&#8221;%5B%7B%22title%22%3A%22Kh%C3%A1ch%20h%C3%A0ng%20ti%E1%BA%BFp%20c%E1%BA%ADn%22%2C%22value%22%3A%2245%22%2C%22color%22%3A%22sky%22%2C%22custom_color%22%3A%22%2354f1dd%22%7D%2C%7B%22title%22%3A%22Chi%20ph%C3%AD%20nh%C3%A2n%20s%E1%BB%B1%22%2C%22value%22%3A%229%22%2C%22color%22%3A%22violet%22%2C%22custom_color%22%3A%22%231307af%22%7D%2C%7B%22title%22%3A%22Doanh%20thu%22%2C%22value%22%3A%2232%22%2C%22color%22%3A%22turquoise%22%2C%22custom_color%22%3A%22%233224e9%22%7D%2C%7B%22title%22%3A%22Chi%20ph%C3%AD%20ADS%22%2C%22value%22%3A%225%22%2C%22color%22%3A%22peacoc%22%2C%22custom_color%22%3A%22%2312affe%22%7D%2C%7B%22title%22%3A%22Chi%20ph%C3%AD%20SEO%22%2C%22value%22%3A%229%22%2C%22color%22%3A%22blue%22%2C%22custom_color%22%3A%22%2369e9f2%22%7D%5D&#8221; css=&#8221;.vc_custom_1728270600605{background-image: url(https:\/\/khogiaodienmau.net\/agency14\/wp-content\/uploads\/2018\/11\/14_Service-_03_03.png?id=916) !important;}&#8221;][\/vc_column_inner][\/vc_row_inner][wgl_spacing spacer_size=&#8221;80&#8243;][\/vc_column][\/vc_row]\n<\/div>","protected":false},"excerpt":{"rendered":"<p>[vc_row][vc_column][wgl_spacing spacer_size=&#8221;18&#8243;][vc_row_inner content_placement=&#8221;middle&#8221;][vc_column_inner offset=&#8221;vc_col-lg-5 vc_col-md-6&#8243;][wgl_double_headings title_color=&#8221;#252525&#8243; subtitle_color=&#8221;#FF7D00&#8243; title=&#8221;Di\u0323ch Vu\u0323 Xa\u0301c Minh Google Map MMO 365&#8243; responsive_font=&#8221;true&#8221; font_size_mobile=&#8221;33&#8243;][wgl_spacing spacer_size=&#8221;19&#8243;][wgl_custom_text font_size=&#8221;18&#8243;]Gi\u00fap Kh\u00e1ch h\u00e0ng d\u1ec5 d\u00e0ng t\u00ecm ki\u1ebfm \u0111\u01b0\u1ee3c nh\u00e0 h\u00e0ng, Spa, C\u00f4ng Ty c\u1ee7a b\u1ea1n tr\u00ean Google[\/wgl_custom_text][wgl_spacing spacer_size=&#8221;30&#8243;][wgl_info_box ib_layout=&#8221;left&#8221; icon_type=&#8221;font&#8221; icon_font_type=&#8221;type_flaticon&#8221; icon_flaticon=&#8221;flaticon-zoom-in&#8221; icon_color_idle=&#8221;#ffffff&#8221; icon_color_hover=&#8221;#ffffff&#8221; icon_bg_type=&#8221;gradient&#8221; ib_title=&#8221;D\u1ecbch v\u1ee5 nhanh ch\u00f3ng&#8221; ib_content=&#8221;MMO 365 th\u01b0\u1eddng ho\u00e0n th\u00e0nh t\u1ea1o v\u00e0 x\u00e1c [&hellip;]<\/p>\n","protected":false},"author":1,"featured_media":0,"parent":0,"menu_order":0,"comment_status":"closed","ping_status":"closed","template":"","meta":{"om_disable_all_campaigns":false,"_monsterinsights_skip_tracking":false,"_monsterinsights_sitenote_active":false,"_monsterinsights_sitenote_note":"","_monsterinsights_sitenote_category":0,"footnotes":""},"class_list":["post-947","page","type-page","status-publish","hentry"],"aioseo_notices":[],"_links":{"self":[{"href":"https:\/\/khogiaodienmau.net\/agency14\/wp-json\/wp\/v2\/pages\/947","targetHints":{"allow":["GET"]}}],"collection":[{"href":"https:\/\/khogiaodienmau.net\/agency14\/wp-json\/wp\/v2\/pages"}],"about":[{"href":"https:\/\/khogiaodienmau.net\/agency14\/wp-json\/wp\/v2\/types\/page"}],"author":[{"embeddable":true,"href":"https:\/\/khogiaodienmau.net\/agency14\/wp-json\/wp\/v2\/users\/1"}],"replies":[{"embeddable":true,"href":"https:\/\/khogiaodienmau.net\/agency14\/wp-json\/wp\/v2\/comments?post=947"}],"version-history":[{"count":8,"href":"https:\/\/khogiaodienmau.net\/agency14\/wp-json\/wp\/v2\/pages\/947\/revisions"}],"predecessor-version":[{"id":2279,"href":"https:\/\/khogiaodienmau.net\/agency14\/wp-json\/wp\/v2\/pages\/947\/revisions\/2279"}],"wp:attachment":[{"href":"https:\/\/khogiaodienmau.net\/agency14\/wp-json\/wp\/v2\/media?parent=947"}],"curies":[{"name":"wp","href":"https:\/\/api.w.org\/{rel}","templated":true}]}}