{"id":924,"date":"2018-11-26T09:17:56","date_gmt":"2018-11-26T09:17:56","guid":{"rendered":"https:\/\/seofy.wgl-demo.net\/?page_id=924"},"modified":"2024-10-06T07:15:14","modified_gmt":"2024-10-06T07:15:14","slug":"dich-vu-2","status":"publish","type":"page","link":"https:\/\/khogiaodienmau.net\/agency14\/dich-vu-2\/","title":{"rendered":"D\u1ecbch v\u1ee5"},"content":{"rendered":"<div class=\"wpb-content-wrapper\">[vc_row full_width=&#8221;stretch_row&#8221; css=&#8221;.vc_custom_1543391413648{margin-top: -40px !important;background-position: center !important;background-repeat: no-repeat !important;background-size: contain !important;}&#8221; add_extended=&#8221;true&#8221; values=&#8221;%5B%7B%22extended_animation%22%3A%22hexagons%22%2C%22figure_color%22%3A%22%23ffffff%22%2C%22drop_colors%22%3A%22one_color%22%2C%22part_color%22%3A%22%23f4f6fd%22%2C%22part_color_1%22%3A%22%23ff7e00%22%2C%22part_color_2%22%3A%22%233224e9%22%2C%22part_color_3%22%3A%22%2369e9f2%22%2C%22extended_animation_pos_vertical%22%3A%2250%22%2C%22extended_animation_pos_horizont%22%3A%2250%22%2C%22sphere_width%22%3A%22100%22%2C%22particles_number%22%3A%223%22%2C%22particles_size%22%3A%22110%22%2C%22particles_speed%22%3A%222%22%2C%22hover_anim%22%3A%22none%22%2C%22parallax_dir%22%3A%22vertical%22%2C%22parallax_factor%22%3A%220.3%22%2C%22particles_position_top%22%3A%220%22%2C%22particles_position_left%22%3A%220%22%2C%22particles_width%22%3A%22100%22%2C%22particles_height%22%3A%22100%22%7D%5D&#8221;][vc_column][vc_row_inner][vc_column_inner offset=&#8221;vc_col-lg-offset-2 vc_col-lg-8 vc_col-md-offset-1 vc_col-md-10&#8243;][wgl_double_headings align=&#8221;center&#8221; title_color=&#8221;#252525&#8243; subtitle_color=&#8221;#FF7D00&#8243; title=&#8221;V\u00ec sao ph\u1ea3i c\u1ea7n x\u00e1c minh Doanh Nghi\u1ec7p tr\u00ean Google Maps?&#8221; responsive_font=&#8221;true&#8221; font_size_mobile=&#8221;33&#8243;][wgl_spacing spacer_size=&#8221;19&#8243;][wgl_custom_text font_size=&#8221;18&#8243;]\n<p style=\"text-align: center;\"><span>Vi\u1ec7c x\u00e1c minh Google Map gi\u00fap th\u00f4ng tin doanh nghi\u1ec7p c\u00f3 nhi\u1ec1u c\u01a1 h\u1ed9i hi\u1ec3n th\u1ecb tr\u00ean c\u00e1c trang k\u1ebft qu\u1ea3 t\u00ecm ki\u1ebfm c\u1ee7a Google so v\u1edbi vi\u1ec7c ch\u1ec9 t\u1eadp trung v\u00e0o c\u00e1c y\u1ebfu t\u1ed1 nh\u01b0 li\u00ean k\u1ebft, \u0111\u00e1nh gi\u00e1, tr\u00edch d\u1eabn,\u2026 T\u1eeb \u0111\u00f3 gi\u00fap n\u00e2ng cao uy t\u00edn v\u00e0 gia t\u0103ng l\u00f2ng tin v\u1ec1 doanh nghi\u1ec7p \u1edf ph\u00eda ng\u01b0\u1eddi d\u00f9ng.<\/span><\/p>\n[\/wgl_custom_text][wgl_spacing spacer_size=&#8221;42&#8243;][wgl_button button_text=&#8221;\u0110\u0103ng k\u00fd x\u00e1c minh ngay&#8221; align=&#8221;center&#8221; customize=&#8221;gradient&#8221; text_color=&#8221;#ffffff&#8221; text_color_hover=&#8221;#ffffff&#8221; bg_gradient_start=&#8221;#ffc600&#8243; bg_gradient_end=&#8221;#ff4200&#8243; bg_gradient_start_hover=&#8221;#ff4200&#8243; bg_gradient_end_hover=&#8221;#ffc600&#8243; border_gradient_start=&#8221;#ffc600&#8243; border_gradient_end=&#8221;#ff4200&#8243; border_gradient_start_hover=&#8221;#ff4200&#8243; border_gradient_end_hover=&#8221;#ffc600&#8243; link=&#8221;url:http%3A%2F%2Fkhogiaodienmau.net\/agency14%2F|||&#8221;][wgl_spacing spacer_size=&#8221;80&#8243; screen_tablet=&#8221;768&#8243; responsive_tablet=&#8221;true&#8221; size_tablet=&#8221;55&#8243;][\/vc_column_inner][\/vc_row_inner][wgl_divider height=&#8221;1&#8243; divider_color=&#8221;#dee1ed&#8221; divider_line_color=&#8221;#ff7d00&#8243;][wgl_spacing spacer_size=&#8221;78&#8243;][vc_row_inner][vc_column_inner width=&#8221;1\/4&#8243; offset=&#8221;vc_col-xs-6&#8243;][wgl_counter counter_layout=&#8221;top_left&#8221; counter_align=&#8221;center&#8221; icon_type=&#8221;none&#8221; count_value_color=&#8221;#3224e9&#8243; title_tag=&#8221;&#8221; count_title=&#8221;D\u1ef1 \u00e1n \u0111\u00e3 th\u1ef1c hi\u1ec7n&#8221; count_value=&#8221;1200&#8243; count_suffix=&#8221;+&#8221; custom_count_value_color=&#8221;true&#8221;][wgl_spacing spacer_size=&#8221;35&#8243;][\/vc_column_inner][vc_column_inner width=&#8221;1\/4&#8243; offset=&#8221;vc_col-xs-6&#8243;][wgl_counter counter_layout=&#8221;top_left&#8221; counter_align=&#8221;center&#8221; icon_type=&#8221;none&#8221; count_value_color=&#8221;#3224e9&#8243; count_title=&#8221;N\u0103m kinh nghi\u1ec7m&#8221; count_value=&#8221;10&#8243; count_suffix=&#8221;+&#8221; custom_count_value_color=&#8221;true&#8221;][wgl_spacing spacer_size=&#8221;35&#8243;][\/vc_column_inner][vc_column_inner width=&#8221;1\/4&#8243; offset=&#8221;vc_col-xs-6&#8243;][wgl_counter counter_layout=&#8221;top_left&#8221; counter_align=&#8221;center&#8221; icon_type=&#8221;none&#8221; count_value_color=&#8221;#3224e9&#8243; count_title=&#8221;Nh\u00e2n vi\u00ean&#8221; count_value=&#8221;23&#8243; count_suffix=&#8221;+&#8221; custom_count_value_color=&#8221;true&#8221;][wgl_spacing spacer_size=&#8221;35&#8243;][\/vc_column_inner][vc_column_inner width=&#8221;1\/4&#8243; offset=&#8221;vc_col-xs-6&#8243;][wgl_counter counter_layout=&#8221;top_left&#8221; counter_align=&#8221;center&#8221; icon_type=&#8221;none&#8221; count_value_color=&#8221;#3224e9&#8243; count_title=&#8221;Kh\u00e1ch h\u00e0ng h\u1ee3p t\u00e1c&#8221; count_value=&#8221;156&#8243; count_suffix=&#8221;+&#8221; custom_count_value_color=&#8221;true&#8221;][wgl_spacing spacer_size=&#8221;35&#8243;][\/vc_column_inner][\/vc_row_inner][wgl_spacing spacer_size=&#8221;40&#8243;][\/vc_column][\/vc_row][vc_row full_width=&#8221;stretch_row&#8221; css=&#8221;.vc_custom_1543227898291{background-color: #f4f6fd !important;}&#8221;][vc_column][vc_row_inner][vc_column_inner offset=&#8221;vc_col-lg-offset-3 vc_col-lg-6 vc_col-md-offset-2 vc_col-md-8&#8243;][wgl_spacing spacer_size=&#8221;63&#8243; screen_tablet=&#8221;768&#8243; responsive_tablet=&#8221;true&#8221; size_tablet=&#8221;30&#8243;][wgl_double_headings align=&#8221;center&#8221; title_color=&#8221;#252525&#8243; subtitle_color=&#8221;#FF7D00&#8243; title=&#8221;T\u1ea1i Sao C\u1ea7n T\u1ea1o &#038; X\u00e1c Minh Google Maps&#8221; responsive_font=&#8221;true&#8221; font_size_mobile=&#8221;33&#8243;][wgl_spacing spacer_size=&#8221;10&#8243;][wgl_custom_text font_size=&#8221;18&#8243;]\n<p style=\"text-align: center;\"><span>\u0110\u1ecba ch\u1ec9 Google map tr\u00ean b\u1ea3n \u0111\u1ed3 c\u1ee7a Google gi\u00fap ng\u01b0\u1eddi s\u1eed d\u1ee5ng d\u1ec5 d\u00e0ng bi\u1ebft \u0111\u01b0\u1eddng \u0111i \u0111\u1ebfn \u0111\u1ecba \u0111i\u1ec3m mong mu\u1ed1n.<\/span><\/p>\n[\/wgl_custom_text][wgl_spacing spacer_size=&#8221;15&#8243;][\/vc_column_inner][\/vc_row_inner][vc_row_inner][vc_column_inner width=&#8221;1\/3&#8243;][wgl_info_box icon_type=&#8221;font&#8221; icon_font_type=&#8221;type_flaticon&#8221; icon_flaticon=&#8221;flaticon-graph&#8221; icon_color_type=&#8221;gradient&#8221; ib_title=&#8221;T\u0103ng doanh s\u1ed1 b\u00e1n h\u00e0ng&#8221; ib_content=&#8221;X\u00e1c minh \u0111\u1ecba ch\u1ec9 doanh nghi\u1ec7p tr\u00ean Google Map gi\u00fap kh\u00e1ch h\u00e0ng ti\u1ebfp c\u1eadn b\u1ea1n \u0111\u01a1n gi\u1ea3n ho\u00e1. \u0110\u00fang h\u01a1n \u0111\u00e2y l\u00e0 lo\u1ea1i h\u00ecnh marketing tr\u1ef1c ti\u1ebfp. Ch\u00fang t\u00f4i s\u1ebd t\u1ea1o Google Maps doanh nghi\u1ec7p b\u1ea1n tr\u00ean b\u1ea3n \u0111\u1ed3 &#038; \u0111i\u1ec1u h\u01b0\u1edbng kh\u00e1ch h\u00e0ng thay b\u1ea1n.&#8221; add_shadow=&#8221;true&#8221; custom_icon_size=&#8221;38&#8243; custom_icon_bg_width=&#8221;30&#8243; custom_icon_bg_height=&#8221;30&#8243; custom_icon_color=&#8221;true&#8221;][wgl_spacing spacer_size=&#8221;0&#8243; responsive_mobile=&#8221;true&#8221; size_mobile=&#8221;10&#8243;][\/vc_column_inner][vc_column_inner width=&#8221;1\/3&#8243;][wgl_info_box icon_type=&#8221;font&#8221; icon_font_type=&#8221;type_flaticon&#8221; icon_flaticon=&#8221;flaticon-gear-1&#8243; icon_color_type=&#8221;gradient&#8221; ib_title=&#8221;Gi\u00fap kh\u00e1ch h\u00e0ng ti\u1ebfp c\u1eadn b\u1ea1n d\u1ec5 h\u01a1n&#8221; ib_content=&#8221;Ngo\u00e0i kia \u0111ang c\u00f3 r\u1ea5t nhi\u1ec1u ng\u01b0\u1eddi mu\u1ed1n mua s\u1ea3n ph\u1ea9m, \u0111\u0103ng k\u00fd d\u1ecbch v\u1ee5 c\u1ee7a b\u1ea1n nh\u01b0ng kh\u00f4ng bi\u1ebft \u0111\u01b0\u1eddng \u0111\u1ebfn c\u1eeda h\u00e0ng tr\u1ef1c ti\u1ebfp. D\u1ecbch v\u1ee5 x\u00e1c minh Google maps v\u00e0 t\u1ea1o maps c\u1ee7a MMo 365 s\u1ebd gi\u00fap b\u1ea1n c\u1ea3i thi\u1ec7n v\u1ea5n \u0111\u1ec1 n\u00e0y.&#8221; add_shadow=&#8221;true&#8221; custom_icon_bg_width=&#8221;30&#8243; custom_icon_bg_height=&#8221;30&#8243; custom_icon_color=&#8221;true&#8221;][wgl_spacing spacer_size=&#8221;0&#8243; responsive_mobile=&#8221;true&#8221; size_mobile=&#8221;10&#8243;][\/vc_column_inner][vc_column_inner width=&#8221;1\/3&#8243;][wgl_info_box icon_type=&#8221;font&#8221; icon_font_type=&#8221;type_flaticon&#8221; icon_flaticon=&#8221;flaticon-target-2&#8243; icon_color_type=&#8221;gradient&#8221; ib_title=&#8221;T\u0103ng kh\u1ea3 n\u0103ng nh\u1eadn di\u1ec7n th\u01b0\u01a1ng hi\u1ec7u&#8221; ib_content=&#8221;T\u1ea1o v\u00e0 x\u00e1c minh google maps \u0111\u1ecba ch\u1ec9 doanh nghi\u1ec7p gi\u00fap th\u01b0\u01a1ng hi\u1ec7u b\u1ea1n \u0111\u01b0\u1ee3c hi\u1ec3n th\u1ecb tr\u00ean c\u00f4ng c\u1ee5 t\u00ecm ki\u1ebfm v\u00e0 b\u1ea3n \u0111\u1ed3 c\u1ee7a Google. Th\u01b0\u01a1ng hi\u1ec7u s\u1ebd \u0103n s\u00e2u ti\u1ec1m th\u1ee9c kh\u00e1c h\u00e0ng h\u01a1n m\u1ed7i khi hi\u1ec3n th\u1ecb.&#8221; add_shadow=&#8221;true&#8221; custom_icon_bg_width=&#8221;30&#8243; custom_icon_bg_height=&#8221;30&#8243; custom_icon_color=&#8221;true&#8221;][wgl_spacing spacer_size=&#8221;0&#8243; responsive_mobile=&#8221;true&#8221; size_mobile=&#8221;50&#8243;][\/vc_column_inner][\/vc_row_inner][vc_row_inner][vc_column_inner width=&#8221;1\/3&#8243; css=&#8221;.vc_custom_1543398886215{margin-top: -20px !important;}&#8221;][wgl_info_box icon_type=&#8221;font&#8221; icon_font_type=&#8221;type_flaticon&#8221; icon_flaticon=&#8221;flaticon-pie-chart&#8221; icon_color_type=&#8221;gradient&#8221; ib_title=&#8221;B\u1ed5 tr\u1ee3 cho SEO local \u0111\u1ecba ph\u01b0\u01a1ng&#8221; ib_content=&#8221;V\u1edbi nh\u1eefng ai SEO local, SEO \u0111\u1ecba \u0111i\u1ec3m th\u00ec \u0111\u1ecba ch\u1ec9 Google map l\u00e0 m\u1eaft x\u00edch kh\u00f4ng th\u1ec3 thi\u1ebfu. Thi\u1ebfu \u0111i Google Map b\u1ea1n \u0111ang thua \u0111\u1ed1i th\u1ee7 v\u1ec1 m\u1eb7t t\u00edn hi\u1ec7u v\u00e0 c\u00f3 kh\u1ea3 n\u0103ng khi\u1ebfn Google ngh\u0129 r\u1eb1ng \u0111\u1ecba ch\u1ec9 hi\u1ec7n t\u1ea1i c\u1ee7a doanh nghi\u1ec7p b\u1ea1n kh\u00f4ng c\u00f3 th\u1ef1c. N\u00f3 c\u0169ng l\u00e0m t\u1eeb kho\u00e1 SEO \u0111\u1ecba ph\u01b0\u01a1ng c\u1ee7a b\u1ea1n c\u00f3 rank th\u1ea5p h\u01a1n&#8221; add_shadow=&#8221;true&#8221; custom_icon_size=&#8221;38&#8243; custom_icon_bg_width=&#8221;30&#8243; custom_icon_bg_height=&#8221;30&#8243; custom_icon_color=&#8221;true&#8221;][wgl_spacing spacer_size=&#8221;0&#8243; responsive_mobile=&#8221;true&#8221; size_mobile=&#8221;25&#8243;][\/vc_column_inner][vc_column_inner width=&#8221;1\/3&#8243; css=&#8221;.vc_custom_1543398895970{margin-top: -20px !important;}&#8221;][wgl_info_box icon_type=&#8221;font&#8221; icon_font_type=&#8221;type_flaticon&#8221; icon_flaticon=&#8221;flaticon-paper-plane-1&#8243; icon_color_type=&#8221;gradient&#8221; ib_title=&#8221;T\u1ea1o s\u1ef1 tin t\u01b0\u1edfng, uy t\u00edn cho doanh nghi\u1ec7p&#8221; ib_content=&#8221;\u0110\u1ecba ch\u1ec9 doanh nghi\u1ec7p tr\u00ean Google c\u00f3 m\u1ee5c review 5* k\u00e8m \u0111\u00e1nh gi\u00e1. Hi\u1ec3n nhi\u00ean kh\u00e1ch h\u00e0ng t\u00ecm ki\u1ebfm doanh nghi\u1ec7p b\u1ea1n th\u1ea5y nh\u1eefng m\u1ee5c \u0111\u00e1nh gi\u00e1 t\u1ed1t s\u1ebd t\u1ea1o n\u00ean s\u1ef1 tin t\u01b0\u1edfng v\u00e0 quy\u1ebft \u0111\u1ecbnh \u01b0u ti\u00ean b\u1ea1n h\u01a1n nh\u01b0ng doanh nghi\u1ec7p kh\u00e1c&#8221; add_shadow=&#8221;true&#8221; custom_icon_bg_width=&#8221;30&#8243; custom_icon_bg_height=&#8221;30&#8243; custom_icon_color=&#8221;true&#8221;][wgl_spacing spacer_size=&#8221;0&#8243; responsive_mobile=&#8221;true&#8221; size_mobile=&#8221;25&#8243;][\/vc_column_inner][vc_column_inner width=&#8221;1\/3&#8243; css=&#8221;.vc_custom_1543398907983{margin-top: -20px !important;}&#8221;][wgl_info_box icon_type=&#8221;font&#8221; icon_font_type=&#8221;type_flaticon&#8221; icon_flaticon=&#8221;flaticon-statistics&#8221; icon_color_type=&#8221;gradient&#8221; ib_title=&#8221;T\u1ea1o d\u00f2ng ch\u1ea3y traffic t\u1eeb kh\u00e1ch h\u00e0ng mi\u1ec5n ph\u00ed&#8221; ib_content=&#8221;S\u1eed d\u1ee5ng d\u1ecbch v\u1ee5 x\u00e1c minh Google map IAC SEO kh\u1ea3 n\u0103ng l\u00ean TOP Google t\u00ecm ki\u1ebfm b\u1edfi ch\u00fang t\u00f4i h\u1ed7 tr\u1ee3 Schema code (k\u1ef9 thu\u1eadt SEO). Top hi\u1ec3n th\u1ecb cao s\u1ebd thu h\u00fat l\u01b0\u1ee3ng traffic l\u1edbn t\u1eeb kh\u00e1ch h\u00e0ng ti\u1ec1m n\u0103ng. Thu\u1eadn ti\u1ec7n &#038; ti\u1ebft ki\u1ec7m chi ph\u00ed.&#8221; add_shadow=&#8221;true&#8221; custom_icon_bg_width=&#8221;30&#8243; custom_icon_bg_height=&#8221;30&#8243; custom_icon_color=&#8221;true&#8221;][wgl_spacing spacer_size=&#8221;0&#8243; responsive_mobile=&#8221;true&#8221; size_mobile=&#8221;25&#8243;][\/vc_column_inner][\/vc_row_inner][wgl_spacing spacer_size=&#8221;85&#8243; screen_tablet=&#8221;768&#8243; responsive_tablet=&#8221;true&#8221; size_tablet=&#8221;35&#8243;][\/vc_column][\/vc_row][vc_row css=&#8221;.vc_custom_1543223807877{margin-bottom: -40px !important;}&#8221;][vc_column css=&#8221;.vc_custom_1543239235885{margin-top: -306px !important;}&#8221;][wgl_spacing spacer_size=&#8221;60&#8243;][\/vc_column][\/vc_row]\n<\/div>","protected":false},"excerpt":{"rendered":"<p>[vc_row full_width=&#8221;stretch_row&#8221; css=&#8221;.vc_custom_1543391413648{margin-top: -40px !important;background-position: center !important;background-repeat: no-repeat !important;background-size: contain !important;}&#8221; add_extended=&#8221;true&#8221; values=&#8221;%5B%7B%22extended_animation%22%3A%22hexagons%22%2C%22figure_color%22%3A%22%23ffffff%22%2C%22drop_colors%22%3A%22one_color%22%2C%22part_color%22%3A%22%23f4f6fd%22%2C%22part_color_1%22%3A%22%23ff7e00%22%2C%22part_color_2%22%3A%22%233224e9%22%2C%22part_color_3%22%3A%22%2369e9f2%22%2C%22extended_animation_pos_vertical%22%3A%2250%22%2C%22extended_animation_pos_horizont%22%3A%2250%22%2C%22sphere_width%22%3A%22100%22%2C%22particles_number%22%3A%223%22%2C%22particles_size%22%3A%22110%22%2C%22particles_speed%22%3A%222%22%2C%22hover_anim%22%3A%22none%22%2C%22parallax_dir%22%3A%22vertical%22%2C%22parallax_factor%22%3A%220.3%22%2C%22particles_position_top%22%3A%220%22%2C%22particles_position_left%22%3A%220%22%2C%22particles_width%22%3A%22100%22%2C%22particles_height%22%3A%22100%22%7D%5D&#8221;][vc_column][vc_row_inner][vc_column_inner offset=&#8221;vc_col-lg-offset-2 vc_col-lg-8 vc_col-md-offset-1 vc_col-md-10&#8243;][wgl_double_headings align=&#8221;center&#8221; title_color=&#8221;#252525&#8243; subtitle_color=&#8221;#FF7D00&#8243; title=&#8221;V\u00ec sao ph\u1ea3i c\u1ea7n x\u00e1c minh Doanh Nghi\u1ec7p tr\u00ean Google Maps?&#8221; responsive_font=&#8221;true&#8221; font_size_mobile=&#8221;33&#8243;][wgl_spacing spacer_size=&#8221;19&#8243;][wgl_custom_text font_size=&#8221;18&#8243;] Vi\u1ec7c x\u00e1c minh Google Map gi\u00fap th\u00f4ng tin doanh nghi\u1ec7p c\u00f3 nhi\u1ec1u c\u01a1 h\u1ed9i hi\u1ec3n th\u1ecb tr\u00ean c\u00e1c trang k\u1ebft [&hellip;]<\/p>\n","protected":false},"author":1,"featured_media":0,"parent":0,"menu_order":0,"comment_status":"closed","ping_status":"closed","template":"","meta":{"om_disable_all_campaigns":false,"_monsterinsights_skip_tracking":false,"_monsterinsights_sitenote_active":false,"_monsterinsights_sitenote_note":"","_monsterinsights_sitenote_category":0,"footnotes":""},"class_list":["post-924","page","type-page","status-publish","hentry"],"aioseo_notices":[],"_links":{"self":[{"href":"https:\/\/khogiaodienmau.net\/agency14\/wp-json\/wp\/v2\/pages\/924","targetHints":{"allow":["GET"]}}],"collection":[{"href":"https:\/\/khogiaodienmau.net\/agency14\/wp-json\/wp\/v2\/pages"}],"about":[{"href":"https:\/\/khogiaodienmau.net\/agency14\/wp-json\/wp\/v2\/types\/page"}],"author":[{"embeddable":true,"href":"https:\/\/khogiaodienmau.net\/agency14\/wp-json\/wp\/v2\/users\/1"}],"replies":[{"embeddable":true,"href":"https:\/\/khogiaodienmau.net\/agency14\/wp-json\/wp\/v2\/comments?post=924"}],"version-history":[{"count":12,"href":"https:\/\/khogiaodienmau.net\/agency14\/wp-json\/wp\/v2\/pages\/924\/revisions"}],"predecessor-version":[{"id":2222,"href":"https:\/\/khogiaodienmau.net\/agency14\/wp-json\/wp\/v2\/pages\/924\/revisions\/2222"}],"wp:attachment":[{"href":"https:\/\/khogiaodienmau.net\/agency14\/wp-json\/wp\/v2\/media?parent=924"}],"curies":[{"name":"wp","href":"https:\/\/api.w.org\/{rel}","templated":true}]}}