{"id":9,"date":"2024-10-03T04:00:55","date_gmt":"2024-10-03T04:00:55","guid":{"rendered":"https:\/\/khogiaodienmau.net\/agency14\/cart\/"},"modified":"2024-10-05T11:07:03","modified_gmt":"2024-10-05T11:07:03","slug":"cart","status":"publish","type":"page","link":"https:\/\/khogiaodienmau.net\/agency14\/cart\/","title":{"rendered":"Cart"},"content":{"rendered":"<div data-block-name=\"woocommerce\/cart\" class=\"wp-block-woocommerce-cart alignwide is-loading\"><div data-block-name=\"woocommerce\/filled-cart-block\" class=\"wp-block-woocommerce-filled-cart-block\"><div data-block-name=\"woocommerce\/cart-items-block\" class=\"wp-block-woocommerce-cart-items-block\"><div data-block-name=\"woocommerce\/cart-line-items-block\" class=\"wp-block-woocommerce-cart-line-items-block\"><\/div>\n\n<div data-block-name=\"woocommerce\/cart-cross-sells-block\" class=\"wp-block-woocommerce-cart-cross-sells-block\"><h2 class=\"wp-block-heading has-large-font-size\">You may be interested in\u2026<\/h2>\n\n<div data-block-name=\"woocommerce\/cart-cross-sells-products-block\" class=\"wp-block-woocommerce-cart-cross-sells-products-block\"><\/div><\/div><\/div>\n\n<div data-block-name=\"woocommerce\/cart-totals-block\" class=\"wp-block-woocommerce-cart-totals-block\"><div data-block-name=\"woocommerce\/cart-order-summary-block\" class=\"wp-block-woocommerce-cart-order-summary-block\"><div data-block-name=\"woocommerce\/cart-order-summary-heading-block\" class=\"wp-block-woocommerce-cart-order-summary-heading-block\"><\/div><div data-block-name=\"woocommerce\/cart-order-summary-coupon-form-block\" class=\"wp-block-woocommerce-cart-order-summary-coupon-form-block\"><\/div><div data-block-name=\"woocommerce\/cart-order-summary-totals-block\" class=\"wp-block-woocommerce-cart-order-summary-totals-block\">\n<div data-block-name=\"woocommerce\/cart-order-summary-subtotal-block\" class=\"wp-block-woocommerce-cart-order-summary-subtotal-block\"><\/div>\n<div data-block-name=\"woocommerce\/cart-order-summary-discount-block\" class=\"wp-block-woocommerce-cart-order-summary-discount-block\"><\/div>\n<div data-block-name=\"woocommerce\/cart-order-summary-fee-block\" class=\"wp-block-woocommerce-cart-order-summary-fee-block\"><\/div>\n<div data-block-name=\"woocommerce\/cart-order-summary-shipping-block\" class=\"wp-block-woocommerce-cart-order-summary-shipping-block\"><\/div>\n<div data-block-name=\"woocommerce\/cart-order-summary-taxes-block\" class=\"wp-block-woocommerce-cart-order-summary-taxes-block\"><\/div><\/div><\/div>\n\n<div data-block-name=\"woocommerce\/cart-express-payment-block\" class=\"wp-block-woocommerce-cart-express-payment-block\"><\/div>\n\n<div data-block-name=\"woocommerce\/proceed-to-checkout-block\" class=\"wp-block-woocommerce-proceed-to-checkout-block\"><\/div>\n\n<div data-block-name=\"woocommerce\/cart-accepted-payment-methods-block\" class=\"wp-block-woocommerce-cart-accepted-payment-methods-block\"><\/div><\/div><\/div>\n\n<div data-block-name=\"woocommerce\/empty-cart-block\" class=\"wp-block-woocommerce-empty-cart-block\"><h2 class=\"wp-block-heading has-text-align-center with-empty-cart-icon wc-block-cart__empty-cart__title\">Your cart is currently empty!<\/h2>\n\n<hr class=\"wp-block-separator has-alpha-channel-opacity is-style-dots\"\/>\n\n<h2 class=\"wp-block-heading has-text-align-center\">New in store<\/h2>\n\n<div data-block-name=\"woocommerce\/product-new\" data-columns=\"4\" data-rows=\"1\" class=\"wc-block-grid wp-block-product-new wc-block-product-new has-4-columns\"><ul class=\"wc-block-grid__products\"><li class=\"wc-block-grid__product\">\n\t\t\t\t<a href=\"https:\/\/khogiaodienmau.net\/agency14\/product\/map-binh-duong-danh-muc-cua-hang\/\" class=\"wc-block-grid__product-link\">\n\t\t\t\t\t\n\t\t\t\t\t<div class=\"wc-block-grid__product-image\"><img loading=\"lazy\" decoding=\"async\" width=\"540\" height=\"451\" src=\"https:\/\/khogiaodienmau.net\/agency14\/wp-content\/uploads\/2018\/11\/doanh-nghiep-cua-toi-1-540x451.jpg\" class=\"attachment-woocommerce_thumbnail size-woocommerce_thumbnail\" alt=\"Map B\u00ecnh D\u01b0\u01a1ng: Danh m\u1ee5c c\u1eeda h\u00e0ng\" \/><\/div>\n\t\t\t\t\t<div class=\"wc-block-grid__product-title\">Map B\u00ecnh D\u01b0\u01a1ng: Danh m\u1ee5c c\u1eeda h\u00e0ng<\/div>\n\t\t\t\t<\/a>\n\t\t\t\t<div class=\"wc-block-grid__product-price price\"><span class=\"woocommerce-Price-amount amount\">100.000<span class=\"woocommerce-Price-currencySymbol\">&#8363;<\/span><\/span><\/div>\n\t\t\t\t\n\t\t\t\t<div class=\"wp-block-button wc-block-grid__product-add-to-cart\"><a href=\"?add-to-cart=2287\" aria-label=\"Add to cart: &ldquo;Map B\u00ecnh D\u01b0\u01a1ng: Danh m\u1ee5c c\u1eeda h\u00e0ng&rdquo;\" data-quantity=\"1\" data-product_id=\"2287\" data-product_sku=\"\" data-price=\"100000\" rel=\"nofollow\" class=\"wp-block-button__link  add_to_cart_button ajax_add_to_cart\">Add to cart<\/a><\/div>\n\t\t\t<\/li><li class=\"wc-block-grid__product\">\n\t\t\t\t<a href=\"https:\/\/khogiaodienmau.net\/agency14\/product\/map-ha-noi-danh-muc-cua-hang\/\" class=\"wc-block-grid__product-link\">\n\t\t\t\t\t\n\t\t\t\t\t<div class=\"wc-block-grid__product-image\"><img loading=\"lazy\" decoding=\"async\" width=\"540\" height=\"451\" src=\"https:\/\/khogiaodienmau.net\/agency14\/wp-content\/uploads\/2018\/11\/doanh-nghiep-cua-toi-1-540x451.jpg\" class=\"attachment-woocommerce_thumbnail size-woocommerce_thumbnail\" alt=\"Map H\u00e0 N\u1ed9i: Danh m\u1ee5c c\u1eeda h\u00e0ng\" \/><\/div>\n\t\t\t\t\t<div class=\"wc-block-grid__product-title\">Map H\u00e0 N\u1ed9i: Danh m\u1ee5c c\u1eeda h\u00e0ng<\/div>\n\t\t\t\t<\/a>\n\t\t\t\t<div class=\"wc-block-grid__product-price price\"><span class=\"woocommerce-Price-amount amount\">100.000<span class=\"woocommerce-Price-currencySymbol\">&#8363;<\/span><\/span><\/div>\n\t\t\t\t\n\t\t\t\t<div class=\"wp-block-button wc-block-grid__product-add-to-cart\"><a href=\"?add-to-cart=2285\" aria-label=\"Add to cart: &ldquo;Map H\u00e0 N\u1ed9i: Danh m\u1ee5c c\u1eeda h\u00e0ng&rdquo;\" data-quantity=\"1\" data-product_id=\"2285\" data-product_sku=\"\" data-price=\"100000\" rel=\"nofollow\" class=\"wp-block-button__link  add_to_cart_button ajax_add_to_cart\">Add to cart<\/a><\/div>\n\t\t\t<\/li><li class=\"wc-block-grid__product\">\n\t\t\t\t<a href=\"https:\/\/khogiaodienmau.net\/agency14\/product\/map-ha-noi-danh-muc-dai-ly-cho-thue-xe-o-to\/\" class=\"wc-block-grid__product-link\">\n\t\t\t\t\t\n\t\t\t\t\t<div class=\"wc-block-grid__product-image\"><img loading=\"lazy\" decoding=\"async\" width=\"540\" height=\"451\" src=\"https:\/\/khogiaodienmau.net\/agency14\/wp-content\/uploads\/2018\/11\/doanh-nghiep-cua-toi-1-540x451.jpg\" class=\"attachment-woocommerce_thumbnail size-woocommerce_thumbnail\" alt=\"Map H\u00e0 N\u1ed9i: Danh m\u1ee5c \u0111\u1ea1i l\u00fd cho thu\u00ea xe \u00f4 t\u00f4\" \/><\/div>\n\t\t\t\t\t<div class=\"wc-block-grid__product-title\">Map H\u00e0 N\u1ed9i: Danh m\u1ee5c \u0111\u1ea1i l\u00fd cho thu\u00ea xe \u00f4 t\u00f4<\/div>\n\t\t\t\t<\/a>\n\t\t\t\t<div class=\"wc-block-grid__product-price price\"><span class=\"woocommerce-Price-amount amount\">300.000<span class=\"woocommerce-Price-currencySymbol\">&#8363;<\/span><\/span><\/div>\n\t\t\t\t\n\t\t\t\t<div class=\"wp-block-button wc-block-grid__product-add-to-cart\"><a href=\"?add-to-cart=2284\" aria-label=\"Add to cart: &ldquo;Map H\u00e0 N\u1ed9i: Danh m\u1ee5c \u0111\u1ea1i l\u00fd cho thu\u00ea xe \u00f4 t\u00f4&rdquo;\" data-quantity=\"1\" data-product_id=\"2284\" data-product_sku=\"\" data-price=\"300000\" rel=\"nofollow\" class=\"wp-block-button__link  add_to_cart_button ajax_add_to_cart\">Add to cart<\/a><\/div>\n\t\t\t<\/li><li class=\"wc-block-grid__product\">\n\t\t\t\t<a href=\"https:\/\/khogiaodienmau.net\/agency14\/product\/map-ha-noi-danh-muc-van-phong-cong-ty\/\" class=\"wc-block-grid__product-link\">\n\t\t\t\t\t\n\t\t\t\t\t<div class=\"wc-block-grid__product-image\"><img loading=\"lazy\" decoding=\"async\" width=\"540\" height=\"451\" src=\"https:\/\/khogiaodienmau.net\/agency14\/wp-content\/uploads\/2018\/11\/doanh-nghiep-cua-toi-1-540x451.jpg\" class=\"attachment-woocommerce_thumbnail size-woocommerce_thumbnail\" alt=\"Map H\u00e0 N\u1ed9i: Danh m\u1ee5c v\u0103n ph\u00f2ng c\u00f4ng ty\" \/><\/div>\n\t\t\t\t\t<div class=\"wc-block-grid__product-title\">Map H\u00e0 N\u1ed9i: Danh m\u1ee5c v\u0103n ph\u00f2ng c\u00f4ng ty<\/div>\n\t\t\t\t<\/a>\n\t\t\t\t<div class=\"wc-block-grid__product-price price\"><span class=\"woocommerce-Price-amount amount\">300.000<span class=\"woocommerce-Price-currencySymbol\">&#8363;<\/span><\/span><\/div>\n\t\t\t\t\n\t\t\t\t<div class=\"wp-block-button wc-block-grid__product-add-to-cart\"><a href=\"?add-to-cart=2283\" aria-label=\"Add to cart: &ldquo;Map H\u00e0 N\u1ed9i: Danh m\u1ee5c v\u0103n ph\u00f2ng c\u00f4ng ty&rdquo;\" data-quantity=\"1\" data-product_id=\"2283\" data-product_sku=\"\" data-price=\"300000\" rel=\"nofollow\" class=\"wp-block-button__link  add_to_cart_button ajax_add_to_cart\">Add to cart<\/a><\/div>\n\t\t\t<\/li><\/ul><\/div><\/div><\/div>","protected":false},"excerpt":{"rendered":"You may be interested in\u2026 Your cart is currently empty! New in store","protected":false},"author":1,"featured_media":0,"parent":0,"menu_order":0,"comment_status":"closed","ping_status":"closed","template":"","meta":{"om_disable_all_campaigns":false,"_monsterinsights_skip_tracking":false,"_monsterinsights_sitenote_active":false,"_monsterinsights_sitenote_note":"","_monsterinsights_sitenote_category":0,"footnotes":""},"class_list":["post-9","page","type-page","status-publish","hentry"],"aioseo_notices":[],"_links":{"self":[{"href":"https:\/\/khogiaodienmau.net\/agency14\/wp-json\/wp\/v2\/pages\/9","targetHints":{"allow":["GET"]}}],"collection":[{"href":"https:\/\/khogiaodienmau.net\/agency14\/wp-json\/wp\/v2\/pages"}],"about":[{"href":"https:\/\/khogiaodienmau.net\/agency14\/wp-json\/wp\/v2\/types\/page"}],"author":[{"embeddable":true,"href":"https:\/\/khogiaodienmau.net\/agency14\/wp-json\/wp\/v2\/users\/1"}],"replies":[{"embeddable":true,"href":"https:\/\/khogiaodienmau.net\/agency14\/wp-json\/wp\/v2\/comments?post=9"}],"version-history":[{"count":1,"href":"https:\/\/khogiaodienmau.net\/agency14\/wp-json\/wp\/v2\/pages\/9\/revisions"}],"predecessor-version":[{"id":2210,"href":"https:\/\/khogiaodienmau.net\/agency14\/wp-json\/wp\/v2\/pages\/9\/revisions\/2210"}],"wp:attachment":[{"href":"https:\/\/khogiaodienmau.net\/agency14\/wp-json\/wp\/v2\/media?parent=9"}],"curies":[{"name":"wp","href":"https:\/\/api.w.org\/{rel}","templated":true}]}}